{"id":102,"date":"2022-02-25T00:17:09","date_gmt":"2022-02-25T00:17:09","guid":{"rendered":"https:\/\/www.academia-electronica.net\/?page_id=102"},"modified":"2024-10-07T14:44:14","modified_gmt":"2024-10-07T14:44:14","slug":"wyciag-z-regulaminow-second-life","status":"publish","type":"page","link":"https:\/\/www.academia-electronica.net\/?page_id=102","title":{"rendered":"Wyci\u0105g z regulamin\u00f3w Second Life"},"content":{"rendered":"<h4 id=\"wyciag-z-regulaminu-swiadczenia-uslugi-terms-of-service-ostatnia-aktualizacja-lipiec-2017\" style=\"text-align: justify;\">Wyci\u0105g z Regulaminu \u015awiadczenia Us\u0142ugi (Terms of Service)<\/h4>\n<p style=\"text-align: justify;\">Ostatnia aktualizacja: Maj 2024<\/p>\n<p style=\"text-align: justify;\">Pe\u0142ny angielski tekst ToS wraz z odno\u015bnikami do poszczeg\u00f3lnych polityk znajduje si\u0119 <a href=\"http:\/\/secondlife.com\/corporate\/tos.php\" target=\"_blank\" rel=\"noreferrer noopener\">tutaj<\/a>.<\/p>\n<p style=\"text-align: justify;\"><strong>MINIMALNY WIEK U\u017bYTKOWNIKA A KLASYFIKACJA REGION\u00d3W<\/strong><\/p>\n<p style=\"text-align: justify;\">Minimalny wiek u\u017cytkownika to uko\u0144czone 16 lat (za dzia\u0142ania odpowiada opiekun prawny) &#8211; zezwala si\u0119 jedynie na dost\u0119p do region\u00f3w klasyfikowanych jako General (og\u00f3lnodost\u0119pne).<br \/>\nDost\u0119p do region\u00f3w klasyfikowanych jako Mature oraz Adult mo\u017cliwy jest dla u\u017cytkownik\u00f3w, kt\u00f3rzy uko\u0144czyli 18 lat (lub wy\u017cszy wiek dojrza\u0142o\u015bci zale\u017cnie od kraju urodzenia).<br \/>\nDost\u0119p do region\u00f3w z mo\u017cliwo\u015bci\u0105 gier hazardowych zezwala si\u0119 u\u017cytkownikom, kt\u00f3rzy uko\u0144czyli co najmniej 19 lat (lub wy\u017cszy wiek dojrza\u0142o\u015bci zale\u017cnie od kraju urodzenia).<\/p>\n<p style=\"text-align: justify;\">Regiony (simy) w Second Life posiadaj\u0105 nast\u0119puj\u0105c\u0105 klasyfikacj\u0119 (informacja o klasyfikacji miejsca znajduje si\u0119 na pasku adresu w postaci kolorowej ikony z bia\u0142\u0105 liter\u0105 na ko\u0144cu aktualnej pozycji):<br \/>\n<strong>G &#8211; General (PG)<\/strong> &#8211; dost\u0119p dla wszystkich. Bezwzgl\u0119dny zakaz nago\u015bci oraz przemocy.<br \/>\n<strong>M &#8211; Moderate (Mature)<\/strong> &#8211; tre\u015bci dla dojrza\u0142ych (miejsca socjalne takie jak kluby, bary, sklepy) ze s\u0142abymi konotacjami seksualnymi (ubrania, meble, animacje).<br \/>\n<strong>A &#8211; Adult<\/strong> &#8211; dla doros\u0142ych, zwi\u0105zane z seksualno\u015bci\u0105 (dozwolona nago\u015b\u0107, bro\u0144 ograniczona tylko do region\u00f3w bitewnych, sklepy z odzie\u017c\u0105 oraz akcesoriami, etc.).<\/p>\n<p style=\"text-align: justify;\"><strong>WERYFIKACJA WIEKU<\/strong><\/p>\n<p style=\"text-align: justify;\">Weryfikacja wieku u\u017cytkownika przebiega podczas rejestracji ka\u017cdego nowego konta (od 2010). Nale\u017cy poda\u0107 w odpowiednim polu prawdziw\u0105 dat\u0119 urodzenia.<\/p>\n<p style=\"text-align: justify;\">Linden Lab zastrzega sobie prawo do weryfikacji wieku u\u017cytkownika w razie potencjalnego zg\u0142oszenia dotycz\u0105cego &#8220;minimalnego wieku&#8221; poprzez pro\u015bb\u0119 o przes\u0142anie kopii dokumentu potwierdzaj\u0105cego wiek (dow\u00f3d osobisty, paszport, etc.).<\/p>\n<p style=\"text-align: justify;\"><strong>RODZAJE KONT I OP\u0141ATY<\/strong><\/p>\n<p style=\"text-align: justify;\">Obecnie Second Life posiada nast\u0119puj\u0105ce typy kont: Darmowe (BASIC) oraz P\u0142atne (PLUS \/ PREMIUM \/ PREMIUM PLUS)<\/p>\n<p style=\"text-align: justify;\">Przej\u015bcie z konta darmowego na konto p\u0142atne wi\u0105\u017ce si\u0119 z konieczno\u015bci\u0105 uiszczenia odpowiedniej op\u0142aty za okres rozliczeniowy (miesi\u0105c \/ kwarta\u0142 \/ rok). Konta p\u0142atne oferuj\u0105 dodatkowe benefity dla u\u017cytkownik\u00f3w (patrz tabela poni\u017cej).<\/p>\n<p style=\"text-align: justify;\">Je\u017celi u\u017cytkownik chce przywr\u00f3ci\u0107 swoje konto w ci\u0105gu 30 dni od momentu zg\u0142oszenia jego usuni\u0119cia, pobrana zostanie op\u0142ata w wysoko\u015bci 10 USD. Podobnie w razie zg\u0142oszenia zmiany nazwy u\u017cytkownika (user name). <strong>Wa\u017cne!<\/strong> u\u017cytkownik mo\u017ce zmienia\u0107 raz w ci\u0105gu tygodnia swoj\u0105 nazw\u0119 wy\u015bwietlan\u0105 (display name) bez \u017cadnych op\u0142at.<\/p>\n<p style=\"text-align: justify;\">Second Life jako otwarty \u015bwiat wirtualny posiada w\u0142asny system monetarny. Walut\u0105 jest Linden Dolar (oznaczenie: L$). Walut\u0119 mo\u017cna:<br \/>\nNaby\u0107 lub sprzeda\u0107 poprzez system wymiany LindeX (nale\u017cy w tym celu podpi\u0105\u0107 do konta metod\u0119 p\u0142atno\u015bci, np. kart\u0119 kredytow\u0105 lub konto Paypal). Ka\u017cda transakcja kupna\/sprzeda\u017cy waluty obarczona jest prowizj\u0105 w wysoko\u015bci 10% (kupno) i 5% (sprzeda\u017c) warto\u015bci transakcji, przy czym dla kupna nie mniej ni\u017c 1.49 USD;<br \/>\nOtrzyma\u0107 od innego u\u017cytkownika (rezydenta) Second Life (bezpo\u015brednio lub po\u015brednio poprzez kupno oferowanych przedmiot\u00f3w na rynku spo\u0142eczno\u015bci (Second Life Marketplace);<br \/>\nZarobi\u0107 poprzez prac\u0119 np. jako host w klubie, sprzedawca, etc.<br \/>\nWygra\u0107 w grze (niekoniecznie hazardowej).<\/p>\n<p id=\"prawa-wlasnosci-intelektualnej\" style=\"text-align: justify;\"><strong>PRAWA W\u0141ASNO\u015aCI INTELEKTUALNEJ<\/strong><\/p>\n<p style=\"text-align: justify;\">Linden Labs jako tw\u00f3rca Second Life, zastrzega prawo do swojej marki oraz wszystkich logotyp\u00f3w. Informacje dotycz\u0105ce koniecznych zg\u00f3d znajduj\u0105 si\u0119 w dokumencie Second Life Trademark Guidelines podlinkowanym na g\u0142\u00f3wnej stronie TOS.<\/p>\n<p style=\"text-align: justify;\">U\u017cycie skr\u00f3t\u00f3w &#8220;SL&#8221; i &#8220;inSL&#8221; jest dozwolone w tek\u015bcie dotycz\u0105cym danego biznesu, w celu indykacji, i\u017c dzia\u0142a on w Second Life, aczkolwiek zabroniona jest rejestracja firmy z tymi skr\u00f3tami w nazwie.<\/p>\n<p style=\"text-align: justify;\">Co do w\u0142asno\u015bci intelektualnej innych podmiot\u00f3w, nale\u017cy pami\u0119ta\u0107 aby tworzone tre\u015bci nie by\u0142y zastrze\u017cone (znaki firmowe, prawa autorskie). Dotyczy to przede wszystkim rozpoznawalnych marek takich jak np. Nike czy Gucci, ale tak\u017ce materia\u0142\u00f3w zwi\u0105zanych z celebrytami. Niedozwolone jest podszywanie si\u0119 pod dan\u0105 mark\u0119 np. poprzez nazw\u0119 i\/lub logotyp z liter\u00f3wk\u0105.<\/p>\n<p style=\"text-align: justify;\"><strong>TABELA BENEFIT\u00d3W ZALE\u017bNIE OD RODZAJU KONTA<\/strong><\/p>\n<table style=\"border-collapse: collapse; width: 100%;\">\n<tbody>\n<tr>\n<td style=\"width: 20%; text-align: center;\">BENEFIT<\/td>\n<td style=\"width: 20%; text-align: center;\">BASIC<\/td>\n<td style=\"width: 20%; text-align: center;\">PLUS<\/td>\n<td style=\"width: 20%; text-align: center;\">PREMIUM<\/td>\n<td style=\"width: 20%; text-align: center;\">PREMIUM PLUS<\/td>\n<\/tr>\n<tr>\n<td style=\"width: 20%;\">Koszt \/ miesi\u0105c<\/td>\n<td style=\"width: 20%; text-align: center; vertical-align: middle;\">0 USD<\/td>\n<td style=\"width: 20%; text-align: center; vertical-align: middle;\">5.50 USD<\/td>\n<td style=\"width: 20%; text-align: center; vertical-align: middle;\">8.25 USD<\/td>\n<td style=\"width: 20%; text-align: center; vertical-align: middle;\">20.75 USD<\/td>\n<\/tr>\n<tr>\n<td style=\"width: 20%;\">Stypendium tygodniowe<\/td>\n<td style=\"width: 20%; text-align: center; vertical-align: middle;\">0 L$<\/td>\n<td style=\"width: 20%; text-align: center; vertical-align: middle;\">150 L$<\/td>\n<td style=\"width: 20%; text-align: center; vertical-align: middle;\">300 L$<\/td>\n<td style=\"width: 20%; text-align: center; vertical-align: middle;\">650 L$<\/td>\n<\/tr>\n<tr>\n<td style=\"width: 20%;\">Prywatny domek<\/td>\n<td style=\"width: 20%; text-align: center; vertical-align: middle;\">NIE<\/td>\n<td style=\"width: 20%; text-align: center; vertical-align: middle;\">NIE<\/td>\n<td style=\"width: 20%; text-align: center; vertical-align: middle;\">TAK<\/td>\n<td style=\"width: 20%; text-align: center; vertical-align: middle;\">TAK<\/td>\n<\/tr>\n<tr>\n<td style=\"width: 20%;\">Ekskluzywne dodatki<\/td>\n<td style=\"width: 20%; text-align: center; vertical-align: middle;\">NIE<\/td>\n<td style=\"width: 20%; text-align: center; vertical-align: middle;\">NIE<\/td>\n<td style=\"width: 20%; text-align: center; vertical-align: middle;\">TAK<\/td>\n<td style=\"width: 20%; text-align: center; vertical-align: middle;\">TAK<\/td>\n<\/tr>\n<tr>\n<td style=\"width: 20%;\">Bonus na start<\/td>\n<td style=\"width: 20%; text-align: center; vertical-align: middle;\">NIE<\/td>\n<td style=\"width: 20%; text-align: center; vertical-align: middle;\">NIE<\/td>\n<td style=\"width: 20%; text-align: center; vertical-align: middle;\">1000 L$<\/td>\n<td style=\"width: 20%; text-align: center; vertical-align: middle;\">3000 L$<\/td>\n<\/tr>\n<tr>\n<td style=\"width: 20%;\">Dost\u0119p VIP premium<\/td>\n<td style=\"width: 20%; text-align: center; vertical-align: middle;\">NIE<\/td>\n<td style=\"width: 20%; text-align: center; vertical-align: middle;\">NIE<\/td>\n<td style=\"width: 20%; text-align: center; vertical-align: middle;\">TAK<\/td>\n<td style=\"width: 20%; text-align: center; vertical-align: middle;\">TAK<\/td>\n<\/tr>\n<tr>\n<td style=\"width: 20%;\">Wczesny dost\u0119p do SL Mobile<\/td>\n<td style=\"width: 20%; text-align: center; vertical-align: middle;\">NIE<\/td>\n<td style=\"width: 20%; text-align: center; vertical-align: middle;\">TAK<\/td>\n<td style=\"width: 20%; text-align: center; vertical-align: middle;\">TAK<\/td>\n<td style=\"width: 20%; text-align: center; vertical-align: middle;\">TAK<\/td>\n<\/tr>\n<tr>\n<td style=\"width: 20%;\">Dodatkowe wsparcie<\/td>\n<td style=\"width: 20%; text-align: center; vertical-align: middle;\">NIE<\/td>\n<td style=\"width: 20%; text-align: center; vertical-align: middle;\">NIE<\/td>\n<td style=\"width: 20%; text-align: center; vertical-align: middle;\">Czat<\/td>\n<td style=\"width: 20%; text-align: center; vertical-align: middle;\">Czat i infolinia<\/td>\n<\/tr>\n<\/tbody>\n<\/table>\n<p style=\"text-align: justify;\"><strong>Zalecamy rozpocz\u0105\u0107 od konta darmowego i zapozna\u0107 si\u0119 z funkcjonalno\u015bciami Second Life. Przej\u015bcia na konto p\u0142atne, mo\u017cna dokona\u0107 w ka\u017cdej chwili.<\/strong><\/p>\n<h4 id=\"wyciag-ze-standardow-spolecznosci\" style=\"text-align: justify;\">Wyci\u0105g ze Standard\u00f3w Spo\u0142eczno\u015bci<\/h4>\n<p style=\"text-align: justify;\">Ostatnia aktualizacja: Sierpie\u0144 2017<\/p>\n<p style=\"text-align: justify;\"><strong>1. Brak tolerancji<\/strong> &#8211; Linden Lab zach\u0119ca do interakcji spo\u0142ecznych pomi\u0119dzy u\u017cytkownikami z wielu kraj\u00f3w, jednak\u017ce zabronione jest u\u017cywanie j\u0119zyka lub obraz\u00f3w, kt\u00f3re s\u0105 poni\u017caj\u0105ce lub uw\u0142aczaj\u0105ce danej osobie na tle rasowym, etnicznym, religijnym lub seksualnym. Dzia\u0142ania marginalizuj\u0105ce, znies\u0142awiaj\u0105ce lub poni\u017caj\u0105ce u\u017cytkownik\u00f3w lub grupy, r\u00f3wnie\u017c s\u0105 niedozwolone.<\/p>\n<p style=\"text-align: justify;\"><strong>2. N\u0119kanie<\/strong> &#8211; Niedozwolone jest komunikowanie lub zachowanie w spos\u00f3b obra\u017aliwy, wulgarny, zastraszaj\u0105cy, gro\u017any lub powoduj\u0105cy atak paniki u drugiej osoby.<\/p>\n<p style=\"text-align: justify;\"><strong>3. Napa\u015b\u0107<\/strong> &#8211; Akty przemocy i zastraszania wobec awatara u\u017cytkownika, w tym wielokrotne strzelanie lub popychanie, u\u017cywanie skrypt\u00f3w atakuj\u0105cych danego u\u017cytkownika i uniemo\u017cliwiaj\u0105 mu korzystanie z us\u0142ugi jest niedozwolone.<\/p>\n<p style=\"text-align: justify;\"><strong>4. Naruszanie przestrzeni osobistej<\/strong> &#8211; Zwracamy uwag\u0119 na szacunek dla przestrzeni osobistej innych u\u017cytkownik\u00f3w. Prosimy uwa\u017ca\u0107 na ruchy, gesty oraz po\u0142o\u017cenie awatara wzgl\u0119dem innych (nie wymuszaj interakcji, je\u015bli druga strona tego nie chce).<\/p>\n<p style=\"text-align: justify;\"><strong>5. Niew\u0142a\u015bciwe tre\u015bci<\/strong> &#8211; Wszystkie tre\u015bci w ramach us\u0142ugi, w tym komunikacja pomi\u0119dzy u\u017cytkownikami, powinny by\u0107 zgodne z wytycznymi dotycz\u0105cymi tre\u015bci na danym obszarze us\u0142ugi (patrz klasyfikacja region\u00f3w w wyci\u0105gu z TOS). Linden Lab mo\u017ce dokonywa\u0107 weryfikacji kont odwiedzaj\u0105cych rejony oznaczone jako &#8220;dla doros\u0142ych&#8221; na prywatnych regionach oraz regionie kontynentalnym (mainland) Zindra.<\/p>\n<p style=\"text-align: justify;\"><strong>6. Ujawnianie danych<\/strong> &#8211; Udost\u0119pnianie danych osobowych innych u\u017cytkownik\u00f3w bezpo\u015brednio lub po\u015brednio bez ich zgody, w tym mog\u0105cych zawiera\u0107 informacje odno\u015bnie p\u0142ci, religii, wieku, stanu cywilnego, rasy, orientacji seksualnej, alternatywnych kont, rzeczywistej lokalizacji, poza tymi umieszczonymi przez danego u\u017cytkownika w swoim publicznym profilu jest niedozwolone. Publikacja lub monitorowanie zdalne log\u00f3w rozm\u00f3w (tak\u017ce w profilu) bez zgody u\u017cytkownika jest niedozwolone. Wyj\u0105tek stanowi\u0105 jedynie zg\u0142oszenia narusze\u0144 do Linden Lab.<\/p>\n<p style=\"text-align: justify;\"><strong>7. Zak\u0142\u00f3canie spokoju<\/strong> &#8211; Dotyczy to wszelkich pr\u00f3b uniemo\u017cliwiania korzystania z us\u0142ugi innym u\u017cytkownikom (obci\u0105\u017canie serwera, pami\u0119ci komputer\u00f3w u\u017cytkownik\u00f3w). Przyk\u0142ady takich dzia\u0142a\u0144 to:<br \/>\nManipulacja skryptami;<br \/>\nPowtarzanie niepo\u017c\u0105danych tre\u015bci (d\u017awi\u0119ki, spam czatu, generowanie du\u017cej masy przedmiot\u00f3w);<br \/>\nZak\u0142\u00f3canie wydarze\u0144 (spam, u\u017cywanie czatu g\u0142osowego w spos\u00f3b do tego nieprzeznaczony lub w\u0142\u0105czanie mikrofonu, gdy powinien by\u0107 wy\u0142\u0105czony);<br \/>\nPublikacja prywatnych rozm\u00f3w lub spor\u00f3w, kt\u00f3re powinny by\u0107 utrzymywane na kana\u0142ach prywatnych;<br \/>\nObra\u017canie personelu Linden Lab lub moderatora spotkania.<\/p>\n<p style=\"text-align: justify;\"><strong>8. Podszywanie si\u0119 pod innego u\u017cytkownika<\/strong> &#8211; Wszelkie formy podszywania si\u0119, kradzie\u017cy to\u017csamo\u015bci lub roszczenie sobie prawa do tre\u015bci wytworzonych przez innego u\u017cytkownika s\u0105 surowo zabronione. Podszywanie si\u0119 pod pracownika Linden Lab spowoduje natychmiastowe zamkni\u0119cie konta.<\/p>\n<p style=\"text-align: justify;\"><strong>Wi\u0119kszo\u015b\u0107 przypadk\u00f3w narusze\u0144 Standard\u00f3w Spo\u0142eczno\u015bci skutkuje upomnieniem. Je\u017celi jednak osoba dalej narusza Standardy, kolejnymi krokami s\u0105 czasowe zawieszanie lub ostatecznie zamkni\u0119cie konta u\u017cytkownika.<\/strong><\/p>\n","protected":false},"excerpt":{"rendered":"<p>Wyci\u0105g z Regulaminu \u015awiadczenia Us\u0142ugi (Terms of Service) Ostatnia aktualizacja: Maj 2024 Pe\u0142ny angielski tekst ToS wraz z odno\u015bnikami do poszczeg\u00f3lnych polityk znajduje si\u0119 tutaj. MINIMALNY WIEK U\u017bYTKOWNIKA A KLASYFIKACJA REGION\u00d3W Minimalny wiek u\u017cytkownika to uko\u0144czone 16 lat (za dzia\u0142ania&hellip; <\/p>\n","protected":false},"author":1,"featured_media":0,"parent":0,"menu_order":0,"comment_status":"closed","ping_status":"closed","template":"","meta":[],"_links":{"self":[{"href":"https:\/\/www.academia-electronica.net\/index.php?rest_route=\/wp\/v2\/pages\/102"}],"collection":[{"href":"https:\/\/www.academia-electronica.net\/index.php?rest_route=\/wp\/v2\/pages"}],"about":[{"href":"https:\/\/www.academia-electronica.net\/index.php?rest_route=\/wp\/v2\/types\/page"}],"author":[{"embeddable":true,"href":"https:\/\/www.academia-electronica.net\/index.php?rest_route=\/wp\/v2\/users\/1"}],"replies":[{"embeddable":true,"href":"https:\/\/www.academia-electronica.net\/index.php?rest_route=%2Fwp%2Fv2%2Fcomments&post=102"}],"version-history":[{"count":30,"href":"https:\/\/www.academia-electronica.net\/index.php?rest_route=\/wp\/v2\/pages\/102\/revisions"}],"predecessor-version":[{"id":1873,"href":"https:\/\/www.academia-electronica.net\/index.php?rest_route=\/wp\/v2\/pages\/102\/revisions\/1873"}],"wp:attachment":[{"href":"https:\/\/www.academia-electronica.net\/index.php?rest_route=%2Fwp%2Fv2%2Fmedia&parent=102"}],"curies":[{"name":"wp","href":"https:\/\/api.w.org\/{rel}","templated":true}]}}