{"id":1036,"date":"2023-07-06T10:32:31","date_gmt":"2023-07-06T10:32:31","guid":{"rendered":"https:\/\/www.academia-electronica.net\/?page_id=1036"},"modified":"2023-11-20T23:03:57","modified_gmt":"2023-11-20T23:03:57","slug":"wirtualium-2-0-2","status":"publish","type":"page","link":"https:\/\/www.academia-electronica.net\/?page_id=1036","title":{"rendered":"Wirtualium 1.0"},"content":{"rendered":"<table style=\"width: 94.1942%; height: 340px;\">\n<tbody>\n<tr style=\"height: 24px;\">\n<td style=\"width: 24.8387%; height: 24px;\">Wyk\u0142ad:<\/td>\n<td style=\"width: 83.7251%; height: 24px;\">Wyst\u0105pienia konferencyjne i kongresowe<\/td>\n<\/tr>\n<tr style=\"height: 129px;\">\n<td style=\"text-align: center; width: 24.8387%; height: 105px;\"><a href=\"http:\/\/www.academia-electronica.net\/wp-content\/uploads\/2023\/07\/Wirtualium-1-2022-plakat.png\"><img loading=\"lazy\" class=\"alignnone wp-image-1034 size-medium\" src=\"http:\/\/www.academia-electronica.net\/wp-content\/uploads\/2023\/07\/Wirtualium-1-2022-plakat-300x157.png\" alt=\"\" width=\"300\" height=\"157\" srcset=\"https:\/\/www.academia-electronica.net\/wp-content\/uploads\/2023\/07\/Wirtualium-1-2022-plakat-300x157.png 300w, https:\/\/www.academia-electronica.net\/wp-content\/uploads\/2023\/07\/Wirtualium-1-2022-plakat-1024x536.png 1024w, https:\/\/www.academia-electronica.net\/wp-content\/uploads\/2023\/07\/Wirtualium-1-2022-plakat-768x402.png 768w, https:\/\/www.academia-electronica.net\/wp-content\/uploads\/2023\/07\/Wirtualium-1-2022-plakat.png 1200w\" sizes=\"(max-width: 300px) 100vw, 300px\" \/><\/a><\/td>\n<td style=\"width: 83.7251%; height: 105px;\"><\/td>\n<\/tr>\n<tr style=\"height: 24px;\">\n<td style=\"width: 24.8387%; height: 24px;\">Organizator:<\/td>\n<td style=\"width: 83.7251%; height: 24px;\">Sekcja Filozofii Techniki Ko\u0142a Naukowego Student\u00f3w Filozofii UJ, Instytut Filozofii UJ, Academia Electronica<\/td>\n<\/tr>\n<tr style=\"height: 24px;\">\n<td style=\"width: 24.8387%; height: 24px;\">Termin\/miejsce:<\/td>\n<td style=\"width: 83.7251%; height: 24px;\">4.06.2022 &#8211; AltspaceVR<\/td>\n<\/tr>\n<tr style=\"height: 48px;\">\n<td style=\"width: 24.8387%; height: 22px;\">Harmonogram:<\/td>\n<td style=\"width: 83.7251%; height: 22px;\"><a href=\"http:\/\/www.academia-electronica.net\/wp-content\/uploads\/2023\/11\/Harmonogram_Wirtualium1.pdf\">Harmonogram_Wirtualium1<\/a><\/td>\n<\/tr>\n<tr style=\"height: 24px;\">\n<td style=\"width: 24.8387%; height: 24px;\">Tytu\u0142 konferencji:<\/td>\n<td style=\"width: 83.7251%; height: 24px; text-align: justify;\"><em>Wirtualium <\/em><em>\u2013 interdyscyplinarne perspektywy rzeczywisto\u015bci wirtualnej<\/em><\/td>\n<\/tr>\n<tr style=\"height: 31px;\">\n<td style=\"width: 24.8387%; height: 21px;\">Film:<\/td>\n<td style=\"width: 83.7251%; height: 21px; text-align: center;\"><\/td>\n<\/tr>\n<tr style=\"height: 24px;\">\n<td style=\"width: 24.8387%; height: 24px;\">Nagranie audio:<\/td>\n<td style=\"width: 83.7251%; text-align: justify; height: 24px;\"><\/td>\n<\/tr>\n<tr style=\"height: 24px;\">\n<td style=\"width: 24.8387%; height: 24px;\">Linki:<\/td>\n<td style=\"width: 83.7251%; text-align: justify; height: 24px;\">Wywiad z mgr Janem Walig\u00f3rskim i mgr Lialian\u0105 Kozak: <a href=\"https:\/\/www.youtube.com\/watch?v=P1XIl3hR4ZQ\">https:\/\/www.youtube.com\/watch?v=P1XIl3hR4ZQ<\/a><\/td>\n<\/tr>\n<tr style=\"height: 24px;\">\n<td style=\"width: 24.8387%; height: 24px;\">Archiwum:<\/td>\n<td style=\"width: 83.7251%; text-align: center; height: 24px;\">\n<p style=\"text-align: justify;\">Pierwsza w Polsce konferencja zorganizowan\u0105 w \u015brodowisku VR-owym, kt\u00f3ra odby\u0142a w si\u0119 w Academia Electronica w AltspaceVR. Wzi\u0119\u0142o w niej udzia\u0142 18 o\u015brodk\u00f3w akademickich, odby\u0142y si\u0119 22 wyst\u0105pienia prelegent\u00f3w i 5 wyk\u0142ad\u00f3w go\u015bci specjalnych Konferencja zdoby\u0142a tytu\u0142 Konferencji Roku 2022 w og\u00f3lnopolskim konkursie <a href=\"https:\/\/www.facebook.com\/StudenckiRuchNaukowyStRuNa?__cft__%5b0%5d=AZU0la3SZ5oIu1PJxA07A6LLm2JXQ1nGPeH-zHk5PmUn2UeooqwO7IR_aFKvlTSLx5FDgWwQmdn7xNrgSMhBXoZyeK8muSsqubfRFBvxHF9VD9VBVmu3oW7k18mB0Rd3dfW7ZEo7vZev5mxIfx4_Dbtc8tbPLwUxvgyon8f0QhejDNA_Ynf4Y3ncJe__g5CzFRjv5uo-VjwWGTL1QSADEvZ6NrEAlju9KxUDr0ARljp6NA&amp;__tn__=-%5dK-R\">StRuNa<\/a><u>.<br \/>\n<\/u><\/p>\n<p>&nbsp;<\/p>\n<p><span style=\"text-decoration: underline;\">Tw\u00f3rca i Przewodnicz\u0105cy<\/span>: Jan Walig\u00f3rski | Erytropoetyn<\/p>\n<p><span style=\"text-decoration: underline;\">Opiekun projektu:<\/span> Sidey Myoo<\/p>\n<p><span style=\"text-decoration: underline;\">Komitet Organizacyjny<\/span>: Anna Bajer | AnMaBaj, Sylwia Butkiewicz | bleidd, Liliana Kozak | Liliana, Viacheslav Kyrylov | Plastic-Soil<\/p>\n<p><span style=\"text-decoration: underline;\">Komitet Naukowy:<\/span> Sidey Myoo, dr hab. Andrzej Radomski, dr Justyna Janik<\/td>\n<\/tr>\n<tr style=\"height: 24px;\">\n<td style=\"width: 24.8387%; height: 24px;\">Zdj\u0119cia:<\/td>\n<td style=\"width: 83.7251%; text-align: center; height: 24px;\"><img loading=\"lazy\" class=\"alignnone size-large wp-image-1096\" src=\"http:\/\/www.academia-electronica.net\/wp-content\/uploads\/2023\/07\/Erytropoetyn2022-06-04_19-15-13-1024x576.png\" alt=\"\" width=\"700\" height=\"394\" srcset=\"https:\/\/www.academia-electronica.net\/wp-content\/uploads\/2023\/07\/Erytropoetyn2022-06-04_19-15-13-1024x576.png 1024w, https:\/\/www.academia-electronica.net\/wp-content\/uploads\/2023\/07\/Erytropoetyn2022-06-04_19-15-13-300x169.png 300w, https:\/\/www.academia-electronica.net\/wp-content\/uploads\/2023\/07\/Erytropoetyn2022-06-04_19-15-13-768x432.png 768w, https:\/\/www.academia-electronica.net\/wp-content\/uploads\/2023\/07\/Erytropoetyn2022-06-04_19-15-13-1536x864.png 1536w, https:\/\/www.academia-electronica.net\/wp-content\/uploads\/2023\/07\/Erytropoetyn2022-06-04_19-15-13.png 1920w\" sizes=\"(max-width: 700px) 100vw, 700px\" \/> <img loading=\"lazy\" class=\"alignnone size-large wp-image-1086\" src=\"http:\/\/www.academia-electronica.net\/wp-content\/uploads\/2023\/07\/Erytropoetyn2022-06-04_09-09-48-1024x576.png\" alt=\"\" width=\"700\" height=\"394\" srcset=\"https:\/\/www.academia-electronica.net\/wp-content\/uploads\/2023\/07\/Erytropoetyn2022-06-04_09-09-48-1024x576.png 1024w, https:\/\/www.academia-electronica.net\/wp-content\/uploads\/2023\/07\/Erytropoetyn2022-06-04_09-09-48-300x169.png 300w, https:\/\/www.academia-electronica.net\/wp-content\/uploads\/2023\/07\/Erytropoetyn2022-06-04_09-09-48-768x432.png 768w, https:\/\/www.academia-electronica.net\/wp-content\/uploads\/2023\/07\/Erytropoetyn2022-06-04_09-09-48-1536x864.png 1536w, https:\/\/www.academia-electronica.net\/wp-content\/uploads\/2023\/07\/Erytropoetyn2022-06-04_09-09-48.png 1920w\" sizes=\"(max-width: 700px) 100vw, 700px\" \/> <img loading=\"lazy\" class=\"alignnone size-large wp-image-1095\" src=\"http:\/\/www.academia-electronica.net\/wp-content\/uploads\/2023\/07\/Erytropoetyn2022-06-04_18-36-01-1024x576.png\" alt=\"\" width=\"700\" height=\"394\" srcset=\"https:\/\/www.academia-electronica.net\/wp-content\/uploads\/2023\/07\/Erytropoetyn2022-06-04_18-36-01-1024x576.png 1024w, https:\/\/www.academia-electronica.net\/wp-content\/uploads\/2023\/07\/Erytropoetyn2022-06-04_18-36-01-300x169.png 300w, https:\/\/www.academia-electronica.net\/wp-content\/uploads\/2023\/07\/Erytropoetyn2022-06-04_18-36-01-768x432.png 768w, https:\/\/www.academia-electronica.net\/wp-content\/uploads\/2023\/07\/Erytropoetyn2022-06-04_18-36-01-1536x864.png 1536w, https:\/\/www.academia-electronica.net\/wp-content\/uploads\/2023\/07\/Erytropoetyn2022-06-04_18-36-01.png 1920w\" sizes=\"(max-width: 700px) 100vw, 700px\" \/> <img loading=\"lazy\" class=\"alignnone size-large wp-image-1094\" src=\"http:\/\/www.academia-electronica.net\/wp-content\/uploads\/2023\/07\/Erytropoetyn2022-06-04_17-58-29-1024x576.png\" alt=\"\" width=\"700\" height=\"394\" srcset=\"https:\/\/www.academia-electronica.net\/wp-content\/uploads\/2023\/07\/Erytropoetyn2022-06-04_17-58-29-1024x576.png 1024w, https:\/\/www.academia-electronica.net\/wp-content\/uploads\/2023\/07\/Erytropoetyn2022-06-04_17-58-29-300x169.png 300w, https:\/\/www.academia-electronica.net\/wp-content\/uploads\/2023\/07\/Erytropoetyn2022-06-04_17-58-29-768x432.png 768w, https:\/\/www.academia-electronica.net\/wp-content\/uploads\/2023\/07\/Erytropoetyn2022-06-04_17-58-29-1536x864.png 1536w, https:\/\/www.academia-electronica.net\/wp-content\/uploads\/2023\/07\/Erytropoetyn2022-06-04_17-58-29.png 1920w\" sizes=\"(max-width: 700px) 100vw, 700px\" \/> <img loading=\"lazy\" class=\"alignnone size-large wp-image-1093\" src=\"http:\/\/www.academia-electronica.net\/wp-content\/uploads\/2023\/07\/Erytropoetyn2022-06-04_17-56-47-1024x576.png\" alt=\"\" width=\"700\" height=\"394\" srcset=\"https:\/\/www.academia-electronica.net\/wp-content\/uploads\/2023\/07\/Erytropoetyn2022-06-04_17-56-47-1024x576.png 1024w, https:\/\/www.academia-electronica.net\/wp-content\/uploads\/2023\/07\/Erytropoetyn2022-06-04_17-56-47-300x169.png 300w, https:\/\/www.academia-electronica.net\/wp-content\/uploads\/2023\/07\/Erytropoetyn2022-06-04_17-56-47-768x432.png 768w, https:\/\/www.academia-electronica.net\/wp-content\/uploads\/2023\/07\/Erytropoetyn2022-06-04_17-56-47-1536x864.png 1536w, https:\/\/www.academia-electronica.net\/wp-content\/uploads\/2023\/07\/Erytropoetyn2022-06-04_17-56-47.png 1920w\" sizes=\"(max-width: 700px) 100vw, 700px\" \/> <img loading=\"lazy\" class=\"alignnone size-large wp-image-1092\" src=\"http:\/\/www.academia-electronica.net\/wp-content\/uploads\/2023\/07\/Erytropoetyn2022-06-04_15-30-45-1024x576.png\" alt=\"\" width=\"700\" height=\"394\" srcset=\"https:\/\/www.academia-electronica.net\/wp-content\/uploads\/2023\/07\/Erytropoetyn2022-06-04_15-30-45-1024x576.png 1024w, https:\/\/www.academia-electronica.net\/wp-content\/uploads\/2023\/07\/Erytropoetyn2022-06-04_15-30-45-300x169.png 300w, https:\/\/www.academia-electronica.net\/wp-content\/uploads\/2023\/07\/Erytropoetyn2022-06-04_15-30-45-768x432.png 768w, https:\/\/www.academia-electronica.net\/wp-content\/uploads\/2023\/07\/Erytropoetyn2022-06-04_15-30-45-1536x864.png 1536w, https:\/\/www.academia-electronica.net\/wp-content\/uploads\/2023\/07\/Erytropoetyn2022-06-04_15-30-45.png 1920w\" sizes=\"(max-width: 700px) 100vw, 700px\" \/> <img loading=\"lazy\" class=\"alignnone size-large wp-image-1091\" src=\"http:\/\/www.academia-electronica.net\/wp-content\/uploads\/2023\/07\/Erytropoetyn2022-06-04_15-06-38-1024x576.png\" alt=\"\" width=\"700\" height=\"394\" srcset=\"https:\/\/www.academia-electronica.net\/wp-content\/uploads\/2023\/07\/Erytropoetyn2022-06-04_15-06-38-1024x576.png 1024w, https:\/\/www.academia-electronica.net\/wp-content\/uploads\/2023\/07\/Erytropoetyn2022-06-04_15-06-38-300x169.png 300w, https:\/\/www.academia-electronica.net\/wp-content\/uploads\/2023\/07\/Erytropoetyn2022-06-04_15-06-38-768x432.png 768w, https:\/\/www.academia-electronica.net\/wp-content\/uploads\/2023\/07\/Erytropoetyn2022-06-04_15-06-38-1536x864.png 1536w, https:\/\/www.academia-electronica.net\/wp-content\/uploads\/2023\/07\/Erytropoetyn2022-06-04_15-06-38.png 1920w\" sizes=\"(max-width: 700px) 100vw, 700px\" \/> <img loading=\"lazy\" class=\"alignnone size-large wp-image-1090\" src=\"http:\/\/www.academia-electronica.net\/wp-content\/uploads\/2023\/07\/Erytropoetyn2022-06-04_14-44-03-1024x576.png\" alt=\"\" width=\"700\" height=\"394\" srcset=\"https:\/\/www.academia-electronica.net\/wp-content\/uploads\/2023\/07\/Erytropoetyn2022-06-04_14-44-03-1024x576.png 1024w, https:\/\/www.academia-electronica.net\/wp-content\/uploads\/2023\/07\/Erytropoetyn2022-06-04_14-44-03-300x169.png 300w, https:\/\/www.academia-electronica.net\/wp-content\/uploads\/2023\/07\/Erytropoetyn2022-06-04_14-44-03-768x432.png 768w, https:\/\/www.academia-electronica.net\/wp-content\/uploads\/2023\/07\/Erytropoetyn2022-06-04_14-44-03-1536x864.png 1536w, https:\/\/www.academia-electronica.net\/wp-content\/uploads\/2023\/07\/Erytropoetyn2022-06-04_14-44-03.png 1920w\" sizes=\"(max-width: 700px) 100vw, 700px\" \/> <img loading=\"lazy\" class=\"alignnone size-large wp-image-1089\" src=\"http:\/\/www.academia-electronica.net\/wp-content\/uploads\/2023\/07\/Erytropoetyn2022-06-04_11-35-28-1024x576.png\" alt=\"\" width=\"700\" height=\"394\" srcset=\"https:\/\/www.academia-electronica.net\/wp-content\/uploads\/2023\/07\/Erytropoetyn2022-06-04_11-35-28-1024x576.png 1024w, https:\/\/www.academia-electronica.net\/wp-content\/uploads\/2023\/07\/Erytropoetyn2022-06-04_11-35-28-300x169.png 300w, https:\/\/www.academia-electronica.net\/wp-content\/uploads\/2023\/07\/Erytropoetyn2022-06-04_11-35-28-768x432.png 768w, https:\/\/www.academia-electronica.net\/wp-content\/uploads\/2023\/07\/Erytropoetyn2022-06-04_11-35-28-1536x864.png 1536w, https:\/\/www.academia-electronica.net\/wp-content\/uploads\/2023\/07\/Erytropoetyn2022-06-04_11-35-28.png 1920w\" sizes=\"(max-width: 700px) 100vw, 700px\" \/> <img loading=\"lazy\" class=\"alignnone size-large wp-image-1088\" src=\"http:\/\/www.academia-electronica.net\/wp-content\/uploads\/2023\/07\/Erytropoetyn2022-06-04_10-48-32-1024x576.png\" alt=\"\" width=\"700\" height=\"394\" srcset=\"https:\/\/www.academia-electronica.net\/wp-content\/uploads\/2023\/07\/Erytropoetyn2022-06-04_10-48-32-1024x576.png 1024w, https:\/\/www.academia-electronica.net\/wp-content\/uploads\/2023\/07\/Erytropoetyn2022-06-04_10-48-32-300x169.png 300w, https:\/\/www.academia-electronica.net\/wp-content\/uploads\/2023\/07\/Erytropoetyn2022-06-04_10-48-32-768x432.png 768w, https:\/\/www.academia-electronica.net\/wp-content\/uploads\/2023\/07\/Erytropoetyn2022-06-04_10-48-32-1536x864.png 1536w, https:\/\/www.academia-electronica.net\/wp-content\/uploads\/2023\/07\/Erytropoetyn2022-06-04_10-48-32.png 1920w\" sizes=\"(max-width: 700px) 100vw, 700px\" \/> <img loading=\"lazy\" class=\"alignnone size-large wp-image-1087\" src=\"http:\/\/www.academia-electronica.net\/wp-content\/uploads\/2023\/07\/Erytropoetyn2022-06-04_10-18-06-1024x576.png\" alt=\"\" width=\"700\" height=\"394\" srcset=\"https:\/\/www.academia-electronica.net\/wp-content\/uploads\/2023\/07\/Erytropoetyn2022-06-04_10-18-06-1024x576.png 1024w, https:\/\/www.academia-electronica.net\/wp-content\/uploads\/2023\/07\/Erytropoetyn2022-06-04_10-18-06-300x169.png 300w, https:\/\/www.academia-electronica.net\/wp-content\/uploads\/2023\/07\/Erytropoetyn2022-06-04_10-18-06-768x432.png 768w, https:\/\/www.academia-electronica.net\/wp-content\/uploads\/2023\/07\/Erytropoetyn2022-06-04_10-18-06-1536x864.png 1536w, https:\/\/www.academia-electronica.net\/wp-content\/uploads\/2023\/07\/Erytropoetyn2022-06-04_10-18-06.png 1920w\" sizes=\"(max-width: 700px) 100vw, 700px\" \/><\/td>\n<\/tr>\n<\/tbody>\n<\/table>\n<p><a href=\"https:\/\/www.academia-electronica.net\/?page_id=551\">Powr\u00f3t<\/a><\/p>\n","protected":false},"excerpt":{"rendered":"<p>Wyk\u0142ad: Wyst\u0105pienia konferencyjne i kongresowe Organizator: Sekcja Filozofii Techniki Ko\u0142a Naukowego Student\u00f3w Filozofii UJ, Instytut Filozofii UJ, Academia Electronica Termin\/miejsce: 4.06.2022 &#8211; AltspaceVR Harmonogram: Harmonogram_Wirtualium1 Tytu\u0142 konferencji: Wirtualium \u2013 interdyscyplinarne perspektywy rzeczywisto\u015bci wirtualnej Film: Nagranie audio: Linki: Wywiad z mgr&hellip; <\/p>\n","protected":false},"author":3,"featured_media":0,"parent":0,"menu_order":0,"comment_status":"closed","ping_status":"closed","template":"","meta":[],"_links":{"self":[{"href":"https:\/\/www.academia-electronica.net\/index.php?rest_route=\/wp\/v2\/pages\/1036"}],"collection":[{"href":"https:\/\/www.academia-electronica.net\/index.php?rest_route=\/wp\/v2\/pages"}],"about":[{"href":"https:\/\/www.academia-electronica.net\/index.php?rest_route=\/wp\/v2\/types\/page"}],"author":[{"embeddable":true,"href":"https:\/\/www.academia-electronica.net\/index.php?rest_route=\/wp\/v2\/users\/3"}],"replies":[{"embeddable":true,"href":"https:\/\/www.academia-electronica.net\/index.php?rest_route=%2Fwp%2Fv2%2Fcomments&post=1036"}],"version-history":[{"count":20,"href":"https:\/\/www.academia-electronica.net\/index.php?rest_route=\/wp\/v2\/pages\/1036\/revisions"}],"predecessor-version":[{"id":1328,"href":"https:\/\/www.academia-electronica.net\/index.php?rest_route=\/wp\/v2\/pages\/1036\/revisions\/1328"}],"wp:attachment":[{"href":"https:\/\/www.academia-electronica.net\/index.php?rest_route=%2Fwp%2Fv2%2Fmedia&parent=1036"}],"curies":[{"name":"wp","href":"https:\/\/api.w.org\/{rel}","templated":true}]}}