{"id":105,"date":"2022-02-25T00:20:19","date_gmt":"2022-02-25T00:20:19","guid":{"rendered":"https:\/\/www.academia-electronica.net\/?page_id=105"},"modified":"2024-10-02T14:31:49","modified_gmt":"2024-10-02T14:31:49","slug":"przegladarki-second-life","status":"publish","type":"page","link":"https:\/\/www.academia-electronica.net\/?page_id=105","title":{"rendered":"Przegl\u0105darki Second Life"},"content":{"rendered":"<h4>Lista przegl\u0105darek wraz z obs\u0142ugiwanymi systemami operacyjnymi<\/h4>\n<p>Legenda:<br \/>Przegl\u0105darka &#8211; Nazwa klienta dost\u0119powego wraz z linkiem do strony dewelopera<br \/>Win &#8211; komputery z systemem Microsoft Windows<br \/>Mac &#8211; komputery z systemem Apple MacOS<br \/>Lin &#8211; komputery z systemem Linux<br \/>And &#8211; urz\u0105dzenia mobilne z systemem Android<br \/>iOS &#8211; urz\u0105dzenia mobilne z systemem iOS<\/p>\n<table>\n<tbody>\n<tr style=\"border-style: 1px solid; border-color: #000000;\">\n<td style=\"width: 100%; text-align: center;\" colspan=\"7\"><strong>Przegl\u0105darki z pe\u0142n\u0105 funkcjonalno\u015bci\u0105 (widok 3D, czat pisany i g\u0142osowy, etc.)<\/strong><\/td>\n<\/tr>\n<tr style=\"border-style: solid; border-color: #000000;\">\n<td style=\"width: 15%; text-align: center;\"><strong>Przegl\u0105darka<\/strong><\/td>\n<td style=\"width: 45%; text-align: center;\"><strong>Opis<\/strong><\/td>\n<td style=\"width: 8%; text-align: center;\"><strong>Win<\/strong><\/td>\n<td style=\"width: 8%; text-align: center;\"><strong>Mac<\/strong><\/td>\n<td style=\"width: 8%; text-align: center;\"><strong>Lin<\/strong><\/td>\n<td style=\"width: 8%; text-align: center;\"><strong>And<\/strong><\/td>\n<td style=\"width: 8%; text-align: center;\"><strong>iOS<\/strong><\/td>\n<\/tr>\n<tr style=\"border-style: 1 px solid; border-color: #000000;\">\n<td style=\"width: 15%; text-align: center;\"><a href=\"https:\/\/www.alchemyviewer.org\/\" target=\"blank\" rel=\"noopener\">Alchemy<\/a><\/td>\n<td style=\"width: 45%; text-align: left;\">Eksperymentalna przegl\u0105darka SL, kt\u00f3ra ma by\u0107 najlepiej zaktualizowana pod wzgl\u0119dem stabilno\u015bci, szybko\u015bci i technologicznych nowinek.<\/td>\n<td style=\"width: 8%; text-align: center;\">TAK<\/td>\n<td style=\"width: 8%; text-align: center;\">TAK<\/td>\n<td style=\"width: 8%; text-align: center;\">TAK<\/td>\n<td style=\"width: 8%; text-align: center;\">NIE<\/td>\n<td style=\"width: 8%; text-align: center;\">NIE<\/td>\n<\/tr>\n<tr style=\"border-style: 1px solid; border-color: #000000;\">\n<td style=\"width: 15%; text-align: center;\"><a href=\"https:\/\/niranv-sl.blogspot.com\/\" target=\"blank\" rel=\"noopener\">Black Dragon<\/a><\/td>\n<td style=\"width: 45%; text-align: left;\">Przegl\u0105darka z unikatowym podej\u015bciem do interfejsu i funkcji. Skupia si\u0119 g\u0142\u00f3wnie na jako\u015bci grafiki.<\/td>\n<td style=\"width: 8%; text-align: center;\">TAK<\/td>\n<td style=\"width: 8%; text-align: center;\">NIE<\/td>\n<td style=\"width: 8%; text-align: center;\">NIE<\/td>\n<td style=\"width: 8%; text-align: center;\">NIE<\/td>\n<td style=\"width: 8%; text-align: center;\">NIE<\/td>\n<\/tr>\n<tr style=\"border-style: 1px solid; border-color: #000000;\">\n<td style=\"width: 15%; text-align: center;\"><a href=\"https:\/\/www.firestormviewer.org\/\" target=\"blank\" rel=\"noopener\">Firestorm<\/a><\/td>\n<td style=\"width: 45%; text-align: left;\">Stabilniejsza i bardziej zaawansowana przegl\u0105darka. Posiada pe\u0142ne wsparcie j\u0119zyka polskiego.<\/td>\n<td style=\"width: 8%; text-align: center;\">TAK<\/td>\n<td style=\"width: 8%; text-align: center;\">TAK<\/td>\n<td style=\"width: 8%; text-align: center;\">TAK<\/td>\n<td style=\"width: 8%; text-align: center;\">NIE<\/td>\n<td style=\"width: 8%; text-align: center;\">NIE<\/td>\n<\/tr>\n<tr style=\"border-style: 1px solid; border-color: #000000;\">\n<td style=\"width: 15%; text-align: center;\"><a href=\"https:\/\/sourceforge.net\/projects\/kirstensviewers\/\" target=\"blank\" rel=\"noopener\">Kirstens<\/a><\/td>\n<td style=\"width: 45%; text-align: left;\">Hybryda kodu oficjalnego i dewelopera. Skupiona na wizualizacjach.<\/td>\n<td style=\"width: 8%; text-align: center;\">TAK<\/td>\n<td style=\"width: 8%; text-align: center;\">NIE<\/td>\n<td style=\"width: 8%; text-align: center;\">NIE<\/td>\n<td style=\"width: 8%; text-align: center;\">NIE<\/td>\n<td style=\"width: 8%; text-align: center;\">NIE<\/td>\n<\/tr>\n<tr style=\"border-style: 1px solid; border-color: #000000;\">\n<td style=\"width: 15%; text-align: center;\"><a href=\"https:\/\/kokua.atlassian.net\/wiki\/spaces\/KKA\/overview?mode=global\" target=\"blank\" rel=\"noopener\">Kokua<\/a><\/td>\n<td style=\"width: 45%; text-align: left;\">Przegl\u0105darka bez lub z systemem RLV zale\u017cnie od preferenji u\u017cytkownika. Posiada najlepsze funkcje z kilku przegl\u0105darek. Wspiera Linux64.<\/td>\n<td style=\"width: 8%; text-align: center;\">TAK<\/td>\n<td style=\"width: 8%; text-align: center;\">TAK<\/td>\n<td style=\"width: 8%; text-align: center;\">TAK<\/td>\n<td style=\"width: 8%; text-align: center;\">NIE<\/td>\n<td style=\"width: 8%; text-align: center;\">NIE<\/td>\n<\/tr>\n<tr style=\"border-style: 1px solid; border-color: #000000;\">\n<td style=\"width: 15%; text-align: center;\"><a href=\"https:\/\/wiki.catznip.com\/index.php?title=Catznip_Second_Life_Viewer\" target=\"blank\" rel=\"noopener\">Catznip<\/a><\/td>\n<td style=\"width: 45%; text-align: left;\">Nowe podej\u015bcie do wielu funkcji Second Life w clu poprawy stabilno\u015bci, u\u017cytkowania, prywatno\u015bci.<\/td>\n<td style=\"width: 8%; text-align: center;\">TAK<\/td>\n<td style=\"width: 8%; text-align: center;\">NIE<\/td>\n<td style=\"width: 8%; text-align: center;\">TAK<\/td>\n<td style=\"width: 8%; text-align: center;\">NIE<\/td>\n<td style=\"width: 8%; text-align: center;\">NIE<\/td>\n<\/tr>\n<tr style=\"border-style: 1px solid; border-color: #000000;\">\n<td style=\"width: 15%; text-align: center;\"><a href=\"http:\/\/realrestraint.blogspot.com\/\" target=\"blank\" rel=\"noopener\">Restrained Love<\/a><\/td>\n<td style=\"width: 45%; text-align: left;\">Przegl\u0105darka dla fan\u00f3w BDSM. System RLV wymusza np. zakaz wstawania przed okre\u015blonym czasem z danego obiektu.<\/td>\n<td style=\"width: 8%; text-align: center;\">TAK<\/td>\n<td style=\"width: 8%; text-align: center;\">TAK<\/td>\n<td style=\"width: 8%; text-align: center;\">NIE<\/td>\n<td style=\"width: 8%; text-align: center;\">NIE<\/td>\n<td style=\"width: 8%; text-align: center;\">NIE<\/td>\n<\/tr>\n<tr style=\"border-style: 1px solid; border-color: #000000;\">\n<td style=\"width: 15%; text-align: center;\"><a href=\"https:\/\/www.singularityviewer.org\/\" target=\"blank\" rel=\"noopener\">Singularity<\/a><\/td>\n<td style=\"width: 45%; text-align: left;\">Oryginalny interfejs z wersji 1.23 wraz z najnowszymi funkcjami.<\/td>\n<td style=\"width: 8%; text-align: center;\">TAK<\/td>\n<td style=\"width: 8%; text-align: center;\">NIE<\/td>\n<td style=\"width: 8%; text-align: center;\">TAK<\/td>\n<td style=\"width: 8%; text-align: center;\">NIE<\/td>\n<td style=\"width: 8%; text-align: center;\">NIE<\/td>\n<\/tr>\n<tr style=\"border-style: 1px solid; border-color: #000000;\">\n<td style=\"width: 15%; text-align: center;\"><a href=\"https:\/\/genesisviewer.org\/\" target=\"blank\" rel=\"noopener\">Genesis<\/a><\/td>\n<td style=\"width: 45%; text-align: left;\">Bardzo szybka wersja interfesju 1.23 z funkcjonalno\u015bciami, kt\u00f3rych nie ma w oryginale.<\/td>\n<td style=\"width: 8%; text-align: center;\">TAK<\/td>\n<td style=\"width: 8%; text-align: center;\">NIE<\/td>\n<td style=\"width: 8%; text-align: center;\">NIE<\/td>\n<td style=\"width: 8%; text-align: center;\">NIE<\/td>\n<td style=\"width: 8%; text-align: center;\">NIE<\/td>\n<\/tr>\n<tr style=\"border-style: 1px solid; border-color: #000000;\">\n<td style=\"width: 15%; text-align: center;\"><a href=\"http:\/\/sldev.free.fr\/\" target=\"blank\" rel=\"noopener\">Cool VL<\/a><\/td>\n<td style=\"width: 45%; text-align: left;\">Rozszerzona wersja UI z wersji 1.0 z dost\u0119pem do ostatnich funkcji.<\/td>\n<td style=\"width: 8%; text-align: center;\">TAK<\/td>\n<td style=\"width: 8%; text-align: center;\">TAK<\/td>\n<td style=\"width: 8%; text-align: center;\">TAK<\/td>\n<td style=\"width: 8%; text-align: center;\">NIE<\/td>\n<td style=\"width: 8%; text-align: center;\">NIE<\/td>\n<\/tr>\n<tr style=\"border-style: 1px solid; border-color: #000000;\">\n<td style=\"width: 15%; text-align: center;\"><a href=\"https:\/\/megapahit.net\/\" target=\"blank\" rel=\"noopener\">Megapahit<\/a><\/td>\n<td style=\"width: 45%; text-align: left;\">Przegl\u0105darka dla uchod\u017ac\u00f3w elektronicznych z mniej wydajnym sprz\u0119tem.<\/td>\n<td style=\"width: 8%; text-align: center;\">NIE<\/td>\n<td style=\"width: 8%; text-align: center;\">TAK<\/td>\n<td style=\"width: 8%; text-align: center;\">TAK<\/td>\n<td style=\"width: 8%; text-align: center;\">NIE<\/td>\n<td style=\"width: 8%; text-align: center;\">NIE<\/td>\n<\/tr>\n<tr style=\"border-style: 1px solid; border-color: #000000;\">\n<td style=\"width: 15%; text-align: center;\"><a href=\"https:\/\/www.lovense.com\/game\/lovense-viewer\/\" target=\"blank\" rel=\"noopener\">Lovesense<\/a><\/td>\n<td style=\"width: 45%; text-align: left;\">Przegladarka z integracj\u0105 produkt\u00f3w Lovesense<\/td>\n<td style=\"width: 8%; text-align: center;\">TAK<\/td>\n<td style=\"width: 8%; text-align: center;\">TAK<\/td>\n<td style=\"width: 8%; text-align: center;\">NIE<\/td>\n<td style=\"width: 8%; text-align: center;\">NIE<\/td>\n<td style=\"width: 8%; text-align: center;\">NIE<\/td>\n<\/tr>\n<tr style=\"border-style: 1px solid; border-color: #000000;\">\n<td style=\"width: 100%; text-align: center;\" colspan=\"7\"><strong>Przegl\u0105darki z ograniczon\u0105 funkcjonalno\u015bci\u0105 (podstawowy widok 3D, brak czatu g\u0142osowego, etc.)<\/strong><\/td>\n<\/tr>\n<tr style=\"border-style: 1px solid; border-color: #000000;\">\n<td style=\"width: 15%; text-align: center;\"><a href=\"https:\/\/github.com\/cinderblocks\/radegast\/releases\" target=\"blank\" rel=\"noopener\">Radegast<\/a><\/td>\n<td style=\"width: 45%; text-align: left;\">Przegl\u0105darka o ma\u0142ym poborze pami\u0119ci, do zastosowa\u0144 biurowych, gdzie nie jest konieczny pe\u0142ny widok 3D lub czat g\u0142osowy.<\/td>\n<td style=\"width: 8%; text-align: center;\">TAK<\/td>\n<td style=\"width: 8%; text-align: center;\">TAK<\/td>\n<td style=\"width: 8%; text-align: center;\">TAK<\/td>\n<td style=\"width: 8%; text-align: center;\">NIE<\/td>\n<td style=\"width: 8%; text-align: center;\">NIE<\/td>\n<\/tr>\n<tr style=\"border-style: 1px solid; border-color: #000000;\">\n<td style=\"width: 15%; text-align: center;\"><a href=\"https:\/\/speedlight.io\/\" target=\"blank\" rel=\"noopener\">Speedlight<\/a><\/td>\n<td style=\"width: 45%; text-align: left;\">Pierwszy klient SL dzia\u0142aj\u0105cy poprzez stron\u0119 internetow\u0105. Podstawowy widok 3D z mo\u017cliwo\u015bci\u0105 interakcji awatara. Brak czatu g\u0142osowego.<\/td>\n<td style=\"width: 8%; text-align: center;\">TAK<\/td>\n<td style=\"width: 8%; text-align: center;\">TAK<\/td>\n<td style=\"width: 8%; text-align: center;\">TAK<\/td>\n<td style=\"width: 8%; text-align: center;\">TAK<\/td>\n<td style=\"width: 8%; text-align: center;\">TAK<\/td>\n<\/tr>\n<tr style=\"border-style: 1px solid; border-color: #000000;\">\n<td style=\"width: 15%; text-align: center;\"><a href=\"https:\/\/apps.apple.com\/us\/app\/metachat\/id1257878466\" target=\"blank\" rel=\"noopener\">Megapahit<\/a><\/td>\n<td style=\"width: 45%; text-align: left;\">Wy\u0142\u0105cznie tekstowa przegl\u0105darka dla iOS<\/td>\n<td style=\"width: 8%; text-align: center;\">NIE<\/td>\n<td style=\"width: 8%; text-align: center;\">NIE<\/td>\n<td style=\"width: 8%; text-align: center;\">NIE<\/td>\n<td style=\"width: 8%; text-align: center;\">NIE<\/td>\n<td style=\"width: 8%; text-align: center;\">TAK<\/td>\n<\/tr>\n<tr style=\"border-style: 1px solid; border-color: #000000;\">\n<td style=\"width: 15%; text-align: center;\"><a href=\"https:\/\/mobilegridclient.com\/\" target=\"blank\" rel=\"noopener\">Mobile Grid Client<\/a><\/td>\n<td style=\"width: 45%; text-align: left;\">Przegl\u0105darka dla Second Life i Open Simulator na urz\u0105dzenia Android<\/td>\n<td style=\"width: 8%; text-align: center;\">NIE<\/td>\n<td style=\"width: 8%; text-align: center;\">NIE<\/td>\n<td style=\"width: 8%; text-align: center;\">NIE<\/td>\n<td style=\"width: 8%; text-align: center;\">TAK<\/td>\n<td style=\"width: 8%; text-align: center;\">NIE<\/td>\n<\/tr>\n<\/tbody>\n<\/table>\n<h4>Wymagania sprz\u0119towe:<\/h4>\n<h5>Oficjalny klient dost\u0119powy (Przegl\u0105darka) Second Life<\/h5>\n<table style=\"border-collapse: collapse; width: 100%;\">\n<tbody>\n<tr style=\"border-style: 1px solid; border-color: #000000;\">\n<td style=\"width: 100%; text-align: center;\" colspan=\"4\"><strong>Minimum<\/strong><\/td>\n<\/tr>\n<tr style=\"border-style: 1px solid; border-color: #000000;\">\n<td style=\"width: 25%;\"><strong>Komponent<\/strong><\/td>\n<td style=\"width: 25%;\"><strong>Windows<\/strong><\/td>\n<td style=\"width: 25%;\"><strong>MacOS<\/strong><\/td>\n<td style=\"width: 25%;\"><strong>Linux<\/strong><\/td>\n<\/tr>\n<tr style=\"border-style: 1px solid; border-color: #000000;\">\n<td style=\"width: 25%;\"><strong>Wersja OS<\/strong><\/td>\n<td style=\"width: 25%;\">10 (ostatni service pack, 64-bit)<\/td>\n<td style=\"width: 25%;\">OS X 11<\/td>\n<td style=\"width: 25%;\">Wy\u0142\u0105cznie wersja 32-bit***<\/td>\n<\/tr>\n<tr style=\"border-style: 1px solid; border-color: #000000;\">\n<td style=\"width: 25%;\"><strong>Pami\u0119\u0107 RAM<\/strong><\/td>\n<td style=\"width: 25%;\">4 GB<\/td>\n<td style=\"width: 25%;\">4 GB<\/td>\n<td style=\"width: 25%;\">4 GB<\/td>\n<\/tr>\n<tr style=\"border-style: 1px solid; border-color: #000000;\">\n<td style=\"width: 25%;\"><strong>Procesor**<\/strong><\/td>\n<td style=\"width: 25%;\">Wspieraj\u0105cy SSE2, 2 rdzeniowy<\/td>\n<td style=\"width: 25%;\">1.5 GHz Intel<\/td>\n<td style=\"width: 25%;\">800 MHz Intel Pentium III OR AMD Athlon<\/td>\n<\/tr>\n<tr style=\"border-style: 1px solid; border-color: #000000;\">\n<td style=\"width: 25%;\"><strong>Po\u0142\u0105czenie sieciowe*<\/strong><\/td>\n<td style=\"width: 25%;\">1 Mb\/s<\/td>\n<td style=\"width: 25%;\">1 Mb\/s<\/td>\n<td style=\"width: 25%;\">1 Mb\/s<\/td>\n<\/tr>\n<tr style=\"border-style: 1px solid; border-color: #000000;\">\n<td style=\"width: 25%;\"><strong>OpenGL<\/strong><\/td>\n<td style=\"width: 25%;\">3.2<\/td>\n<td style=\"width: 25%;\">3.2<\/td>\n<td style=\"width: 25%;\">3.2<\/td>\n<\/tr>\n<tr style=\"border-style: 1px solid; border-color: #000000;\">\n<td style=\"width: 25%;\"><strong>Rozdzielczo\u015b\u0107 monitora<\/strong><\/td>\n<td style=\"width: 25%;\">1024&#215;768 pikseli<\/td>\n<td style=\"width: 25%;\">1024&#215;769 pikseli<\/td>\n<td style=\"width: 25%;\">1024&#215;768 pikseli<\/td>\n<\/tr>\n<tr style=\"border-style: 1px solid; border-color: #000000;\">\n<td style=\"width: 100%; text-align: center;\" colspan=\"4\"><strong>Rekomendowane<\/strong><\/td>\n<\/tr>\n<tr style=\"border-style: 1px solid; border-color: #000000;\">\n<td style=\"width: 25%;\"><strong>Wersja OS<\/strong><\/td>\n<td style=\"width: 25%;\">11 (ostatni service pack, 64-bit)<\/td>\n<td style=\"width: 25%;\">Najnowszy MacOS<\/td>\n<td style=\"width: 25%;\">Wy\u0142\u0105cznie wersja 32-bit***<\/td>\n<\/tr>\n<tr style=\"border-style: 1px solid; border-color: #000000;\">\n<td style=\"width: 25%;\"><strong>Pami\u0119\u0107 RAM<\/strong><\/td>\n<td style=\"width: 25%;\">8+ GB<\/td>\n<td style=\"width: 25%;\">8+ GB<\/td>\n<td style=\"width: 25%;\">8+ GB<\/td>\n<\/tr>\n<tr style=\"border-style: 1px solid; border-color: #000000;\">\n<td style=\"width: 25%;\"><strong>Procesor**<\/strong><\/td>\n<td style=\"width: 25%;\">Wspieraj\u0105cy SSE2, 8 rdzeniowy<\/td>\n<td style=\"width: 25%;\">2 GHz Intel Core 2 Duo lub lepszy<\/td>\n<td style=\"width: 25%;\">800 MHz Intel Pentium III OR AMD Athlon<\/td>\n<\/tr>\n<tr style=\"border-style: 1px solid; border-color: #000000;\">\n<td style=\"width: 25%;\"><strong>Po\u0142\u0105czenie sieciowe*<\/strong><\/td>\n<td style=\"width: 25%;\">1.5+ Mb\/s<\/td>\n<td style=\"width: 25%;\">1.5+ Mb\/s<\/td>\n<td style=\"width: 25%;\">1.5+ Mb\/s<\/td>\n<\/tr>\n<tr style=\"border-style: 1px solid; border-color: #000000;\">\n<td style=\"width: 25%;\"><strong>OpenGL<\/strong><\/td>\n<td style=\"width: 25%;\">4.6<\/td>\n<td style=\"width: 25%;\">4.1<\/td>\n<td style=\"width: 25%;\">4.6<\/td>\n<\/tr>\n<tr style=\"border-style: 1px solid; border-color: #000000;\">\n<td style=\"width: 25%;\"><strong>Rozdzielczo\u015b\u0107 monitora<\/strong><\/td>\n<td style=\"width: 25%;\">1920&#215;1080 pikseli<\/td>\n<td style=\"width: 25%;\">1920&#215;1080 pikseli<\/td>\n<td style=\"width: 25%;\">1920&#215;1080 pikseli<\/td>\n<\/tr>\n<tr style=\"border-style: 1px solid; border-color: #000000;\">\n<td style=\"width: 25%;\">*<\/td>\n<td style=\"width: 75%; text-align: center;\" colspan=\"3\">Brak kompatybilno\u015bci ze wdzwanianym po\u0142\u0105czeniem, internetem satelitarnym oraz cz\u0119\u015bci\u0105 rozwi\u0105za\u0144 interentu kom\u00f3rkowego (wolniejsze od LTE)<\/td>\n<\/tr>\n<tr style=\"border-style: 1px solid; border-color: #000000;\">\n<td style=\"width: 25%;\">**<\/td>\n<td style=\"width: 75%; text-align: center;\" colspan=\"3\">Wy\u0142\u0105cznie procesory z architektur\u0105 x86_64. Procesory ARM nie s\u0105 obs\u0142ugiwane na obecn\u0105 chwil\u0119<\/td>\n<\/tr>\n<tr style=\"border-style: 1px solid; border-color: #000000;\">\n<td style=\"width: 25%;\">***<\/td>\n<td style=\"width: 75%; text-align: center;\" colspan=\"3\">Klient dla linuxa jest tworzony przez spo\u0142eczno\u015b\u0107, moze nie by\u0107 kompatybilny z funkcjami Second Life.<\/td>\n<\/tr>\n<\/tbody>\n<\/table>\n<h5>Firestorm<\/h5>\n<table style=\"border-collapse: collapse; width: 100%;\">\n<tbody>\n<tr style=\"border-style: 1px solid; border-color: #000000;\">\n<td style=\"width: 100%; text-align: center;\" colspan=\"4\"><strong>Minimum<\/strong><\/td>\n<\/tr>\n<tr style=\"border-style: 1px solid; border-color: #000000;\">\n<td style=\"width: 25%;\"><strong>Komponent<\/strong><\/td>\n<td style=\"width: 25%;\"><strong>Windows<\/strong><\/td>\n<td style=\"width: 25%;\"><strong>MacOS<\/strong><\/td>\n<td style=\"width: 25%;\"><strong>Linux<\/strong><\/td>\n<\/tr>\n<tr style=\"border-style: 1px solid; border-color: #000000;\">\n<td style=\"width: 25%;\"><strong>Wersja OS<\/strong><\/td>\n<td style=\"width: 25%;\">10 (32-bit)<\/td>\n<td style=\"width: 25%;\">12 Monterey<\/td>\n<td style=\"width: 25%;\">Werjsa 64-bit z kernel 5.0 lub nowsz\u0105<\/td>\n<\/tr>\n<tr style=\"border-style: 1px solid; border-color: #000000;\">\n<td style=\"width: 25%;\"><strong>Pami\u0119\u0107 RAM<\/strong><\/td>\n<td style=\"width: 25%;\">8 GB<\/td>\n<td style=\"width: 25%;\">8 GB<\/td>\n<td style=\"width: 25%;\">8 GB<\/td>\n<\/tr>\n<tr style=\"border-style: 1px solid; border-color: #000000;\">\n<td style=\"width: 25%;\"><strong>Procesor*<\/strong><\/td>\n<td style=\"width: 25%;\">2.7 GHz Dual Core<\/td>\n<td style=\"width: 25%;\">2.7 GHz Dual Core<\/td>\n<td style=\"width: 25%;\">2.7 GHz Dual Core<\/td>\n<\/tr>\n<tr style=\"border-style: 1px solid; border-color: #000000;\">\n<td style=\"width: 25%;\"><strong>Po\u0142\u0105czenie sieciowe<\/strong><\/td>\n<td style=\"width: 25%;\">750 kb\/s pob\u00f3r, 100 kb\/s wysy\u0142ka<\/td>\n<td style=\"width: 25%;\">750 kb\/s pob\u00f3r, 100 kb\/s wysy\u0142ka<\/td>\n<td style=\"width: 25%;\">750 kb\/s pob\u00f3r, 100 kb\/s wysy\u0142ka<\/td>\n<\/tr>\n<tr style=\"border-style: 1px solid; border-color: #000000;\">\n<td style=\"width: 25%;\"><strong>Miejsce na dysku<\/strong><\/td>\n<td style=\"width: 25%;\">do 2 GB (rozmiar cache zale\u017cny od u\u017cytkownika)<\/td>\n<td style=\"width: 25%;\">do 2 GB (rozmiar cache zale\u017cny od u\u017cytkownika)<\/td>\n<td style=\"width: 25%;\">do 2 GB (rozmiar cache zale\u017cny od u\u017cytkownika)<\/td>\n<\/tr>\n<tr style=\"border-style: 1px solid; border-color: #000000;\">\n<td style=\"width: 25%;\"><strong>Rozdzielczo\u015b\u0107 monitora<\/strong><\/td>\n<td style=\"width: 25%;\">1024&#215;768 pikseli<\/td>\n<td style=\"width: 25%;\">1024&#215;769 pikseli<\/td>\n<td style=\"width: 25%;\">1024&#215;768 pikseli<\/td>\n<\/tr>\n<tr style=\"border-style: 1px solid; border-color: #000000;\">\n<td style=\"width: 100%; text-align: center;\" colspan=\"4\"><strong>Rekomendowane<\/strong><\/td>\n<\/tr>\n<tr style=\"border-style: 1px solid; border-color: #000000;\">\n<td style=\"width: 25%;\"><strong>Wersja OS<\/strong><\/td>\n<td style=\"width: 25%;\">11 (ostatni service pack, 64-bit)<\/td>\n<td style=\"width: 25%;\">12 Monterey<\/td>\n<td style=\"width: 25%;\">Wy\u0142\u0105cznie wersja 32-bit***<\/td>\n<\/tr>\n<tr style=\"border-style: 1px solid; border-color: #000000;\">\n<td style=\"width: 25%;\"><strong>Pami\u0119\u0107 RAM<\/strong><\/td>\n<td style=\"width: 25%;\">16 GB<\/td>\n<td style=\"width: 25%;\">16 GB<\/td>\n<td style=\"width: 25%;\">16 GB<\/td>\n<\/tr>\n<tr style=\"border-style: 1px solid; border-color: #000000;\">\n<td style=\"width: 25%;\"><strong>Procesor*<\/strong><\/td>\n<td style=\"width: 25%;\">3.3 GHz Quad Core<\/td>\n<td style=\"width: 25%;\">3.3 GHz Quad Core<\/td>\n<td style=\"width: 25%;\">3.3 GHz Quad Core<\/td>\n<\/tr>\n<tr style=\"border-style: 1px solid; border-color: #000000;\">\n<td style=\"width: 25%;\"><strong>Po\u0142\u0105czenie sieciowe<\/strong><\/td>\n<td style=\"width: 25%;\">1.2 &#8211; 10 Mb\/s pob\u00f3r, 1 Mb\/s wysy\u0142ka<\/td>\n<td style=\"width: 25%;\">1.2 &#8211; 10 Mb\/s pob\u00f3r, 1 Mb\/s wysy\u0142ka<\/td>\n<td style=\"width: 25%;\">1.2 &#8211; 10 Mb\/s pob\u00f3r, 1 Mb\/s wysy\u0142ka<\/td>\n<\/tr>\n<tr style=\"border-style: 1px solid; border-color: #000000;\">\n<td style=\"width: 25%;\"><strong>Miejsce na dysku<\/strong><\/td>\n<td style=\"width: 25%;\">do 11 GB (rozmiar cache zale\u017cny od u\u017cytkownika)<\/td>\n<td style=\"width: 25%;\">do 11 GB (rozmiar cache zale\u017cny od u\u017cytkownika)<\/td>\n<td style=\"width: 25%;\">do 11 GB (rozmiar cache zale\u017cny od u\u017cytkownika)<\/td>\n<\/tr>\n<tr style=\"border-style: 1px solid; border-color: #000000;\">\n<td style=\"width: 25%;\"><strong>Rozdzielczo\u015b\u0107 monitora<\/strong><\/td>\n<td style=\"width: 25%;\">1920&#215;1080 pikseli<\/td>\n<td style=\"width: 25%;\">1920&#215;1080 pikseli<\/td>\n<td style=\"width: 25%;\">1920&#215;1080 pikseli<\/td>\n<\/tr>\n<tr style=\"border-style: 1px solid; border-color: #000000;\">\n<td style=\"width: 25%;\">*<\/td>\n<td style=\"width: 75%; text-align: center;\" colspan=\"3\">Wy\u0142\u0105cznie procesory z architektur\u0105 x86_64. Procesory ARM nie s\u0105 obs\u0142ugiwane na obecn\u0105 chwil\u0119<\/td>\n<\/tr>\n<\/tbody>\n<\/table>\n","protected":false},"excerpt":{"rendered":"<p>Lista przegl\u0105darek wraz z obs\u0142ugiwanymi systemami operacyjnymi Legenda:Przegl\u0105darka &#8211; Nazwa klienta dost\u0119powego wraz z linkiem do strony deweloperaWin &#8211; komputery z systemem Microsoft WindowsMac &#8211; komputery z systemem Apple MacOSLin &#8211; komputery z systemem LinuxAnd &#8211; urz\u0105dzenia mobilne z systemem&hellip; <\/p>\n","protected":false},"author":3,"featured_media":0,"parent":0,"menu_order":0,"comment_status":"closed","ping_status":"closed","template":"","meta":[],"_links":{"self":[{"href":"https:\/\/www.academia-electronica.net\/index.php?rest_route=\/wp\/v2\/pages\/105"}],"collection":[{"href":"https:\/\/www.academia-electronica.net\/index.php?rest_route=\/wp\/v2\/pages"}],"about":[{"href":"https:\/\/www.academia-electronica.net\/index.php?rest_route=\/wp\/v2\/types\/page"}],"author":[{"embeddable":true,"href":"https:\/\/www.academia-electronica.net\/index.php?rest_route=\/wp\/v2\/users\/3"}],"replies":[{"embeddable":true,"href":"https:\/\/www.academia-electronica.net\/index.php?rest_route=%2Fwp%2Fv2%2Fcomments&post=105"}],"version-history":[{"count":32,"href":"https:\/\/www.academia-electronica.net\/index.php?rest_route=\/wp\/v2\/pages\/105\/revisions"}],"predecessor-version":[{"id":1847,"href":"https:\/\/www.academia-electronica.net\/index.php?rest_route=\/wp\/v2\/pages\/105\/revisions\/1847"}],"wp:attachment":[{"href":"https:\/\/www.academia-electronica.net\/index.php?rest_route=%2Fwp%2Fv2%2Fmedia&parent=105"}],"curies":[{"name":"wp","href":"https:\/\/api.w.org\/{rel}","templated":true}]}}