{"id":1054,"date":"2023-07-07T11:36:58","date_gmt":"2023-07-07T11:36:58","guid":{"rendered":"https:\/\/www.academia-electronica.net\/?page_id=1054"},"modified":"2023-07-09T09:44:35","modified_gmt":"2023-07-09T09:44:35","slug":"jan-waligorski-rl-erytropoetyn-vr-obrona-magisterska-umysl-ucielesniony","status":"publish","type":"page","link":"https:\/\/www.academia-electronica.net\/?page_id=1054","title":{"rendered":"Jan Walig\u00f3rski (RL) | Erytropoetyn (VR) &#8211; obrona magisterska &#8211; &#8220;Umys\u0142 uciele\u015bniony, ale w kt\u00f3rym ciele? Analiza wirtualnego uciele\u015bnienia&#8221;"},"content":{"rendered":"<p>&nbsp;<\/p>\n<table style=\"width: 100%; height: 368px;\">\n<tbody>\n<tr style=\"height: 24px;\">\n<td style=\"width: 26.1654%; height: 24px;\">Wydarzenie:<\/td>\n<td style=\"width: 73.512%; height: 24px;\">Obrona magisterska<\/td>\n<\/tr>\n<tr style=\"height: 129px;\">\n<td style=\"text-align: center; width: 26.1654%; height: 105px;\"><img loading=\"lazy\" class=\"alignnone size-medium wp-image-1051\" src=\"http:\/\/www.academia-electronica.net\/wp-content\/uploads\/2023\/07\/Jan-Waligorski_Erytropoetyn-plakat-mag.-2023-300x169.png\" alt=\"\" width=\"300\" height=\"169\" srcset=\"https:\/\/www.academia-electronica.net\/wp-content\/uploads\/2023\/07\/Jan-Waligorski_Erytropoetyn-plakat-mag.-2023-300x169.png 300w, https:\/\/www.academia-electronica.net\/wp-content\/uploads\/2023\/07\/Jan-Waligorski_Erytropoetyn-plakat-mag.-2023-1024x576.png 1024w, https:\/\/www.academia-electronica.net\/wp-content\/uploads\/2023\/07\/Jan-Waligorski_Erytropoetyn-plakat-mag.-2023-768x432.png 768w, https:\/\/www.academia-electronica.net\/wp-content\/uploads\/2023\/07\/Jan-Waligorski_Erytropoetyn-plakat-mag.-2023-1536x864.png 1536w, https:\/\/www.academia-electronica.net\/wp-content\/uploads\/2023\/07\/Jan-Waligorski_Erytropoetyn-plakat-mag.-2023.png 1920w\" sizes=\"(max-width: 300px) 100vw, 300px\" \/><\/td>\n<td style=\"width: 73.512%; height: 105px;\"><\/td>\n<\/tr>\n<tr style=\"height: 24px;\">\n<td style=\"width: 26.1654%; height: 24px;\">Organizator:<\/td>\n<td style=\"width: 73.512%; height: 24px;\">Instytut Filozofii UJ oraz Academia Electronica<\/td>\n<\/tr>\n<tr style=\"height: 63px;\">\n<td style=\"width: 26.1654%; height: 28px;\">Tytu\u0142:<\/td>\n<td style=\"width: 73.512%; height: 28px;\"><\/td>\n<\/tr>\n<tr style=\"height: 24px;\">\n<td style=\"width: 26.1654%; height: 24px;\">Termin\/miejsce:<\/td>\n<td style=\"width: 73.512%; height: 24px;\">5.07.2023, Academia Electronica w wirtualnym \u015bwiecie Spatial, aula Digital Beam<\/td>\n<\/tr>\n<tr style=\"height: 48px;\">\n<td style=\"width: 26.1654%; height: 22px;\">Prelegent:<\/td>\n<td style=\"width: 73.512%; height: 22px;\">Jan Walig\u00f3rski (RL) | Erytropoetyn (VR)<\/td>\n<\/tr>\n<tr style=\"height: 24px;\">\n<td style=\"width: 26.1654%; height: 24px;\">Tytu\u0142 wyst\u0105pienia:<\/td>\n<td style=\"width: 73.512%; height: 24px; text-align: justify;\"><em>Umys\u0142 uciele\u015bniony, ale w kt\u00f3rym ciele? Analiza wirtualnego uciele\u015bnienia<br \/>\n<\/em><\/td>\n<\/tr>\n<tr>\n<td style=\"width: 26.1654%;\">Komisja egzaminacyjna:<\/td>\n<td style=\"width: 73.512%; text-align: justify;\">Przewodnicz\u0105cy Komisji: dr hab. Micha\u0142 Bohun, prof. UJ (RL) | MB (VR), recenzent: dr Artur Gunia (RL) | Architeles (VR), promotor: Sidey Myoo<\/td>\n<\/tr>\n<tr style=\"height: 31px;\">\n<td style=\"width: 26.1654%; height: 21px;\">Film:<\/td>\n<td style=\"width: 73.512%; height: 21px; text-align: center;\"><iframe loading=\"lazy\" title=\"YouTube video player\" src=\"https:\/\/www.youtube.com\/embed\/2fXtiybH82Q\" width=\"560\" height=\"315\" frameborder=\"0\" allowfullscreen=\"allowfullscreen\"><\/iframe><\/td>\n<\/tr>\n<tr style=\"height: 24px;\">\n<td style=\"width: 26.1654%; height: 24px;\">Nagranie audio:<\/td>\n<td style=\"width: 73.512%; text-align: justify; height: 24px;\"><\/td>\n<\/tr>\n<tr style=\"height: 24px;\">\n<td style=\"width: 26.1654%; height: 24px;\">Linki:<\/td>\n<td style=\"width: 73.512%; text-align: justify; height: 24px;\"><\/td>\n<\/tr>\n<tr style=\"height: 24px;\">\n<td style=\"width: 26.1654%; height: 24px;\">Prezentacja:<\/td>\n<td style=\"width: 73.512%; text-align: center; height: 24px;\"><a href=\"http:\/\/www.academia-electronica.net\/wp-content\/uploads\/2023\/07\/Umysl-ucielesniony-ale-w-ktorym-ciele-Obrona-pracy-magisterskiej.pdf\">Umys\u0142 uciele\u015bniony ale w kt\u00f3rym ciele &#8211; Obrona pracy magisterskiej<\/a><\/td>\n<\/tr>\n<tr>\n<td style=\"width: 26.1654%;\">Zdj\u0119cia:<\/td>\n<td style=\"width: 73.512%; text-align: center;\"><\/td>\n<\/tr>\n<tr style=\"height: 24px;\">\n<td style=\"width: 26.1654%; height: 24px;\">Praca licencjacka:<\/td>\n<td style=\"width: 73.512%; height: 24px; text-align: justify;\"><\/td>\n<\/tr>\n<\/tbody>\n<\/table>\n<p><a href=\"https:\/\/www.academia-electronica.net\/?page_id=921\">Powr\u00f3t<\/a><\/p>\n","protected":false},"excerpt":{"rendered":"<p>&nbsp; Wydarzenie: Obrona magisterska Organizator: Instytut Filozofii UJ oraz Academia Electronica Tytu\u0142: Termin\/miejsce: 5.07.2023, Academia Electronica w wirtualnym \u015bwiecie Spatial, aula Digital Beam Prelegent: Jan Walig\u00f3rski (RL) | Erytropoetyn (VR) Tytu\u0142 wyst\u0105pienia: Umys\u0142 uciele\u015bniony, ale w kt\u00f3rym ciele? Analiza wirtualnego&hellip; <\/p>\n","protected":false},"author":3,"featured_media":0,"parent":0,"menu_order":0,"comment_status":"closed","ping_status":"closed","template":"","meta":[],"_links":{"self":[{"href":"https:\/\/www.academia-electronica.net\/index.php?rest_route=\/wp\/v2\/pages\/1054"}],"collection":[{"href":"https:\/\/www.academia-electronica.net\/index.php?rest_route=\/wp\/v2\/pages"}],"about":[{"href":"https:\/\/www.academia-electronica.net\/index.php?rest_route=\/wp\/v2\/types\/page"}],"author":[{"embeddable":true,"href":"https:\/\/www.academia-electronica.net\/index.php?rest_route=\/wp\/v2\/users\/3"}],"replies":[{"embeddable":true,"href":"https:\/\/www.academia-electronica.net\/index.php?rest_route=%2Fwp%2Fv2%2Fcomments&post=1054"}],"version-history":[{"count":13,"href":"https:\/\/www.academia-electronica.net\/index.php?rest_route=\/wp\/v2\/pages\/1054\/revisions"}],"predecessor-version":[{"id":1085,"href":"https:\/\/www.academia-electronica.net\/index.php?rest_route=\/wp\/v2\/pages\/1054\/revisions\/1085"}],"wp:attachment":[{"href":"https:\/\/www.academia-electronica.net\/index.php?rest_route=%2Fwp%2Fv2%2Fmedia&parent=1054"}],"curies":[{"name":"wp","href":"https:\/\/api.w.org\/{rel}","templated":true}]}}