{"id":1115,"date":"2023-07-11T08:04:46","date_gmt":"2023-07-11T08:04:46","guid":{"rendered":"https:\/\/www.academia-electronica.net\/?page_id=1115"},"modified":"2023-07-19T14:39:47","modified_gmt":"2023-07-19T14:39:47","slug":"liliana-kozak-metawersum-spatial-i-second-life","status":"publish","type":"page","link":"https:\/\/www.academia-electronica.net\/?page_id=1115","title":{"rendered":"Liliana Kozak &#8211; Metawersum: Spatial i Second Life"},"content":{"rendered":"<table style=\"width: 100%; height: 403px;\">\n<tbody>\n<tr style=\"height: 24px;\">\n<td style=\"width: 24.8387%; height: 24px;\">Wyk\u0142ad:<\/td>\n<td style=\"width: 74.8387%; height: 24px;\">Wyk\u0142ady go\u015bcinne<\/td>\n<\/tr>\n<tr style=\"height: 129px;\">\n<td style=\"text-align: center; width: 24.8387%; height: 105px;\"><img loading=\"lazy\" class=\"alignnone size-medium wp-image-1133\" src=\"http:\/\/www.academia-electronica.net\/wp-content\/uploads\/2023\/07\/Gwen-2023-plakat-300x169.jpg\" alt=\"\" width=\"300\" height=\"169\" srcset=\"https:\/\/www.academia-electronica.net\/wp-content\/uploads\/2023\/07\/Gwen-2023-plakat-300x169.jpg 300w, https:\/\/www.academia-electronica.net\/wp-content\/uploads\/2023\/07\/Gwen-2023-plakat-1024x576.jpg 1024w, https:\/\/www.academia-electronica.net\/wp-content\/uploads\/2023\/07\/Gwen-2023-plakat-768x432.jpg 768w, https:\/\/www.academia-electronica.net\/wp-content\/uploads\/2023\/07\/Gwen-2023-plakat.jpg 1280w\" sizes=\"(max-width: 300px) 100vw, 300px\" \/><\/td>\n<td style=\"width: 74.8387%; height: 105px;\"><\/td>\n<\/tr>\n<tr style=\"height: 24px;\">\n<td style=\"width: 24.8387%; height: 24px;\">Organizator:<\/td>\n<td style=\"width: 74.8387%; height: 24px;\">Ko\u0142o Metodologicznego Historyk\u00f3w Uniwersytetu Marii Curie-Sk\u0142odowskiej<\/td>\n<\/tr>\n<tr style=\"height: 63px;\">\n<td style=\"width: 24.8387%; height: 63px;\">Tytu\u0142:<\/td>\n<td style=\"width: 74.8387%; height: 63px; text-align: justify;\"><em>Metawersum: Spatial i Second Life<\/em><\/td>\n<\/tr>\n<tr style=\"height: 24px;\">\n<td style=\"width: 24.8387%; height: 24px;\">Termin\/miejsce:<\/td>\n<td style=\"width: 74.8387%; height: 24px;\">15.06.2023 &#8211; Uniwersytet Uniwersytet Marii Curie-Sk\u0142odowskiej, , Academia Electronica w Second Life i w Spatial<\/td>\n<\/tr>\n<tr style=\"height: 48px;\">\n<td style=\"width: 24.8387%; height: 22px;\">Prowadz\u0105ca:<\/td>\n<td style=\"width: 74.8387%; height: 22px;\">mgr Liliana Kozak<\/td>\n<\/tr>\n<tr style=\"height: 24px;\">\n<td style=\"width: 24.8387%; height: 24px;\">Tytu\u0142 wyst\u0105pienia:<\/td>\n<td style=\"width: 74.8387%; height: 24px; text-align: justify;\"><\/td>\n<\/tr>\n<tr style=\"height: 31px;\">\n<td style=\"width: 24.8387%; height: 21px;\">Film:<\/td>\n<td style=\"width: 74.8387%; height: 21px; text-align: center;\"><iframe loading=\"lazy\" title=\"YouTube video player\" src=\"https:\/\/www.youtube.com\/embed\/iO6_x-8doe8\" width=\"560\" height=\"315\" frameborder=\"0\" allowfullscreen=\"allowfullscreen\"><\/iframe><\/td>\n<\/tr>\n<tr style=\"height: 24px;\">\n<td style=\"width: 24.8387%; height: 24px;\">Nagranie audio:<\/td>\n<td style=\"width: 74.8387%; text-align: justify; height: 24px;\"><\/td>\n<\/tr>\n<tr style=\"height: 24px;\">\n<td style=\"width: 24.8387%; height: 24px;\">Linki:<\/td>\n<td style=\"width: 74.8387%; text-align: justify; height: 24px;\"><a href=\"https:\/\/www.umcs.pl\/pl\/aktualnosci,22423,warsztat-metaversum-spatial-i-second-life,134794.chtm?fbclid=IwAR1BB6AQ6G7XF1rOzCRk0cBqdC-uwfNruA2LFE4V89tvIQMQe7D0LYCNsQ4\" target=\"_blank\" rel=\"noopener\"><em>Liliana Kozak &#8211; Metawersum: Spatial i Second Life<\/em><\/a><\/td>\n<\/tr>\n<tr style=\"height: 24px;\">\n<td style=\"width: 24.8387%; height: 24px;\">Prezentacja:<\/td>\n<td style=\"width: 74.8387%; text-align: center; height: 24px;\">\n\t\t<style type=\"text\/css\">\n\t\t\t#gallery-1 {\n\t\t\t\tmargin: auto;\n\t\t\t}\n\t\t\t#gallery-1 .gallery-item {\n\t\t\t\tfloat: left;\n\t\t\t\tmargin-top: 10px;\n\t\t\t\ttext-align: center;\n\t\t\t\twidth: 20%;\n\t\t\t}\n\t\t\t#gallery-1 img {\n\t\t\t\tborder: 2px solid #cfcfcf;\n\t\t\t}\n\t\t\t#gallery-1 .gallery-caption {\n\t\t\t\tmargin-left: 0;\n\t\t\t}\n\t\t\t\/* see gallery_shortcode() in wp-includes\/media.php *\/\n\t\t<\/style>\n\t\t<div id='gallery-1' class='gallery galleryid-1115 gallery-columns-5 gallery-size-thumbnail'><dl class='gallery-item'>\n\t\t\t<dt class='gallery-icon landscape'>\n\t\t\t\t<a href='https:\/\/www.academia-electronica.net\/?attachment_id=1142'><img width=\"150\" height=\"150\" src=\"https:\/\/www.academia-electronica.net\/wp-content\/uploads\/2023\/07\/Gwen-2023-1-150x150.jpg\" class=\"attachment-thumbnail size-thumbnail\" alt=\"\" loading=\"lazy\" srcset=\"https:\/\/www.academia-electronica.net\/wp-content\/uploads\/2023\/07\/Gwen-2023-1-150x150.jpg 150w, https:\/\/www.academia-electronica.net\/wp-content\/uploads\/2023\/07\/Gwen-2023-1-230x230.jpg 230w\" sizes=\"(max-width: 150px) 100vw, 150px\" \/><\/a>\n\t\t\t<\/dt><\/dl><dl class='gallery-item'>\n\t\t\t<dt class='gallery-icon landscape'>\n\t\t\t\t<a href='https:\/\/www.academia-electronica.net\/?attachment_id=1143'><img width=\"150\" height=\"150\" src=\"https:\/\/www.academia-electronica.net\/wp-content\/uploads\/2023\/07\/Gwen-2023-2-150x150.jpg\" class=\"attachment-thumbnail size-thumbnail\" alt=\"\" loading=\"lazy\" srcset=\"https:\/\/www.academia-electronica.net\/wp-content\/uploads\/2023\/07\/Gwen-2023-2-150x150.jpg 150w, https:\/\/www.academia-electronica.net\/wp-content\/uploads\/2023\/07\/Gwen-2023-2-230x230.jpg 230w\" sizes=\"(max-width: 150px) 100vw, 150px\" \/><\/a>\n\t\t\t<\/dt><\/dl><dl class='gallery-item'>\n\t\t\t<dt class='gallery-icon landscape'>\n\t\t\t\t<a href='https:\/\/www.academia-electronica.net\/?attachment_id=1144'><img width=\"150\" height=\"150\" src=\"https:\/\/www.academia-electronica.net\/wp-content\/uploads\/2023\/07\/Gwen-2023-3-150x150.jpg\" class=\"attachment-thumbnail size-thumbnail\" alt=\"\" loading=\"lazy\" srcset=\"https:\/\/www.academia-electronica.net\/wp-content\/uploads\/2023\/07\/Gwen-2023-3-150x150.jpg 150w, https:\/\/www.academia-electronica.net\/wp-content\/uploads\/2023\/07\/Gwen-2023-3-230x230.jpg 230w\" sizes=\"(max-width: 150px) 100vw, 150px\" \/><\/a>\n\t\t\t<\/dt><\/dl><dl class='gallery-item'>\n\t\t\t<dt class='gallery-icon landscape'>\n\t\t\t\t<a href='https:\/\/www.academia-electronica.net\/?attachment_id=1145'><img width=\"150\" height=\"150\" src=\"https:\/\/www.academia-electronica.net\/wp-content\/uploads\/2023\/07\/Gwen-2023-4-150x150.jpg\" class=\"attachment-thumbnail size-thumbnail\" alt=\"\" loading=\"lazy\" srcset=\"https:\/\/www.academia-electronica.net\/wp-content\/uploads\/2023\/07\/Gwen-2023-4-150x150.jpg 150w, https:\/\/www.academia-electronica.net\/wp-content\/uploads\/2023\/07\/Gwen-2023-4-230x230.jpg 230w\" sizes=\"(max-width: 150px) 100vw, 150px\" \/><\/a>\n\t\t\t<\/dt><\/dl><dl class='gallery-item'>\n\t\t\t<dt class='gallery-icon landscape'>\n\t\t\t\t<a href='https:\/\/www.academia-electronica.net\/?attachment_id=1146'><img width=\"150\" height=\"150\" src=\"https:\/\/www.academia-electronica.net\/wp-content\/uploads\/2023\/07\/Gwen-2023-5-150x150.jpg\" class=\"attachment-thumbnail size-thumbnail\" alt=\"\" loading=\"lazy\" srcset=\"https:\/\/www.academia-electronica.net\/wp-content\/uploads\/2023\/07\/Gwen-2023-5-150x150.jpg 150w, https:\/\/www.academia-electronica.net\/wp-content\/uploads\/2023\/07\/Gwen-2023-5-230x230.jpg 230w\" sizes=\"(max-width: 150px) 100vw, 150px\" \/><\/a>\n\t\t\t<\/dt><\/dl><br style=\"clear: both\" \/><dl class='gallery-item'>\n\t\t\t<dt class='gallery-icon landscape'>\n\t\t\t\t<a href='https:\/\/www.academia-electronica.net\/?attachment_id=1147'><img width=\"150\" height=\"150\" src=\"https:\/\/www.academia-electronica.net\/wp-content\/uploads\/2023\/07\/Gwen-2023-6-150x150.jpg\" class=\"attachment-thumbnail size-thumbnail\" alt=\"\" loading=\"lazy\" srcset=\"https:\/\/www.academia-electronica.net\/wp-content\/uploads\/2023\/07\/Gwen-2023-6-150x150.jpg 150w, https:\/\/www.academia-electronica.net\/wp-content\/uploads\/2023\/07\/Gwen-2023-6-230x230.jpg 230w\" sizes=\"(max-width: 150px) 100vw, 150px\" \/><\/a>\n\t\t\t<\/dt><\/dl><dl class='gallery-item'>\n\t\t\t<dt class='gallery-icon landscape'>\n\t\t\t\t<a href='https:\/\/www.academia-electronica.net\/?attachment_id=1148'><img width=\"150\" height=\"150\" src=\"https:\/\/www.academia-electronica.net\/wp-content\/uploads\/2023\/07\/Gwen-2023-7-150x150.jpg\" class=\"attachment-thumbnail size-thumbnail\" alt=\"\" loading=\"lazy\" srcset=\"https:\/\/www.academia-electronica.net\/wp-content\/uploads\/2023\/07\/Gwen-2023-7-150x150.jpg 150w, https:\/\/www.academia-electronica.net\/wp-content\/uploads\/2023\/07\/Gwen-2023-7-230x230.jpg 230w\" sizes=\"(max-width: 150px) 100vw, 150px\" \/><\/a>\n\t\t\t<\/dt><\/dl><dl class='gallery-item'>\n\t\t\t<dt class='gallery-icon landscape'>\n\t\t\t\t<a href='https:\/\/www.academia-electronica.net\/?attachment_id=1149'><img width=\"150\" height=\"150\" src=\"https:\/\/www.academia-electronica.net\/wp-content\/uploads\/2023\/07\/Gwen-2023-8-150x150.jpg\" class=\"attachment-thumbnail size-thumbnail\" alt=\"\" loading=\"lazy\" srcset=\"https:\/\/www.academia-electronica.net\/wp-content\/uploads\/2023\/07\/Gwen-2023-8-150x150.jpg 150w, https:\/\/www.academia-electronica.net\/wp-content\/uploads\/2023\/07\/Gwen-2023-8-230x230.jpg 230w\" sizes=\"(max-width: 150px) 100vw, 150px\" \/><\/a>\n\t\t\t<\/dt><\/dl><dl class='gallery-item'>\n\t\t\t<dt class='gallery-icon landscape'>\n\t\t\t\t<a href='https:\/\/www.academia-electronica.net\/?attachment_id=1150'><img width=\"150\" height=\"150\" src=\"https:\/\/www.academia-electronica.net\/wp-content\/uploads\/2023\/07\/Gwen-2023-9-150x150.jpg\" class=\"attachment-thumbnail size-thumbnail\" alt=\"\" loading=\"lazy\" srcset=\"https:\/\/www.academia-electronica.net\/wp-content\/uploads\/2023\/07\/Gwen-2023-9-150x150.jpg 150w, https:\/\/www.academia-electronica.net\/wp-content\/uploads\/2023\/07\/Gwen-2023-9-230x230.jpg 230w\" sizes=\"(max-width: 150px) 100vw, 150px\" \/><\/a>\n\t\t\t<\/dt><\/dl><dl class='gallery-item'>\n\t\t\t<dt class='gallery-icon landscape'>\n\t\t\t\t<a href='https:\/\/www.academia-electronica.net\/?attachment_id=1151'><img width=\"150\" height=\"150\" src=\"https:\/\/www.academia-electronica.net\/wp-content\/uploads\/2023\/07\/Gwen-2023-10-150x150.jpg\" class=\"attachment-thumbnail size-thumbnail\" alt=\"\" loading=\"lazy\" srcset=\"https:\/\/www.academia-electronica.net\/wp-content\/uploads\/2023\/07\/Gwen-2023-10-150x150.jpg 150w, https:\/\/www.academia-electronica.net\/wp-content\/uploads\/2023\/07\/Gwen-2023-10-230x230.jpg 230w\" sizes=\"(max-width: 150px) 100vw, 150px\" \/><\/a>\n\t\t\t<\/dt><\/dl><br style=\"clear: both\" \/><dl class='gallery-item'>\n\t\t\t<dt class='gallery-icon landscape'>\n\t\t\t\t<a href='https:\/\/www.academia-electronica.net\/?attachment_id=1152'><img width=\"150\" height=\"150\" src=\"https:\/\/www.academia-electronica.net\/wp-content\/uploads\/2023\/07\/Gwen-2023-11-150x150.jpg\" class=\"attachment-thumbnail size-thumbnail\" alt=\"\" loading=\"lazy\" srcset=\"https:\/\/www.academia-electronica.net\/wp-content\/uploads\/2023\/07\/Gwen-2023-11-150x150.jpg 150w, https:\/\/www.academia-electronica.net\/wp-content\/uploads\/2023\/07\/Gwen-2023-11-230x230.jpg 230w\" sizes=\"(max-width: 150px) 100vw, 150px\" \/><\/a>\n\t\t\t<\/dt><\/dl><dl class='gallery-item'>\n\t\t\t<dt class='gallery-icon landscape'>\n\t\t\t\t<a href='https:\/\/www.academia-electronica.net\/?attachment_id=1153'><img width=\"150\" height=\"150\" src=\"https:\/\/www.academia-electronica.net\/wp-content\/uploads\/2023\/07\/Gwen-2023-12-150x150.jpg\" class=\"attachment-thumbnail size-thumbnail\" alt=\"\" loading=\"lazy\" srcset=\"https:\/\/www.academia-electronica.net\/wp-content\/uploads\/2023\/07\/Gwen-2023-12-150x150.jpg 150w, https:\/\/www.academia-electronica.net\/wp-content\/uploads\/2023\/07\/Gwen-2023-12-230x230.jpg 230w\" sizes=\"(max-width: 150px) 100vw, 150px\" \/><\/a>\n\t\t\t<\/dt><\/dl><dl class='gallery-item'>\n\t\t\t<dt class='gallery-icon landscape'>\n\t\t\t\t<a href='https:\/\/www.academia-electronica.net\/?attachment_id=1154'><img width=\"150\" height=\"150\" src=\"https:\/\/www.academia-electronica.net\/wp-content\/uploads\/2023\/07\/Gwen-2023-13-150x150.jpg\" class=\"attachment-thumbnail size-thumbnail\" alt=\"\" loading=\"lazy\" srcset=\"https:\/\/www.academia-electronica.net\/wp-content\/uploads\/2023\/07\/Gwen-2023-13-150x150.jpg 150w, https:\/\/www.academia-electronica.net\/wp-content\/uploads\/2023\/07\/Gwen-2023-13-230x230.jpg 230w\" sizes=\"(max-width: 150px) 100vw, 150px\" \/><\/a>\n\t\t\t<\/dt><\/dl><dl class='gallery-item'>\n\t\t\t<dt class='gallery-icon landscape'>\n\t\t\t\t<a href='https:\/\/www.academia-electronica.net\/?attachment_id=1155'><img width=\"150\" height=\"150\" src=\"https:\/\/www.academia-electronica.net\/wp-content\/uploads\/2023\/07\/Gwen-2023-14-150x150.jpg\" class=\"attachment-thumbnail size-thumbnail\" alt=\"\" loading=\"lazy\" srcset=\"https:\/\/www.academia-electronica.net\/wp-content\/uploads\/2023\/07\/Gwen-2023-14-150x150.jpg 150w, https:\/\/www.academia-electronica.net\/wp-content\/uploads\/2023\/07\/Gwen-2023-14-230x230.jpg 230w\" sizes=\"(max-width: 150px) 100vw, 150px\" \/><\/a>\n\t\t\t<\/dt><\/dl><dl class='gallery-item'>\n\t\t\t<dt class='gallery-icon landscape'>\n\t\t\t\t<a href='https:\/\/www.academia-electronica.net\/?attachment_id=1156'><img width=\"150\" height=\"150\" src=\"https:\/\/www.academia-electronica.net\/wp-content\/uploads\/2023\/07\/Gwen-2023-15-150x150.jpg\" class=\"attachment-thumbnail size-thumbnail\" alt=\"\" loading=\"lazy\" srcset=\"https:\/\/www.academia-electronica.net\/wp-content\/uploads\/2023\/07\/Gwen-2023-15-150x150.jpg 150w, https:\/\/www.academia-electronica.net\/wp-content\/uploads\/2023\/07\/Gwen-2023-15-230x230.jpg 230w\" sizes=\"(max-width: 150px) 100vw, 150px\" \/><\/a>\n\t\t\t<\/dt><\/dl><br style=\"clear: both\" \/><dl class='gallery-item'>\n\t\t\t<dt class='gallery-icon landscape'>\n\t\t\t\t<a href='https:\/\/www.academia-electronica.net\/?attachment_id=1157'><img width=\"150\" height=\"150\" src=\"https:\/\/www.academia-electronica.net\/wp-content\/uploads\/2023\/07\/Gwen-2023-16-150x150.jpg\" class=\"attachment-thumbnail size-thumbnail\" alt=\"\" loading=\"lazy\" srcset=\"https:\/\/www.academia-electronica.net\/wp-content\/uploads\/2023\/07\/Gwen-2023-16-150x150.jpg 150w, https:\/\/www.academia-electronica.net\/wp-content\/uploads\/2023\/07\/Gwen-2023-16-230x230.jpg 230w\" sizes=\"(max-width: 150px) 100vw, 150px\" \/><\/a>\n\t\t\t<\/dt><\/dl><dl class='gallery-item'>\n\t\t\t<dt class='gallery-icon landscape'>\n\t\t\t\t<a href='https:\/\/www.academia-electronica.net\/?attachment_id=1158'><img width=\"150\" height=\"150\" src=\"https:\/\/www.academia-electronica.net\/wp-content\/uploads\/2023\/07\/Gwen-2023-17-150x150.jpg\" class=\"attachment-thumbnail size-thumbnail\" alt=\"\" loading=\"lazy\" srcset=\"https:\/\/www.academia-electronica.net\/wp-content\/uploads\/2023\/07\/Gwen-2023-17-150x150.jpg 150w, https:\/\/www.academia-electronica.net\/wp-content\/uploads\/2023\/07\/Gwen-2023-17-230x230.jpg 230w\" sizes=\"(max-width: 150px) 100vw, 150px\" \/><\/a>\n\t\t\t<\/dt><\/dl><dl class='gallery-item'>\n\t\t\t<dt class='gallery-icon landscape'>\n\t\t\t\t<a href='https:\/\/www.academia-electronica.net\/?attachment_id=1159'><img width=\"150\" height=\"150\" src=\"https:\/\/www.academia-electronica.net\/wp-content\/uploads\/2023\/07\/Gwen-2023-18-150x150.jpg\" class=\"attachment-thumbnail size-thumbnail\" alt=\"\" loading=\"lazy\" srcset=\"https:\/\/www.academia-electronica.net\/wp-content\/uploads\/2023\/07\/Gwen-2023-18-150x150.jpg 150w, https:\/\/www.academia-electronica.net\/wp-content\/uploads\/2023\/07\/Gwen-2023-18-230x230.jpg 230w\" sizes=\"(max-width: 150px) 100vw, 150px\" \/><\/a>\n\t\t\t<\/dt><\/dl><dl class='gallery-item'>\n\t\t\t<dt class='gallery-icon landscape'>\n\t\t\t\t<a href='https:\/\/www.academia-electronica.net\/?attachment_id=1160'><img width=\"150\" height=\"150\" src=\"https:\/\/www.academia-electronica.net\/wp-content\/uploads\/2023\/07\/Gwen-2023-19-150x150.jpg\" class=\"attachment-thumbnail size-thumbnail\" alt=\"\" loading=\"lazy\" srcset=\"https:\/\/www.academia-electronica.net\/wp-content\/uploads\/2023\/07\/Gwen-2023-19-150x150.jpg 150w, https:\/\/www.academia-electronica.net\/wp-content\/uploads\/2023\/07\/Gwen-2023-19-230x230.jpg 230w\" sizes=\"(max-width: 150px) 100vw, 150px\" \/><\/a>\n\t\t\t<\/dt><\/dl><dl class='gallery-item'>\n\t\t\t<dt class='gallery-icon landscape'>\n\t\t\t\t<a href='https:\/\/www.academia-electronica.net\/?attachment_id=1161'><img width=\"150\" height=\"150\" src=\"https:\/\/www.academia-electronica.net\/wp-content\/uploads\/2023\/07\/Gwen-2023-20-150x150.jpg\" class=\"attachment-thumbnail size-thumbnail\" alt=\"\" loading=\"lazy\" srcset=\"https:\/\/www.academia-electronica.net\/wp-content\/uploads\/2023\/07\/Gwen-2023-20-150x150.jpg 150w, https:\/\/www.academia-electronica.net\/wp-content\/uploads\/2023\/07\/Gwen-2023-20-230x230.jpg 230w\" sizes=\"(max-width: 150px) 100vw, 150px\" \/><\/a>\n\t\t\t<\/dt><\/dl><br style=\"clear: both\" \/><dl class='gallery-item'>\n\t\t\t<dt class='gallery-icon landscape'>\n\t\t\t\t<a href='https:\/\/www.academia-electronica.net\/?attachment_id=1162'><img width=\"150\" height=\"150\" src=\"https:\/\/www.academia-electronica.net\/wp-content\/uploads\/2023\/07\/Gwen-2023-21-150x150.jpg\" class=\"attachment-thumbnail size-thumbnail\" alt=\"\" loading=\"lazy\" srcset=\"https:\/\/www.academia-electronica.net\/wp-content\/uploads\/2023\/07\/Gwen-2023-21-150x150.jpg 150w, https:\/\/www.academia-electronica.net\/wp-content\/uploads\/2023\/07\/Gwen-2023-21-230x230.jpg 230w\" sizes=\"(max-width: 150px) 100vw, 150px\" \/><\/a>\n\t\t\t<\/dt><\/dl><dl class='gallery-item'>\n\t\t\t<dt class='gallery-icon landscape'>\n\t\t\t\t<a href='https:\/\/www.academia-electronica.net\/?attachment_id=1163'><img width=\"150\" height=\"150\" src=\"https:\/\/www.academia-electronica.net\/wp-content\/uploads\/2023\/07\/Gwen-2023-22-150x150.jpg\" class=\"attachment-thumbnail size-thumbnail\" alt=\"\" loading=\"lazy\" srcset=\"https:\/\/www.academia-electronica.net\/wp-content\/uploads\/2023\/07\/Gwen-2023-22-150x150.jpg 150w, https:\/\/www.academia-electronica.net\/wp-content\/uploads\/2023\/07\/Gwen-2023-22-230x230.jpg 230w\" sizes=\"(max-width: 150px) 100vw, 150px\" \/><\/a>\n\t\t\t<\/dt><\/dl><dl class='gallery-item'>\n\t\t\t<dt class='gallery-icon landscape'>\n\t\t\t\t<a href='https:\/\/www.academia-electronica.net\/?attachment_id=1164'><img width=\"150\" height=\"150\" src=\"https:\/\/www.academia-electronica.net\/wp-content\/uploads\/2023\/07\/Gwen-2023-23-150x150.jpg\" class=\"attachment-thumbnail size-thumbnail\" alt=\"\" loading=\"lazy\" srcset=\"https:\/\/www.academia-electronica.net\/wp-content\/uploads\/2023\/07\/Gwen-2023-23-150x150.jpg 150w, https:\/\/www.academia-electronica.net\/wp-content\/uploads\/2023\/07\/Gwen-2023-23-230x230.jpg 230w\" sizes=\"(max-width: 150px) 100vw, 150px\" \/><\/a>\n\t\t\t<\/dt><\/dl><dl class='gallery-item'>\n\t\t\t<dt class='gallery-icon landscape'>\n\t\t\t\t<a href='https:\/\/www.academia-electronica.net\/?attachment_id=1165'><img width=\"150\" height=\"150\" src=\"https:\/\/www.academia-electronica.net\/wp-content\/uploads\/2023\/07\/Gwen-2023-24-150x150.jpg\" class=\"attachment-thumbnail size-thumbnail\" alt=\"\" loading=\"lazy\" srcset=\"https:\/\/www.academia-electronica.net\/wp-content\/uploads\/2023\/07\/Gwen-2023-24-150x150.jpg 150w, https:\/\/www.academia-electronica.net\/wp-content\/uploads\/2023\/07\/Gwen-2023-24-230x230.jpg 230w\" sizes=\"(max-width: 150px) 100vw, 150px\" \/><\/a>\n\t\t\t<\/dt><\/dl><dl class='gallery-item'>\n\t\t\t<dt class='gallery-icon landscape'>\n\t\t\t\t<a href='https:\/\/www.academia-electronica.net\/?attachment_id=1166'><img width=\"150\" height=\"150\" src=\"https:\/\/www.academia-electronica.net\/wp-content\/uploads\/2023\/07\/Gwen-2023-25-150x150.jpg\" class=\"attachment-thumbnail size-thumbnail\" alt=\"\" loading=\"lazy\" srcset=\"https:\/\/www.academia-electronica.net\/wp-content\/uploads\/2023\/07\/Gwen-2023-25-150x150.jpg 150w, https:\/\/www.academia-electronica.net\/wp-content\/uploads\/2023\/07\/Gwen-2023-25-230x230.jpg 230w\" sizes=\"(max-width: 150px) 100vw, 150px\" \/><\/a>\n\t\t\t<\/dt><\/dl><br style=\"clear: both\" \/>\n\t\t<\/div>\n<\/td>\n<\/tr>\n<tr style=\"height: 24px;\">\n<td style=\"width: 24.8387%; height: 24px;\">Zdj\u0119cia:<\/td>\n<td style=\"width: 74.8387%; text-align: center; height: 24px;\">\n\t\t<style type=\"text\/css\">\n\t\t\t#gallery-2 {\n\t\t\t\tmargin: auto;\n\t\t\t}\n\t\t\t#gallery-2 .gallery-item {\n\t\t\t\tfloat: left;\n\t\t\t\tmargin-top: 10px;\n\t\t\t\ttext-align: center;\n\t\t\t\twidth: 20%;\n\t\t\t}\n\t\t\t#gallery-2 img {\n\t\t\t\tborder: 2px solid #cfcfcf;\n\t\t\t}\n\t\t\t#gallery-2 .gallery-caption {\n\t\t\t\tmargin-left: 0;\n\t\t\t}\n\t\t\t\/* see gallery_shortcode() in wp-includes\/media.php *\/\n\t\t<\/style>\n\t\t<div id='gallery-2' class='gallery galleryid-1115 gallery-columns-5 gallery-size-thumbnail'><dl class='gallery-item'>\n\t\t\t<dt class='gallery-icon landscape'>\n\t\t\t\t<a href='https:\/\/www.academia-electronica.net\/?attachment_id=1127'><img width=\"150\" height=\"150\" src=\"https:\/\/www.academia-electronica.net\/wp-content\/uploads\/2023\/07\/Liliana-Kozak-2023-1-150x150.jpg\" class=\"attachment-thumbnail size-thumbnail\" alt=\"\" loading=\"lazy\" srcset=\"https:\/\/www.academia-electronica.net\/wp-content\/uploads\/2023\/07\/Liliana-Kozak-2023-1-150x150.jpg 150w, https:\/\/www.academia-electronica.net\/wp-content\/uploads\/2023\/07\/Liliana-Kozak-2023-1-230x230.jpg 230w\" sizes=\"(max-width: 150px) 100vw, 150px\" \/><\/a>\n\t\t\t<\/dt><\/dl><dl class='gallery-item'>\n\t\t\t<dt class='gallery-icon landscape'>\n\t\t\t\t<a href='https:\/\/www.academia-electronica.net\/?attachment_id=1128'><img width=\"150\" height=\"150\" src=\"https:\/\/www.academia-electronica.net\/wp-content\/uploads\/2023\/07\/Liliana-Kozak-2023-2-150x150.jpg\" class=\"attachment-thumbnail size-thumbnail\" alt=\"\" loading=\"lazy\" srcset=\"https:\/\/www.academia-electronica.net\/wp-content\/uploads\/2023\/07\/Liliana-Kozak-2023-2-150x150.jpg 150w, https:\/\/www.academia-electronica.net\/wp-content\/uploads\/2023\/07\/Liliana-Kozak-2023-2-230x230.jpg 230w\" sizes=\"(max-width: 150px) 100vw, 150px\" \/><\/a>\n\t\t\t<\/dt><\/dl><dl class='gallery-item'>\n\t\t\t<dt class='gallery-icon landscape'>\n\t\t\t\t<a href='https:\/\/www.academia-electronica.net\/?attachment_id=1129'><img width=\"150\" height=\"150\" src=\"https:\/\/www.academia-electronica.net\/wp-content\/uploads\/2023\/07\/Liliana-kozak-2023-3-150x150.jpg\" class=\"attachment-thumbnail size-thumbnail\" alt=\"\" loading=\"lazy\" srcset=\"https:\/\/www.academia-electronica.net\/wp-content\/uploads\/2023\/07\/Liliana-kozak-2023-3-150x150.jpg 150w, https:\/\/www.academia-electronica.net\/wp-content\/uploads\/2023\/07\/Liliana-kozak-2023-3-230x230.jpg 230w\" sizes=\"(max-width: 150px) 100vw, 150px\" \/><\/a>\n\t\t\t<\/dt><\/dl><dl class='gallery-item'>\n\t\t\t<dt class='gallery-icon landscape'>\n\t\t\t\t<a href='https:\/\/www.academia-electronica.net\/?attachment_id=1130'><img width=\"150\" height=\"150\" src=\"https:\/\/www.academia-electronica.net\/wp-content\/uploads\/2023\/07\/Liliana-kozak-4-150x150.jpg\" class=\"attachment-thumbnail size-thumbnail\" alt=\"\" loading=\"lazy\" srcset=\"https:\/\/www.academia-electronica.net\/wp-content\/uploads\/2023\/07\/Liliana-kozak-4-150x150.jpg 150w, https:\/\/www.academia-electronica.net\/wp-content\/uploads\/2023\/07\/Liliana-kozak-4-230x230.jpg 230w\" sizes=\"(max-width: 150px) 100vw, 150px\" \/><\/a>\n\t\t\t<\/dt><\/dl><dl class='gallery-item'>\n\t\t\t<dt class='gallery-icon landscape'>\n\t\t\t\t<a href='https:\/\/www.academia-electronica.net\/?attachment_id=1131'><img width=\"150\" height=\"150\" src=\"https:\/\/www.academia-electronica.net\/wp-content\/uploads\/2023\/07\/Liliana-Kozak-5-150x150.jpg\" class=\"attachment-thumbnail size-thumbnail\" alt=\"\" loading=\"lazy\" srcset=\"https:\/\/www.academia-electronica.net\/wp-content\/uploads\/2023\/07\/Liliana-Kozak-5-150x150.jpg 150w, https:\/\/www.academia-electronica.net\/wp-content\/uploads\/2023\/07\/Liliana-Kozak-5-230x230.jpg 230w\" sizes=\"(max-width: 150px) 100vw, 150px\" \/><\/a>\n\t\t\t<\/dt><\/dl><br style=\"clear: both\" \/>\n\t\t<\/div>\n<\/td>\n<\/tr>\n<\/tbody>\n<\/table>\n<p><a href=\"https:\/\/www.academia-electronica.net\/?page_id=551\">Powr\u00f3t<\/a><\/p>\n","protected":false},"excerpt":{"rendered":"<p>Wyk\u0142ad: Wyk\u0142ady go\u015bcinne Organizator: Ko\u0142o Metodologicznego Historyk\u00f3w Uniwersytetu Marii Curie-Sk\u0142odowskiej Tytu\u0142: Metawersum: Spatial i Second Life Termin\/miejsce: 15.06.2023 &#8211; Uniwersytet Uniwersytet Marii Curie-Sk\u0142odowskiej, , Academia Electronica w Second Life i w Spatial Prowadz\u0105ca: mgr Liliana Kozak Tytu\u0142 wyst\u0105pienia: Film: Nagranie&hellip; <\/p>\n","protected":false},"author":3,"featured_media":0,"parent":0,"menu_order":0,"comment_status":"closed","ping_status":"closed","template":"","meta":[],"_links":{"self":[{"href":"https:\/\/www.academia-electronica.net\/index.php?rest_route=\/wp\/v2\/pages\/1115"}],"collection":[{"href":"https:\/\/www.academia-electronica.net\/index.php?rest_route=\/wp\/v2\/pages"}],"about":[{"href":"https:\/\/www.academia-electronica.net\/index.php?rest_route=\/wp\/v2\/types\/page"}],"author":[{"embeddable":true,"href":"https:\/\/www.academia-electronica.net\/index.php?rest_route=\/wp\/v2\/users\/3"}],"replies":[{"embeddable":true,"href":"https:\/\/www.academia-electronica.net\/index.php?rest_route=%2Fwp%2Fv2%2Fcomments&post=1115"}],"version-history":[{"count":11,"href":"https:\/\/www.academia-electronica.net\/index.php?rest_route=\/wp\/v2\/pages\/1115\/revisions"}],"predecessor-version":[{"id":1167,"href":"https:\/\/www.academia-electronica.net\/index.php?rest_route=\/wp\/v2\/pages\/1115\/revisions\/1167"}],"wp:attachment":[{"href":"https:\/\/www.academia-electronica.net\/index.php?rest_route=%2Fwp%2Fv2%2Fmedia&parent=1115"}],"curies":[{"name":"wp","href":"https:\/\/api.w.org\/{rel}","templated":true}]}}