{"id":1138,"date":"2023-07-16T02:33:37","date_gmt":"2023-07-16T02:33:37","guid":{"rendered":"https:\/\/www.academia-electronica.net\/?page_id=1138"},"modified":"2023-09-06T09:17:08","modified_gmt":"2023-09-06T09:17:08","slug":"wystapienia-seminaryjne","status":"publish","type":"page","link":"https:\/\/www.academia-electronica.net\/?page_id=1138","title":{"rendered":"Wyst\u0105pienia seminaryjne"},"content":{"rendered":"<table style=\"border-collapse: collapse; width: 100%; height: 228px;\">\n<tbody>\n<tr style=\"height: 117px;\">\n<td style=\"width: 21.476%; height: 117px;\"><a href=\"http:\/\/www.academia-electronica.net\/wp-content\/uploads\/2023\/08\/Aleks-Scimitar-Czy-sztuczna-inteligencja-zastapi-psychoterapeutow-plakat-2023.png\"><img loading=\"lazy\" class=\"alignnone wp-image-1214 size-medium\" src=\"http:\/\/www.academia-electronica.net\/wp-content\/uploads\/2023\/08\/Aleks-Scimitar-Czy-sztuczna-inteligencja-zastapi-psychoterapeutow-plakat-2023-300x168.png\" alt=\"\" width=\"300\" height=\"168\" srcset=\"https:\/\/www.academia-electronica.net\/wp-content\/uploads\/2023\/08\/Aleks-Scimitar-Czy-sztuczna-inteligencja-zastapi-psychoterapeutow-plakat-2023-300x168.png 300w, https:\/\/www.academia-electronica.net\/wp-content\/uploads\/2023\/08\/Aleks-Scimitar-Czy-sztuczna-inteligencja-zastapi-psychoterapeutow-plakat-2023-1024x575.png 1024w, https:\/\/www.academia-electronica.net\/wp-content\/uploads\/2023\/08\/Aleks-Scimitar-Czy-sztuczna-inteligencja-zastapi-psychoterapeutow-plakat-2023-768x431.png 768w, https:\/\/www.academia-electronica.net\/wp-content\/uploads\/2023\/08\/Aleks-Scimitar-Czy-sztuczna-inteligencja-zastapi-psychoterapeutow-plakat-2023-1536x862.png 1536w, https:\/\/www.academia-electronica.net\/wp-content\/uploads\/2023\/08\/Aleks-Scimitar-Czy-sztuczna-inteligencja-zastapi-psychoterapeutow-plakat-2023.png 1768w\" sizes=\"(max-width: 300px) 100vw, 300px\" \/><\/a><\/td>\n<td style=\"width: 78.5241%; height: 117px;\">\n<p style=\"text-align: center;\"><em><a href=\"https:\/\/www.academia-electronica.net\/?page_id=1217\" target=\"_blank\" rel=\"noopener\">Czy Sztuczna Inteligencja zast\u0105pi psychoterapeut\u00f3w?<\/a><br \/>\n<\/em><\/p>\n<p style=\"text-align: center;\">Aleksandr Bu\u0142at (RL) | Aleks Scimitar (VR)<\/p>\n<p style=\"text-align: center;\">31.03.2023<\/p>\n<\/td>\n<\/tr>\n<tr style=\"height: 111px;\">\n<td style=\"width: 21.476%; height: 111px;\"><a href=\"http:\/\/www.academia-electronica.net\/wp-content\/uploads\/2023\/08\/Aleks-Scimitar-Filozofia-Sideic-Academia-Electronica-2023-1.jpg\"><img loading=\"lazy\" class=\"alignnone wp-image-1170 size-medium\" src=\"http:\/\/www.academia-electronica.net\/wp-content\/uploads\/2023\/08\/Aleks-Scimitar-Filozofia-Sideic-Academia-Electronica-2023-1-300x169.jpg\" alt=\"\" width=\"300\" height=\"169\" srcset=\"https:\/\/www.academia-electronica.net\/wp-content\/uploads\/2023\/08\/Aleks-Scimitar-Filozofia-Sideic-Academia-Electronica-2023-1-300x169.jpg 300w, https:\/\/www.academia-electronica.net\/wp-content\/uploads\/2023\/08\/Aleks-Scimitar-Filozofia-Sideic-Academia-Electronica-2023-1-1024x576.jpg 1024w, https:\/\/www.academia-electronica.net\/wp-content\/uploads\/2023\/08\/Aleks-Scimitar-Filozofia-Sideic-Academia-Electronica-2023-1-768x432.jpg 768w, https:\/\/www.academia-electronica.net\/wp-content\/uploads\/2023\/08\/Aleks-Scimitar-Filozofia-Sideic-Academia-Electronica-2023-1-1536x864.jpg 1536w, https:\/\/www.academia-electronica.net\/wp-content\/uploads\/2023\/08\/Aleks-Scimitar-Filozofia-Sideic-Academia-Electronica-2023-1.jpg 1920w\" sizes=\"(max-width: 300px) 100vw, 300px\" \/><\/a><\/td>\n<td style=\"width: 78.5241%; height: 111px;\">\n<p style=\"text-align: center;\"><a href=\"https:\/\/www.academia-electronica.net\/?page_id=1177\" target=\"_blank\" rel=\"noopener\"><em>Cyborgizacja.<\/em><\/a><br \/>\n<a href=\"https:\/\/www.academia-electronica.net\/?page_id=1177\" target=\"_blank\" rel=\"noopener\"><em>Psychologiczne konsekwencje cyborgizacji. Nowe choroby psychiczne na podstawie DMS-5<\/em><\/a><\/p>\n<p style=\"text-align: center;\">Aleksandr Bu\u0142at (RL) | Aleks Scimitar (VR)<\/p>\n<p style=\"text-align: center;\">15.03.2023<\/p>\n<\/td>\n<\/tr>\n<\/tbody>\n<\/table>\n<p>&nbsp;<\/p>\n","protected":false},"excerpt":{"rendered":"<p>Czy Sztuczna Inteligencja zast\u0105pi psychoterapeut\u00f3w? Aleksandr Bu\u0142at (RL) | Aleks Scimitar (VR) 31.03.2023 Cyborgizacja. Psychologiczne konsekwencje cyborgizacji. Nowe choroby psychiczne na podstawie DMS-5 Aleksandr Bu\u0142at (RL) | Aleks Scimitar (VR) 15.03.2023 &nbsp;<\/p>\n","protected":false},"author":3,"featured_media":0,"parent":0,"menu_order":0,"comment_status":"closed","ping_status":"closed","template":"","meta":[],"_links":{"self":[{"href":"https:\/\/www.academia-electronica.net\/index.php?rest_route=\/wp\/v2\/pages\/1138"}],"collection":[{"href":"https:\/\/www.academia-electronica.net\/index.php?rest_route=\/wp\/v2\/pages"}],"about":[{"href":"https:\/\/www.academia-electronica.net\/index.php?rest_route=\/wp\/v2\/types\/page"}],"author":[{"embeddable":true,"href":"https:\/\/www.academia-electronica.net\/index.php?rest_route=\/wp\/v2\/users\/3"}],"replies":[{"embeddable":true,"href":"https:\/\/www.academia-electronica.net\/index.php?rest_route=%2Fwp%2Fv2%2Fcomments&post=1138"}],"version-history":[{"count":17,"href":"https:\/\/www.academia-electronica.net\/index.php?rest_route=\/wp\/v2\/pages\/1138\/revisions"}],"predecessor-version":[{"id":1288,"href":"https:\/\/www.academia-electronica.net\/index.php?rest_route=\/wp\/v2\/pages\/1138\/revisions\/1288"}],"wp:attachment":[{"href":"https:\/\/www.academia-electronica.net\/index.php?rest_route=%2Fwp%2Fv2%2Fmedia&parent=1138"}],"curies":[{"name":"wp","href":"https:\/\/api.w.org\/{rel}","templated":true}]}}