{"id":1177,"date":"2023-08-29T13:27:15","date_gmt":"2023-08-29T13:27:15","guid":{"rendered":"https:\/\/www.academia-electronica.net\/?page_id=1177"},"modified":"2023-09-06T09:17:53","modified_gmt":"2023-09-06T09:17:53","slug":"aleksandr-bulat-rl-aleks-scimitar-cyborgizacja-psychologiczne-konsekwencje-cyborgizacji-nowe-choroby-psychiczne-na-podstawie-dms-5","status":"publish","type":"page","link":"https:\/\/www.academia-electronica.net\/?page_id=1177","title":{"rendered":"Aleksandr Bu\u0142at (RL) | Aleks Scimitar (VR) &#8211; Cyborgizacja. Psychologiczne konsekwencje cyborgizacji. Nowe choroby psychiczne na podstawie DMS-5"},"content":{"rendered":"<table style=\"width: 100%; height: 292px;\">\n<tbody>\n<tr style=\"height: 24px;\">\n<td style=\"width: 24.8387%; height: 24px;\">Wyst\u0105pienia seminaryjne<\/td>\n<td style=\"width: 74.8387%; height: 24px;\">Seminarium Futurologiczne<\/td>\n<\/tr>\n<tr style=\"height: 129px;\">\n<td style=\"text-align: center; width: 24.8387%; height: 105px;\"><a href=\"http:\/\/www.academia-electronica.net\/wp-content\/uploads\/2023\/08\/Aleks-Scimitar-Filozofia-Sideic-Academia-Electronica-2023-1.jpg\"><img loading=\"lazy\" class=\"alignnone wp-image-1170 size-medium\" src=\"http:\/\/www.academia-electronica.net\/wp-content\/uploads\/2023\/08\/Aleks-Scimitar-Filozofia-Sideic-Academia-Electronica-2023-1-300x169.jpg\" alt=\"\" width=\"300\" height=\"169\" srcset=\"https:\/\/www.academia-electronica.net\/wp-content\/uploads\/2023\/08\/Aleks-Scimitar-Filozofia-Sideic-Academia-Electronica-2023-1-300x169.jpg 300w, https:\/\/www.academia-electronica.net\/wp-content\/uploads\/2023\/08\/Aleks-Scimitar-Filozofia-Sideic-Academia-Electronica-2023-1-1024x576.jpg 1024w, https:\/\/www.academia-electronica.net\/wp-content\/uploads\/2023\/08\/Aleks-Scimitar-Filozofia-Sideic-Academia-Electronica-2023-1-768x432.jpg 768w, https:\/\/www.academia-electronica.net\/wp-content\/uploads\/2023\/08\/Aleks-Scimitar-Filozofia-Sideic-Academia-Electronica-2023-1-1536x864.jpg 1536w, https:\/\/www.academia-electronica.net\/wp-content\/uploads\/2023\/08\/Aleks-Scimitar-Filozofia-Sideic-Academia-Electronica-2023-1.jpg 1920w\" sizes=\"(max-width: 300px) 100vw, 300px\" \/><\/a><\/td>\n<td style=\"width: 74.8387%; height: 105px;\"><\/td>\n<\/tr>\n<tr style=\"height: 24px;\">\n<td style=\"width: 24.8387%; height: 24px;\">Organizator:<\/td>\n<td style=\"width: 74.8387%; height: 24px;\">Academia Electronica<\/td>\n<\/tr>\n<tr style=\"height: 24px;\">\n<td style=\"width: 24.8387%; height: 24px;\">Termin\/miejsce:<\/td>\n<td style=\"width: 74.8387%; height: 24px;\">15.03.2023 &#8211; Academia Electronica w Spatial, aula Academia Agora<\/td>\n<\/tr>\n<tr style=\"height: 48px;\">\n<td style=\"width: 24.8387%; height: 22px;\">Prelegent:<\/td>\n<td style=\"width: 74.8387%; height: 22px;\">Aleksandra Bu\u0142at (RL) | Aleks Scimitar (VR) &#8211; studentka kognitywistyki Uniwersytetu Jagiello\u0144skiego<\/td>\n<\/tr>\n<tr style=\"height: 24px;\">\n<td style=\"width: 24.8387%; height: 24px;\">Tytu\u0142 wyst\u0105pienia:<\/td>\n<td style=\"width: 74.8387%; height: 24px; text-align: justify;\"><i><i>Cyborgizacja. Psychologiczne konsekwencje cyborgizacji. Nowe choroby psychiczne na podstawie DMS-5.<br \/>\n<\/i><\/i><\/td>\n<\/tr>\n<tr style=\"height: 31px;\">\n<td style=\"width: 24.8387%; height: 21px;\">Film:<\/td>\n<td style=\"width: 74.8387%; height: 21px; text-align: center;\"><\/td>\n<\/tr>\n<tr>\n<td style=\"width: 24.8387%;\">Nagranie audio:<\/td>\n<td style=\"width: 74.8387%; text-align: justify;\"><\/td>\n<\/tr>\n<tr style=\"height: 24px;\">\n<td style=\"width: 24.8387%; height: 24px;\">Linki:<\/td>\n<td style=\"width: 74.8387%; text-align: justify; height: 24px;\"><\/td>\n<\/tr>\n<tr style=\"height: 24px;\">\n<td style=\"width: 24.8387%; height: 24px;\">Prezentacja:<\/td>\n<td style=\"width: 74.8387%; text-align: center; height: 24px;\">\n\t\t<style type=\"text\/css\">\n\t\t\t#gallery-1 {\n\t\t\t\tmargin: auto;\n\t\t\t}\n\t\t\t#gallery-1 .gallery-item {\n\t\t\t\tfloat: left;\n\t\t\t\tmargin-top: 10px;\n\t\t\t\ttext-align: center;\n\t\t\t\twidth: 20%;\n\t\t\t}\n\t\t\t#gallery-1 img {\n\t\t\t\tborder: 2px solid #cfcfcf;\n\t\t\t}\n\t\t\t#gallery-1 .gallery-caption {\n\t\t\t\tmargin-left: 0;\n\t\t\t}\n\t\t\t\/* see gallery_shortcode() in wp-includes\/media.php *\/\n\t\t<\/style>\n\t\t<div id='gallery-1' class='gallery galleryid-1177 gallery-columns-5 gallery-size-thumbnail'><dl class='gallery-item'>\n\t\t\t<dt class='gallery-icon landscape'>\n\t\t\t\t<a href='https:\/\/www.academia-electronica.net\/?attachment_id=1185'><img width=\"150\" height=\"150\" src=\"https:\/\/www.academia-electronica.net\/wp-content\/uploads\/2023\/08\/Aleks-Scimitar-Filozofia-Sideic-Academia-Electronica-2023-4-150x150.jpg\" class=\"attachment-thumbnail size-thumbnail\" alt=\"\" loading=\"lazy\" srcset=\"https:\/\/www.academia-electronica.net\/wp-content\/uploads\/2023\/08\/Aleks-Scimitar-Filozofia-Sideic-Academia-Electronica-2023-4-150x150.jpg 150w, https:\/\/www.academia-electronica.net\/wp-content\/uploads\/2023\/08\/Aleks-Scimitar-Filozofia-Sideic-Academia-Electronica-2023-4-230x230.jpg 230w\" sizes=\"(max-width: 150px) 100vw, 150px\" \/><\/a>\n\t\t\t<\/dt><\/dl><dl class='gallery-item'>\n\t\t\t<dt class='gallery-icon landscape'>\n\t\t\t\t<a href='https:\/\/www.academia-electronica.net\/?attachment_id=1186'><img width=\"150\" height=\"150\" src=\"https:\/\/www.academia-electronica.net\/wp-content\/uploads\/2023\/08\/Aleks-Scimitar-Filozofia-Sideic-Academia-Electronica-2023-5-150x150.jpg\" class=\"attachment-thumbnail size-thumbnail\" alt=\"\" loading=\"lazy\" srcset=\"https:\/\/www.academia-electronica.net\/wp-content\/uploads\/2023\/08\/Aleks-Scimitar-Filozofia-Sideic-Academia-Electronica-2023-5-150x150.jpg 150w, https:\/\/www.academia-electronica.net\/wp-content\/uploads\/2023\/08\/Aleks-Scimitar-Filozofia-Sideic-Academia-Electronica-2023-5-230x230.jpg 230w\" sizes=\"(max-width: 150px) 100vw, 150px\" \/><\/a>\n\t\t\t<\/dt><\/dl><dl class='gallery-item'>\n\t\t\t<dt class='gallery-icon landscape'>\n\t\t\t\t<a href='https:\/\/www.academia-electronica.net\/?attachment_id=1187'><img width=\"150\" height=\"150\" src=\"https:\/\/www.academia-electronica.net\/wp-content\/uploads\/2023\/08\/Aleks-Scimitar-Filozofia-Sideic-Academia-Electronica-2023-6-150x150.jpg\" class=\"attachment-thumbnail size-thumbnail\" alt=\"\" loading=\"lazy\" srcset=\"https:\/\/www.academia-electronica.net\/wp-content\/uploads\/2023\/08\/Aleks-Scimitar-Filozofia-Sideic-Academia-Electronica-2023-6-150x150.jpg 150w, https:\/\/www.academia-electronica.net\/wp-content\/uploads\/2023\/08\/Aleks-Scimitar-Filozofia-Sideic-Academia-Electronica-2023-6-230x230.jpg 230w\" sizes=\"(max-width: 150px) 100vw, 150px\" \/><\/a>\n\t\t\t<\/dt><\/dl><dl class='gallery-item'>\n\t\t\t<dt class='gallery-icon landscape'>\n\t\t\t\t<a href='https:\/\/www.academia-electronica.net\/?attachment_id=1188'><img width=\"150\" height=\"150\" src=\"https:\/\/www.academia-electronica.net\/wp-content\/uploads\/2023\/08\/Aleks-Scimitar-Filozofia-Sideic-Academia-Electronica-2023-7-150x150.jpg\" class=\"attachment-thumbnail size-thumbnail\" alt=\"\" loading=\"lazy\" srcset=\"https:\/\/www.academia-electronica.net\/wp-content\/uploads\/2023\/08\/Aleks-Scimitar-Filozofia-Sideic-Academia-Electronica-2023-7-150x150.jpg 150w, https:\/\/www.academia-electronica.net\/wp-content\/uploads\/2023\/08\/Aleks-Scimitar-Filozofia-Sideic-Academia-Electronica-2023-7-230x230.jpg 230w\" sizes=\"(max-width: 150px) 100vw, 150px\" \/><\/a>\n\t\t\t<\/dt><\/dl><dl class='gallery-item'>\n\t\t\t<dt class='gallery-icon landscape'>\n\t\t\t\t<a href='https:\/\/www.academia-electronica.net\/?attachment_id=1189'><img width=\"150\" height=\"150\" src=\"https:\/\/www.academia-electronica.net\/wp-content\/uploads\/2023\/08\/Aleks-Scimitar-Filozofia-Sideic-Academia-Electronica-2023-8-150x150.jpg\" class=\"attachment-thumbnail size-thumbnail\" alt=\"\" loading=\"lazy\" srcset=\"https:\/\/www.academia-electronica.net\/wp-content\/uploads\/2023\/08\/Aleks-Scimitar-Filozofia-Sideic-Academia-Electronica-2023-8-150x150.jpg 150w, https:\/\/www.academia-electronica.net\/wp-content\/uploads\/2023\/08\/Aleks-Scimitar-Filozofia-Sideic-Academia-Electronica-2023-8-230x230.jpg 230w\" sizes=\"(max-width: 150px) 100vw, 150px\" \/><\/a>\n\t\t\t<\/dt><\/dl><br style=\"clear: both\" \/><dl class='gallery-item'>\n\t\t\t<dt class='gallery-icon landscape'>\n\t\t\t\t<a href='https:\/\/www.academia-electronica.net\/?attachment_id=1190'><img width=\"150\" height=\"150\" src=\"https:\/\/www.academia-electronica.net\/wp-content\/uploads\/2023\/08\/Aleks-Scimitar-Filozofia-Sideic-Academia-Electronica-2023-9-150x150.jpg\" class=\"attachment-thumbnail size-thumbnail\" alt=\"\" loading=\"lazy\" srcset=\"https:\/\/www.academia-electronica.net\/wp-content\/uploads\/2023\/08\/Aleks-Scimitar-Filozofia-Sideic-Academia-Electronica-2023-9-150x150.jpg 150w, https:\/\/www.academia-electronica.net\/wp-content\/uploads\/2023\/08\/Aleks-Scimitar-Filozofia-Sideic-Academia-Electronica-2023-9-230x230.jpg 230w\" sizes=\"(max-width: 150px) 100vw, 150px\" \/><\/a>\n\t\t\t<\/dt><\/dl><dl class='gallery-item'>\n\t\t\t<dt class='gallery-icon landscape'>\n\t\t\t\t<a href='https:\/\/www.academia-electronica.net\/?attachment_id=1191'><img width=\"150\" height=\"150\" src=\"https:\/\/www.academia-electronica.net\/wp-content\/uploads\/2023\/08\/Aleks-Scimitar-Filozofia-Sideic-Academia-Electronica-2023-10-150x150.jpg\" class=\"attachment-thumbnail size-thumbnail\" alt=\"\" loading=\"lazy\" srcset=\"https:\/\/www.academia-electronica.net\/wp-content\/uploads\/2023\/08\/Aleks-Scimitar-Filozofia-Sideic-Academia-Electronica-2023-10-150x150.jpg 150w, https:\/\/www.academia-electronica.net\/wp-content\/uploads\/2023\/08\/Aleks-Scimitar-Filozofia-Sideic-Academia-Electronica-2023-10-230x230.jpg 230w\" sizes=\"(max-width: 150px) 100vw, 150px\" \/><\/a>\n\t\t\t<\/dt><\/dl><dl class='gallery-item'>\n\t\t\t<dt class='gallery-icon landscape'>\n\t\t\t\t<a href='https:\/\/www.academia-electronica.net\/?attachment_id=1192'><img width=\"150\" height=\"150\" src=\"https:\/\/www.academia-electronica.net\/wp-content\/uploads\/2023\/08\/Aleks-Scimitar-Filozofia-Sideic-Academia-Electronica-2023-11-150x150.jpg\" class=\"attachment-thumbnail size-thumbnail\" alt=\"\" loading=\"lazy\" srcset=\"https:\/\/www.academia-electronica.net\/wp-content\/uploads\/2023\/08\/Aleks-Scimitar-Filozofia-Sideic-Academia-Electronica-2023-11-150x150.jpg 150w, https:\/\/www.academia-electronica.net\/wp-content\/uploads\/2023\/08\/Aleks-Scimitar-Filozofia-Sideic-Academia-Electronica-2023-11-230x230.jpg 230w\" sizes=\"(max-width: 150px) 100vw, 150px\" \/><\/a>\n\t\t\t<\/dt><\/dl><dl class='gallery-item'>\n\t\t\t<dt class='gallery-icon landscape'>\n\t\t\t\t<a href='https:\/\/www.academia-electronica.net\/?attachment_id=1193'><img width=\"150\" height=\"150\" src=\"https:\/\/www.academia-electronica.net\/wp-content\/uploads\/2023\/08\/Aleks-Scimitar-Filozofia-Sideic-Academia-Electronica-2023-12-150x150.jpg\" class=\"attachment-thumbnail size-thumbnail\" alt=\"\" loading=\"lazy\" srcset=\"https:\/\/www.academia-electronica.net\/wp-content\/uploads\/2023\/08\/Aleks-Scimitar-Filozofia-Sideic-Academia-Electronica-2023-12-150x150.jpg 150w, https:\/\/www.academia-electronica.net\/wp-content\/uploads\/2023\/08\/Aleks-Scimitar-Filozofia-Sideic-Academia-Electronica-2023-12-230x230.jpg 230w\" sizes=\"(max-width: 150px) 100vw, 150px\" \/><\/a>\n\t\t\t<\/dt><\/dl><dl class='gallery-item'>\n\t\t\t<dt class='gallery-icon landscape'>\n\t\t\t\t<a href='https:\/\/www.academia-electronica.net\/?attachment_id=1194'><img width=\"150\" height=\"150\" src=\"https:\/\/www.academia-electronica.net\/wp-content\/uploads\/2023\/08\/Aleks-Scimitar-Filozofia-Sideic-Academia-Electronica-2023-13-150x150.jpg\" class=\"attachment-thumbnail size-thumbnail\" alt=\"\" loading=\"lazy\" srcset=\"https:\/\/www.academia-electronica.net\/wp-content\/uploads\/2023\/08\/Aleks-Scimitar-Filozofia-Sideic-Academia-Electronica-2023-13-150x150.jpg 150w, https:\/\/www.academia-electronica.net\/wp-content\/uploads\/2023\/08\/Aleks-Scimitar-Filozofia-Sideic-Academia-Electronica-2023-13-230x230.jpg 230w\" sizes=\"(max-width: 150px) 100vw, 150px\" \/><\/a>\n\t\t\t<\/dt><\/dl><br style=\"clear: both\" \/><dl class='gallery-item'>\n\t\t\t<dt class='gallery-icon landscape'>\n\t\t\t\t<a href='https:\/\/www.academia-electronica.net\/?attachment_id=1195'><img width=\"150\" height=\"150\" src=\"https:\/\/www.academia-electronica.net\/wp-content\/uploads\/2023\/08\/Aleks-Scimitar-Filozofia-Sideic-Academia-Electronica-2023-14-150x150.jpg\" class=\"attachment-thumbnail size-thumbnail\" alt=\"\" loading=\"lazy\" srcset=\"https:\/\/www.academia-electronica.net\/wp-content\/uploads\/2023\/08\/Aleks-Scimitar-Filozofia-Sideic-Academia-Electronica-2023-14-150x150.jpg 150w, https:\/\/www.academia-electronica.net\/wp-content\/uploads\/2023\/08\/Aleks-Scimitar-Filozofia-Sideic-Academia-Electronica-2023-14-230x230.jpg 230w\" sizes=\"(max-width: 150px) 100vw, 150px\" \/><\/a>\n\t\t\t<\/dt><\/dl><dl class='gallery-item'>\n\t\t\t<dt class='gallery-icon landscape'>\n\t\t\t\t<a href='https:\/\/www.academia-electronica.net\/?attachment_id=1196'><img width=\"150\" height=\"150\" src=\"https:\/\/www.academia-electronica.net\/wp-content\/uploads\/2023\/08\/Aleks-Scimitar-Filozofia-Sideic-Academia-Electronica-2023-15-150x150.jpg\" class=\"attachment-thumbnail size-thumbnail\" alt=\"\" loading=\"lazy\" srcset=\"https:\/\/www.academia-electronica.net\/wp-content\/uploads\/2023\/08\/Aleks-Scimitar-Filozofia-Sideic-Academia-Electronica-2023-15-150x150.jpg 150w, https:\/\/www.academia-electronica.net\/wp-content\/uploads\/2023\/08\/Aleks-Scimitar-Filozofia-Sideic-Academia-Electronica-2023-15-230x230.jpg 230w\" sizes=\"(max-width: 150px) 100vw, 150px\" \/><\/a>\n\t\t\t<\/dt><\/dl><dl class='gallery-item'>\n\t\t\t<dt class='gallery-icon landscape'>\n\t\t\t\t<a href='https:\/\/www.academia-electronica.net\/?attachment_id=1197'><img width=\"150\" height=\"150\" src=\"https:\/\/www.academia-electronica.net\/wp-content\/uploads\/2023\/08\/Aleks-Scimitar-Filozofia-Sideic-Academia-Electronica-2023-16-150x150.jpg\" class=\"attachment-thumbnail size-thumbnail\" alt=\"\" loading=\"lazy\" srcset=\"https:\/\/www.academia-electronica.net\/wp-content\/uploads\/2023\/08\/Aleks-Scimitar-Filozofia-Sideic-Academia-Electronica-2023-16-150x150.jpg 150w, https:\/\/www.academia-electronica.net\/wp-content\/uploads\/2023\/08\/Aleks-Scimitar-Filozofia-Sideic-Academia-Electronica-2023-16-230x230.jpg 230w\" sizes=\"(max-width: 150px) 100vw, 150px\" \/><\/a>\n\t\t\t<\/dt><\/dl><dl class='gallery-item'>\n\t\t\t<dt class='gallery-icon landscape'>\n\t\t\t\t<a href='https:\/\/www.academia-electronica.net\/?attachment_id=1198'><img width=\"150\" height=\"150\" src=\"https:\/\/www.academia-electronica.net\/wp-content\/uploads\/2023\/08\/Aleks-Scimitar-Filozofia-Sideic-Academia-Electronica-2023-17-150x150.jpg\" class=\"attachment-thumbnail size-thumbnail\" alt=\"\" loading=\"lazy\" srcset=\"https:\/\/www.academia-electronica.net\/wp-content\/uploads\/2023\/08\/Aleks-Scimitar-Filozofia-Sideic-Academia-Electronica-2023-17-150x150.jpg 150w, https:\/\/www.academia-electronica.net\/wp-content\/uploads\/2023\/08\/Aleks-Scimitar-Filozofia-Sideic-Academia-Electronica-2023-17-230x230.jpg 230w\" sizes=\"(max-width: 150px) 100vw, 150px\" \/><\/a>\n\t\t\t<\/dt><\/dl><dl class='gallery-item'>\n\t\t\t<dt class='gallery-icon landscape'>\n\t\t\t\t<a href='https:\/\/www.academia-electronica.net\/?attachment_id=1199'><img width=\"150\" height=\"150\" src=\"https:\/\/www.academia-electronica.net\/wp-content\/uploads\/2023\/08\/Aleks-Scimitar-Filozofia-Sideic-Academia-Electronica-2023-18-150x150.jpg\" class=\"attachment-thumbnail size-thumbnail\" alt=\"\" loading=\"lazy\" srcset=\"https:\/\/www.academia-electronica.net\/wp-content\/uploads\/2023\/08\/Aleks-Scimitar-Filozofia-Sideic-Academia-Electronica-2023-18-150x150.jpg 150w, https:\/\/www.academia-electronica.net\/wp-content\/uploads\/2023\/08\/Aleks-Scimitar-Filozofia-Sideic-Academia-Electronica-2023-18-230x230.jpg 230w\" sizes=\"(max-width: 150px) 100vw, 150px\" \/><\/a>\n\t\t\t<\/dt><\/dl><br style=\"clear: both\" \/><dl class='gallery-item'>\n\t\t\t<dt class='gallery-icon landscape'>\n\t\t\t\t<a href='https:\/\/www.academia-electronica.net\/?attachment_id=1200'><img width=\"150\" height=\"150\" src=\"https:\/\/www.academia-electronica.net\/wp-content\/uploads\/2023\/08\/Aleks-Scimitar-Filozofia-Sideic-Academia-Electronica-2023-19-150x150.jpg\" class=\"attachment-thumbnail size-thumbnail\" alt=\"\" loading=\"lazy\" srcset=\"https:\/\/www.academia-electronica.net\/wp-content\/uploads\/2023\/08\/Aleks-Scimitar-Filozofia-Sideic-Academia-Electronica-2023-19-150x150.jpg 150w, https:\/\/www.academia-electronica.net\/wp-content\/uploads\/2023\/08\/Aleks-Scimitar-Filozofia-Sideic-Academia-Electronica-2023-19-230x230.jpg 230w\" sizes=\"(max-width: 150px) 100vw, 150px\" \/><\/a>\n\t\t\t<\/dt><\/dl><dl class='gallery-item'>\n\t\t\t<dt class='gallery-icon landscape'>\n\t\t\t\t<a href='https:\/\/www.academia-electronica.net\/?attachment_id=1201'><img width=\"150\" height=\"150\" src=\"https:\/\/www.academia-electronica.net\/wp-content\/uploads\/2023\/08\/Aleks-Scimitar-Filozofia-Sideic-Academia-Electronica-2023-20-150x150.jpg\" class=\"attachment-thumbnail size-thumbnail\" alt=\"\" loading=\"lazy\" srcset=\"https:\/\/www.academia-electronica.net\/wp-content\/uploads\/2023\/08\/Aleks-Scimitar-Filozofia-Sideic-Academia-Electronica-2023-20-150x150.jpg 150w, https:\/\/www.academia-electronica.net\/wp-content\/uploads\/2023\/08\/Aleks-Scimitar-Filozofia-Sideic-Academia-Electronica-2023-20-230x230.jpg 230w\" sizes=\"(max-width: 150px) 100vw, 150px\" \/><\/a>\n\t\t\t<\/dt><\/dl><dl class='gallery-item'>\n\t\t\t<dt class='gallery-icon landscape'>\n\t\t\t\t<a href='https:\/\/www.academia-electronica.net\/?attachment_id=1202'><img width=\"150\" height=\"150\" src=\"https:\/\/www.academia-electronica.net\/wp-content\/uploads\/2023\/08\/Aleks-Scimitar-Filozofia-Sideic-Academia-Electronica-2023-21-150x150.jpg\" class=\"attachment-thumbnail size-thumbnail\" alt=\"\" loading=\"lazy\" srcset=\"https:\/\/www.academia-electronica.net\/wp-content\/uploads\/2023\/08\/Aleks-Scimitar-Filozofia-Sideic-Academia-Electronica-2023-21-150x150.jpg 150w, https:\/\/www.academia-electronica.net\/wp-content\/uploads\/2023\/08\/Aleks-Scimitar-Filozofia-Sideic-Academia-Electronica-2023-21-230x230.jpg 230w\" sizes=\"(max-width: 150px) 100vw, 150px\" \/><\/a>\n\t\t\t<\/dt><\/dl><dl class='gallery-item'>\n\t\t\t<dt class='gallery-icon landscape'>\n\t\t\t\t<a href='https:\/\/www.academia-electronica.net\/?attachment_id=1203'><img width=\"150\" height=\"150\" src=\"https:\/\/www.academia-electronica.net\/wp-content\/uploads\/2023\/08\/Aleks-Scimitar-Filozofia-Sideic-Academia-Electronica-2023-22-150x150.jpg\" class=\"attachment-thumbnail size-thumbnail\" alt=\"\" loading=\"lazy\" srcset=\"https:\/\/www.academia-electronica.net\/wp-content\/uploads\/2023\/08\/Aleks-Scimitar-Filozofia-Sideic-Academia-Electronica-2023-22-150x150.jpg 150w, https:\/\/www.academia-electronica.net\/wp-content\/uploads\/2023\/08\/Aleks-Scimitar-Filozofia-Sideic-Academia-Electronica-2023-22-230x230.jpg 230w\" sizes=\"(max-width: 150px) 100vw, 150px\" \/><\/a>\n\t\t\t<\/dt><\/dl><dl class='gallery-item'>\n\t\t\t<dt class='gallery-icon landscape'>\n\t\t\t\t<a href='https:\/\/www.academia-electronica.net\/?attachment_id=1204'><img width=\"150\" height=\"150\" src=\"https:\/\/www.academia-electronica.net\/wp-content\/uploads\/2023\/08\/Aleks-Scimitar-Filozofia-Sideic-Academia-Electronica-2023-23-150x150.jpg\" class=\"attachment-thumbnail size-thumbnail\" alt=\"\" loading=\"lazy\" srcset=\"https:\/\/www.academia-electronica.net\/wp-content\/uploads\/2023\/08\/Aleks-Scimitar-Filozofia-Sideic-Academia-Electronica-2023-23-150x150.jpg 150w, https:\/\/www.academia-electronica.net\/wp-content\/uploads\/2023\/08\/Aleks-Scimitar-Filozofia-Sideic-Academia-Electronica-2023-23-230x230.jpg 230w\" sizes=\"(max-width: 150px) 100vw, 150px\" \/><\/a>\n\t\t\t<\/dt><\/dl><br style=\"clear: both\" \/>\n\t\t<\/div>\n<\/td>\n<\/tr>\n<tr>\n<td style=\"width: 24.8387%;\">Zdj\u0119cia:<\/td>\n<td style=\"width: 74.8387%; text-align: center;\"><\/td>\n<\/tr>\n<\/tbody>\n<\/table>\n<p><a href=\"https:\/\/www.academia-electronica.net\/?page_id=379\">Powr\u00f3t<\/a><\/p>\n","protected":false},"excerpt":{"rendered":"<p>Wyst\u0105pienia seminaryjne Seminarium Futurologiczne Organizator: Academia Electronica Termin\/miejsce: 15.03.2023 &#8211; Academia Electronica w Spatial, aula Academia Agora Prelegent: Aleksandra Bu\u0142at (RL) | Aleks Scimitar (VR) &#8211; studentka kognitywistyki Uniwersytetu Jagiello\u0144skiego Tytu\u0142 wyst\u0105pienia: Cyborgizacja. Psychologiczne konsekwencje cyborgizacji. Nowe choroby psychiczne na&hellip; <\/p>\n","protected":false},"author":3,"featured_media":0,"parent":0,"menu_order":0,"comment_status":"closed","ping_status":"closed","template":"","meta":[],"_links":{"self":[{"href":"https:\/\/www.academia-electronica.net\/index.php?rest_route=\/wp\/v2\/pages\/1177"}],"collection":[{"href":"https:\/\/www.academia-electronica.net\/index.php?rest_route=\/wp\/v2\/pages"}],"about":[{"href":"https:\/\/www.academia-electronica.net\/index.php?rest_route=\/wp\/v2\/types\/page"}],"author":[{"embeddable":true,"href":"https:\/\/www.academia-electronica.net\/index.php?rest_route=\/wp\/v2\/users\/3"}],"replies":[{"embeddable":true,"href":"https:\/\/www.academia-electronica.net\/index.php?rest_route=%2Fwp%2Fv2%2Fcomments&post=1177"}],"version-history":[{"count":9,"href":"https:\/\/www.academia-electronica.net\/index.php?rest_route=\/wp\/v2\/pages\/1177\/revisions"}],"predecessor-version":[{"id":1289,"href":"https:\/\/www.academia-electronica.net\/index.php?rest_route=\/wp\/v2\/pages\/1177\/revisions\/1289"}],"wp:attachment":[{"href":"https:\/\/www.academia-electronica.net\/index.php?rest_route=%2Fwp%2Fv2%2Fmedia&parent=1177"}],"curies":[{"name":"wp","href":"https:\/\/api.w.org\/{rel}","templated":true}]}}