{"id":1217,"date":"2023-08-29T14:54:15","date_gmt":"2023-08-29T14:54:15","guid":{"rendered":"https:\/\/www.academia-electronica.net\/?page_id=1217"},"modified":"2023-09-06T09:18:23","modified_gmt":"2023-09-06T09:18:23","slug":"aleksandr-bulat-rl-aleks-scimitar-czy-sztuczna-inteligencja-zastapi-psychoterapeutow","status":"publish","type":"page","link":"https:\/\/www.academia-electronica.net\/?page_id=1217","title":{"rendered":"Aleksandr Bu\u0142at (RL) | Aleks Scimitar (VR) &#8211; Czy Sztuczna Inteligencja zast\u0105pi psychoterapeut\u00f3w?"},"content":{"rendered":"<table style=\"width: 100%; height: 292px;\">\n<tbody>\n<tr style=\"height: 24px;\">\n<td style=\"width: 24.8387%; height: 24px;\">Wyst\u0105pienie seminaryjne<\/td>\n<td style=\"width: 74.8387%; height: 24px;\">Seminarium Filozofia Sieci<\/td>\n<\/tr>\n<tr style=\"height: 129px;\">\n<td style=\"text-align: center; width: 24.8387%; height: 105px;\"><a href=\"http:\/\/www.academia-electronica.net\/wp-content\/uploads\/2023\/08\/Aleks-Scimitar-Czy-sztuczna-inteligencja-zastapi-psychoterapeutow-plakat-2023.png\"><img loading=\"lazy\" class=\"alignnone wp-image-1214 size-medium\" src=\"http:\/\/www.academia-electronica.net\/wp-content\/uploads\/2023\/08\/Aleks-Scimitar-Czy-sztuczna-inteligencja-zastapi-psychoterapeutow-plakat-2023-300x168.png\" alt=\"\" width=\"300\" height=\"168\" srcset=\"https:\/\/www.academia-electronica.net\/wp-content\/uploads\/2023\/08\/Aleks-Scimitar-Czy-sztuczna-inteligencja-zastapi-psychoterapeutow-plakat-2023-300x168.png 300w, https:\/\/www.academia-electronica.net\/wp-content\/uploads\/2023\/08\/Aleks-Scimitar-Czy-sztuczna-inteligencja-zastapi-psychoterapeutow-plakat-2023-1024x575.png 1024w, https:\/\/www.academia-electronica.net\/wp-content\/uploads\/2023\/08\/Aleks-Scimitar-Czy-sztuczna-inteligencja-zastapi-psychoterapeutow-plakat-2023-768x431.png 768w, https:\/\/www.academia-electronica.net\/wp-content\/uploads\/2023\/08\/Aleks-Scimitar-Czy-sztuczna-inteligencja-zastapi-psychoterapeutow-plakat-2023-1536x862.png 1536w, https:\/\/www.academia-electronica.net\/wp-content\/uploads\/2023\/08\/Aleks-Scimitar-Czy-sztuczna-inteligencja-zastapi-psychoterapeutow-plakat-2023.png 1768w\" sizes=\"(max-width: 300px) 100vw, 300px\" \/><\/a><\/td>\n<td style=\"width: 74.8387%; height: 105px;\"><\/td>\n<\/tr>\n<tr style=\"height: 24px;\">\n<td style=\"width: 24.8387%; height: 24px;\">Organizator:<\/td>\n<td style=\"width: 74.8387%; height: 24px;\">Academia Electronica<\/td>\n<\/tr>\n<tr style=\"height: 24px;\">\n<td style=\"width: 24.8387%; height: 24px;\">Termin\/miejsce:<\/td>\n<td style=\"width: 74.8387%; height: 24px;\">31.03.2023 &#8211; Academia Electronica w Spatial, aula Academia Agora<\/td>\n<\/tr>\n<tr style=\"height: 48px;\">\n<td style=\"width: 24.8387%; height: 22px;\">Prelegent:<\/td>\n<td style=\"width: 74.8387%; height: 22px;\">Aleksandra Bu\u0142at (RL) | Aleks Scimitar (VR) &#8211; studentka kognitywistyki Uniwersytetu Jagiello\u0144skiego<\/td>\n<\/tr>\n<tr style=\"height: 24px;\">\n<td style=\"width: 24.8387%; height: 24px;\">Tytu\u0142 wyst\u0105pienia:<\/td>\n<td style=\"width: 74.8387%; height: 24px; text-align: justify;\"><i><i>Czy sztuczna inteligencja zast\u0105pi psychoterapeut\u00f3w?<br \/>\n<\/i><\/i><\/td>\n<\/tr>\n<tr style=\"height: 31px;\">\n<td style=\"width: 24.8387%; height: 21px;\">Film:<\/td>\n<td style=\"width: 74.8387%; height: 21px; text-align: center;\"><\/td>\n<\/tr>\n<tr>\n<td style=\"width: 24.8387%;\">Nagranie audio:<\/td>\n<td style=\"width: 74.8387%; text-align: justify;\"><\/td>\n<\/tr>\n<tr style=\"height: 24px;\">\n<td style=\"width: 24.8387%; height: 24px;\">Linki:<\/td>\n<td style=\"width: 74.8387%; text-align: justify; height: 24px;\"><\/td>\n<\/tr>\n<tr style=\"height: 24px;\">\n<td style=\"width: 24.8387%; height: 24px;\">Prezentacja:<\/td>\n<td style=\"width: 74.8387%; text-align: center; height: 24px;\"><a href=\"http:\/\/www.academia-electronica.net\/wp-content\/uploads\/2023\/08\/Czy-pscychoterapeuci-zostana-zastpieni-przez-chatboty-albo-roboty-spoleczne.pdf\"><em>Czy pscychoterapeuci zostan\u0105 zast\u0105pieni przez chatboty albo roboty spo\u0142eczne<\/em><\/a><\/td>\n<\/tr>\n<tr>\n<td style=\"width: 24.8387%;\">Zdj\u0119cia:<\/td>\n<td style=\"width: 74.8387%; text-align: center;\">\n\t\t<style type=\"text\/css\">\n\t\t\t#gallery-1 {\n\t\t\t\tmargin: auto;\n\t\t\t}\n\t\t\t#gallery-1 .gallery-item {\n\t\t\t\tfloat: left;\n\t\t\t\tmargin-top: 10px;\n\t\t\t\ttext-align: center;\n\t\t\t\twidth: 33%;\n\t\t\t}\n\t\t\t#gallery-1 img {\n\t\t\t\tborder: 2px solid #cfcfcf;\n\t\t\t}\n\t\t\t#gallery-1 .gallery-caption {\n\t\t\t\tmargin-left: 0;\n\t\t\t}\n\t\t\t\/* see gallery_shortcode() in wp-includes\/media.php *\/\n\t\t<\/style>\n\t\t<div id='gallery-1' class='gallery galleryid-1217 gallery-columns-3 gallery-size-thumbnail'><dl class='gallery-item'>\n\t\t\t<dt class='gallery-icon landscape'>\n\t\t\t\t<a href='https:\/\/www.academia-electronica.net\/?attachment_id=1223'><img width=\"150\" height=\"150\" src=\"https:\/\/www.academia-electronica.net\/wp-content\/uploads\/2023\/08\/Aleks-Scimitar-Academia-Electronica-2023-1-150x150.jpg\" class=\"attachment-thumbnail size-thumbnail\" alt=\"\" loading=\"lazy\" srcset=\"https:\/\/www.academia-electronica.net\/wp-content\/uploads\/2023\/08\/Aleks-Scimitar-Academia-Electronica-2023-1-150x150.jpg 150w, https:\/\/www.academia-electronica.net\/wp-content\/uploads\/2023\/08\/Aleks-Scimitar-Academia-Electronica-2023-1-300x300.jpg 300w, https:\/\/www.academia-electronica.net\/wp-content\/uploads\/2023\/08\/Aleks-Scimitar-Academia-Electronica-2023-1-1024x1024.jpg 1024w, https:\/\/www.academia-electronica.net\/wp-content\/uploads\/2023\/08\/Aleks-Scimitar-Academia-Electronica-2023-1-768x768.jpg 768w, https:\/\/www.academia-electronica.net\/wp-content\/uploads\/2023\/08\/Aleks-Scimitar-Academia-Electronica-2023-1-230x230.jpg 230w, https:\/\/www.academia-electronica.net\/wp-content\/uploads\/2023\/08\/Aleks-Scimitar-Academia-Electronica-2023-1.jpg 1440w\" sizes=\"(max-width: 150px) 100vw, 150px\" \/><\/a>\n\t\t\t<\/dt><\/dl><dl class='gallery-item'>\n\t\t\t<dt class='gallery-icon landscape'>\n\t\t\t\t<a href='https:\/\/www.academia-electronica.net\/?attachment_id=1224'><img width=\"150\" height=\"150\" src=\"https:\/\/www.academia-electronica.net\/wp-content\/uploads\/2023\/08\/Aleks-Scimitar-Academia-Electronica-2023-2-1-150x150.jpg\" class=\"attachment-thumbnail size-thumbnail\" alt=\"\" loading=\"lazy\" srcset=\"https:\/\/www.academia-electronica.net\/wp-content\/uploads\/2023\/08\/Aleks-Scimitar-Academia-Electronica-2023-2-1-150x150.jpg 150w, https:\/\/www.academia-electronica.net\/wp-content\/uploads\/2023\/08\/Aleks-Scimitar-Academia-Electronica-2023-2-1-300x300.jpg 300w, https:\/\/www.academia-electronica.net\/wp-content\/uploads\/2023\/08\/Aleks-Scimitar-Academia-Electronica-2023-2-1-1024x1024.jpg 1024w, https:\/\/www.academia-electronica.net\/wp-content\/uploads\/2023\/08\/Aleks-Scimitar-Academia-Electronica-2023-2-1-768x768.jpg 768w, https:\/\/www.academia-electronica.net\/wp-content\/uploads\/2023\/08\/Aleks-Scimitar-Academia-Electronica-2023-2-1-230x230.jpg 230w, https:\/\/www.academia-electronica.net\/wp-content\/uploads\/2023\/08\/Aleks-Scimitar-Academia-Electronica-2023-2-1.jpg 1440w\" sizes=\"(max-width: 150px) 100vw, 150px\" \/><\/a>\n\t\t\t<\/dt><\/dl><dl class='gallery-item'>\n\t\t\t<dt class='gallery-icon landscape'>\n\t\t\t\t<a href='https:\/\/www.academia-electronica.net\/?attachment_id=1225'><img width=\"150\" height=\"150\" src=\"https:\/\/www.academia-electronica.net\/wp-content\/uploads\/2023\/08\/Aleks-Scimitar-Academia-Electronica-2023-3-1-150x150.png\" class=\"attachment-thumbnail size-thumbnail\" alt=\"\" loading=\"lazy\" srcset=\"https:\/\/www.academia-electronica.net\/wp-content\/uploads\/2023\/08\/Aleks-Scimitar-Academia-Electronica-2023-3-1-150x150.png 150w, https:\/\/www.academia-electronica.net\/wp-content\/uploads\/2023\/08\/Aleks-Scimitar-Academia-Electronica-2023-3-1-230x230.png 230w\" sizes=\"(max-width: 150px) 100vw, 150px\" \/><\/a>\n\t\t\t<\/dt><\/dl><br style=\"clear: both\" \/>\n\t\t<\/div>\n<\/td>\n<\/tr>\n<\/tbody>\n<\/table>\n<p><a href=\"https:\/\/www.academia-electronica.net\/?page_id=379\">Powr\u00f3t<\/a><\/p>\n","protected":false},"excerpt":{"rendered":"<p>Wyst\u0105pienie seminaryjne Seminarium Filozofia Sieci Organizator: Academia Electronica Termin\/miejsce: 31.03.2023 &#8211; Academia Electronica w Spatial, aula Academia Agora Prelegent: Aleksandra Bu\u0142at (RL) | Aleks Scimitar (VR) &#8211; studentka kognitywistyki Uniwersytetu Jagiello\u0144skiego Tytu\u0142 wyst\u0105pienia: Czy sztuczna inteligencja zast\u0105pi psychoterapeut\u00f3w? Film: Nagranie&hellip; <\/p>\n","protected":false},"author":3,"featured_media":0,"parent":0,"menu_order":0,"comment_status":"closed","ping_status":"closed","template":"","meta":[],"_links":{"self":[{"href":"https:\/\/www.academia-electronica.net\/index.php?rest_route=\/wp\/v2\/pages\/1217"}],"collection":[{"href":"https:\/\/www.academia-electronica.net\/index.php?rest_route=\/wp\/v2\/pages"}],"about":[{"href":"https:\/\/www.academia-electronica.net\/index.php?rest_route=\/wp\/v2\/types\/page"}],"author":[{"embeddable":true,"href":"https:\/\/www.academia-electronica.net\/index.php?rest_route=\/wp\/v2\/users\/3"}],"replies":[{"embeddable":true,"href":"https:\/\/www.academia-electronica.net\/index.php?rest_route=%2Fwp%2Fv2%2Fcomments&post=1217"}],"version-history":[{"count":5,"href":"https:\/\/www.academia-electronica.net\/index.php?rest_route=\/wp\/v2\/pages\/1217\/revisions"}],"predecessor-version":[{"id":1290,"href":"https:\/\/www.academia-electronica.net\/index.php?rest_route=\/wp\/v2\/pages\/1217\/revisions\/1290"}],"wp:attachment":[{"href":"https:\/\/www.academia-electronica.net\/index.php?rest_route=%2Fwp%2Fv2%2Fmedia&parent=1217"}],"curies":[{"name":"wp","href":"https:\/\/api.w.org\/{rel}","templated":true}]}}