{"id":1234,"date":"2023-09-05T11:05:03","date_gmt":"2023-09-05T11:05:03","guid":{"rendered":"https:\/\/www.academia-electronica.net\/?page_id=1234"},"modified":"2023-09-05T12:00:49","modified_gmt":"2023-09-05T12:00:49","slug":"sidey-myoo-logika-przyszlosci-futurologia-jako-metoda-badawcza","status":"publish","type":"page","link":"https:\/\/www.academia-electronica.net\/?page_id=1234","title":{"rendered":"Sidey Myoo &#8211; Logika przysz\u0142o\u015bci \u2013  futurologia jako metoda badawcza"},"content":{"rendered":"<table style=\"width: 100%; height: 368px;\">\n<tbody>\n<tr style=\"height: 24px;\">\n<td style=\"width: 26.1654%; height: 24px;\">Wyk\u0142ad:<\/td>\n<td style=\"width: 73.512%; height: 24px;\">Wyst\u0105pienia konferencyjne i kongresowe<\/td>\n<\/tr>\n<tr style=\"height: 129px;\">\n<td style=\"text-align: center; width: 26.1654%; height: 105px;\"><a href=\"http:\/\/www.academia-electronica.net\/wp-content\/uploads\/2023\/09\/plakat-ZF-2023-SFTiNTpptx.jpg\"><img loading=\"lazy\" class=\"alignnone wp-image-1245 size-medium\" src=\"http:\/\/www.academia-electronica.net\/wp-content\/uploads\/2023\/09\/plakat-ZF-2023-SFTiNTpptx-300x169.jpg\" alt=\"\" width=\"300\" height=\"169\" srcset=\"https:\/\/www.academia-electronica.net\/wp-content\/uploads\/2023\/09\/plakat-ZF-2023-SFTiNTpptx-300x169.jpg 300w, https:\/\/www.academia-electronica.net\/wp-content\/uploads\/2023\/09\/plakat-ZF-2023-SFTiNTpptx-1024x576.jpg 1024w, https:\/\/www.academia-electronica.net\/wp-content\/uploads\/2023\/09\/plakat-ZF-2023-SFTiNTpptx-768x432.jpg 768w, https:\/\/www.academia-electronica.net\/wp-content\/uploads\/2023\/09\/plakat-ZF-2023-SFTiNTpptx.jpg 1280w\" sizes=\"(max-width: 300px) 100vw, 300px\" \/><\/a><\/td>\n<td style=\"width: 73.512%; height: 105px;\"><\/td>\n<\/tr>\n<tr style=\"height: 24px;\">\n<td style=\"width: 26.1654%; height: 24px;\">Organizator:<\/td>\n<td style=\"width: 73.512%; height: 24px;\">Uniwersytet \u0141\u00f3dzki<\/td>\n<\/tr>\n<tr style=\"height: 63px;\">\n<td style=\"width: 26.1654%; height: 28px;\">Tytu\u0142:<\/td>\n<td style=\"width: 73.512%; height: 28px; text-align: justify;\"><a href=\"https:\/\/www.zjazdfilozoficzny.uni.lodz.pl\/\" target=\"_blank\" rel=\"noopener\">XII Zjazd Filozoficzny<\/a>, Sekcja Filozofii Techniki i Nowych Technologii<\/td>\n<\/tr>\n<tr style=\"height: 24px;\">\n<td style=\"width: 26.1654%; height: 24px;\">Termin\/miejsce:<\/td>\n<td style=\"width: 73.512%; height: 24px;\">13.09.2023 &#8211; Uniwersytet \u0141\u00f3dzki, Academia Electronica w Spatial<\/td>\n<\/tr>\n<tr style=\"height: 48px;\">\n<td style=\"width: 26.1654%; height: 22px;\">Prelegent:<\/td>\n<td style=\"width: 73.512%; height: 22px;\">Sidey Myoo<\/td>\n<\/tr>\n<tr style=\"height: 24px;\">\n<td style=\"width: 26.1654%; height: 24px;\">Tytu\u0142 wyst\u0105pienia:<\/td>\n<td style=\"width: 73.512%; height: 24px; text-align: justify;\"><i>Logika przysz\u0142o\u015bci \u2013 <\/i><i>futurologia jako metoda badawcza<br \/>\n<\/i><\/td>\n<\/tr>\n<tr style=\"height: 31px;\">\n<td style=\"width: 26.1654%; height: 21px;\">Film:<\/td>\n<td style=\"width: 73.512%; height: 21px; text-align: center;\"><\/td>\n<\/tr>\n<tr style=\"height: 24px;\">\n<td style=\"width: 26.1654%; height: 24px;\">Nagranie audio:<\/td>\n<td style=\"width: 73.512%; text-align: justify; height: 24px;\"><\/td>\n<\/tr>\n<tr style=\"height: 24px;\">\n<td style=\"width: 26.1654%; height: 24px;\">Linki:<\/td>\n<td style=\"width: 73.512%; height: 24px; text-align: center;\"><a href=\"https:\/\/easychair.org\/smart-program\/12PZF\/\" target=\"_blank\" rel=\"noopener\">XII Zjazd Filozoficzny &#8211; program<\/a><\/td>\n<\/tr>\n<tr style=\"height: 24px;\">\n<td style=\"width: 26.1654%; height: 24px;\">Prezentacja:<\/td>\n<td style=\"width: 73.512%; text-align: center; height: 24px;\">\n\t\t<style type=\"text\/css\">\n\t\t\t#gallery-1 {\n\t\t\t\tmargin: auto;\n\t\t\t}\n\t\t\t#gallery-1 .gallery-item {\n\t\t\t\tfloat: left;\n\t\t\t\tmargin-top: 10px;\n\t\t\t\ttext-align: center;\n\t\t\t\twidth: 16%;\n\t\t\t}\n\t\t\t#gallery-1 img {\n\t\t\t\tborder: 2px solid #cfcfcf;\n\t\t\t}\n\t\t\t#gallery-1 .gallery-caption {\n\t\t\t\tmargin-left: 0;\n\t\t\t}\n\t\t\t\/* see gallery_shortcode() in wp-includes\/media.php *\/\n\t\t<\/style>\n\t\t<div id='gallery-1' class='gallery galleryid-1234 gallery-columns-6 gallery-size-thumbnail'><dl class='gallery-item'>\n\t\t\t<dt class='gallery-icon landscape'>\n\t\t\t\t<a href='https:\/\/www.academia-electronica.net\/?attachment_id=1261'><img width=\"150\" height=\"150\" src=\"https:\/\/www.academia-electronica.net\/wp-content\/uploads\/2023\/09\/Sidey-Myoo-Sekcja-Filozofii-Techniki-i-Nowych-Technologii-1-150x150.jpg\" class=\"attachment-thumbnail size-thumbnail\" alt=\"\" loading=\"lazy\" srcset=\"https:\/\/www.academia-electronica.net\/wp-content\/uploads\/2023\/09\/Sidey-Myoo-Sekcja-Filozofii-Techniki-i-Nowych-Technologii-1-150x150.jpg 150w, https:\/\/www.academia-electronica.net\/wp-content\/uploads\/2023\/09\/Sidey-Myoo-Sekcja-Filozofii-Techniki-i-Nowych-Technologii-1-230x230.jpg 230w\" sizes=\"(max-width: 150px) 100vw, 150px\" \/><\/a>\n\t\t\t<\/dt><\/dl><dl class='gallery-item'>\n\t\t\t<dt class='gallery-icon landscape'>\n\t\t\t\t<a href='https:\/\/www.academia-electronica.net\/?attachment_id=1262'><img width=\"150\" height=\"150\" src=\"https:\/\/www.academia-electronica.net\/wp-content\/uploads\/2023\/09\/Sidey-Myoo-Sekcja-Filozofii-Techniki-i-Nowych-Technologii-2-150x150.jpg\" class=\"attachment-thumbnail size-thumbnail\" alt=\"\" loading=\"lazy\" srcset=\"https:\/\/www.academia-electronica.net\/wp-content\/uploads\/2023\/09\/Sidey-Myoo-Sekcja-Filozofii-Techniki-i-Nowych-Technologii-2-150x150.jpg 150w, https:\/\/www.academia-electronica.net\/wp-content\/uploads\/2023\/09\/Sidey-Myoo-Sekcja-Filozofii-Techniki-i-Nowych-Technologii-2-230x230.jpg 230w\" sizes=\"(max-width: 150px) 100vw, 150px\" \/><\/a>\n\t\t\t<\/dt><\/dl><dl class='gallery-item'>\n\t\t\t<dt class='gallery-icon landscape'>\n\t\t\t\t<a href='https:\/\/www.academia-electronica.net\/?attachment_id=1263'><img width=\"150\" height=\"150\" src=\"https:\/\/www.academia-electronica.net\/wp-content\/uploads\/2023\/09\/Sidey-Myoo-Sekcja-Filozofii-Techniki-i-Nowych-Technologii-3-150x150.jpg\" class=\"attachment-thumbnail size-thumbnail\" alt=\"\" loading=\"lazy\" srcset=\"https:\/\/www.academia-electronica.net\/wp-content\/uploads\/2023\/09\/Sidey-Myoo-Sekcja-Filozofii-Techniki-i-Nowych-Technologii-3-150x150.jpg 150w, https:\/\/www.academia-electronica.net\/wp-content\/uploads\/2023\/09\/Sidey-Myoo-Sekcja-Filozofii-Techniki-i-Nowych-Technologii-3-230x230.jpg 230w\" sizes=\"(max-width: 150px) 100vw, 150px\" \/><\/a>\n\t\t\t<\/dt><\/dl><dl class='gallery-item'>\n\t\t\t<dt class='gallery-icon landscape'>\n\t\t\t\t<a href='https:\/\/www.academia-electronica.net\/?attachment_id=1264'><img width=\"150\" height=\"150\" src=\"https:\/\/www.academia-electronica.net\/wp-content\/uploads\/2023\/09\/Sidey-Myoo-Sekcja-Filozofii-Techniki-i-Nowych-Technologii-4-150x150.jpg\" class=\"attachment-thumbnail size-thumbnail\" alt=\"\" loading=\"lazy\" srcset=\"https:\/\/www.academia-electronica.net\/wp-content\/uploads\/2023\/09\/Sidey-Myoo-Sekcja-Filozofii-Techniki-i-Nowych-Technologii-4-150x150.jpg 150w, https:\/\/www.academia-electronica.net\/wp-content\/uploads\/2023\/09\/Sidey-Myoo-Sekcja-Filozofii-Techniki-i-Nowych-Technologii-4-230x230.jpg 230w\" sizes=\"(max-width: 150px) 100vw, 150px\" \/><\/a>\n\t\t\t<\/dt><\/dl><dl class='gallery-item'>\n\t\t\t<dt class='gallery-icon landscape'>\n\t\t\t\t<a href='https:\/\/www.academia-electronica.net\/?attachment_id=1265'><img width=\"150\" height=\"150\" src=\"https:\/\/www.academia-electronica.net\/wp-content\/uploads\/2023\/09\/Sidey-Myoo-Sekcja-Filozofii-Techniki-i-Nowych-Technologii-5-150x150.jpg\" class=\"attachment-thumbnail size-thumbnail\" alt=\"\" loading=\"lazy\" srcset=\"https:\/\/www.academia-electronica.net\/wp-content\/uploads\/2023\/09\/Sidey-Myoo-Sekcja-Filozofii-Techniki-i-Nowych-Technologii-5-150x150.jpg 150w, https:\/\/www.academia-electronica.net\/wp-content\/uploads\/2023\/09\/Sidey-Myoo-Sekcja-Filozofii-Techniki-i-Nowych-Technologii-5-230x230.jpg 230w\" sizes=\"(max-width: 150px) 100vw, 150px\" \/><\/a>\n\t\t\t<\/dt><\/dl><dl class='gallery-item'>\n\t\t\t<dt class='gallery-icon landscape'>\n\t\t\t\t<a href='https:\/\/www.academia-electronica.net\/?attachment_id=1266'><img width=\"150\" height=\"150\" src=\"https:\/\/www.academia-electronica.net\/wp-content\/uploads\/2023\/09\/Sidey-Myoo-Sekcja-Filozofii-Techniki-i-Nowych-Technologii-6-150x150.jpg\" class=\"attachment-thumbnail size-thumbnail\" alt=\"\" loading=\"lazy\" srcset=\"https:\/\/www.academia-electronica.net\/wp-content\/uploads\/2023\/09\/Sidey-Myoo-Sekcja-Filozofii-Techniki-i-Nowych-Technologii-6-150x150.jpg 150w, https:\/\/www.academia-electronica.net\/wp-content\/uploads\/2023\/09\/Sidey-Myoo-Sekcja-Filozofii-Techniki-i-Nowych-Technologii-6-230x230.jpg 230w\" sizes=\"(max-width: 150px) 100vw, 150px\" \/><\/a>\n\t\t\t<\/dt><\/dl><br style=\"clear: both\" \/>\n\t\t<\/div>\n<\/td>\n<\/tr>\n<tr style=\"height: 24px;\">\n<td style=\"width: 26.1654%; height: 24px;\">Zdj\u0119cia:<\/td>\n<td style=\"width: 73.512%; text-align: center; height: 24px;\"><\/td>\n<\/tr>\n<\/tbody>\n<\/table>\n<p><a href=\"https:\/\/www.academia-electronica.net\/?page_id=551\">Powr\u00f3t<\/a><\/p>\n","protected":false},"excerpt":{"rendered":"<p>Wyk\u0142ad: Wyst\u0105pienia konferencyjne i kongresowe Organizator: Uniwersytet \u0141\u00f3dzki Tytu\u0142: XII Zjazd Filozoficzny, Sekcja Filozofii Techniki i Nowych Technologii Termin\/miejsce: 13.09.2023 &#8211; Uniwersytet \u0141\u00f3dzki, Academia Electronica w Spatial Prelegent: Sidey Myoo Tytu\u0142 wyst\u0105pienia: Logika przysz\u0142o\u015bci \u2013 futurologia jako metoda badawcza Film:&hellip; <\/p>\n","protected":false},"author":3,"featured_media":0,"parent":0,"menu_order":0,"comment_status":"closed","ping_status":"closed","template":"","meta":[],"_links":{"self":[{"href":"https:\/\/www.academia-electronica.net\/index.php?rest_route=\/wp\/v2\/pages\/1234"}],"collection":[{"href":"https:\/\/www.academia-electronica.net\/index.php?rest_route=\/wp\/v2\/pages"}],"about":[{"href":"https:\/\/www.academia-electronica.net\/index.php?rest_route=\/wp\/v2\/types\/page"}],"author":[{"embeddable":true,"href":"https:\/\/www.academia-electronica.net\/index.php?rest_route=\/wp\/v2\/users\/3"}],"replies":[{"embeddable":true,"href":"https:\/\/www.academia-electronica.net\/index.php?rest_route=%2Fwp%2Fv2%2Fcomments&post=1234"}],"version-history":[{"count":8,"href":"https:\/\/www.academia-electronica.net\/index.php?rest_route=\/wp\/v2\/pages\/1234\/revisions"}],"predecessor-version":[{"id":1270,"href":"https:\/\/www.academia-electronica.net\/index.php?rest_route=\/wp\/v2\/pages\/1234\/revisions\/1270"}],"wp:attachment":[{"href":"https:\/\/www.academia-electronica.net\/index.php?rest_route=%2Fwp%2Fv2%2Fmedia&parent=1234"}],"curies":[{"name":"wp","href":"https:\/\/api.w.org\/{rel}","templated":true}]}}