{"id":125,"date":"2022-02-25T00:48:40","date_gmt":"2022-02-25T00:48:40","guid":{"rendered":"https:\/\/www.academia-electronica.net\/?page_id=125"},"modified":"2025-03-03T10:16:15","modified_gmt":"2025-03-03T10:16:15","slug":"tygodniowy-harmonogram-zajec","status":"publish","type":"page","link":"https:\/\/www.academia-electronica.net\/?page_id=125","title":{"rendered":"Tygodniowy harmonogram zaj\u0119\u0107"},"content":{"rendered":"\r\n<p class=\"has-text-align-center\"><!-- <a href=\"https:\/\/docs.google.com\/spreadsheets\/d\/12yH59QILyDke3VTXso_b-egB2yutVsTDz8FmY_uJyzI\/edit?usp=sharing\" target=\"blank\" rel=\"noopener noreferrer\"> --><strong>SEMESTR ZIMOWY 2024\/2025<\/strong><\/a><\/p>\r\n\r\n\r\n\r\n<hr class=\"wp-block-separator\"\/>\r\n\r\n\r\n\r\n<p class=\"has-text-align-center\"><a href=\"https:\/\/docs.google.com\/spreadsheets\/d\/1c5GPfXY7WrvM6_cO0PcB3-7Yvk4rceILNPrT2Q8fz4g\/edit?usp=sharing\" target=\"blank\" rel=\"noopener noreferrer\"><strong>SEMESTR LETNI 2024\/2025<\/strong><\/a><\/p>\r\n\r\n\r\n\r\n<hr class=\"wp-block-separator\"\/>\r\n\r\n\r\n\r\n<p class=\"has-text-align-center\"><strong>UWAGA<\/strong><br>Powy\u017csze linki prowadz\u0105 do Arkuszy Google, kt\u00f3re s\u0105 aktualizowane na bie\u017c\u0105co.<br>Informacja o ostatniej aktualizacji znajduje si\u0119 w pierwszym wierszu danego arkusza.<br>\u0141adowanie danych mo\u017ce chwil\u0119 potrwa\u0107, prosimy o cierpliwo\u015b\u0107.<\/p>\r\n","protected":false},"excerpt":{"rendered":"<p>SEMESTR ZIMOWY 2024\/2025 SEMESTR LETNI 2024\/2025 UWAGAPowy\u017csze linki prowadz\u0105 do Arkuszy Google, kt\u00f3re s\u0105 aktualizowane na bie\u017c\u0105co.Informacja o ostatniej aktualizacji znajduje si\u0119 w pierwszym wierszu danego arkusza.\u0141adowanie danych mo\u017ce chwil\u0119 potrwa\u0107, prosimy o cierpliwo\u015b\u0107.<\/p>\n","protected":false},"author":1,"featured_media":0,"parent":0,"menu_order":0,"comment_status":"closed","ping_status":"closed","template":"","meta":[],"_links":{"self":[{"href":"https:\/\/www.academia-electronica.net\/index.php?rest_route=\/wp\/v2\/pages\/125"}],"collection":[{"href":"https:\/\/www.academia-electronica.net\/index.php?rest_route=\/wp\/v2\/pages"}],"about":[{"href":"https:\/\/www.academia-electronica.net\/index.php?rest_route=\/wp\/v2\/types\/page"}],"author":[{"embeddable":true,"href":"https:\/\/www.academia-electronica.net\/index.php?rest_route=\/wp\/v2\/users\/1"}],"replies":[{"embeddable":true,"href":"https:\/\/www.academia-electronica.net\/index.php?rest_route=%2Fwp%2Fv2%2Fcomments&post=125"}],"version-history":[{"count":16,"href":"https:\/\/www.academia-electronica.net\/index.php?rest_route=\/wp\/v2\/pages\/125\/revisions"}],"predecessor-version":[{"id":1928,"href":"https:\/\/www.academia-electronica.net\/index.php?rest_route=\/wp\/v2\/pages\/125\/revisions\/1928"}],"wp:attachment":[{"href":"https:\/\/www.academia-electronica.net\/index.php?rest_route=%2Fwp%2Fv2%2Fmedia&parent=125"}],"curies":[{"name":"wp","href":"https:\/\/api.w.org\/{rel}","templated":true}]}}