{"id":1297,"date":"2023-10-20T10:46:36","date_gmt":"2023-10-20T10:46:36","guid":{"rendered":"https:\/\/www.academia-electronica.net\/?page_id=1297"},"modified":"2024-02-11T15:52:14","modified_gmt":"2024-02-11T15:52:14","slug":"hallo-avatars-grecja","status":"publish","type":"page","link":"https:\/\/www.academia-electronica.net\/?page_id=1297","title":{"rendered":"Hallo Avatars :) (Grecja)"},"content":{"rendered":"<table style=\"width: 100%; height: 403px;\">\n<tbody>\n<tr style=\"height: 24px;\">\n<td style=\"width: 24.8387%; height: 24px;\">Wyk\u0142ad:<\/td>\n<td style=\"width: 74.8387%; height: 24px;\">Wyk\u0142ady go\u015bcinne<\/td>\n<\/tr>\n<tr style=\"height: 129px;\">\n<td style=\"text-align: center; width: 24.8387%; height: 105px;\"><img loading=\"lazy\" class=\"alignnone size-medium wp-image-1293\" src=\"http:\/\/www.academia-electronica.net\/wp-content\/uploads\/2023\/10\/Workshop-Grecja-plakat-FB-300x168.png\" alt=\"\" width=\"300\" height=\"168\" srcset=\"https:\/\/www.academia-electronica.net\/wp-content\/uploads\/2023\/10\/Workshop-Grecja-plakat-FB-300x168.png 300w, https:\/\/www.academia-electronica.net\/wp-content\/uploads\/2023\/10\/Workshop-Grecja-plakat-FB-1024x575.png 1024w, https:\/\/www.academia-electronica.net\/wp-content\/uploads\/2023\/10\/Workshop-Grecja-plakat-FB-768x431.png 768w, https:\/\/www.academia-electronica.net\/wp-content\/uploads\/2023\/10\/Workshop-Grecja-plakat-FB-1536x862.png 1536w, https:\/\/www.academia-electronica.net\/wp-content\/uploads\/2023\/10\/Workshop-Grecja-plakat-FB.png 1708w\" sizes=\"(max-width: 300px) 100vw, 300px\" \/><\/td>\n<td style=\"width: 74.8387%; height: 105px;\"><\/td>\n<\/tr>\n<tr style=\"height: 24px;\">\n<td style=\"width: 24.8387%; height: 24px;\">Organizator:<\/td>\n<td style=\"width: 74.8387%; height: 24px;\">Narratologies, w ramach Europejskiego Projektu <a href=\"https:\/\/www.caphe.space\/\" target=\"_blank\" rel=\"noopener\"><em>Communities and Artistic Participation in Hybrid Environment<\/em><\/a>, HORIZON-MSCA-2021-SE-01 (CAPHE)<\/td>\n<\/tr>\n<tr style=\"height: 63px;\">\n<td style=\"width: 24.8387%; height: 63px;\">Tytu\u0142:<\/td>\n<td style=\"width: 74.8387%; height: 63px; text-align: justify;\"><em>Welcome Avatars:)<\/em> &#8211; warsztat, kt\u00f3rego celem by\u0142o zaprezentowanie wirtualnego \u015bwiata Spatial oraz wprowadzenie do niego zainteresowanych os\u00f3b, uczestnicz\u0105cych w Europejskim Projekcie \u201eCommunities and Artistic Participation in Hybrid Environment&#8221;, w ramach Europejskiego Projektu HORIZON-MSCA-2021-SE-01 (CAPHE), realizowanego w Atenach, 2023. Celem warsztat\u00f3w by\u0142o r\u00f3wnie\u017c zapoznanie uczestnik\u00f3w z technicznymi mo\u017cliwo\u015bciami wirtualnego \u015bwiata Spatial, jak i zaprezentowanie Academia Electronica jako plac\u00f3wki naukowo-dydaktycznej, mo\u017cliwej do wykorzystania przez zainteresowane osoby w ich w\u0142asnej pracy akademickiej. Warsztaty odby\u0142y si\u0119 w Centrum Narratologies, w Atenach, 9.10.2023.<\/td>\n<\/tr>\n<tr style=\"height: 24px;\">\n<td style=\"width: 24.8387%; height: 24px;\">Termin\/miejsce:<\/td>\n<td style=\"width: 74.8387%; height: 24px;\">9.10.2023 &#8211; CAPHE, Academia Electronica w Spatial<\/td>\n<\/tr>\n<tr style=\"height: 48px;\">\n<td style=\"width: 24.8387%; height: 22px;\">Prelegent:<\/td>\n<td style=\"width: 74.8387%; height: 22px;\">Sidey Myoo &#8211; prowadz\u0105cy warsztaty<\/td>\n<\/tr>\n<tr style=\"height: 24px;\">\n<td style=\"width: 24.8387%; height: 24px;\">Tytu\u0142 wyst\u0105pienia:<\/td>\n<td style=\"width: 74.8387%; height: 24px; text-align: justify;\"><\/td>\n<\/tr>\n<tr style=\"height: 31px;\">\n<td style=\"width: 24.8387%; height: 21px;\">Film:<\/td>\n<td style=\"width: 74.8387%; height: 21px; text-align: center;\"><\/td>\n<\/tr>\n<tr style=\"height: 24px;\">\n<td style=\"width: 24.8387%; height: 24px;\">Nagranie audio:<\/td>\n<td style=\"width: 74.8387%; text-align: justify; height: 24px;\"><\/td>\n<\/tr>\n<tr style=\"height: 24px;\">\n<td style=\"width: 24.8387%; height: 24px;\">Linki:<\/td>\n<td style=\"width: 74.8387%; text-align: justify; height: 24px;\"><\/td>\n<\/tr>\n<tr style=\"height: 24px;\">\n<td style=\"width: 24.8387%; height: 24px;\">Prezentacja:<\/td>\n<td style=\"width: 74.8387%; text-align: center; height: 24px;\"><\/td>\n<\/tr>\n<tr style=\"height: 24px;\">\n<td style=\"width: 24.8387%; height: 24px;\">Zdj\u0119cia:<\/td>\n<td style=\"width: 74.8387%; text-align: center; height: 24px;\"><\/td>\n<\/tr>\n<\/tbody>\n<\/table>\n<p><a href=\"https:\/\/www.academia-electronica.net\/?page_id=551\">Powr\u00f3t<\/a><\/p>\n","protected":false},"excerpt":{"rendered":"<p>Wyk\u0142ad: Wyk\u0142ady go\u015bcinne Organizator: Narratologies, w ramach Europejskiego Projektu Communities and Artistic Participation in Hybrid Environment, HORIZON-MSCA-2021-SE-01 (CAPHE) Tytu\u0142: Welcome Avatars:) &#8211; warsztat, kt\u00f3rego celem by\u0142o zaprezentowanie wirtualnego \u015bwiata Spatial oraz wprowadzenie do niego zainteresowanych os\u00f3b, uczestnicz\u0105cych w Europejskim Projekcie&hellip; <\/p>\n","protected":false},"author":3,"featured_media":0,"parent":0,"menu_order":0,"comment_status":"closed","ping_status":"closed","template":"","meta":[],"_links":{"self":[{"href":"https:\/\/www.academia-electronica.net\/index.php?rest_route=\/wp\/v2\/pages\/1297"}],"collection":[{"href":"https:\/\/www.academia-electronica.net\/index.php?rest_route=\/wp\/v2\/pages"}],"about":[{"href":"https:\/\/www.academia-electronica.net\/index.php?rest_route=\/wp\/v2\/types\/page"}],"author":[{"embeddable":true,"href":"https:\/\/www.academia-electronica.net\/index.php?rest_route=\/wp\/v2\/users\/3"}],"replies":[{"embeddable":true,"href":"https:\/\/www.academia-electronica.net\/index.php?rest_route=%2Fwp%2Fv2%2Fcomments&post=1297"}],"version-history":[{"count":4,"href":"https:\/\/www.academia-electronica.net\/index.php?rest_route=\/wp\/v2\/pages\/1297\/revisions"}],"predecessor-version":[{"id":1442,"href":"https:\/\/www.academia-electronica.net\/index.php?rest_route=\/wp\/v2\/pages\/1297\/revisions\/1442"}],"wp:attachment":[{"href":"https:\/\/www.academia-electronica.net\/index.php?rest_route=%2Fwp%2Fv2%2Fmedia&parent=1297"}],"curies":[{"name":"wp","href":"https:\/\/api.w.org\/{rel}","templated":true}]}}