{"id":1363,"date":"2024-01-20T11:51:15","date_gmt":"2024-01-20T11:51:15","guid":{"rendered":"https:\/\/www.academia-electronica.net\/?page_id=1363"},"modified":"2024-06-09T09:35:58","modified_gmt":"2024-06-09T09:35:58","slug":"mgr-liliana-kozak-rl-gwaderline-vr-poczatki-przemian","status":"publish","type":"page","link":"https:\/\/www.academia-electronica.net\/?page_id=1363","title":{"rendered":"mgr Liliana Kozak (RL) | Liliana (VR) &#8211; Pocz\u0105tki przemian&#8230;"},"content":{"rendered":"<p>&nbsp;<\/p>\n<table style=\"width: 100%; height: 403px;\">\n<tbody>\n<tr style=\"height: 24px;\">\n<td style=\"width: 24.8387%; height: 24px;\">Wyk\u0142ad:<\/td>\n<td style=\"width: 74.8387%; height: 24px;\">Seminarium<\/td>\n<\/tr>\n<tr style=\"height: 129px;\">\n<td style=\"text-align: center; width: 24.8387%; height: 105px;\"><a href=\"http:\/\/www.academia-electronica.net\/wp-content\/uploads\/2024\/01\/Plakat-Lublin-seminarium-kopia-scaled.jpg\"><img loading=\"lazy\" class=\"alignnone wp-image-1359 size-medium\" src=\"http:\/\/www.academia-electronica.net\/wp-content\/uploads\/2024\/01\/Plakat-Lublin-seminarium-kopia-218x300.jpg\" alt=\"\" width=\"218\" height=\"300\" srcset=\"https:\/\/www.academia-electronica.net\/wp-content\/uploads\/2024\/01\/Plakat-Lublin-seminarium-kopia-218x300.jpg 218w, https:\/\/www.academia-electronica.net\/wp-content\/uploads\/2024\/01\/Plakat-Lublin-seminarium-kopia-744x1024.jpg 744w, https:\/\/www.academia-electronica.net\/wp-content\/uploads\/2024\/01\/Plakat-Lublin-seminarium-kopia-768x1057.jpg 768w, https:\/\/www.academia-electronica.net\/wp-content\/uploads\/2024\/01\/Plakat-Lublin-seminarium-kopia-1117x1536.jpg 1117w, https:\/\/www.academia-electronica.net\/wp-content\/uploads\/2024\/01\/Plakat-Lublin-seminarium-kopia-1489x2048.jpg 1489w, https:\/\/www.academia-electronica.net\/wp-content\/uploads\/2024\/01\/Plakat-Lublin-seminarium-kopia-scaled.jpg 1861w\" sizes=\"(max-width: 218px) 100vw, 218px\" \/><\/a><\/td>\n<td style=\"width: 74.8387%; height: 105px;\"><\/td>\n<\/tr>\n<tr style=\"height: 24px;\">\n<td style=\"width: 24.8387%; height: 24px;\">Organizator:<\/td>\n<td style=\"width: 74.8387%; height: 24px;\"><a href=\"https:\/\/pte.uj.edu.pl\/\">Polskie Towarzystwo Estetyczne <\/a>i Academia Electronica w Spatial; w ramach mi\u0119dzynarodowego projektu \u201cHorizon\u201d<em> \u2013 <a href=\"https:\/\/www.caphe.space\/\" target=\"_blank\" rel=\"noopener\">The Communities and Artistic Participation in Hybrid Environments<\/a><\/em> (CAPHE)<\/td>\n<\/tr>\n<tr style=\"height: 63px;\">\n<td style=\"width: 24.8387%; height: 63px;\">Tytu\u0142:<\/td>\n<td style=\"width: 74.8387%; height: 63px; text-align: justify;\">Cykl seminari\u00f3w organizowanych przez Polskie Towarzystwo Estetyczne, pod wsp\u00f3lnym tytu\u0142em <em>Do\u015bwiadczenie estetyczne w czasach Czwartej Rewolucji Przemys\u0142owej <\/em><\/td>\n<\/tr>\n<tr style=\"height: 24px;\">\n<td style=\"width: 24.8387%; height: 24px;\">Termin\/miejsce:<\/td>\n<td style=\"width: 74.8387%; height: 24px;\">12.01.2024 &#8211; Wydzia\u0142 Filozofii i Socjologii Uniwersytetu Marii Curie-Sk\u0142odowskiej w Lublinie i Academia Electronica w Spatial<\/td>\n<\/tr>\n<tr style=\"height: 31px;\">\n<td style=\"width: 24.8387%; height: 21px;\">Film:<\/td>\n<td style=\"width: 74.8387%; height: 21px; text-align: center;\">\n<p style=\"text-align: justify;\">dr Liliana Kozak (RL) | Liliana (VR) &#8211; Wydzia\u0142 Filozofii i Socjologii UMCS &#8211; <em><span style=\"font-family: helvetica, arial, sans-serif;\">Pocz\u0105tki przemian do\u015bwiadczenia estetycznego sztuki na pocz\u0105tku XX i XXI wieku\u00a0<\/span><\/em><\/p>\n<p><iframe loading=\"lazy\" title=\"YouTube video player\" src=\"https:\/\/www.youtube.com\/embed\/JjBFkgEjTx4?si=Q1-hWLQFA850_F2k\" width=\"560\" height=\"315\" frameborder=\"0\" allowfullscreen=\"allowfullscreen\"><\/iframe><\/p>\n<p style=\"text-align: justify;\">dr hab. Aleksandra \u0141ukaszewicz &#8211; <em>Konieczno\u015b\u0107 redefinicji estetyki w perspektywie zmian form form do\u015bwiadczenia oraz form rzeczywisto\u015bci<\/em><\/p>\n<p><iframe loading=\"lazy\" title=\"YouTube video player\" src=\"https:\/\/www.youtube.com\/embed\/8ZUTResWSho?si=h9xyXBGuWMErz5wb\" width=\"560\" height=\"315\" frameborder=\"0\" allowfullscreen=\"allowfullscreen\"><\/iframe><\/td>\n<\/tr>\n<tr style=\"height: 24px;\">\n<td style=\"width: 24.8387%; height: 24px;\">Nagranie audio:<\/td>\n<td style=\"width: 74.8387%; text-align: justify; height: 24px;\"><\/td>\n<\/tr>\n<tr style=\"height: 24px;\">\n<td style=\"width: 24.8387%; height: 24px;\">Linki:<\/td>\n<td style=\"width: 74.8387%; text-align: justify; height: 24px;\"><\/td>\n<\/tr>\n<tr style=\"height: 24px;\">\n<td style=\"width: 24.8387%; height: 24px;\">Prezentacja:<\/td>\n<td style=\"width: 74.8387%; text-align: center; height: 24px;\"><\/td>\n<\/tr>\n<tr style=\"height: 24px;\">\n<td style=\"width: 24.8387%; height: 24px;\">Zdj\u0119cia:<\/td>\n<td style=\"width: 74.8387%; text-align: center; height: 24px;\"><\/td>\n<\/tr>\n<\/tbody>\n<\/table>\n<p><a href=\"https:\/\/www.academia-electronica.net\/?page_id=551\">Powr\u00f3t<\/a><\/p>\n","protected":false},"excerpt":{"rendered":"<p>&nbsp; Wyk\u0142ad: Seminarium Organizator: Polskie Towarzystwo Estetyczne i Academia Electronica w Spatial; w ramach mi\u0119dzynarodowego projektu \u201cHorizon\u201d \u2013 The Communities and Artistic Participation in Hybrid Environments (CAPHE) Tytu\u0142: Cykl seminari\u00f3w organizowanych przez Polskie Towarzystwo Estetyczne, pod wsp\u00f3lnym tytu\u0142em Do\u015bwiadczenie estetyczne&hellip; <\/p>\n","protected":false},"author":3,"featured_media":0,"parent":0,"menu_order":0,"comment_status":"closed","ping_status":"closed","template":"","meta":[],"_links":{"self":[{"href":"https:\/\/www.academia-electronica.net\/index.php?rest_route=\/wp\/v2\/pages\/1363"}],"collection":[{"href":"https:\/\/www.academia-electronica.net\/index.php?rest_route=\/wp\/v2\/pages"}],"about":[{"href":"https:\/\/www.academia-electronica.net\/index.php?rest_route=\/wp\/v2\/types\/page"}],"author":[{"embeddable":true,"href":"https:\/\/www.academia-electronica.net\/index.php?rest_route=\/wp\/v2\/users\/3"}],"replies":[{"embeddable":true,"href":"https:\/\/www.academia-electronica.net\/index.php?rest_route=%2Fwp%2Fv2%2Fcomments&post=1363"}],"version-history":[{"count":19,"href":"https:\/\/www.academia-electronica.net\/index.php?rest_route=\/wp\/v2\/pages\/1363\/revisions"}],"predecessor-version":[{"id":1758,"href":"https:\/\/www.academia-electronica.net\/index.php?rest_route=\/wp\/v2\/pages\/1363\/revisions\/1758"}],"wp:attachment":[{"href":"https:\/\/www.academia-electronica.net\/index.php?rest_route=%2Fwp%2Fv2%2Fmedia&parent=1363"}],"curies":[{"name":"wp","href":"https:\/\/api.w.org\/{rel}","templated":true}]}}