{"id":144,"date":"2022-02-25T19:14:37","date_gmt":"2022-02-25T19:14:37","guid":{"rendered":"https:\/\/www.academia-electronica.net\/?page_id=144"},"modified":"2022-03-03T18:40:42","modified_gmt":"2022-03-03T18:40:42","slug":"wyklad-w-second-life","status":"publish","type":"page","link":"https:\/\/www.academia-electronica.net\/?page_id=144","title":{"rendered":"Wyk\u0142ad w Second Life"},"content":{"rendered":"\r\n<p style=\"text-align: justify;\">Wyk\u0142ad w Academia Electronica jest wyg\u0142aszany online, przy wykorzystaniu zestawu s\u0142uchawki+mikrofon. Aby g\u0142os dociera\u0142 do s\u0142uchaczy nale\u017cy wcisn\u0105\u0107 ikonk\u0119 &#8220;Speak&#8221;, znajduj\u0105c\u0105 si\u0119 w dolnej cz\u0119\u015bci ekranu Second Life, kt\u00f3ra uruchamia komunikacj\u0119 g\u0142osow\u0105. Je\u015bli podczas wypowiadania s\u0142\u00f3w pojawia si\u0119 zielona \u201efalka\u201d, to oznacza to, \u017ce g\u0142os dociera do Second Life i s\u0142uchaczy.<\/p>\r\n\r\n\r\n\r\n<p style=\"text-align: justify;\">Podczas wyk\u0142adu mo\u017cna wykorzystywa\u0107 ekran \u2013 pokazywa\u0107 slajdy. Slajdy to pliki typu JPEG lub PNG, kt\u00f3re s\u0105 wci\u0105gane do Second Life. Aby slajd pojawi\u0142 si\u0119 na ekranie w Academii, nale\u017cy przeci\u0105gn\u0105\u0107 go z inventory\/szafy (miejsce, gdzie l\u0105duj\u0105 slajdy po wci\u0105gni\u0119ciu do Second Life to folder u\u017cytkownika: Textures\/Tekstury). Wci\u0105gni\u0119cie jednego pliku graficznego do Second Life jest p\u0142atne i kosztuje 10 Linden Dolar\u00f3w, czyli kilka groszy.<\/p>\r\n\r\n\r\n\r\n<p style=\"text-align: justify;\">Do dyspozycji studentek\/student\u00f3w s\u0142u\u017cy og\u00f3lny czat pisany, na kt\u00f3rym podczas wyk\u0142adu mog\u0105 pojawi\u0107 si\u0119 komentarze, rozwijane s\u0105 my\u015bli lub podawane linki. Mo\u017ce to rozpocz\u0105\u0107 wsp\u00f3ln\u0105 dyskusj\u0119, w kt\u00f3rej prowadz\u0105cy wykorzystuje g\u0142\u00f3wnie g\u0142os, a studentki\/studenci czat pisany.<\/p>\r\n\r\n\r\n\r\n<p style=\"text-align: justify;\">W Academia Electronica istnieje elektroniczny system sprawdzania obecno\u015bci, kt\u00f3ry prowadz\u0105cy uruchamia na pocz\u0105tku wyk\u0142adu. Uruchomienie systemu polega na klikni\u0119ciu w kulk\u0119 znajduj\u0105c\u0105 si\u0119 w auli, nieco z ty\u0142u, za s\u0142uchaczami. Na tej podstawie powstaje lista obecno\u015bci z danego wyk\u0142adu, jak i procentowy udzia\u0142 ka\u017cdego ze student\u00f3w\/studentek w kursie. Lista obecno\u015bci przesy\u0142ana jest samoczynnie na adres e-mail prowadz\u0105cego.<\/p>\r\n\r\n\r\n\r\n<p style=\"text-align: justify;\">Praktyk\u0105 jest nagrywanie wyk\u0142ad\u00f3w i archiwizowanie ich na stronie Academii. W tym celu mo\u017cna u\u017cy\u0107 prostego w obs\u0142udze programu <a href=\"http:\/\/audacity.pl\/\" target=\"_blank\" rel=\"noreferrer noopener\">Audacity<\/a>, kt\u00f3ry nagrywa jedynie g\u0142os. Nagrany materia\u0142 przerabia si\u0119 na plik mp3 (przy pomocy wtyczki do Audacity: <a href=\"http:\/\/lame1.buanzo.com.ar\/\" target=\"_blank\" rel=\"noreferrer noopener\">LAME<\/a>), a nast\u0119pnie nagrany wyk\u0142ad mo\u017cna umie\u015bci\u0107 na stronie Academii. Do rejestracji wyk\u0142adu mo\u017cna u\u017cy\u0107 innych program\u00f3w, np. nagrywaj\u0105cych zar\u00f3wno g\u0142os jak i obraz, a tak powsta\u0142y film r\u00f3wnie\u017c mo\u017cna umie\u015bci\u0107 na stronie Academii.<\/p>\r\n\r\n\r\n\r\n<p style=\"text-align: justify;\">Do zobaczenia w elektronicznym \u015bwiecie \ud83d\ude42<\/p>\r\n","protected":false},"excerpt":{"rendered":"<p>Wyk\u0142ad w Academia Electronica jest wyg\u0142aszany online, przy wykorzystaniu zestawu s\u0142uchawki+mikrofon. Aby g\u0142os dociera\u0142 do s\u0142uchaczy nale\u017cy wcisn\u0105\u0107 ikonk\u0119 &#8220;Speak&#8221;, znajduj\u0105c\u0105 si\u0119 w dolnej cz\u0119\u015bci ekranu Second Life, kt\u00f3ra uruchamia komunikacj\u0119 g\u0142osow\u0105. Je\u015bli podczas wypowiadania s\u0142\u00f3w pojawia si\u0119 zielona \u201efalka\u201d,&hellip; <\/p>\n","protected":false},"author":3,"featured_media":0,"parent":0,"menu_order":0,"comment_status":"closed","ping_status":"closed","template":"","meta":[],"_links":{"self":[{"href":"https:\/\/www.academia-electronica.net\/index.php?rest_route=\/wp\/v2\/pages\/144"}],"collection":[{"href":"https:\/\/www.academia-electronica.net\/index.php?rest_route=\/wp\/v2\/pages"}],"about":[{"href":"https:\/\/www.academia-electronica.net\/index.php?rest_route=\/wp\/v2\/types\/page"}],"author":[{"embeddable":true,"href":"https:\/\/www.academia-electronica.net\/index.php?rest_route=\/wp\/v2\/users\/3"}],"replies":[{"embeddable":true,"href":"https:\/\/www.academia-electronica.net\/index.php?rest_route=%2Fwp%2Fv2%2Fcomments&post=144"}],"version-history":[{"count":3,"href":"https:\/\/www.academia-electronica.net\/index.php?rest_route=\/wp\/v2\/pages\/144\/revisions"}],"predecessor-version":[{"id":202,"href":"https:\/\/www.academia-electronica.net\/index.php?rest_route=\/wp\/v2\/pages\/144\/revisions\/202"}],"wp:attachment":[{"href":"https:\/\/www.academia-electronica.net\/index.php?rest_route=%2Fwp%2Fv2%2Fmedia&parent=144"}],"curies":[{"name":"wp","href":"https:\/\/api.w.org\/{rel}","templated":true}]}}