{"id":1464,"date":"2024-03-09T11:05:58","date_gmt":"2024-03-09T11:05:58","guid":{"rendered":"https:\/\/www.academia-electronica.net\/?page_id=1464"},"modified":"2024-11-04T18:46:10","modified_gmt":"2024-11-04T18:46:10","slug":"wirtualium-3-0","status":"publish","type":"page","link":"https:\/\/www.academia-electronica.net\/?page_id=1464","title":{"rendered":"Wirtualium 3.0"},"content":{"rendered":"<table style=\"width: 100%; height: 368px;\">\n<tbody>\n<tr style=\"height: 24px;\">\n<td style=\"width: 26.1654%; height: 24px;\">Wyk\u0142ad:<\/td>\n<td style=\"width: 73.512%; height: 24px;\">Wyst\u0105pienia konferencyjne i kongresowe<\/td>\n<\/tr>\n<tr style=\"height: 129px;\">\n<td style=\"text-align: center; width: 26.1654%; height: 105px;\"><a href=\"http:\/\/www.academia-electronica.net\/wp-content\/uploads\/2024\/03\/Wirtualium-3.0-plakat-scaled.jpg\"><img loading=\"lazy\" class=\"alignnone wp-image-1462 size-medium\" src=\"http:\/\/www.academia-electronica.net\/wp-content\/uploads\/2024\/03\/Wirtualium-3.0-plakat-300x150.jpg\" alt=\"\" width=\"300\" height=\"150\" srcset=\"https:\/\/www.academia-electronica.net\/wp-content\/uploads\/2024\/03\/Wirtualium-3.0-plakat-300x150.jpg 300w, https:\/\/www.academia-electronica.net\/wp-content\/uploads\/2024\/03\/Wirtualium-3.0-plakat-1024x512.jpg 1024w, https:\/\/www.academia-electronica.net\/wp-content\/uploads\/2024\/03\/Wirtualium-3.0-plakat-768x384.jpg 768w, https:\/\/www.academia-electronica.net\/wp-content\/uploads\/2024\/03\/Wirtualium-3.0-plakat-1536x768.jpg 1536w, https:\/\/www.academia-electronica.net\/wp-content\/uploads\/2024\/03\/Wirtualium-3.0-plakat-2048x1024.jpg 2048w\" sizes=\"(max-width: 300px) 100vw, 300px\" \/><\/a><\/td>\n<td style=\"width: 73.512%; height: 105px;\"><\/td>\n<\/tr>\n<tr style=\"height: 24px;\">\n<td style=\"width: 26.1654%; height: 24px;\">Organizator:<\/td>\n<td style=\"width: 73.512%; height: 24px;\">Wydzia\u0142 Humanistyczny AGH &#8211; Laboratorium EduVRLab &amp; Academia Electronica<\/td>\n<\/tr>\n<tr style=\"height: 63px;\">\n<td style=\"width: 26.1654%; height: 28px;\">Tytu\u0142:<\/td>\n<td style=\"width: 73.512%; height: 28px;\"><\/td>\n<\/tr>\n<tr style=\"height: 24px;\">\n<td style=\"width: 26.1654%; height: 24px;\">Termin\/miejsce:<\/td>\n<td style=\"width: 73.512%; height: 24px;\">17-18.05.2024 &#8211; Academia Electronica<\/td>\n<\/tr>\n<tr style=\"height: 48px;\">\n<td style=\"width: 26.1654%; height: 22px;\">Prelegent:<\/td>\n<td style=\"width: 73.512%; height: 22px;\"><\/td>\n<\/tr>\n<tr style=\"height: 24px;\">\n<td style=\"width: 26.1654%; height: 24px;\">Tytu\u0142:<\/td>\n<td style=\"width: 73.512%; height: 24px; text-align: justify;\"><em>Wirtualium 3.0<\/em><\/td>\n<\/tr>\n<tr style=\"height: 31px;\">\n<td style=\"width: 26.1654%; height: 21px;\">Opis:<\/td>\n<td style=\"width: 73.512%; height: 21px; text-align: center;\">Wirtualium to og\u00f3lnopolska konferencja naukowa po\u015bwi\u0119cona interdyscyplinarnym badaniom nad wirtualn\u0105 rzeczywisto\u015bci\u0105. Konferencja jest organizowana w wirtualnych przestrzeniach Academia Electronica na platformie Spatial i zapewnia uczestnikom swobod\u0119 uczestnictwa zar\u00f3wno przy u\u017cyciu komputer\u00f3w, urz\u0105dze\u0144 mobilnych, jak i gogli VR. Podczas tegorocznego Wirtualium odby\u0142o si\u0119 25 wyst\u0105pie\u0144, w tym 6 wyk\u0142ad\u00f3w eksperckich. Prelegenci(-tki) reprezentowali 18 o\u015brodk\u00f3w akademickich oraz 4 firmy. Dodatkowo, projekt obejmuje Letni\u0105 Akademi\u0119 VR \u2013 seri\u0119 warsztat\u00f3w naukowych w wirtualnej rzeczywisto\u015bci, skierowanych do os\u00f3b ucz\u0105cych si\u0119 w szko\u0142ach ponadpodstawowych i ich nauczycieli(-ek). Warsztaty te koncentruj\u0105 si\u0119 na wirtualnej rzeczywisto\u015bci i nowych technologiach, daj\u0105c uczestnikom mo\u017cliwo\u015b\u0107 pog\u0142\u0119bienia wiedzy w tej dynamicznie rozwijaj\u0105cej si\u0119 dziedzinie.<\/p>\n<p>Przewodnicz\u0105cy Wirtualium: Jan Walig\u00f3rski | Erytropoetyn<\/td>\n<\/tr>\n<tr style=\"height: 24px;\">\n<td style=\"width: 26.1654%; height: 24px;\">Artyku\u0142:<\/td>\n<td style=\"width: 73.512%; text-align: justify; height: 24px;\">\n<div><\/div>\n<\/td>\n<\/tr>\n<tr style=\"height: 24px;\">\n<td style=\"width: 26.1654%; height: 24px;\">Linki:<\/td>\n<td style=\"width: 73.512%; text-align: justify; height: 24px;\">https:\/\/www.wirtualium.agh.edu.pl\/home<\/td>\n<\/tr>\n<tr style=\"height: 24px;\">\n<td style=\"width: 26.1654%; height: 24px;\">Archiwum:<\/td>\n<td style=\"width: 73.512%; text-align: center; height: 24px;\"><\/td>\n<\/tr>\n<tr style=\"height: 24px;\">\n<td style=\"width: 26.1654%; height: 24px;\">Zdj\u0119cia:<\/td>\n<td style=\"width: 73.512%; text-align: center; height: 24px;\"><img loading=\"lazy\" class=\"alignnone size-large wp-image-1913\" src=\"http:\/\/www.academia-electronica.net\/wp-content\/uploads\/2024\/11\/441186669_122142636890230851_1505623334467105924_n-1024x504.jpg\" alt=\"\" width=\"700\" height=\"345\" srcset=\"https:\/\/www.academia-electronica.net\/wp-content\/uploads\/2024\/11\/441186669_122142636890230851_1505623334467105924_n-1024x504.jpg 1024w, https:\/\/www.academia-electronica.net\/wp-content\/uploads\/2024\/11\/441186669_122142636890230851_1505623334467105924_n-300x148.jpg 300w, https:\/\/www.academia-electronica.net\/wp-content\/uploads\/2024\/11\/441186669_122142636890230851_1505623334467105924_n-768x378.jpg 768w, https:\/\/www.academia-electronica.net\/wp-content\/uploads\/2024\/11\/441186669_122142636890230851_1505623334467105924_n-1536x756.jpg 1536w, https:\/\/www.academia-electronica.net\/wp-content\/uploads\/2024\/11\/441186669_122142636890230851_1505623334467105924_n.jpg 1920w\" sizes=\"(max-width: 700px) 100vw, 700px\" \/> <img loading=\"lazy\" class=\"alignnone size-large wp-image-1914\" src=\"http:\/\/www.academia-electronica.net\/wp-content\/uploads\/2024\/11\/441192437_122142637142230851_6008928364254314394_n-1-1024x492.jpg\" alt=\"\" width=\"700\" height=\"336\" srcset=\"https:\/\/www.academia-electronica.net\/wp-content\/uploads\/2024\/11\/441192437_122142637142230851_6008928364254314394_n-1-1024x492.jpg 1024w, https:\/\/www.academia-electronica.net\/wp-content\/uploads\/2024\/11\/441192437_122142637142230851_6008928364254314394_n-1-300x144.jpg 300w, https:\/\/www.academia-electronica.net\/wp-content\/uploads\/2024\/11\/441192437_122142637142230851_6008928364254314394_n-1-768x369.jpg 768w, https:\/\/www.academia-electronica.net\/wp-content\/uploads\/2024\/11\/441192437_122142637142230851_6008928364254314394_n-1.jpg 1423w\" sizes=\"(max-width: 700px) 100vw, 700px\" \/> <img loading=\"lazy\" class=\"alignnone size-large wp-image-1915\" src=\"http:\/\/www.academia-electronica.net\/wp-content\/uploads\/2024\/11\/441216407_122142637148230851_1972902071218615991_n-1024x504.jpg\" alt=\"\" width=\"700\" height=\"345\" srcset=\"https:\/\/www.academia-electronica.net\/wp-content\/uploads\/2024\/11\/441216407_122142637148230851_1972902071218615991_n-1024x504.jpg 1024w, https:\/\/www.academia-electronica.net\/wp-content\/uploads\/2024\/11\/441216407_122142637148230851_1972902071218615991_n-300x148.jpg 300w, https:\/\/www.academia-electronica.net\/wp-content\/uploads\/2024\/11\/441216407_122142637148230851_1972902071218615991_n-768x378.jpg 768w, https:\/\/www.academia-electronica.net\/wp-content\/uploads\/2024\/11\/441216407_122142637148230851_1972902071218615991_n-1536x756.jpg 1536w, https:\/\/www.academia-electronica.net\/wp-content\/uploads\/2024\/11\/441216407_122142637148230851_1972902071218615991_n.jpg 1920w\" sizes=\"(max-width: 700px) 100vw, 700px\" \/> <img loading=\"lazy\" class=\"alignnone size-large wp-image-1916\" src=\"http:\/\/www.academia-electronica.net\/wp-content\/uploads\/2024\/11\/442510772_122142637040230851_2544743942450209847_n-1024x504.jpg\" alt=\"\" width=\"700\" height=\"345\" srcset=\"https:\/\/www.academia-electronica.net\/wp-content\/uploads\/2024\/11\/442510772_122142637040230851_2544743942450209847_n-1024x504.jpg 1024w, https:\/\/www.academia-electronica.net\/wp-content\/uploads\/2024\/11\/442510772_122142637040230851_2544743942450209847_n-300x148.jpg 300w, https:\/\/www.academia-electronica.net\/wp-content\/uploads\/2024\/11\/442510772_122142637040230851_2544743942450209847_n-768x378.jpg 768w, https:\/\/www.academia-electronica.net\/wp-content\/uploads\/2024\/11\/442510772_122142637040230851_2544743942450209847_n-1536x756.jpg 1536w, https:\/\/www.academia-electronica.net\/wp-content\/uploads\/2024\/11\/442510772_122142637040230851_2544743942450209847_n.jpg 1920w\" sizes=\"(max-width: 700px) 100vw, 700px\" \/> <img loading=\"lazy\" class=\"alignnone size-large wp-image-1917\" src=\"http:\/\/www.academia-electronica.net\/wp-content\/uploads\/2024\/11\/443713755_122142637004230851_1374149570442061078_n-1-1024x504.jpg\" alt=\"\" width=\"700\" height=\"345\" srcset=\"https:\/\/www.academia-electronica.net\/wp-content\/uploads\/2024\/11\/443713755_122142637004230851_1374149570442061078_n-1-1024x504.jpg 1024w, https:\/\/www.academia-electronica.net\/wp-content\/uploads\/2024\/11\/443713755_122142637004230851_1374149570442061078_n-1-300x148.jpg 300w, https:\/\/www.academia-electronica.net\/wp-content\/uploads\/2024\/11\/443713755_122142637004230851_1374149570442061078_n-1-768x378.jpg 768w, https:\/\/www.academia-electronica.net\/wp-content\/uploads\/2024\/11\/443713755_122142637004230851_1374149570442061078_n-1-1536x756.jpg 1536w, https:\/\/www.academia-electronica.net\/wp-content\/uploads\/2024\/11\/443713755_122142637004230851_1374149570442061078_n-1.jpg 1920w\" sizes=\"(max-width: 700px) 100vw, 700px\" \/> <img loading=\"lazy\" class=\"alignnone size-large wp-image-1918\" src=\"http:\/\/www.academia-electronica.net\/wp-content\/uploads\/2024\/11\/443732251_122142636860230851_6282581273282668952_n-1024x492.jpg\" alt=\"\" width=\"700\" height=\"336\" srcset=\"https:\/\/www.academia-electronica.net\/wp-content\/uploads\/2024\/11\/443732251_122142636860230851_6282581273282668952_n-1024x492.jpg 1024w, https:\/\/www.academia-electronica.net\/wp-content\/uploads\/2024\/11\/443732251_122142636860230851_6282581273282668952_n-300x144.jpg 300w, https:\/\/www.academia-electronica.net\/wp-content\/uploads\/2024\/11\/443732251_122142636860230851_6282581273282668952_n-768x369.jpg 768w, https:\/\/www.academia-electronica.net\/wp-content\/uploads\/2024\/11\/443732251_122142636860230851_6282581273282668952_n.jpg 1423w\" sizes=\"(max-width: 700px) 100vw, 700px\" \/> <img loading=\"lazy\" class=\"alignnone size-large wp-image-1919\" src=\"http:\/\/www.academia-electronica.net\/wp-content\/uploads\/2024\/11\/443838325_122142636896230851_4426720170516996403_n-1-1024x513.jpg\" alt=\"\" width=\"700\" height=\"351\" srcset=\"https:\/\/www.academia-electronica.net\/wp-content\/uploads\/2024\/11\/443838325_122142636896230851_4426720170516996403_n-1-1024x513.jpg 1024w, https:\/\/www.academia-electronica.net\/wp-content\/uploads\/2024\/11\/443838325_122142636896230851_4426720170516996403_n-1-300x150.jpg 300w, https:\/\/www.academia-electronica.net\/wp-content\/uploads\/2024\/11\/443838325_122142636896230851_4426720170516996403_n-1-768x384.jpg 768w, https:\/\/www.academia-electronica.net\/wp-content\/uploads\/2024\/11\/443838325_122142636896230851_4426720170516996403_n-1-1536x769.jpg 1536w, https:\/\/www.academia-electronica.net\/wp-content\/uploads\/2024\/11\/443838325_122142636896230851_4426720170516996403_n-1.jpg 1920w\" sizes=\"(max-width: 700px) 100vw, 700px\" \/><\/td>\n<\/tr>\n<\/tbody>\n<\/table>\n<p><a href=\"https:\/\/www.academia-electronica.net\/?page_id=551\">Powr\u00f3t<\/a><\/p>\n","protected":false},"excerpt":{"rendered":"<p>Wyk\u0142ad: Wyst\u0105pienia konferencyjne i kongresowe Organizator: Wydzia\u0142 Humanistyczny AGH &#8211; Laboratorium EduVRLab &amp; Academia Electronica Tytu\u0142: Termin\/miejsce: 17-18.05.2024 &#8211; Academia Electronica Prelegent: Tytu\u0142: Wirtualium 3.0 Opis: Wirtualium to og\u00f3lnopolska konferencja naukowa po\u015bwi\u0119cona interdyscyplinarnym badaniom nad wirtualn\u0105 rzeczywisto\u015bci\u0105. Konferencja jest organizowana&hellip; <\/p>\n","protected":false},"author":3,"featured_media":0,"parent":0,"menu_order":0,"comment_status":"closed","ping_status":"closed","template":"","meta":[],"_links":{"self":[{"href":"https:\/\/www.academia-electronica.net\/index.php?rest_route=\/wp\/v2\/pages\/1464"}],"collection":[{"href":"https:\/\/www.academia-electronica.net\/index.php?rest_route=\/wp\/v2\/pages"}],"about":[{"href":"https:\/\/www.academia-electronica.net\/index.php?rest_route=\/wp\/v2\/types\/page"}],"author":[{"embeddable":true,"href":"https:\/\/www.academia-electronica.net\/index.php?rest_route=\/wp\/v2\/users\/3"}],"replies":[{"embeddable":true,"href":"https:\/\/www.academia-electronica.net\/index.php?rest_route=%2Fwp%2Fv2%2Fcomments&post=1464"}],"version-history":[{"count":3,"href":"https:\/\/www.academia-electronica.net\/index.php?rest_route=\/wp\/v2\/pages\/1464\/revisions"}],"predecessor-version":[{"id":1912,"href":"https:\/\/www.academia-electronica.net\/index.php?rest_route=\/wp\/v2\/pages\/1464\/revisions\/1912"}],"wp:attachment":[{"href":"https:\/\/www.academia-electronica.net\/index.php?rest_route=%2Fwp%2Fv2%2Fmedia&parent=1464"}],"curies":[{"name":"wp","href":"https:\/\/api.w.org\/{rel}","templated":true}]}}