{"id":147,"date":"2022-02-25T19:15:30","date_gmt":"2022-02-25T19:15:30","guid":{"rendered":"https:\/\/www.academia-electronica.net\/?page_id=147"},"modified":"2026-02-16T15:14:26","modified_gmt":"2026-02-16T15:14:26","slug":"wyklad-w-altspacevr","status":"publish","type":"page","link":"https:\/\/www.academia-electronica.net\/?page_id=147","title":{"rendered":"Wyk\u0142ad w Spatial VR"},"content":{"rendered":"<p style=\"text-align: justify;\">Streamowanie prezentacji na ekran w danej auli po\u0142\u0105czone jest z udost\u0119pnieniem narz\u0119dzi hosta osobie planuj\u0105cej streamowanie, co wi\u0105\u017ce si\u0119 z obecno\u015bci\u0105 zar\u00f3wno osoby administruj\u0105cej Academi\u0105, jak i planuj\u0105cej wyst\u0105pienie. Nast\u0119pnie, z komputera udost\u0119pnia si\u0119 pulpit lub okno z\u00a0 materia\u0142em poprzez klikni\u0119cie w przycisk w g\u00f3rnej cz\u0119\u015bci ekranu z prawej (trzy kropki) i wybraniu narz\u0119dzia share screen.<\/p>\n<p><strong>Jak zorganizowa\u0107 event w sali VR &#8211; zak\u0142adanie awatara, narz\u0119dzia HOST, streaming prezentacji.<\/strong><\/p>\n<p>Poni\u017cej mo\u017cna pobra\u0107 materia\u0142 edukacyjny przygotowany przez Neutrink\u0119 Liesle w ramach wsp\u00f3\u0142pracy Academii Electronica z Instytutem Przedsi\u0119biorczo\u015bci Wydzia\u0142u Zarz\u0105dzania i Komunikacji Spo\u0142ecznej UJ dla projektu pt.: <em>Innowacyjne narz\u0119dzie edukacyjne &#8211; Laboratorium organizacji event\u00f3w w mediach interaktywnych<\/em> (dzia\u0142anie: Edukacja dla Przysz\u0142o\u015bci), w ramach Programu Strategicznego Inicjatywa doskona\u0142o\u015bci w Uniwersytecie Jagiello\u0144skim.<\/p>\n<p><a href=\"http:\/\/www.academia-electronica.net\/wp-content\/uploads\/2025\/05\/Event-Arcades-Material-edukacyjny-Jak-zorganizowac\u0301-event-w-sali-VR-Spatial.pdf\" target=\"_blank\" rel=\"noopener\">http:\/\/www.academia-electronica.net\/wp-content\/uploads\/2025\/05\/Event-Arcades-Material-edukacyjny-Jak-zorganizowac\u0301-event-w-sali-VR-Spatial.pdf<\/a><\/p>\n<p><a href=\"http:\/\/www.academia-electronica.net\/wp-content\/uploads\/2026\/02\/Event-Arcades-Spatial-Charts-Educational-Path-English-Version.pdf\" target=\"_blank\" rel=\"noopener\">http:\/\/www.academia-electronica.net\/wp-content\/uploads\/2026\/02\/Event-Arcades-Spatial-Charts-Educational-Path-English-Version.pdf<\/a><\/p>\n","protected":false},"excerpt":{"rendered":"<p>Streamowanie prezentacji na ekran w danej auli po\u0142\u0105czone jest z udost\u0119pnieniem narz\u0119dzi hosta osobie planuj\u0105cej streamowanie, co wi\u0105\u017ce si\u0119 z obecno\u015bci\u0105 zar\u00f3wno osoby administruj\u0105cej Academi\u0105, jak i planuj\u0105cej wyst\u0105pienie. Nast\u0119pnie, z komputera udost\u0119pnia si\u0119 pulpit lub okno z\u00a0 materia\u0142em poprzez&hellip; <\/p>\n","protected":false},"author":3,"featured_media":0,"parent":0,"menu_order":0,"comment_status":"closed","ping_status":"closed","template":"","meta":[],"_links":{"self":[{"href":"https:\/\/www.academia-electronica.net\/index.php?rest_route=\/wp\/v2\/pages\/147"}],"collection":[{"href":"https:\/\/www.academia-electronica.net\/index.php?rest_route=\/wp\/v2\/pages"}],"about":[{"href":"https:\/\/www.academia-electronica.net\/index.php?rest_route=\/wp\/v2\/types\/page"}],"author":[{"embeddable":true,"href":"https:\/\/www.academia-electronica.net\/index.php?rest_route=\/wp\/v2\/users\/3"}],"replies":[{"embeddable":true,"href":"https:\/\/www.academia-electronica.net\/index.php?rest_route=%2Fwp%2Fv2%2Fcomments&post=147"}],"version-history":[{"count":15,"href":"https:\/\/www.academia-electronica.net\/index.php?rest_route=\/wp\/v2\/pages\/147\/revisions"}],"predecessor-version":[{"id":2220,"href":"https:\/\/www.academia-electronica.net\/index.php?rest_route=\/wp\/v2\/pages\/147\/revisions\/2220"}],"wp:attachment":[{"href":"https:\/\/www.academia-electronica.net\/index.php?rest_route=%2Fwp%2Fv2%2Fmedia&parent=147"}],"curies":[{"name":"wp","href":"https:\/\/api.w.org\/{rel}","templated":true}]}}