{"id":1474,"date":"2024-03-09T11:43:49","date_gmt":"2024-03-09T11:43:49","guid":{"rendered":"https:\/\/www.academia-electronica.net\/?page_id=1474"},"modified":"2024-03-09T11:43:49","modified_gmt":"2024-03-09T11:43:49","slug":"pte-wirtualizacja-street-artu-i-jej-estetyczne-konsekwencje","status":"publish","type":"page","link":"https:\/\/www.academia-electronica.net\/?page_id=1474","title":{"rendered":"PTE &#8211; Wirtualizacja Street Artu i jej estetyczne konsekwencje"},"content":{"rendered":"<p>&nbsp;<\/p>\n<table style=\"width: 120.232%; height: 403px;\">\n<tbody>\n<tr style=\"height: 24px;\">\n<td style=\"width: 24.8387%; height: 24px;\">Wyk\u0142ad:<\/td>\n<td style=\"width: 95.0709%; height: 24px;\">Semianrium<\/td>\n<\/tr>\n<tr style=\"height: 129px;\">\n<td style=\"text-align: center; width: 24.8387%; height: 105px;\"><a href=\"http:\/\/www.academia-electronica.net\/wp-content\/uploads\/2024\/03\/Seminarium-PTE-8.03.2024.jpg\"><img loading=\"lazy\" class=\"alignnone wp-image-1468 size-medium\" src=\"http:\/\/www.academia-electronica.net\/wp-content\/uploads\/2024\/03\/Seminarium-PTE-8.03.2024-212x300.jpg\" alt=\"\" width=\"212\" height=\"300\" srcset=\"https:\/\/www.academia-electronica.net\/wp-content\/uploads\/2024\/03\/Seminarium-PTE-8.03.2024-212x300.jpg 212w, https:\/\/www.academia-electronica.net\/wp-content\/uploads\/2024\/03\/Seminarium-PTE-8.03.2024-724x1024.jpg 724w, https:\/\/www.academia-electronica.net\/wp-content\/uploads\/2024\/03\/Seminarium-PTE-8.03.2024-768x1086.jpg 768w, https:\/\/www.academia-electronica.net\/wp-content\/uploads\/2024\/03\/Seminarium-PTE-8.03.2024-1086x1536.jpg 1086w, https:\/\/www.academia-electronica.net\/wp-content\/uploads\/2024\/03\/Seminarium-PTE-8.03.2024.jpg 1448w\" sizes=\"(max-width: 212px) 100vw, 212px\" \/><\/a><\/td>\n<td style=\"width: 95.0709%; height: 105px;\"><\/td>\n<\/tr>\n<tr style=\"height: 24px;\">\n<td style=\"width: 24.8387%; height: 24px;\">Organizator:<\/td>\n<td style=\"width: 95.0709%; height: 24px; text-align: justify;\"><a href=\"https:\/\/pte.uj.edu.pl\/\">Polskie Towarzystwo Estetyczne <\/a>i Academia Electronica w Spatial; w ramach mi\u0119dzynarodowego projektu \u201cHorizon\u201d<em> \u2013 <a href=\"https:\/\/www.caphe.space\/\" target=\"_blank\" rel=\"noopener\">The Communities and Artistic Participation in Hybrid Environments<\/a><\/em> (CAPHE)<\/td>\n<\/tr>\n<tr style=\"height: 63px;\">\n<td style=\"width: 24.8387%; height: 63px;\">Tytu\u0142:<\/td>\n<td style=\"width: 95.0709%; height: 63px; text-align: justify;\">Cykl seminari\u00f3w organizowanych przez <a href=\"https:\/\/pte.uj.edu.pl\/\" target=\"_blank\" rel=\"noopener\">Polskie Towarzystwo Estetyczne<\/a>, pod wsp\u00f3lnym tytu\u0142em <em>Do\u015bwiadczenie estetyczne w czasach Czwartej Rewolucji Przemys\u0142owej <\/em><\/td>\n<\/tr>\n<tr style=\"height: 24px;\">\n<td style=\"width: 24.8387%; height: 24px;\">Termin\/miejsce:<\/td>\n<td style=\"width: 95.0709%; height: 24px;\">8.03.2024 &#8211; Instytut Filozofii Uniwersytetu \u0141\u00f3dzkiego i Academia Electronica w Spatial<\/td>\n<\/tr>\n<tr style=\"height: 48px;\">\n<td style=\"width: 24.8387%; height: 22px;\">Prelegenci:<\/td>\n<td style=\"width: 95.0709%; height: 22px;\">dr hab. Wioletta Kazimierska-Jerzyk &#8211; <em>Co to znaczy, \u017ce do\u015bwiadczenie estetyczne si\u0119 zmienia?<\/em><\/p>\n<p>dr hab. Aleksandra \u0141ukaszewicz &#8211; Proces wirtualizacji <em>Street Artu: QR graffiti, sztuka w rozszerzonej rzeczywisto\u015bci w przestrzeni publicznej i graffiti tworzone w VR<\/em><\/p>\n<p>mgr Aleksandra Dudek &#8211; Muzeum Street Artu w formie hybrydowej<\/p>\n<p>dr Bogna J. Gladden-Obidzi\u0144ska &#8211; <em>Statek Tezeusza AR \/ XR a ochrona zabytk\u00f3w architektury<\/em><\/p>\n<p>Anita B\u0142a\u017cejewska &#8211;\u00a0<em>Odbiorca Street Artu w dobie wirtualizacji &#8211; przypadek NFT<\/em><\/p>\n<p>dr Adam Drozdowski &#8211; <em>\u0141\u00f3dzkie murale jako element cyfrowego uniwersum z projektu &#8220;Przyjazne Miasto&#8221;<\/em><\/p>\n<p>Adam Leszczy\u0144ski &#8211; <em>Street Art &#8211; cyfryzacja do\u015bwiadcze\u0144<\/em><\/td>\n<\/tr>\n<tr style=\"height: 24px;\">\n<td style=\"width: 24.8387%; height: 24px;\">Tytu\u0142 seminarium:<\/td>\n<td style=\"width: 95.0709%; height: 24px; text-align: justify;\"><em>Wirtualizacja Street Artu i jej estetyczne konsekwencje<\/em><\/td>\n<\/tr>\n<tr style=\"height: 31px;\">\n<td style=\"width: 24.8387%; height: 21px;\">Film:<\/td>\n<td style=\"width: 95.0709%; height: 21px; text-align: center;\"><\/td>\n<\/tr>\n<tr style=\"height: 24px;\">\n<td style=\"width: 24.8387%; height: 24px;\">Nagranie audio:<\/td>\n<td style=\"width: 95.0709%; text-align: justify; height: 24px;\"><\/td>\n<\/tr>\n<tr style=\"height: 24px;\">\n<td style=\"width: 24.8387%; height: 24px;\">Linki:<\/td>\n<td style=\"width: 95.0709%; text-align: justify; height: 24px;\"><\/td>\n<\/tr>\n<tr style=\"height: 24px;\">\n<td style=\"width: 24.8387%; height: 24px;\">Prezentacja:<\/td>\n<td style=\"width: 95.0709%; text-align: center; height: 24px;\"><\/td>\n<\/tr>\n<tr style=\"height: 24px;\">\n<td style=\"width: 24.8387%; height: 24px;\">Zdj\u0119cia:<\/td>\n<td style=\"width: 95.0709%; text-align: center; height: 24px;\"><\/td>\n<\/tr>\n<\/tbody>\n<\/table>\n<p><a href=\"https:\/\/www.academia-electronica.net\/?page_id=551\">Powr\u00f3t<\/a><\/p>\n","protected":false},"excerpt":{"rendered":"<p>&nbsp; Wyk\u0142ad: Semianrium Organizator: Polskie Towarzystwo Estetyczne i Academia Electronica w Spatial; w ramach mi\u0119dzynarodowego projektu \u201cHorizon\u201d \u2013 The Communities and Artistic Participation in Hybrid Environments (CAPHE) Tytu\u0142: Cykl seminari\u00f3w organizowanych przez Polskie Towarzystwo Estetyczne, pod wsp\u00f3lnym tytu\u0142em Do\u015bwiadczenie estetyczne&hellip; <\/p>\n","protected":false},"author":3,"featured_media":0,"parent":0,"menu_order":0,"comment_status":"closed","ping_status":"closed","template":"","meta":[],"_links":{"self":[{"href":"https:\/\/www.academia-electronica.net\/index.php?rest_route=\/wp\/v2\/pages\/1474"}],"collection":[{"href":"https:\/\/www.academia-electronica.net\/index.php?rest_route=\/wp\/v2\/pages"}],"about":[{"href":"https:\/\/www.academia-electronica.net\/index.php?rest_route=\/wp\/v2\/types\/page"}],"author":[{"embeddable":true,"href":"https:\/\/www.academia-electronica.net\/index.php?rest_route=\/wp\/v2\/users\/3"}],"replies":[{"embeddable":true,"href":"https:\/\/www.academia-electronica.net\/index.php?rest_route=%2Fwp%2Fv2%2Fcomments&post=1474"}],"version-history":[{"count":1,"href":"https:\/\/www.academia-electronica.net\/index.php?rest_route=\/wp\/v2\/pages\/1474\/revisions"}],"predecessor-version":[{"id":1475,"href":"https:\/\/www.academia-electronica.net\/index.php?rest_route=\/wp\/v2\/pages\/1474\/revisions\/1475"}],"wp:attachment":[{"href":"https:\/\/www.academia-electronica.net\/index.php?rest_route=%2Fwp%2Fv2%2Fmedia&parent=1474"}],"curies":[{"name":"wp","href":"https:\/\/api.w.org\/{rel}","templated":true}]}}