{"id":1575,"date":"2024-04-04T11:32:22","date_gmt":"2024-04-04T11:32:22","guid":{"rendered":"https:\/\/www.academia-electronica.net\/?page_id=1575"},"modified":"2024-04-04T11:35:16","modified_gmt":"2024-04-04T11:35:16","slug":"laboratorium-percepcji-teatr-im-jerzego-grotowskiego","status":"publish","type":"page","link":"https:\/\/www.academia-electronica.net\/?page_id=1575","title":{"rendered":"Laboratorium percepcji &#8211; Teatr im. Jerzego Grotowskiego"},"content":{"rendered":"<p>&nbsp;<\/p>\n<table style=\"width: 120.232%; height: 403px;\">\n<tbody>\n<tr style=\"height: 24px;\">\n<td style=\"width: 24.8387%; height: 24px;\">Wyk\u0142ad:<\/td>\n<td style=\"width: 95.0709%; height: 24px;\">Semianrium<\/td>\n<\/tr>\n<tr style=\"height: 129px;\">\n<td style=\"text-align: center; width: 24.8387%; height: 105px;\"><img loading=\"lazy\" class=\"alignnone size-medium wp-image-1572\" src=\"http:\/\/www.academia-electronica.net\/wp-content\/uploads\/2024\/04\/2024-04-04-at-13-06-45-Laboratorium-percepcji-\u2013-Instytut-im.-Jerzego-Grotowskiego.jpeg-300x108.png\" alt=\"\" width=\"300\" height=\"108\" srcset=\"https:\/\/www.academia-electronica.net\/wp-content\/uploads\/2024\/04\/2024-04-04-at-13-06-45-Laboratorium-percepcji-\u2013-Instytut-im.-Jerzego-Grotowskiego.jpeg-300x108.png 300w, https:\/\/www.academia-electronica.net\/wp-content\/uploads\/2024\/04\/2024-04-04-at-13-06-45-Laboratorium-percepcji-\u2013-Instytut-im.-Jerzego-Grotowskiego.jpeg-768x277.png 768w, https:\/\/www.academia-electronica.net\/wp-content\/uploads\/2024\/04\/2024-04-04-at-13-06-45-Laboratorium-percepcji-\u2013-Instytut-im.-Jerzego-Grotowskiego.jpeg.png 805w\" sizes=\"(max-width: 300px) 100vw, 300px\" \/><\/td>\n<td style=\"width: 95.0709%; height: 105px;\"><\/td>\n<\/tr>\n<tr style=\"height: 24px;\">\n<td style=\"width: 24.8387%; height: 24px;\">Organizator:<\/td>\n<td style=\"width: 95.0709%; height: 24px; text-align: justify;\"><a href=\"https:\/\/grotowski-institute.pl\/\" target=\"_blank\" rel=\"noopener\">Instytut im. Jerzego Grotowskiego we Wroc\u0142awiu<\/a> i <a href=\"https:\/\/www.intermedia.asp.krakow.pl\/\" target=\"_blank\" rel=\"noopener\">Wydzia\u0142 Intermedi\u00f3w Akademii Sztuk Pi\u0119knych w Krakowie<\/a><\/td>\n<\/tr>\n<tr style=\"height: 63px;\">\n<td style=\"width: 24.8387%; height: 63px;\">Tytu\u0142:<\/td>\n<td style=\"width: 95.0709%; height: 63px; text-align: justify;\">Cykl seminari\u00f3w zorganizowanych pod wsp\u00f3lnym tytu\u0142em <em>Laboratorium percepcji <\/em>przez Pracowni\u0119 Sztuki Performance Wydzia\u0142u Intermedi\u00f3w Akademii Sztuk Pi\u0119knych, im. Jana Matejki w Krakowie<em><br \/>\n<\/em><\/td>\n<\/tr>\n<tr style=\"height: 24px;\">\n<td style=\"width: 24.8387%; height: 24px;\">Termin\/miejsce:<\/td>\n<td style=\"width: 95.0709%; height: 24px;\">16.03.2024 &#8211; Instytut im. Jerzego Grotowskiego we Wroc\u0142awiu i Academia Electronica w Spatial<\/td>\n<\/tr>\n<tr style=\"height: 48px;\">\n<td style=\"width: 24.8387%; height: 22px;\">Prelegenci:<\/td>\n<td style=\"width: 95.0709%; height: 22px;\">Sidey Myoo<\/td>\n<\/tr>\n<tr style=\"height: 24px;\">\n<td style=\"width: 24.8387%; height: 24px;\">Tytu\u0142 seminarium:<\/td>\n<td style=\"width: 95.0709%; height: 24px; text-align: justify;\"><\/td>\n<\/tr>\n<tr style=\"height: 31px;\">\n<td style=\"width: 24.8387%; height: 21px;\">Film:<\/td>\n<td style=\"width: 95.0709%; height: 21px; text-align: center;\"><\/td>\n<\/tr>\n<tr style=\"height: 24px;\">\n<td style=\"width: 24.8387%; height: 24px;\">Nagranie audio:<\/td>\n<td style=\"width: 95.0709%; text-align: justify; height: 24px;\"><\/td>\n<\/tr>\n<tr style=\"height: 24px;\">\n<td style=\"width: 24.8387%; height: 24px;\">Linki:<\/td>\n<td style=\"width: 95.0709%; text-align: justify; height: 24px;\"><\/td>\n<\/tr>\n<tr style=\"height: 24px;\">\n<td style=\"width: 24.8387%; height: 24px;\">Prezentacja:<\/td>\n<td style=\"width: 95.0709%; text-align: center; height: 24px;\"><\/td>\n<\/tr>\n<tr style=\"height: 24px;\">\n<td style=\"width: 24.8387%; height: 24px;\">Zdj\u0119cia:<\/td>\n<td style=\"width: 95.0709%; text-align: center; height: 24px;\"><\/td>\n<\/tr>\n<\/tbody>\n<\/table>\n<p><a href=\"https:\/\/www.academia-electronica.net\/?page_id=551\">Powr\u00f3t<\/a><\/p>\n","protected":false},"excerpt":{"rendered":"<p>&nbsp; Wyk\u0142ad: Semianrium Organizator: Instytut im. Jerzego Grotowskiego we Wroc\u0142awiu i Wydzia\u0142 Intermedi\u00f3w Akademii Sztuk Pi\u0119knych w Krakowie Tytu\u0142: Cykl seminari\u00f3w zorganizowanych pod wsp\u00f3lnym tytu\u0142em Laboratorium percepcji przez Pracowni\u0119 Sztuki Performance Wydzia\u0142u Intermedi\u00f3w Akademii Sztuk Pi\u0119knych, im. Jana Matejki w&hellip; <\/p>\n","protected":false},"author":3,"featured_media":0,"parent":0,"menu_order":0,"comment_status":"closed","ping_status":"closed","template":"","meta":[],"_links":{"self":[{"href":"https:\/\/www.academia-electronica.net\/index.php?rest_route=\/wp\/v2\/pages\/1575"}],"collection":[{"href":"https:\/\/www.academia-electronica.net\/index.php?rest_route=\/wp\/v2\/pages"}],"about":[{"href":"https:\/\/www.academia-electronica.net\/index.php?rest_route=\/wp\/v2\/types\/page"}],"author":[{"embeddable":true,"href":"https:\/\/www.academia-electronica.net\/index.php?rest_route=\/wp\/v2\/users\/3"}],"replies":[{"embeddable":true,"href":"https:\/\/www.academia-electronica.net\/index.php?rest_route=%2Fwp%2Fv2%2Fcomments&post=1575"}],"version-history":[{"count":2,"href":"https:\/\/www.academia-electronica.net\/index.php?rest_route=\/wp\/v2\/pages\/1575\/revisions"}],"predecessor-version":[{"id":1579,"href":"https:\/\/www.academia-electronica.net\/index.php?rest_route=\/wp\/v2\/pages\/1575\/revisions\/1579"}],"wp:attachment":[{"href":"https:\/\/www.academia-electronica.net\/index.php?rest_route=%2Fwp%2Fv2%2Fmedia&parent=1575"}],"curies":[{"name":"wp","href":"https:\/\/api.w.org\/{rel}","templated":true}]}}