{"id":1615,"date":"2024-05-17T13:21:35","date_gmt":"2024-05-17T13:21:35","guid":{"rendered":"https:\/\/www.academia-electronica.net\/?page_id=1615"},"modified":"2024-05-17T13:35:26","modified_gmt":"2024-05-17T13:35:26","slug":"sidey-myoo-sensory-art-enhancing-artistic-experience-in-hybrid-environments","status":"publish","type":"page","link":"https:\/\/www.academia-electronica.net\/?page_id=1615","title":{"rendered":"Sidey Myoo &#8211; Sensory Art: \u201eEnhancing Artistic Experience in Hybrid Environments\u201d"},"content":{"rendered":"<table style=\"width: 120.232%; height: 403px;\">\n<tbody>\n<tr style=\"height: 24px;\">\n<td style=\"width: 24.8387%; height: 24px;\">Wyk\u0142ad:<\/td>\n<td style=\"width: 95.0709%; height: 24px;\">Wyst\u0105pienie konferencyjne<\/td>\n<\/tr>\n<tr style=\"height: 129px;\">\n<td style=\"text-align: center; width: 24.8387%; height: 105px;\"><a href=\"http:\/\/www.academia-electronica.net\/wp-content\/uploads\/2024\/05\/Program-konferencji-La-Spezia-2024.jpg\"><img loading=\"lazy\" class=\"alignnone wp-image-1626 size-medium\" src=\"http:\/\/www.academia-electronica.net\/wp-content\/uploads\/2024\/05\/Program-konferencji-La-Spezia-2024-211x300.jpg\" alt=\"\" width=\"211\" height=\"300\" srcset=\"https:\/\/www.academia-electronica.net\/wp-content\/uploads\/2024\/05\/Program-konferencji-La-Spezia-2024-211x300.jpg 211w, https:\/\/www.academia-electronica.net\/wp-content\/uploads\/2024\/05\/Program-konferencji-La-Spezia-2024.jpg 507w\" sizes=\"(max-width: 211px) 100vw, 211px\" \/><\/a><\/td>\n<td style=\"width: 95.0709%; height: 105px;\"><\/td>\n<\/tr>\n<tr style=\"height: 24px;\">\n<td style=\"width: 24.8387%; height: 24px;\">Organizator:<\/td>\n<td style=\"width: 95.0709%; height: 24px; text-align: justify;\">Conservatorio Giacomo Puccini La Spezia, W\u0142ochy, w ramach mi\u0119dzynarodowego grantu \u201cHorizon\u201d Communities and Artistic Participation in Hybrid Environment (CAPHE) HORIZON-MSCA-2021-SE-01<\/td>\n<\/tr>\n<tr style=\"height: 63px;\">\n<td style=\"width: 24.8387%; height: 63px;\">Tytu\u0142:<\/td>\n<td style=\"width: 95.0709%; height: 63px; text-align: justify;\"><em>Sensory Art, Udzia\u0142 w mi\u0119dzynarodowej konferencji \u201eEnhancing Artistic Experience in Hybrid Environments\u201d<\/em><\/td>\n<\/tr>\n<tr style=\"height: 24px;\">\n<td style=\"width: 24.8387%; height: 24px;\">Termin\/miejsce:<\/td>\n<td style=\"width: 95.0709%; height: 24px;\">17.05.2024 &#8211; Conservatorio Giacomo Puccini La Spezia, W\u0142ochy &amp; Academia Electronica w Spatial<\/td>\n<\/tr>\n<tr style=\"height: 48px;\">\n<td style=\"width: 24.8387%; height: 22px;\">Prelegenci:<\/td>\n<td style=\"width: 95.0709%; height: 22px;\">Sidey Myoo<\/td>\n<\/tr>\n<tr style=\"height: 24px;\">\n<td style=\"width: 24.8387%; height: 24px;\">Tytu\u0142 konferencji:<\/td>\n<td style=\"width: 95.0709%; height: 24px; text-align: justify;\">Enhancing Artistic Experience in Hybrid Environments<\/td>\n<\/tr>\n<tr style=\"height: 31px;\">\n<td style=\"width: 24.8387%; height: 21px;\">Film:<\/td>\n<td style=\"width: 95.0709%; height: 21px; text-align: center;\"><\/td>\n<\/tr>\n<tr style=\"height: 24px;\">\n<td style=\"width: 24.8387%; height: 24px;\">Nagranie audio:<\/td>\n<td style=\"width: 95.0709%; text-align: justify; height: 24px;\"><\/td>\n<\/tr>\n<tr style=\"height: 24px;\">\n<td style=\"width: 24.8387%; height: 24px;\">Program:<\/td>\n<td style=\"width: 95.0709%; text-align: justify; height: 24px;\"><a href=\"http:\/\/www.academia-electronica.net\/wp-content\/uploads\/2024\/05\/BoA-2024-La-Spezia.pdf\" target=\"_blank\" rel=\"noopener\">Enhancing Artistic Experience in Hybrid Environments &#8211; 2024 La Spezia<\/a><\/td>\n<\/tr>\n<tr style=\"height: 24px;\">\n<td style=\"width: 24.8387%; height: 24px;\">Prezentacja:<\/td>\n<td style=\"width: 95.0709%; text-align: center; height: 24px;\"><\/td>\n<\/tr>\n<tr style=\"height: 24px;\">\n<td style=\"width: 24.8387%; height: 24px;\">Zdj\u0119cia:<\/td>\n<td style=\"width: 95.0709%; text-align: center; height: 24px;\"><\/td>\n<\/tr>\n<\/tbody>\n<\/table>\n<p><a href=\"https:\/\/www.academia-electronica.net\/?page_id=551\">Powr\u00f3t<\/a><\/p>\n","protected":false},"excerpt":{"rendered":"<p>Wyk\u0142ad: Wyst\u0105pienie konferencyjne Organizator: Conservatorio Giacomo Puccini La Spezia, W\u0142ochy, w ramach mi\u0119dzynarodowego grantu \u201cHorizon\u201d Communities and Artistic Participation in Hybrid Environment (CAPHE) HORIZON-MSCA-2021-SE-01 Tytu\u0142: Sensory Art, Udzia\u0142 w mi\u0119dzynarodowej konferencji \u201eEnhancing Artistic Experience in Hybrid Environments\u201d Termin\/miejsce: 17.05.2024 &#8211;&hellip; <\/p>\n","protected":false},"author":3,"featured_media":0,"parent":0,"menu_order":0,"comment_status":"closed","ping_status":"closed","template":"","meta":[],"_links":{"self":[{"href":"https:\/\/www.academia-electronica.net\/index.php?rest_route=\/wp\/v2\/pages\/1615"}],"collection":[{"href":"https:\/\/www.academia-electronica.net\/index.php?rest_route=\/wp\/v2\/pages"}],"about":[{"href":"https:\/\/www.academia-electronica.net\/index.php?rest_route=\/wp\/v2\/types\/page"}],"author":[{"embeddable":true,"href":"https:\/\/www.academia-electronica.net\/index.php?rest_route=\/wp\/v2\/users\/3"}],"replies":[{"embeddable":true,"href":"https:\/\/www.academia-electronica.net\/index.php?rest_route=%2Fwp%2Fv2%2Fcomments&post=1615"}],"version-history":[{"count":7,"href":"https:\/\/www.academia-electronica.net\/index.php?rest_route=\/wp\/v2\/pages\/1615\/revisions"}],"predecessor-version":[{"id":1627,"href":"https:\/\/www.academia-electronica.net\/index.php?rest_route=\/wp\/v2\/pages\/1615\/revisions\/1627"}],"wp:attachment":[{"href":"https:\/\/www.academia-electronica.net\/index.php?rest_route=%2Fwp%2Fv2%2Fmedia&parent=1615"}],"curies":[{"name":"wp","href":"https:\/\/api.w.org\/{rel}","templated":true}]}}