{"id":1636,"date":"2024-05-26T12:44:04","date_gmt":"2024-05-26T12:44:04","guid":{"rendered":"https:\/\/www.academia-electronica.net\/?page_id=1636"},"modified":"2024-05-26T12:51:56","modified_gmt":"2024-05-26T12:51:56","slug":"letnia-akademia-vr","status":"publish","type":"page","link":"https:\/\/www.academia-electronica.net\/?page_id=1636","title":{"rendered":"Letnia Akademia VR"},"content":{"rendered":"<table style=\"width: 100%; height: 368px;\">\n<tbody>\n<tr style=\"height: 24px;\">\n<td style=\"width: 26.1654%; height: 24px;\">Wyk\u0142ad:<\/td>\n<td style=\"width: 73.512%; height: 24px;\">Wyst\u0105pienia konferencyjne i kongresowe<\/td>\n<\/tr>\n<tr style=\"height: 129px;\">\n<td style=\"text-align: center; width: 26.1654%; height: 105px;\"><a href=\"http:\/\/www.academia-electronica.net\/wp-content\/uploads\/2024\/05\/Letnia-Akademia-VR-2024.jpg\"><img loading=\"lazy\" class=\"alignnone size-medium wp-image-1634\" src=\"http:\/\/www.academia-electronica.net\/wp-content\/uploads\/2024\/05\/Letnia-Akademia-VR-2024-300x169.jpg\" alt=\"\" width=\"300\" height=\"169\" srcset=\"https:\/\/www.academia-electronica.net\/wp-content\/uploads\/2024\/05\/Letnia-Akademia-VR-2024-300x169.jpg 300w, https:\/\/www.academia-electronica.net\/wp-content\/uploads\/2024\/05\/Letnia-Akademia-VR-2024-1024x576.jpg 1024w, https:\/\/www.academia-electronica.net\/wp-content\/uploads\/2024\/05\/Letnia-Akademia-VR-2024-768x432.jpg 768w, https:\/\/www.academia-electronica.net\/wp-content\/uploads\/2024\/05\/Letnia-Akademia-VR-2024.jpg 1280w\" sizes=\"(max-width: 300px) 100vw, 300px\" \/><\/a><\/td>\n<td style=\"width: 73.512%; height: 105px;\"><\/td>\n<\/tr>\n<tr style=\"height: 24px;\">\n<td style=\"width: 26.1654%; height: 24px;\">Organizator:<\/td>\n<td style=\"width: 73.512%; height: 24px; text-align: justify;\"><span class=\"C9DxTc \">Wydarzenie zorganizowane zosta\u0142o przez <a href=\"https:\/\/www.eduvrlab.agh.edu.pl\/\" target=\"_blank\" rel=\"noopener\">Laboratorium EduVRLab &#8211; Wydzia\u0142 Humanistyczny AGH<\/a> we wsp\u00f3\u0142pracy z Academia Electronica. Komitet Organizacyjny tworzy\u0142y osoby studiuj\u0105ce i pracuj\u0105ce na uniwersytetach w ca\u0142ej Polsce. Tw\u00f3rcami i kieruj\u0105cymi Letni\u0105 Akademi\u0105 VR byli: mgr Jan Walig\u00f3rski (RL) | Erytropoetyn (VR) i mgr in\u017c. Maciej Pronkiewicz. (RL) | Prospector (VR) Projekt Wirtualium jest finansowany ze \u015brodk\u00f3w Wydzia\u0142u Humanistycznego AGH.<\/span><\/td>\n<\/tr>\n<tr style=\"height: 63px;\">\n<td style=\"width: 26.1654%; height: 28px;\">Tytu\u0142:<\/td>\n<td style=\"width: 73.512%; height: 28px;\"><a href=\"https:\/\/www.wirtualium.agh.edu.pl\/LAVR\" target=\"_blank\" rel=\"noopener\">Letnia Akademia VR<\/a><\/td>\n<\/tr>\n<tr style=\"height: 24px;\">\n<td style=\"width: 26.1654%; height: 24px;\">Termin\/miejsce:<\/td>\n<td style=\"width: 73.512%; height: 24px;\">24.05.2024 &#8211; Wydzia\u0142 Humanistyczny Akademii G\u00f3rniczo-Hutniczej i Academia Electronica<\/td>\n<\/tr>\n<tr style=\"height: 48px;\">\n<td style=\"width: 26.1654%; height: 22px;\">Prelegent:<\/td>\n<td style=\"width: 73.512%; height: 22px;\">Sidey Myoo &amp; Neutrinka Lisle<\/td>\n<\/tr>\n<tr style=\"height: 24px;\">\n<td style=\"width: 26.1654%; height: 24px;\">Tytu\u0142 wyst\u0105pienia:<\/td>\n<td style=\"width: 73.512%; height: 24px; text-align: justify;\">VR ART i Galeria Bezdomna<\/td>\n<\/tr>\n<tr style=\"height: 31px;\">\n<td style=\"width: 26.1654%; height: 21px;\">Film:<\/td>\n<td style=\"width: 73.512%; height: 21px; text-align: center;\"><\/td>\n<\/tr>\n<tr style=\"height: 24px;\">\n<td style=\"width: 26.1654%; height: 24px;\">Artyku\u0142:<\/td>\n<td style=\"width: 73.512%; text-align: justify; height: 24px;\">\n<div><a href=\"http:\/\/www.academia-electronica.net\/wp-content\/uploads\/2024\/05\/Neutrinka-Lisle-Letnia-Academia-VR.pdf\">Neutrinka Lisle &#8211; Letnia Academia VR<\/a><\/div>\n<\/td>\n<\/tr>\n<tr style=\"height: 24px;\">\n<td style=\"width: 26.1654%; height: 24px;\">Linki:<\/td>\n<td style=\"width: 73.512%; text-align: justify; height: 24px;\"><\/td>\n<\/tr>\n<tr style=\"height: 24px;\">\n<td style=\"width: 26.1654%; height: 24px;\">Archiwum:<\/td>\n<td style=\"width: 73.512%; text-align: center; height: 24px;\"><\/td>\n<\/tr>\n<tr style=\"height: 24px;\">\n<td style=\"width: 26.1654%; height: 24px;\">Zdj\u0119cia:<\/td>\n<td style=\"width: 73.512%; text-align: center; height: 24px;\"><\/td>\n<\/tr>\n<\/tbody>\n<\/table>\n<p><a href=\"https:\/\/www.academia-electronica.net\/?page_id=551\">Powr\u00f3t<\/a><\/p>\n","protected":false},"excerpt":{"rendered":"<p>Wyk\u0142ad: Wyst\u0105pienia konferencyjne i kongresowe Organizator: Wydarzenie zorganizowane zosta\u0142o przez Laboratorium EduVRLab &#8211; Wydzia\u0142 Humanistyczny AGH we wsp\u00f3\u0142pracy z Academia Electronica. Komitet Organizacyjny tworzy\u0142y osoby studiuj\u0105ce i pracuj\u0105ce na uniwersytetach w ca\u0142ej Polsce. Tw\u00f3rcami i kieruj\u0105cymi Letni\u0105 Akademi\u0105 VR byli:&hellip; <\/p>\n","protected":false},"author":3,"featured_media":0,"parent":0,"menu_order":0,"comment_status":"closed","ping_status":"closed","template":"","meta":[],"_links":{"self":[{"href":"https:\/\/www.academia-electronica.net\/index.php?rest_route=\/wp\/v2\/pages\/1636"}],"collection":[{"href":"https:\/\/www.academia-electronica.net\/index.php?rest_route=\/wp\/v2\/pages"}],"about":[{"href":"https:\/\/www.academia-electronica.net\/index.php?rest_route=\/wp\/v2\/types\/page"}],"author":[{"embeddable":true,"href":"https:\/\/www.academia-electronica.net\/index.php?rest_route=\/wp\/v2\/users\/3"}],"replies":[{"embeddable":true,"href":"https:\/\/www.academia-electronica.net\/index.php?rest_route=%2Fwp%2Fv2%2Fcomments&post=1636"}],"version-history":[{"count":4,"href":"https:\/\/www.academia-electronica.net\/index.php?rest_route=\/wp\/v2\/pages\/1636\/revisions"}],"predecessor-version":[{"id":1643,"href":"https:\/\/www.academia-electronica.net\/index.php?rest_route=\/wp\/v2\/pages\/1636\/revisions\/1643"}],"wp:attachment":[{"href":"https:\/\/www.academia-electronica.net\/index.php?rest_route=%2Fwp%2Fv2%2Fmedia&parent=1636"}],"curies":[{"name":"wp","href":"https:\/\/api.w.org\/{rel}","templated":true}]}}