{"id":172,"date":"2022-02-28T11:45:17","date_gmt":"2022-02-28T11:45:17","guid":{"rendered":"https:\/\/www.academia-electronica.net\/?page_id=172"},"modified":"2022-02-28T12:01:05","modified_gmt":"2022-02-28T12:01:05","slug":"kalendarz-prac-serwisowych-second-life","status":"publish","type":"page","link":"https:\/\/www.academia-electronica.net\/?page_id=172","title":{"rendered":"Kalendarz prac serwisowych Second Life"},"content":{"rendered":"\n<p class=\"has-text-align-center\">Terminy podane w poni\u017cszym kalendarzu s\u0105 orientacyjne. Rzeczywiste godziny rozpocz\u0119cia prac serwisowych (wg czasu pacyficznego) oraz informacje o problemach mo\u017cna znale\u017a\u0107 na stronie:<br><a rel=\"noreferrer noopener\" href=\"https:\/\/status.secondlifegrid.net\/\" data-type=\"URL\" data-id=\"https:\/\/status.secondlifegrid.net\/\" target=\"_blank\">Second Life status<\/a><\/p>\n\n\n<p><iframe loading=\"lazy\" style=\"border: solid 1px #777;\" src=\"https:\/\/calendar.google.com\/calendar\/embed?showTitle=0&amp;showPrint=0&amp;showTabs=0&amp;showCalendars=0&amp;mode=AGENDA&amp;height=480&amp;wkst=2&amp;bgcolor=%2333ff33&amp;src=r77nmrp61l82ee2pjhgudoejok%40group.calendar.google.com&amp;ctz=Europe%2FWarsaw\" scrolling=\"no\" width=\"640\" height=\"480\" frameborder=\"0\"><\/iframe><\/p>","protected":false},"excerpt":{"rendered":"<p>Terminy podane w poni\u017cszym kalendarzu s\u0105 orientacyjne. Rzeczywiste godziny rozpocz\u0119cia prac serwisowych (wg czasu pacyficznego) oraz informacje o problemach mo\u017cna znale\u017a\u0107 na stronie:Second Life status<\/p>\n","protected":false},"author":1,"featured_media":0,"parent":0,"menu_order":0,"comment_status":"closed","ping_status":"closed","template":"","meta":[],"_links":{"self":[{"href":"https:\/\/www.academia-electronica.net\/index.php?rest_route=\/wp\/v2\/pages\/172"}],"collection":[{"href":"https:\/\/www.academia-electronica.net\/index.php?rest_route=\/wp\/v2\/pages"}],"about":[{"href":"https:\/\/www.academia-electronica.net\/index.php?rest_route=\/wp\/v2\/types\/page"}],"author":[{"embeddable":true,"href":"https:\/\/www.academia-electronica.net\/index.php?rest_route=\/wp\/v2\/users\/1"}],"replies":[{"embeddable":true,"href":"https:\/\/www.academia-electronica.net\/index.php?rest_route=%2Fwp%2Fv2%2Fcomments&post=172"}],"version-history":[{"count":6,"href":"https:\/\/www.academia-electronica.net\/index.php?rest_route=\/wp\/v2\/pages\/172\/revisions"}],"predecessor-version":[{"id":182,"href":"https:\/\/www.academia-electronica.net\/index.php?rest_route=\/wp\/v2\/pages\/172\/revisions\/182"}],"wp:attachment":[{"href":"https:\/\/www.academia-electronica.net\/index.php?rest_route=%2Fwp%2Fv2%2Fmedia&parent=172"}],"curies":[{"name":"wp","href":"https:\/\/api.w.org\/{rel}","templated":true}]}}