{"id":1770,"date":"2024-07-07T12:34:58","date_gmt":"2024-07-07T12:34:58","guid":{"rendered":"https:\/\/www.academia-electronica.net\/?page_id=1770"},"modified":"2024-07-07T12:42:04","modified_gmt":"2024-07-07T12:42:04","slug":"uniwersytet-pomiedzy-paragrafami-pint24","status":"publish","type":"page","link":"https:\/\/www.academia-electronica.net\/?page_id=1770","title":{"rendered":"Uniwersytet pomi\u0119dzy paragrafami &#8211; PiNT24"},"content":{"rendered":"<p>&nbsp;<\/p>\n<table style=\"width: 120.232%; height: 403px;\">\n<tbody>\n<tr style=\"height: 24px;\">\n<td style=\"width: 24.8387%; height: 24px;\">Wyk\u0142ad:<\/td>\n<td style=\"width: 95.0709%; height: 24px;\">Wyst\u0105pienie konferencyjne<\/td>\n<\/tr>\n<tr style=\"height: 129px;\">\n<td style=\"text-align: center; width: 24.8387%; height: 105px;\"><a href=\"http:\/\/www.academia-electronica.net\/wp-content\/uploads\/2024\/07\/PiNT24-plakat.jpg\"><img loading=\"lazy\" class=\"alignnone size-medium wp-image-1768\" src=\"http:\/\/www.academia-electronica.net\/wp-content\/uploads\/2024\/07\/PiNT24-plakat-300x169.jpg\" alt=\"\" width=\"300\" height=\"169\" srcset=\"https:\/\/www.academia-electronica.net\/wp-content\/uploads\/2024\/07\/PiNT24-plakat-300x169.jpg 300w, https:\/\/www.academia-electronica.net\/wp-content\/uploads\/2024\/07\/PiNT24-plakat-1024x576.jpg 1024w, https:\/\/www.academia-electronica.net\/wp-content\/uploads\/2024\/07\/PiNT24-plakat-768x432.jpg 768w, https:\/\/www.academia-electronica.net\/wp-content\/uploads\/2024\/07\/PiNT24-plakat.jpg 1280w\" sizes=\"(max-width: 300px) 100vw, 300px\" \/><\/a><\/td>\n<td style=\"width: 95.0709%; height: 105px;\"><\/td>\n<\/tr>\n<tr style=\"height: 24px;\">\n<td style=\"width: 24.8387%; height: 24px;\">Organizator:<\/td>\n<td style=\"width: 95.0709%; height: 24px; text-align: justify;\"><a href=\"https:\/\/pint24.oirp.krakow.pl\/\" target=\"_blank\" rel=\"noopener\">Okr\u0119gowa Izba Radc\u00f3w Prawnych w Krakowie<\/a><\/td>\n<\/tr>\n<tr style=\"height: 63px;\">\n<td style=\"width: 24.8387%; height: 63px;\">Tytu\u0142:<\/td>\n<td style=\"width: 95.0709%; height: 63px; text-align: justify;\"><em>Konferencja PiNT24 &#8211; Prawo i Nowe Technologie<\/em><\/td>\n<\/tr>\n<tr style=\"height: 24px;\">\n<td style=\"width: 24.8387%; height: 24px;\">Termin\/miejsce:<\/td>\n<td style=\"width: 95.0709%; height: 24px; text-align: justify;\">28-29.06.2024 &#8211; Kino Kij\u00f3w w Krakowie oraz Academia Electronica w Second Life i w Spatial.<\/td>\n<\/tr>\n<tr style=\"height: 48px;\">\n<td style=\"width: 24.8387%; height: 22px;\">Prelegenci:<\/td>\n<td style=\"width: 95.0709%; height: 22px;\">\n<p style=\"text-align: justify;\"><a href=\"https:\/\/pint24.oirp.krakow.pl\/agenda\/\" target=\"_blank\" rel=\"noopener\">PiNT24 &#8211; program<\/a><\/p>\n<\/td>\n<\/tr>\n<tr style=\"height: 24px;\">\n<td style=\"width: 24.8387%; height: 24px;\">Tytu\u0142 seminarium:<\/td>\n<td style=\"width: 95.0709%; height: 24px; text-align: justify;\"><\/td>\n<\/tr>\n<tr style=\"height: 31px;\">\n<td style=\"width: 24.8387%; height: 21px;\">Film:<\/td>\n<td style=\"width: 95.0709%; height: 21px; text-align: center;\"><\/td>\n<\/tr>\n<tr style=\"height: 24px;\">\n<td style=\"width: 24.8387%; height: 24px;\">Nagranie audio:<\/td>\n<td style=\"width: 95.0709%; text-align: justify; height: 24px;\"><\/td>\n<\/tr>\n<tr style=\"height: 24px;\">\n<td style=\"width: 24.8387%; height: 24px;\">Linki:<\/td>\n<td style=\"width: 95.0709%; text-align: justify; height: 24px;\"><\/td>\n<\/tr>\n<tr style=\"height: 24px;\">\n<td style=\"width: 24.8387%; height: 24px;\">Prezentacja:<\/td>\n<td style=\"width: 95.0709%; text-align: center; height: 24px;\">\n\t\t<style type=\"text\/css\">\n\t\t\t#gallery-1 {\n\t\t\t\tmargin: auto;\n\t\t\t}\n\t\t\t#gallery-1 .gallery-item {\n\t\t\t\tfloat: left;\n\t\t\t\tmargin-top: 10px;\n\t\t\t\ttext-align: center;\n\t\t\t\twidth: 20%;\n\t\t\t}\n\t\t\t#gallery-1 img {\n\t\t\t\tborder: 2px solid #cfcfcf;\n\t\t\t}\n\t\t\t#gallery-1 .gallery-caption {\n\t\t\t\tmargin-left: 0;\n\t\t\t}\n\t\t\t\/* see gallery_shortcode() in wp-includes\/media.php *\/\n\t\t<\/style>\n\t\t<div id='gallery-1' class='gallery galleryid-1770 gallery-columns-5 gallery-size-thumbnail'><dl class='gallery-item'>\n\t\t\t<dt class='gallery-icon landscape'>\n\t\t\t\t<a href='https:\/\/www.academia-electronica.net\/?attachment_id=1775'><img width=\"150\" height=\"150\" src=\"https:\/\/www.academia-electronica.net\/wp-content\/uploads\/2024\/07\/PiNT-2024-1-150x150.jpg\" class=\"attachment-thumbnail size-thumbnail\" alt=\"\" loading=\"lazy\" srcset=\"https:\/\/www.academia-electronica.net\/wp-content\/uploads\/2024\/07\/PiNT-2024-1-150x150.jpg 150w, https:\/\/www.academia-electronica.net\/wp-content\/uploads\/2024\/07\/PiNT-2024-1-230x230.jpg 230w\" sizes=\"(max-width: 150px) 100vw, 150px\" \/><\/a>\n\t\t\t<\/dt><\/dl><dl class='gallery-item'>\n\t\t\t<dt class='gallery-icon landscape'>\n\t\t\t\t<a href='https:\/\/www.academia-electronica.net\/?attachment_id=1776'><img width=\"150\" height=\"150\" src=\"https:\/\/www.academia-electronica.net\/wp-content\/uploads\/2024\/07\/PiNT-2024-2-150x150.jpg\" class=\"attachment-thumbnail size-thumbnail\" alt=\"\" loading=\"lazy\" srcset=\"https:\/\/www.academia-electronica.net\/wp-content\/uploads\/2024\/07\/PiNT-2024-2-150x150.jpg 150w, https:\/\/www.academia-electronica.net\/wp-content\/uploads\/2024\/07\/PiNT-2024-2-230x230.jpg 230w\" sizes=\"(max-width: 150px) 100vw, 150px\" \/><\/a>\n\t\t\t<\/dt><\/dl><dl class='gallery-item'>\n\t\t\t<dt class='gallery-icon landscape'>\n\t\t\t\t<a href='https:\/\/www.academia-electronica.net\/?attachment_id=1777'><img width=\"150\" height=\"150\" src=\"https:\/\/www.academia-electronica.net\/wp-content\/uploads\/2024\/07\/PiNT-2024-3-150x150.jpg\" class=\"attachment-thumbnail size-thumbnail\" alt=\"\" loading=\"lazy\" srcset=\"https:\/\/www.academia-electronica.net\/wp-content\/uploads\/2024\/07\/PiNT-2024-3-150x150.jpg 150w, https:\/\/www.academia-electronica.net\/wp-content\/uploads\/2024\/07\/PiNT-2024-3-230x230.jpg 230w\" sizes=\"(max-width: 150px) 100vw, 150px\" \/><\/a>\n\t\t\t<\/dt><\/dl><dl class='gallery-item'>\n\t\t\t<dt class='gallery-icon landscape'>\n\t\t\t\t<a href='https:\/\/www.academia-electronica.net\/?attachment_id=1778'><img width=\"150\" height=\"150\" src=\"https:\/\/www.academia-electronica.net\/wp-content\/uploads\/2024\/07\/PiNT-2024-4-150x150.jpg\" class=\"attachment-thumbnail size-thumbnail\" alt=\"\" loading=\"lazy\" srcset=\"https:\/\/www.academia-electronica.net\/wp-content\/uploads\/2024\/07\/PiNT-2024-4-150x150.jpg 150w, https:\/\/www.academia-electronica.net\/wp-content\/uploads\/2024\/07\/PiNT-2024-4-230x230.jpg 230w\" sizes=\"(max-width: 150px) 100vw, 150px\" \/><\/a>\n\t\t\t<\/dt><\/dl><dl class='gallery-item'>\n\t\t\t<dt class='gallery-icon landscape'>\n\t\t\t\t<a href='https:\/\/www.academia-electronica.net\/?attachment_id=1779'><img width=\"150\" height=\"150\" src=\"https:\/\/www.academia-electronica.net\/wp-content\/uploads\/2024\/07\/PiNT-2024-5-150x150.jpg\" class=\"attachment-thumbnail size-thumbnail\" alt=\"\" loading=\"lazy\" srcset=\"https:\/\/www.academia-electronica.net\/wp-content\/uploads\/2024\/07\/PiNT-2024-5-150x150.jpg 150w, https:\/\/www.academia-electronica.net\/wp-content\/uploads\/2024\/07\/PiNT-2024-5-230x230.jpg 230w\" sizes=\"(max-width: 150px) 100vw, 150px\" \/><\/a>\n\t\t\t<\/dt><\/dl><br style=\"clear: both\" \/>\n\t\t<\/div>\n<\/td>\n<\/tr>\n<tr style=\"height: 24px;\">\n<td style=\"width: 24.8387%; height: 24px;\">Zdj\u0119cia:<\/td>\n<td style=\"width: 95.0709%; text-align: center; height: 24px;\"><\/td>\n<\/tr>\n<\/tbody>\n<\/table>\n<p><a href=\"https:\/\/www.academia-electronica.net\/?page_id=551\">Powr\u00f3t<\/a><\/p>\n","protected":false},"excerpt":{"rendered":"<p>&nbsp; Wyk\u0142ad: Wyst\u0105pienie konferencyjne Organizator: Okr\u0119gowa Izba Radc\u00f3w Prawnych w Krakowie Tytu\u0142: Konferencja PiNT24 &#8211; Prawo i Nowe Technologie Termin\/miejsce: 28-29.06.2024 &#8211; Kino Kij\u00f3w w Krakowie oraz Academia Electronica w Second Life i w Spatial. Prelegenci: PiNT24 &#8211; program Tytu\u0142&hellip; <\/p>\n","protected":false},"author":3,"featured_media":0,"parent":0,"menu_order":0,"comment_status":"closed","ping_status":"closed","template":"","meta":[],"_links":{"self":[{"href":"https:\/\/www.academia-electronica.net\/index.php?rest_route=\/wp\/v2\/pages\/1770"}],"collection":[{"href":"https:\/\/www.academia-electronica.net\/index.php?rest_route=\/wp\/v2\/pages"}],"about":[{"href":"https:\/\/www.academia-electronica.net\/index.php?rest_route=\/wp\/v2\/types\/page"}],"author":[{"embeddable":true,"href":"https:\/\/www.academia-electronica.net\/index.php?rest_route=\/wp\/v2\/users\/3"}],"replies":[{"embeddable":true,"href":"https:\/\/www.academia-electronica.net\/index.php?rest_route=%2Fwp%2Fv2%2Fcomments&post=1770"}],"version-history":[{"count":4,"href":"https:\/\/www.academia-electronica.net\/index.php?rest_route=\/wp\/v2\/pages\/1770\/revisions"}],"predecessor-version":[{"id":1780,"href":"https:\/\/www.academia-electronica.net\/index.php?rest_route=\/wp\/v2\/pages\/1770\/revisions\/1780"}],"wp:attachment":[{"href":"https:\/\/www.academia-electronica.net\/index.php?rest_route=%2Fwp%2Fv2%2Fmedia&parent=1770"}],"curies":[{"name":"wp","href":"https:\/\/api.w.org\/{rel}","templated":true}]}}