{"id":1784,"date":"2024-07-07T12:57:27","date_gmt":"2024-07-07T12:57:27","guid":{"rendered":"https:\/\/www.academia-electronica.net\/?page_id=1784"},"modified":"2024-08-21T15:32:30","modified_gmt":"2024-08-21T15:32:30","slug":"liliana-kozak-wewnatrz-transmediow-artysta-uzytkownik-odbiorca","status":"publish","type":"page","link":"https:\/\/www.academia-electronica.net\/?page_id=1784","title":{"rendered":"dr Liliana Kozak &#8211; Wewn\u0105trz Transmedi\u00f3w. Artysta, u\u017cytkownik, odbiorca"},"content":{"rendered":"<p>&nbsp;<\/p>\n<table style=\"width: 135.655%; height: 403px;\">\n<tbody>\n<tr style=\"height: 24px;\">\n<td style=\"width: 24.8387%; height: 24px;\">Seminarium:<\/td>\n<td style=\"width: 107.898%; height: 24px;\">Wyst\u0105pienie seminaryjne<\/td>\n<\/tr>\n<tr style=\"height: 129px;\">\n<td style=\"text-align: center; width: 24.8387%; height: 105px;\"><a href=\"http:\/\/www.academia-electronica.net\/wp-content\/uploads\/2024\/07\/Plakat-Wewnatrz-Transmediow-24-kopia-scaled.jpg\"><img loading=\"lazy\" class=\"alignnone size-medium wp-image-1781\" src=\"http:\/\/www.academia-electronica.net\/wp-content\/uploads\/2024\/07\/Plakat-Wewnatrz-Transmediow-24-kopia-233x300.jpg\" alt=\"\" width=\"233\" height=\"300\" srcset=\"https:\/\/www.academia-electronica.net\/wp-content\/uploads\/2024\/07\/Plakat-Wewnatrz-Transmediow-24-kopia-233x300.jpg 233w, https:\/\/www.academia-electronica.net\/wp-content\/uploads\/2024\/07\/Plakat-Wewnatrz-Transmediow-24-kopia-795x1024.jpg 795w, https:\/\/www.academia-electronica.net\/wp-content\/uploads\/2024\/07\/Plakat-Wewnatrz-Transmediow-24-kopia-768x989.jpg 768w, https:\/\/www.academia-electronica.net\/wp-content\/uploads\/2024\/07\/Plakat-Wewnatrz-Transmediow-24-kopia-1192x1536.jpg 1192w, https:\/\/www.academia-electronica.net\/wp-content\/uploads\/2024\/07\/Plakat-Wewnatrz-Transmediow-24-kopia-1590x2048.jpg 1590w, https:\/\/www.academia-electronica.net\/wp-content\/uploads\/2024\/07\/Plakat-Wewnatrz-Transmediow-24-kopia-scaled.jpg 1987w\" sizes=\"(max-width: 233px) 100vw, 233px\" \/><\/a><\/td>\n<td style=\"width: 107.898%; height: 105px;\"><\/td>\n<\/tr>\n<tr style=\"height: 24px;\">\n<td style=\"width: 24.8387%; height: 24px;\">Organizator:<\/td>\n<td style=\"width: 107.898%; height: 24px; text-align: justify;\"><a href=\"https:\/\/psth.pl\/\" target=\"_blank\" rel=\"noopener\">Polskie Stowarzyszenie Transhumanistyczne<\/a>, <a href=\"https:\/\/www.zpap.pl\/\" target=\"_blank\" rel=\"noopener\">Polski Zwi\u0105zek Artyst\u00f3w Plastyk\u00f3w<\/a>, pod patronatem medialnym <a href=\"https:\/\/pte.uj.edu.pl\/\" target=\"_blank\" rel=\"noopener\">Polskiego Towarzystwa Estetycznego<\/a><\/td>\n<\/tr>\n<tr style=\"height: 63px;\">\n<td style=\"width: 24.8387%; height: 63px;\">Tytu\u0142:<\/td>\n<td style=\"width: 107.898%; height: 63px; text-align: justify;\"><a href=\"https:\/\/pte.uj.edu.pl\/?p=882\" target=\"_blank\" rel=\"noopener\"><em>Wewn\u0105trz transmedi\u00f3w. Artysta, u\u017cytkownik, odbiorca<\/em><\/a><\/td>\n<\/tr>\n<tr style=\"height: 24px;\">\n<td style=\"width: 24.8387%; height: 24px;\">Termin\/miejsce:<\/td>\n<td style=\"width: 107.898%; height: 24px; text-align: justify;\">10.06.2024 &#8211; Sala Rady Instytutu Filozofii UMCS, Plac Marii Curie-Sk\u0142odowskiej4, Lublin oraz Academia Electronica w Spatial, aula <em>Cyfral<\/em><\/td>\n<\/tr>\n<tr style=\"height: 48px;\">\n<td style=\"width: 24.8387%; height: 22px;\">Prelegenci:<\/td>\n<td style=\"width: 107.898%; height: 22px;\">\n<p style=\"text-align: justify;\">\n<\/td>\n<\/tr>\n<tr style=\"height: 24px;\">\n<td style=\"width: 24.8387%; height: 24px;\">Tytu\u0142 seminarium:<\/td>\n<td style=\"width: 107.898%; height: 24px; text-align: justify;\"><\/td>\n<\/tr>\n<tr style=\"height: 31px;\">\n<td style=\"width: 24.8387%; height: 21px;\">Film:<\/td>\n<td style=\"width: 107.898%; height: 21px; text-align: center;\"><\/td>\n<\/tr>\n<tr style=\"height: 24px;\">\n<td style=\"width: 24.8387%; height: 24px;\">Nagranie audio:<\/td>\n<td style=\"width: 107.898%; text-align: justify; height: 24px;\"><\/td>\n<\/tr>\n<tr style=\"height: 24px;\">\n<td style=\"width: 24.8387%; height: 24px;\">Linki:<\/td>\n<td style=\"width: 107.898%; text-align: justify; height: 24px;\"><\/td>\n<\/tr>\n<tr style=\"height: 24px;\">\n<td style=\"width: 24.8387%; height: 24px;\">Prezentacja:<\/td>\n<td style=\"width: 107.898%; text-align: center; height: 24px;\"><a href=\"http:\/\/www.academia-electronica.net\/wp-content\/uploads\/2024\/08\/Liliana-Kozak_Wewnatrz-transmediow.pdf\">Liliana Kozak <em>Wewn\u0105trz transmedi\u00f3w<\/em><\/a><\/td>\n<\/tr>\n<tr style=\"height: 24px;\">\n<td style=\"width: 24.8387%; height: 24px;\">Zdj\u0119cia:<\/td>\n<td style=\"width: 107.898%; text-align: center; height: 24px;\"><\/td>\n<\/tr>\n<\/tbody>\n<\/table>\n<p><a href=\"https:\/\/www.academia-electronica.net\/?page_id=551\">Powr\u00f3t<\/a><\/p>\n","protected":false},"excerpt":{"rendered":"<p>&nbsp; Seminarium: Wyst\u0105pienie seminaryjne Organizator: Polskie Stowarzyszenie Transhumanistyczne, Polski Zwi\u0105zek Artyst\u00f3w Plastyk\u00f3w, pod patronatem medialnym Polskiego Towarzystwa Estetycznego Tytu\u0142: Wewn\u0105trz transmedi\u00f3w. Artysta, u\u017cytkownik, odbiorca Termin\/miejsce: 10.06.2024 &#8211; Sala Rady Instytutu Filozofii UMCS, Plac Marii Curie-Sk\u0142odowskiej4, Lublin oraz Academia Electronica w&hellip; <\/p>\n","protected":false},"author":3,"featured_media":0,"parent":0,"menu_order":0,"comment_status":"closed","ping_status":"closed","template":"","meta":[],"_links":{"self":[{"href":"https:\/\/www.academia-electronica.net\/index.php?rest_route=\/wp\/v2\/pages\/1784"}],"collection":[{"href":"https:\/\/www.academia-electronica.net\/index.php?rest_route=\/wp\/v2\/pages"}],"about":[{"href":"https:\/\/www.academia-electronica.net\/index.php?rest_route=\/wp\/v2\/types\/page"}],"author":[{"embeddable":true,"href":"https:\/\/www.academia-electronica.net\/index.php?rest_route=\/wp\/v2\/users\/3"}],"replies":[{"embeddable":true,"href":"https:\/\/www.academia-electronica.net\/index.php?rest_route=%2Fwp%2Fv2%2Fcomments&post=1784"}],"version-history":[{"count":10,"href":"https:\/\/www.academia-electronica.net\/index.php?rest_route=\/wp\/v2\/pages\/1784\/revisions"}],"predecessor-version":[{"id":1804,"href":"https:\/\/www.academia-electronica.net\/index.php?rest_route=\/wp\/v2\/pages\/1784\/revisions\/1804"}],"wp:attachment":[{"href":"https:\/\/www.academia-electronica.net\/index.php?rest_route=%2Fwp%2Fv2%2Fmedia&parent=1784"}],"curies":[{"name":"wp","href":"https:\/\/api.w.org\/{rel}","templated":true}]}}