{"id":2070,"date":"2025-07-05T14:31:26","date_gmt":"2025-07-05T14:31:26","guid":{"rendered":"https:\/\/www.academia-electronica.net\/?page_id=2070"},"modified":"2025-07-05T14:32:45","modified_gmt":"2025-07-05T14:32:45","slug":"art-at-ars-electronica","status":"publish","type":"page","link":"https:\/\/www.academia-electronica.net\/?page_id=2070","title":{"rendered":"Art at Ars Electronica"},"content":{"rendered":"<p>&nbsp;<\/p>\n<table style=\"width: 135.655%; height: 403px;\">\n<tbody>\n<tr style=\"height: 24px;\">\n<td style=\"width: 24.8387%; height: 24px;\">Seminarium:<\/td>\n<td style=\"width: 107.898%; height: 24px;\">Konferencja<\/td>\n<\/tr>\n<tr style=\"height: 129px;\">\n<td style=\"text-align: center; width: 24.8387%; height: 105px;\"><a href=\"http:\/\/www.academia-electronica.net\/wp-content\/uploads\/2025\/07\/Ars-Electronica-Lisbona-2024.jpg\"><img loading=\"lazy\" class=\"aligncenter size-medium wp-image-2067\" src=\"http:\/\/www.academia-electronica.net\/wp-content\/uploads\/2025\/07\/Ars-Electronica-Lisbona-2024-300x169.jpg\" alt=\"\" width=\"300\" height=\"169\" srcset=\"https:\/\/www.academia-electronica.net\/wp-content\/uploads\/2025\/07\/Ars-Electronica-Lisbona-2024-300x169.jpg 300w, https:\/\/www.academia-electronica.net\/wp-content\/uploads\/2025\/07\/Ars-Electronica-Lisbona-2024-1024x576.jpg 1024w, https:\/\/www.academia-electronica.net\/wp-content\/uploads\/2025\/07\/Ars-Electronica-Lisbona-2024-768x432.jpg 768w, https:\/\/www.academia-electronica.net\/wp-content\/uploads\/2025\/07\/Ars-Electronica-Lisbona-2024.jpg 1280w\" sizes=\"(max-width: 300px) 100vw, 300px\" \/><\/a><\/td>\n<td style=\"width: 107.898%; height: 105px;\"><\/td>\n<\/tr>\n<tr style=\"height: 24px;\">\n<td style=\"width: 24.8387%; height: 24px;\">Organizator:<\/td>\n<td style=\"width: 107.898%; height: 24px; text-align: justify;\">Faculdade de Belas Artes da Universidade de Lisboa<\/td>\n<\/tr>\n<tr style=\"height: 63px;\">\n<td style=\"width: 24.8387%; height: 63px;\">Tytu\u0142:<\/td>\n<td style=\"width: 107.898%; height: 63px; text-align: justify;\"><em>Art at Ars Electronica<\/em><\/td>\n<\/tr>\n<tr style=\"height: 24px;\">\n<td style=\"width: 24.8387%; height: 24px;\">Termin\/miejsce:<\/td>\n<td style=\"width: 107.898%; height: 24px; text-align: justify;\">Lizbona 29.10.202 i Academia Electronica w Spatial<\/td>\n<\/tr>\n<tr style=\"height: 48px;\">\n<td style=\"width: 24.8387%; height: 22px;\">Prelegenci:<\/td>\n<td style=\"width: 107.898%; height: 22px;\">\n<p style=\"text-align: justify;\">Sidey Myoo<\/p>\n<\/td>\n<\/tr>\n<tr style=\"height: 24px;\">\n<td style=\"width: 24.8387%; height: 24px;\">Tytu\u0142 seminarium:<\/td>\n<td style=\"width: 107.898%; height: 24px; text-align: justify;\">Wyk\u0142ad odby\u0142 si\u0119 w ramach mi\u0119dzynarodowego grantu \u201cHorizon\u201d Communities and Artistic Participation in Hybrid Environment (CAPHE) HORIZON-MSCA-2021-SE-01<\/td>\n<\/tr>\n<tr style=\"height: 31px;\">\n<td style=\"width: 24.8387%; height: 21px;\">Film:<\/td>\n<td style=\"width: 107.898%; height: 21px; text-align: center;\"><\/td>\n<\/tr>\n<tr style=\"height: 24px;\">\n<td style=\"width: 24.8387%; height: 24px;\">Nagranie audio:<\/td>\n<td style=\"width: 107.898%; text-align: justify; height: 24px;\"><\/td>\n<\/tr>\n<tr style=\"height: 24px;\">\n<td style=\"width: 24.8387%; height: 24px;\">Linki:<\/td>\n<td style=\"width: 107.898%; text-align: justify; height: 24px;\"><\/td>\n<\/tr>\n<tr style=\"height: 24px;\">\n<td style=\"width: 24.8387%; height: 24px;\">Prezentacja:<\/td>\n<td style=\"width: 107.898%; text-align: center; height: 24px;\"><\/td>\n<\/tr>\n<tr style=\"height: 24px;\">\n<td style=\"width: 24.8387%; height: 24px;\">Zdj\u0119cia:<\/td>\n<td style=\"width: 107.898%; text-align: center; height: 24px;\"><\/td>\n<\/tr>\n<\/tbody>\n<\/table>\n<p><a href=\"https:\/\/www.academia-electronica.net\/?page_id=551\">Powr\u00f3t<\/a><\/p>\n","protected":false},"excerpt":{"rendered":"<p>&nbsp; Seminarium: Konferencja Organizator: Faculdade de Belas Artes da Universidade de Lisboa Tytu\u0142: Art at Ars Electronica Termin\/miejsce: Lizbona 29.10.202 i Academia Electronica w Spatial Prelegenci: Sidey Myoo Tytu\u0142 seminarium: Wyk\u0142ad odby\u0142 si\u0119 w ramach mi\u0119dzynarodowego grantu \u201cHorizon\u201d Communities and&hellip; <\/p>\n","protected":false},"author":3,"featured_media":0,"parent":0,"menu_order":0,"comment_status":"closed","ping_status":"closed","template":"","meta":[],"_links":{"self":[{"href":"https:\/\/www.academia-electronica.net\/index.php?rest_route=\/wp\/v2\/pages\/2070"}],"collection":[{"href":"https:\/\/www.academia-electronica.net\/index.php?rest_route=\/wp\/v2\/pages"}],"about":[{"href":"https:\/\/www.academia-electronica.net\/index.php?rest_route=\/wp\/v2\/types\/page"}],"author":[{"embeddable":true,"href":"https:\/\/www.academia-electronica.net\/index.php?rest_route=\/wp\/v2\/users\/3"}],"replies":[{"embeddable":true,"href":"https:\/\/www.academia-electronica.net\/index.php?rest_route=%2Fwp%2Fv2%2Fcomments&post=2070"}],"version-history":[{"count":2,"href":"https:\/\/www.academia-electronica.net\/index.php?rest_route=\/wp\/v2\/pages\/2070\/revisions"}],"predecessor-version":[{"id":2073,"href":"https:\/\/www.academia-electronica.net\/index.php?rest_route=\/wp\/v2\/pages\/2070\/revisions\/2073"}],"wp:attachment":[{"href":"https:\/\/www.academia-electronica.net\/index.php?rest_route=%2Fwp%2Fv2%2Fmedia&parent=2070"}],"curies":[{"name":"wp","href":"https:\/\/api.w.org\/{rel}","templated":true}]}}