{"id":2178,"date":"2026-01-19T17:17:00","date_gmt":"2026-01-19T17:17:00","guid":{"rendered":"https:\/\/www.academia-electronica.net\/?page_id=2178"},"modified":"2026-01-30T20:16:44","modified_gmt":"2026-01-30T20:16:44","slug":"testy-ktp-ai-komunikacyjne-technologie-przyszlosci","status":"publish","type":"page","link":"https:\/\/www.academia-electronica.net\/?page_id=2178","title":{"rendered":"Testy KTP AI &#8211; Komunikacyjne technologie przysz\u0142o\u015bci"},"content":{"rendered":"<p><span style=\"color: #3366ff;\">Egzamin si\u0119 odby\u0142 w dniach 29.01, od godz. 20.00 do 30.01, do godz. 20.00<\/span><\/p>\n<p>Test &#8211; egzamin wyboru + opcjonalnie sztuczna inteligencja<\/p>\n<p style=\"text-align: justify;\">Prosz\u0119 klikn\u0105 powy\u017cszy link: \u2018Test &#8211; egzamin wyboru + opcjonalnie sztuczna inteligencja\u2019, a nast\u0119pnie napis \u2018Komunikacyjne technologie przysz\u0142o\u015bci\u2019 (link). Kolejne dzia\u0142ania s\u0105 podane na stronie, kt\u00f3ra wtedy si\u0119 otworzy.<\/p>\n<p style=\"text-align: justify;\">Ilo\u015b\u0107 podej\u015b\u0107 do egzaminu jest dowolna. Egzamin mo\u017ce si\u0119 zako\u0144czy\u0107 na rozwi\u0105zaniu testu, a decyzja o jego kontynuacji przed sztuczn\u0105 inteligencj\u0105 nale\u017cy do osoby zdaj\u0105cej.<\/p>\n<p>Na rozwi\u0105zanie testu jest 5 minut. Na pisemn\u0105 odpowied\u017a przed sztuczn\u0105 inteligencj\u0105, licz\u0105c\u0105 500 znak\u00f3w ze spacjami, jest r\u00f3wnie\u017c 5 minut.<\/p>\n<p style=\"text-align: justify;\">W zwi\u0105zku z tym, by unikn\u0105\u0107 logowania na stronie Academii ze wzgl\u0119du na RODO, egzamin jest anonimowy, st\u0105d prosz\u0119 o przes\u0142anie mi mejlem imienia sieciowego, pod kt\u00f3rym zdawali\u015bcie Pa\u0144stwo egzamin, na adres: sidey.myoo@uj.edu.pl<\/p>\n<p style=\"text-align: justify;\">Szanowni Pa\u0144stwo,<\/p>\n<p style=\"text-align: justify;\">Egzamin jest pierwszym eksperymentem, w kt\u00f3rym wykorzystuje si\u0119 sztuczn\u0105 inteligencj\u0119 na zasadach przekazania AI cz\u0119\u015bci kompetencji osoby egzaminuj\u0105cej. Jego wynik jest oficjalny (oceny zostan\u0105 wpisane do USOS). Prosz\u0119, by\u015bcie Pa\u0144stwo decydowali si\u0119 na podej\u015bcie do egzaminu z pe\u0142n\u0105 \u015bwiadomo\u015bci\u0105 tego historycznego zdarzenia. St\u0105d prosz\u0119 o wszelkie informacje, zw\u0142aszcza sugestie zwi\u0105zane z poprawkami dotycz\u0105cymi przebiegu egzaminu.<\/p>\n<p><img loading=\"lazy\" class=\"aligncenter\" src=\"http:\/\/www.academia-electronica.net\/wp-content\/uploads\/2026\/01\/GPT-Sowa-przezroczyste-SEJRC-blue.png\" alt=\"Czarna Sowa\" width=\"264\" height=\"264\" \/><\/p>\n<p>Powr\u00f3t do <a href=\"https:\/\/www.academia-electronica.net\/?page_id=288\">prowadzonych kurs\u00f3w<\/a><\/p>\n","protected":false},"excerpt":{"rendered":"<p>Egzamin si\u0119 odby\u0142 w dniach 29.01, od godz. 20.00 do 30.01, do godz. 20.00 Test &#8211; egzamin wyboru + opcjonalnie sztuczna inteligencja Prosz\u0119 klikn\u0105 powy\u017cszy link: \u2018Test &#8211; egzamin wyboru + opcjonalnie sztuczna inteligencja\u2019, a nast\u0119pnie napis \u2018Komunikacyjne technologie przysz\u0142o\u015bci\u2019&hellip; <\/p>\n","protected":false},"author":1,"featured_media":0,"parent":288,"menu_order":0,"comment_status":"closed","ping_status":"closed","template":"","meta":[],"_links":{"self":[{"href":"https:\/\/www.academia-electronica.net\/index.php?rest_route=\/wp\/v2\/pages\/2178"}],"collection":[{"href":"https:\/\/www.academia-electronica.net\/index.php?rest_route=\/wp\/v2\/pages"}],"about":[{"href":"https:\/\/www.academia-electronica.net\/index.php?rest_route=\/wp\/v2\/types\/page"}],"author":[{"embeddable":true,"href":"https:\/\/www.academia-electronica.net\/index.php?rest_route=\/wp\/v2\/users\/1"}],"replies":[{"embeddable":true,"href":"https:\/\/www.academia-electronica.net\/index.php?rest_route=%2Fwp%2Fv2%2Fcomments&post=2178"}],"version-history":[{"count":14,"href":"https:\/\/www.academia-electronica.net\/index.php?rest_route=\/wp\/v2\/pages\/2178\/revisions"}],"predecessor-version":[{"id":2213,"href":"https:\/\/www.academia-electronica.net\/index.php?rest_route=\/wp\/v2\/pages\/2178\/revisions\/2213"}],"up":[{"embeddable":true,"href":"https:\/\/www.academia-electronica.net\/index.php?rest_route=\/wp\/v2\/pages\/288"}],"wp:attachment":[{"href":"https:\/\/www.academia-electronica.net\/index.php?rest_route=%2Fwp%2Fv2%2Fmedia&parent=2178"}],"curies":[{"name":"wp","href":"https:\/\/api.w.org\/{rel}","templated":true}]}}