{"id":27,"date":"2022-02-23T23:04:12","date_gmt":"2022-02-23T23:04:12","guid":{"rendered":"https:\/\/www.academia-electronica.net\/?page_id=27"},"modified":"2026-03-04T10:00:20","modified_gmt":"2026-03-04T10:00:20","slug":"academia-electronica-instytut-filozofii-uj","status":"publish","type":"page","link":"https:\/\/www.academia-electronica.net\/","title":{"rendered":"Academia Electronica"},"content":{"rendered":"<p style=\"text-align: justify;\">Academia Electronica powsta\u0142a z inicjatywy <a href=\"http:\/\/www.sideymyoo.art.pl\/\" target=\"_blank\" rel=\"noopener\">Sideya Myoo<\/a> w 2007, istniej\u0105c na kszta\u0142t uniwersytetu dzia\u0142aj\u0105cego w wirtualnym \u015bwiecie Second Life. Od 2021 poszerzy\u0142a swoj\u0105 dzia\u0142alno\u015b\u0107 o wirtualny \u015bwiat AltspaceVR, a po jego zamkni\u0119ciu w 2023 znalaz\u0142a swoje miejsce w wirtualnym \u015bwiecie Spatial. Od pocz\u0105tku Academia by\u0142a podtrzymywana w swoim wirtualnym istnieniu przez <a href=\"http:\/\/www.studio-kamienica.pl\/?page_id=45\" target=\"_blank\" rel=\"noopener\">Neutrink\u0119 Lisle (VR) | mgr Jolant\u0119 Chowa\u0144sk\u0105-R\u00f3\u017ca\u0144sk\u0105 (RL)<\/a>, kt\u00f3ra ca\u0142y czas kreuje i administruje Academi\u0105 oraz <a href=\"https:\/\/dexeuromat.wordpress.com\/\" target=\"_blank\" rel=\"noopener\">Dexa Euromata (VR) | mgr in\u017c Dominika Undaka (RL)<\/a>, kt\u00f3ry zapewnia jej techniczne wsparcie.<\/p>\n<p style=\"text-align: justify;\">Dzia\u0142aj\u0105c w ramach <a href=\"https:\/\/phils.uj.edu.pl\/academia-electronica\" target=\"_blank\" rel=\"noopener\">Uniwersytetu Jagiello\u0144skiego<\/a>, w Academii prowadzone s\u0105 rozwojowe, podstawowe badania naukowe nad Metaverse oraz prace nad poszerzaniem uniwersytetu do rzeczywisto\u015bci wirtualnej.<\/p>\n<p style=\"text-align: justify;\">Academia Electronica pozostaje niezinstytucjonalizowan\u0105 ze strukturami Uniwersytetu, pozostaj\u0105c wirtualn\u0105 cz\u0119\u015bci\u0105 uczelni.<\/p>\n<p style=\"text-align: justify;\">Od pocz\u0105tku powstania Academia zyska\u0142a akceptacj\u0119 w\u0142adz Uniwersytetu Jagiello\u0144skiego, co wci\u0105\u017c znajduje swoje potwierdzenie. Najpierw dzia\u0142a\u0142a w ramach <a href=\"https:\/\/filozofia.uj.edu.pl\/\" target=\"_blank\" rel=\"noopener\">Instytutu Filozofii<\/a>, a nast\u0119pnie znalaz\u0142a swoje miejsce na <a href=\"https:\/\/phils.uj.edu.pl\/academia-electronica\">Wydziale Filozoficznym<\/a>, jak r\u00f3wnie\u017c wsp\u00f3\u0142dzia\u0142a\u0142a z <a href=\"https:\/\/cittru.uj.edu.pl\/\" target=\"_blank\" rel=\"noopener\">Centrum Transferu Technologii UJ<\/a>, wsp\u00f3\u0142pracuje z <a href=\"https:\/\/dydaktyka.uj.edu.pl\/pl\" target=\"_blank\" rel=\"noopener\">Centrum Wsparcia Dydaktyki UJ<\/a> oraz zosta\u0142a w\u0142\u0105czona w rozwojowy nurt naukowo-dydaktycznych przemian Uniwersytetu, jakim jest udzia\u0142 w dzia\u0142alno\u015bci <a href=\"https:\/\/www.uj.edu.pl\/wiadomosci\/-\/journal_content\/56_INSTANCE_d82lKZvhit4m\/10172\/155173971\">Jagiello\u0144skiego Centrum Dydaktyki Cyfrowej<\/a>. W 2025 swoj\u0105 wirtualn\u0105 reprezentacj\u0119 w ramach Academickiej struktury zyska\u0142 <a href=\"https:\/\/przedsiebiorczosc.uj.edu.pl\/pl\" target=\"_blank\" rel=\"noopener\">Instytut Przedsi\u0119biorczo\u015bci Wydzia\u0142u Zarz\u0105dzania i Komunikacji Spo\u0142ecznej UJ<\/a>.<\/p>\n<p style=\"text-align: justify;\">Genez\u0105 powstania Academii by\u0142y wnioski p\u0142yn\u0105ce z bada\u0144 filozoficznych nad rzeczywisto\u015bci\u0105 wirtualn\u0105, prowadzone g\u0142\u00f3wnie na gruncie ontologii, co doprowadzi\u0142o do s\u0105du dotycz\u0105cego istnienia rzeczywisto\u015bci wirtualnej, jako rzeczywisto\u015bci alternatywnej w stosunku do \u015bwiata fizycznego. Zasadniczym przedmiotem bada\u0144 naukowych prowadzonych w Academii, jako plac\u00f3wki naukowo-dydaktycznej, jest analizowanie rozwoju i znaczenie rzeczywisto\u015bci wirtualnej w perspektywie antropologicznej. Prowadzone analizy dotycz\u0105 r\u00f3wnie\u017c rozwoju technologii i zwi\u0105zanych z tym takich zjawisk, jak immersja, interaktywno\u015b\u0107, telematyczno\u015b\u0107, haptyczno\u015b\u0107, teleobecno\u015b\u0107, hybrydyzacji, budowania si\u0119 to\u017csamo\u015bci sieciowej, rozwoju i zastosowania sztucznej inteligencji, inteligentnych robot\u00f3w oraz cyborgizacji. S\u0105 tu w spos\u00f3b ci\u0105g\u0142y prowadzone eksperymenty dotycz\u0105ce dydaktyki zdalnej, co sprowadza si\u0119 do testowania &#8220;na gor\u0105co&#8221; mo\u017cliwo\u015bci zastosowania podczas prowadzenia kurs\u00f3w akademickich nowo powstaj\u0105cych technologii sieciowych. Celem istnienia Academii jest tak\u017ce zaproszenie naukowczy\u0144 i naukowc\u00f3w oraz studentek i student\u00f3w do wsp\u00f3lnego badania powy\u017cszych zjawisk i samej technologii z uwzgl\u0119dnieniem r\u00f3\u017cnych dyscyplin naukowych, jak r\u00f3wnie\u017c do prowadzenia mi\u0119dzyuczelnianych kurs\u00f3w afiliowanych przez r\u00f3\u017cne o\u015brodki akademickie.<\/p>\n<p style=\"text-align: justify;\">Istniej\u0105c w rzeczywisto\u015bci wirtualnej Academia sama w sobie sta\u0142a si\u0119 praktycznym przyk\u0142adem przedmiotu innowacyjnych bada\u0144 \u2013 laboratorium humanistyki. Przeprowadzono tu szereg eksperyment\u00f3w naukowych, zwi\u0105zanych z wykorzystaniem technologii VR, kt\u00f3re maj\u0105 pionierskie znaczenie, b\u0119d\u0105c w niekt\u00f3rych wypadkach pierwszymi tego rodzaju dzia\u0142aniami w Polsce lub na \u015bwiecie.<\/p>\n<p class=\"has-text-align-left\" style=\"text-align: justify;\">W 2008 w Academii przeprowadzono pierwszy oficjalny, og\u00f3lnopolski kurs akademicki <em>\u015arodowisko elektroniczne jako rzeczywisto\u015b\u0107 cz\u0142owieka<\/em>. W kolejnych latach, w kilkudziesi\u0119ciu kursach przeprowadzonych przez wyk\u0142adowczynie i wyk\u0142adowc\u00f3w z r\u00f3\u017cnych o\u015brodk\u00f3w akademickich w Polsce uczestniczy\u0142o kilkaset studentek i student\u00f3w, jak i wielu wolnych s\u0142uchaczek i s\u0142uchaczy. Poza kursami, w Academii wyg\u0142oszono kilkadziesi\u0105t wyk\u0142ad\u00f3w prowadzonych przez zaproszone go\u015bcinie i go\u015bci w ramach cyklu <em>Od Studentki\/a do Profesorki\/a<\/em> oraz <em>Science Beyond Borders \u2013 The Global Academia Electronica<\/em>. Wyg\u0142oszono st\u0105d zdalnie szereg referat\u00f3w konferencyjnych, w tym na og\u00f3lnopolskich i mi\u0119dzynarodowych kongresach.<\/p>\n<p class=\"has-text-align-left\" style=\"text-align: justify;\">Zorganizowano tu kilka konferencji, z kt\u00f3rych pierwsza, <em>Filozofia Technologii <\/em>(w kolejnych latach odby\u0142y si\u0119 trzy edycje), przeprowadzona wsp\u00f3lnie z Instytutem Filozofii UJ, mia\u0142a miejsce w czerwcu 2013 b\u0119d\u0105c pierwsz\u0105 hybrydow\u0105 konferencj\u0119 naukow\u0105 w Polsce, odbywaj\u0105c\u0105 si\u0119 r\u00f3wnolegle w \u015brodowisku wirtualnym, w kt\u00f3rej uczestniczki i uczestnicy mogli bra\u0107 udzia\u0142 zdalnie, wykorzystuj\u0105c Academickie aule w Second Life. W 2018 i 2019, r\u00f3wnie\u017c w Second Life, odby\u0142y si\u0119 dwie edycje kolejnej konferencji, <em>Cz\u0142owiek w \u015bwiecie technologicznym<\/em>, przy czym druga z nich by\u0142a konferencj\u0105 mi\u0119dzynarodow\u0105.<\/p>\n<p class=\"has-text-align-left\" style=\"text-align: justify;\">W 2012 odby\u0142a si\u0119 w Academii pierwsza w Polsce publiczna obrona rozprawy doktorskiej (UMCS) w sieci oraz pierwszy egzamin licencjacki (UJ), natomiast pierwsza obrona magisterska (UJ) mia\u0142a miejsce w 2015.<\/p>\n<p class=\"has-text-align-left\" style=\"text-align: justify;\">W 2015 uruchomiono w Academii w Second Life pierwszego na \u015bwiecie bota (Bia\u0142a Sowa) przeprowadzaj\u0105cego egzamin testowy, dzia\u0142aj\u0105cego do 2020.<\/p>\n<p style=\"text-align: center;\"><a href=\"http:\/\/www.academia-electronica.net\/wp-content\/uploads\/2024\/06\/Biala-Sowa-bot-egzaminujacy.png\"><img loading=\"lazy\" class=\" wp-image-1761 aligncenter\" src=\"http:\/\/www.academia-electronica.net\/wp-content\/uploads\/2024\/06\/Biala-Sowa-bot-egzaminujacy-300x241.png\" alt=\"\" width=\"395\" height=\"317\" srcset=\"https:\/\/www.academia-electronica.net\/wp-content\/uploads\/2024\/06\/Biala-Sowa-bot-egzaminujacy-300x241.png 300w, https:\/\/www.academia-electronica.net\/wp-content\/uploads\/2024\/06\/Biala-Sowa-bot-egzaminujacy.png 762w\" sizes=\"(max-width: 395px) 100vw, 395px\" \/><\/a>Bia\u0142a Sowa &#8211; pierwszy na \u015bwiecie bot przeprowadzaj\u0105cy egzamin testowy (2015-2020)<\/p>\n<p style=\"text-align: justify;\">W dniach 20-22.06.2025 w Academia Electronica odby\u0142 si\u0119 pierwszy egzamin z historii filozofii z wykorzystaniem sztucznej inteligencji. Egzamin zdalny mia\u0142 miejsce na Wydziale Polonistyki UJ, na kierunku Filologia Polska Nauczycielska. Wzi\u0119\u0142o w nim udzia\u0142 23 studentek i student\u00f3w. Na pierwszym etapie, po rozwi\u0105zaniu testu, bez udzia\u0142u sztucznej inteligencji, gdy ocena mie\u015bci\u0142a si\u0119 w przedziale od 3,5 do 4,5, osoba zdaj\u0105ca mog\u0142a zdecydowa\u0107, czy zako\u0144czy\u0107 egzamin, czy podj\u0105\u0107 pr\u00f3b\u0119 podniesienia lub obni\u017cenia oceny na podstawie odpowiedzi na dodatkowe pytanie (z bazy pyta\u0144 testowych), kt\u00f3re zadawane by\u0142o przez sztuczn\u0105 inteligencj\u0119. Pisemn\u0105 odpowied\u017a na to pytanie ocenia\u0142a sztuczna inteligencja w zakresie po\u0142owy stopnia, co wp\u0142ywa\u0142o na ko\u0144cow\u0105 ocen\u0119 z egzaminu.<\/p>\n<p class=\"has-text-align-left\" style=\"text-align: justify;\">W listopadzie 2015 rozpocz\u0119\u0142a swoj\u0105 dzia\u0142alno\u015b\u0107 <a href=\"https:\/\/www.academia-electronica.net\/?page_id=455\" target=\"_blank\" rel=\"noopener\">Sekcja Filozofii Techniki Ko\u0142a Naukowego Student\u00f3w Filozofii UJ<\/a>, co wi\u0105za\u0142o si\u0119 z organizacj\u0105 spotka\u0144, kt\u00f3re obejmowa\u0142y tutoriale i seminaria.<\/p>\n<p class=\"has-text-align-left\" style=\"text-align: justify;\">Na przestrzeni lat, w \u015bwiatach wirtualnych w kt\u00f3rych istnieje Academia, powsta\u0142o blisko trzydzie\u015bci r\u00f3\u017cnego rodzaju przestrzeni wyk\u0142adowych. Ta mo\u017cliwo\u015b\u0107 wyboru auli pozwoli\u0142a w roku akademickim 2020-21, w trakcie pandemii Covid-19, na prowadzenie r\u00f3wnocze\u015bnie prawie trzydziestu kurs\u00f3w z kilku o\u015brodk\u00f3w akademickich w Polsce.<\/p>\n<p class=\"has-text-align-left\" style=\"text-align: justify;\">W 2020 odby\u0142o si\u0119 tu pierwsze w Polsce publiczne wyst\u0105pienie przy u\u017cyciu Oculusa podczas konferencji naukowej zorganizowanej przez Wydzia\u0142 Artes Liberales Uniwersytetu Warszawskiego, przy technicznym wsparciu Wydzia\u0142u Intermedi\u00f3w Akademii Sztuk Pi\u0119knych w Krakowie.<\/p>\n<p class=\"has-text-align-left\" style=\"text-align: justify;\">W roku akademickim 2021-22 przeprowadzono w Academii pierwszy w Polsce trzydziestogodzinny kurs z wykorzystaniem Oculusa w wirtualnym \u015bwiecie AltspaceVR.<\/p>\n<p class=\"has-text-align-left\" style=\"text-align: justify;\">W czerwcu 2022 przeprowadzono og\u00f3lnopolsk\u0105 konferencj\u0119 naukow\u0105 <a href=\"https:\/\/www.academia-electronica.net\/?page_id=1036\" target=\"_blank\" rel=\"noopener\"><em>Wirtualium. Interdyscyplinarne perspektywy rzeczywisto\u015bci wirtualnej<\/em><\/a>, kt\u00f3ra prawdopodobnie jako pierwsza na \u015bwiecie w ca\u0142o\u015bci odby\u0142a si\u0119 w wirtualnym \u015bwiecie (AltspaceVR). Wzi\u0119\u0142o w niej udzia\u0142 18 o\u015brodk\u00f3w akademickich, odby\u0142y si\u0119 22 wyst\u0105pienia prelegent\u00f3w oraz 5 wyk\u0142ad\u00f3w go\u015bci specjalnych. Konferencja zdoby\u0142a tytu\u0142 Konferencji Roku 2022 w og\u00f3lnopolskim konkursie <a href=\"https:\/\/www.facebook.com\/StudenckiRuchNaukowyStRuNa?__cft__%5b0%5d=AZU0la3SZ5oIu1PJxA07A6LLm2JXQ1nGPeH-zHk5PmUn2UeooqwO7IR_aFKvlTSLx5FDgWwQmdn7xNrgSMhBXoZyeK8muSsqubfRFBvxHF9VD9VBVmu3oW7k18mB0Rd3dfW7ZEo7vZev5mxIfx4_Dbtc8tbPLwUxvgyon8f0QhejDNA_Ynf4Y3ncJe__g5CzFRjv5uo-VjwWGTL1QSADEvZ6NrEAlju9KxUDr0ARljp6NA&amp;__tn__=-%5dK-R\">StRuNa<\/a>. W maju 2023, w wirtualnym \u015bwiecie Spatial zosta\u0142a zorganizowana druga edycja, <em><a href=\"https:\/\/www.academia-electronica.net\/?page_id=989\" target=\"_blank\" rel=\"noopener\">Wirtualium<\/a><\/em>. Uczestniczy\u0142o w niej oko\u0142o 100 os\u00f3b, odby\u0142y si\u0119 24 wyst\u0105pienia, 4 wyk\u0142ady go\u015bci specjalnych i debata ekspercka. Prelegenci reprezentowali \u0142\u0105cznie 20 r\u00f3\u017cnych uniwersytet\u00f3w lub firm. Trzecia edycja <a href=\"https:\/\/www.academia-electronica.net\/?page_id=1464\" target=\"_blank\" rel=\"noopener\"><em>Wirtualium<\/em><\/a> zosta\u0142a zorganizowana we wsp\u00f3\u0142pracy z Academi\u0105 w maju 2024 przez <span class=\"C9DxTc \"><a href=\"https:\/\/www.eduvrlab.agh.edu.pl\/\" target=\"_blank\" rel=\"noopener\">Laboratorium EduVRLab &#8211; Wydzia\u0142 Humanistyczny AGH<\/a>. <\/span>W ramach tej edycji <em>Wirtualium<\/em> odby\u0142a si\u0119 r\u00f3wnie\u017c <a href=\"https:\/\/www.wirtualium.agh.edu.pl\/LAVR\" target=\"_blank\" rel=\"noopener\">Letnia Akademia VR<\/a>, zorganizowana dla m\u0142odzie\u017cy szk\u00f3\u0142 ponadpodstawowych.<\/p>\n<p style=\"text-align: justify;\">W 2023-24 zosta\u0142o przeprowadzonych pi\u0119\u0107 hybrydowych seminari\u00f3w, zorganizowanych pod wsp\u00f3lnym tytu\u0142em <a href=\"https:\/\/pte.uj.edu.pl\/?p=525\" target=\"_blank\" rel=\"noopener\"><em>Do\u015bwiadczenie estetyczne w czasach Czwartej Rewolucji Przemys\u0142owej<\/em><\/a> przez <a href=\"https:\/\/pte.uj.edu.pl\/\" target=\"_blank\" rel=\"noopener\">Polskie Towarzystwo Estetyczne<\/a>. W seminariach uczestniczy\u0142 Wydzia\u0142 Filozofii i Socjologii Uniwersytetu Marii Curie-Sk\u0142odowskiej w Lublinie, Wydzia\u0142 Filozofii Uniwersytetu Warszawskiego, Instytut Filozofii Uniwersytetu \u0141\u00f3dzkiego, Wydzia\u0142 Architektury Zachodniopomorskiego Uniwersytetu Technologicznego, Instytut Kultury Europejskiej w Gnie\u017anie i Uniwersytet Adama Mickiewicza w Poznaniu.<\/p>\n<p class=\"has-text-align-left\" style=\"text-align: justify;\">W 2023 w wirtualnym \u015bwiecie Spatial, w auli Digital Beam, oby\u0142a si\u0119 pierwsza otwarta obrona magisterska z wykorzystaniem Oculus\u00f3w, zatytu\u0142owana <em><a href=\"https:\/\/www.academia-electronica.net\/?page_id=1054\" target=\"_blank\" rel=\"noopener\">Umys\u0142 uciele\u015bniony, ale w kt\u00f3rym ciele? Analiza wirtualnego uciele\u015bnienia<\/a><\/em> (UJ).<\/p>\n<p class=\"has-text-align-left\" style=\"text-align: justify;\">Na pocz\u0105tku 2022 zarejestrowany dorobek w postaci ponad 270 film\u00f3w oraz dodatkowo nagra\u0144 audio i w szeregu przypadk\u00f3w towarzysz\u0105cych im prezentacji z lat 2008-21 zosta\u0142 zarchiwizowany.<\/p>\n<p style=\"text-align: justify;\">Od 2023 do 2026 Academia uczestniczy w mi\u0119dzynarodowym grancie &#8220;Horizon&#8221; <a href=\"https:\/\/www.caphe.space\/\" target=\"_blank\" rel=\"noopener\"><em>The Communities and Artistic Participation in Hybrid Environments<\/em><\/a> (CAPHE), skupiaj\u0105cym badaczki i badaczy z Grecji, Kenii, Polski, Portugalii, Wielkiej Brytanii i W\u0142och, jak r\u00f3wnie\u017c wsp\u00f3\u0142pracuje z drugim &#8220;Horizonem&#8221;, zatytu\u0142owanym <a href=\"https:\/\/euimpulse.eu\/\" target=\"_blank\" rel=\"noopener\"><em>Impulse<\/em><\/a>.<\/p>\n<p style=\"text-align: justify;\">W marcu 2025 powo\u0142ane zosta\u0142o w Academii Centrum Futurologiczne, kt\u00f3rego celem jest rozw\u00f3j bada\u0144 naukowych ukierunkowanych na formu\u0142owanie istotnych wniosk\u00f3w naukowych dotycz\u0105cych przysz\u0142o\u015bci oraz ich efektywno\u015bci dla rozwoju cz\u0142owieka i \u015bwiata, co powinno wynika\u0107 z analizy aktualnych wynik\u00f3w bada\u0144, ich segregacji pod wzgl\u0119dem widocznych i uzasadnionych konsekwencji, powi\u0105zanych z konkretnymi efektami i naukow\u0105 ekspansj\u0105.<\/p>\n<p style=\"text-align: justify;\">W Academickich galeriach Second Life i Spatial zaprezentowano kilka wystaw sztuki, z kt\u00f3rych cz\u0119\u015b\u0107 wci\u0105\u017c mo\u017cna odwiedza\u0107. W\u015br\u00f3d nich, dzi\u0119ki Neutrince Lisle, najpierw w AlstspaceVR, a nast\u0119pnie w Spatial zago\u015bci\u0142a do Academii<i>\u00a0<\/i><em>Galeria Bezdomna<\/em><em>.<\/em> Cyklicznie, od 2012, mo\u017cna pos\u0142ucha\u0107 tu muzycznej listy przeboj\u00f3w (8-bit) z historycznych gier komputerowych, w ramach organizowanych przez Dexa Euromata w Academickim <em>Kominie<\/em> w Second Life wieczor\u00f3w, pod wsp\u00f3lnym tytu\u0142em <a href=\"https:\/\/dexeuromat.wordpress.com\/osg\/\" target=\"_blank\" rel=\"noopener\"><em>Oryginalny Soundtrack Gier<\/em><\/a>.<\/p>\n<p style=\"text-align: justify;\">Obecny trzon zarz\u0105dzaj\u0105cy Academi\u0105 tworz\u0105: Sidey Myoo, Neutrinka Lisle &#8211; administratorka\u00a0 Academiii i g\u0142\u00f3wna kreatorka przestrzeni wyk\u0142adowych, Dex Euromat &#8211; kreator oraz konsultant techniczny. Bez tych dwojga os\u00f3b, opiekun\u00f3w Academii, Academia Electronica nigdy by nie zaistnia\u0142a i nie mog\u0142aby si\u0119 rozwija\u0107. Na przestrzeni lat Academii pomaga\u0142o wiele r\u00f3\u017cnych os\u00f3b. Wk\u0142ad ten wielokrotnie by\u0142 nie jedynie wyra\u017cony dobrym s\u0142owem, czy sugesti\u0105 zmian, lecz tak\u017ce cz\u0119sto przejawia\u0142 si\u0119 w konkretnym dzia\u0142aniu na rzecz Academii. Wszyscy pozostajecie w naszej pami\u0119ci, k\u0142aniamy si\u0119 nisko i sk\u0142adamy serdeczne podzi\u0119kowania.<\/p>\n<p style=\"text-align: justify;\">To, co tworzy\u0142o i wci\u0105\u017c tworzy Academi\u0119, to osoby i atmosfera, to ponadczasowe, wspania\u0142e warto\u015bci okre\u015blaj\u0105ce nauk\u0119, sens poznawania i wymiany wiedzy, wgl\u0105d w przysz\u0142o\u015b\u0107 oraz znaczenie rozwoju.<\/p>\n<p style=\"text-align: justify;\">Academia Electronica jest wsp\u00f3lnym dobrem \u015brodowiska akademickiego, jest miejscem w Sieci, w kt\u00f3rym mo\u017cna prowadzi\u0107 dzia\u0142alno\u015b\u0107 naukow\u0105 i dydaktyczn\u0105. Academia to tak\u017ce rozw\u00f3j akademizmu w rzeczywisto\u015bci wirtualnej, miejsce do kt\u00f3rego mo\u017cna przyj\u015b\u0107 w ka\u017cdej chwili, gdzie mo\u017cna porozmawia\u0107, pos\u0142ucha\u0107 muzyki lub kontemplowa\u0107. To miejsce, gdzie wchodz\u0105cy do sieci cz\u0142owiek jest najwa\u017cniejszy.<\/p>\n<p style=\"text-align: justify;\">Materia\u0142y zamieszczone na stronie Academia Electronica udost\u0119pniane s\u0105 na zasadach Licencji Creative Commons <em>\u2013<\/em> uznanie autorstwa.<\/p>\n<p><img loading=\"lazy\" class=\"wp-image-238 aligncenter\" src=\"http:\/\/www.academia-electronica.net\/wp-content\/uploads\/2022\/03\/CC-BY_icon.svg_-300x106.png\" alt=\"\" width=\"178\" height=\"63\" srcset=\"https:\/\/www.academia-electronica.net\/wp-content\/uploads\/2022\/03\/CC-BY_icon.svg_-300x106.png 300w, https:\/\/www.academia-electronica.net\/wp-content\/uploads\/2022\/03\/CC-BY_icon.svg_-768x271.png 768w, https:\/\/www.academia-electronica.net\/wp-content\/uploads\/2022\/03\/CC-BY_icon.svg_-18x6.png 18w, https:\/\/www.academia-electronica.net\/wp-content\/uploads\/2022\/03\/CC-BY_icon.svg_-1018x361.png 1018w, https:\/\/www.academia-electronica.net\/wp-content\/uploads\/2022\/03\/CC-BY_icon.svg_.png 1024w\" sizes=\"(max-width: 178px) 100vw, 178px\" \/><\/p>\n","protected":false},"excerpt":{"rendered":"<p>Academia Electronica powsta\u0142a z inicjatywy Sideya Myoo w 2007, istniej\u0105c na kszta\u0142t uniwersytetu dzia\u0142aj\u0105cego w wirtualnym \u015bwiecie Second Life. Od 2021 poszerzy\u0142a swoj\u0105 dzia\u0142alno\u015b\u0107 o wirtualny \u015bwiat AltspaceVR, a po jego zamkni\u0119ciu w 2023 znalaz\u0142a swoje miejsce w wirtualnym \u015bwiecie&hellip; <\/p>\n","protected":false},"author":3,"featured_media":0,"parent":0,"menu_order":0,"comment_status":"closed","ping_status":"closed","template":"","meta":[],"_links":{"self":[{"href":"https:\/\/www.academia-electronica.net\/index.php?rest_route=\/wp\/v2\/pages\/27"}],"collection":[{"href":"https:\/\/www.academia-electronica.net\/index.php?rest_route=\/wp\/v2\/pages"}],"about":[{"href":"https:\/\/www.academia-electronica.net\/index.php?rest_route=\/wp\/v2\/types\/page"}],"author":[{"embeddable":true,"href":"https:\/\/www.academia-electronica.net\/index.php?rest_route=\/wp\/v2\/users\/3"}],"replies":[{"embeddable":true,"href":"https:\/\/www.academia-electronica.net\/index.php?rest_route=%2Fwp%2Fv2%2Fcomments&post=27"}],"version-history":[{"count":159,"href":"https:\/\/www.academia-electronica.net\/index.php?rest_route=\/wp\/v2\/pages\/27\/revisions"}],"predecessor-version":[{"id":2223,"href":"https:\/\/www.academia-electronica.net\/index.php?rest_route=\/wp\/v2\/pages\/27\/revisions\/2223"}],"wp:attachment":[{"href":"https:\/\/www.academia-electronica.net\/index.php?rest_route=%2Fwp%2Fv2%2Fmedia&parent=27"}],"curies":[{"name":"wp","href":"https:\/\/api.w.org\/{rel}","templated":true}]}}