{"id":35,"date":"2022-02-23T23:18:35","date_gmt":"2022-02-23T23:18:35","guid":{"rendered":"https:\/\/www.academia-electronica.net\/?page_id=35"},"modified":"2022-03-03T18:43:29","modified_gmt":"2022-03-03T18:43:29","slug":"polityka-prywatnosci","status":"publish","type":"page","link":"https:\/\/www.academia-electronica.net\/?page_id=35","title":{"rendered":"Polityka prywatno\u015bci"},"content":{"rendered":"\r\n<p style=\"text-align: justify;\">Polityka Prywatno\u015bci Academia Electronica<\/p>\r\n\r\n\r\n\r\n<p style=\"text-align: justify;\">\u00a7 1<\/p>\r\n\r\n\r\n\r\n<p style=\"text-align: justify;\">Postanowienia Og\u00f3lne<\/p>\r\n\r\n\r\n\r\n<p style=\"text-align: justify;\">Zgodnie z art. 13 rozporz\u0105dzenia Parlamentu Europejskiego i Rady Unii Europejskiej 2016\/679 z dnia 27 kwietnia 2016 r. w sprawie ochrony danych osobowych os\u00f3b fizycznych w zwi\u0105zku z przetwarzaniem danych osobowych (RODO) Academia Electronica (portal) informuje, \u017ce: Administratorem danych osobowych jest Academia Electronica (rodo@academia-electronica.net). Dane osobowe u\u017cytkownika b\u0119d\u0105 przekazywane podmiotowi przetwarzaj\u0105cemu &#8211; Media-Lab z siedzib\u0105 w Kaliszu, ul. Owsiana 7, 62-800 Kalisz na podstawie zwartej umowy powierzenia.<\/p>\r\n\r\n\r\n\r\n<p style=\"text-align: justify;\">Zgodnie z art. 13 rozporz\u0105dzenia Parlamentu Europejskiego i Rady Unii Europejskiej 2016\/679 z dnia 27 kwietnia 2016 r. w sprawie ochrony danych osobowych os\u00f3b fizycznych w zwi\u0105zku z przetwarzaniem danych osobowych (RODO) Academia Electronica (portal) informuje, \u017ce:<\/p>\r\n\r\n\r\n\r\n<p style=\"text-align: justify;\">1. Administratorem danych osobowych jest Academia Electronica (<a href=\"mailto:rodo@academia-electronica.net\" data-type=\"mailto\" data-id=\"mailto:rodo@academia-electronica.net\">rodo@academia-electronica.net<\/a>)<\/p>\r\n\r\n\r\n\r\n<p style=\"text-align: justify;\">2. Dane osobowe u\u017cytkownika b\u0119d\u0105 przekazywane podmiotowi przetwarzaj\u0105cemu &#8211; Media-Lab z siedzib\u0105 w Kaliszu, ul. Owsiana 7, 62-800 Kalisz na podstawie zawartej umowy powierzenia.<\/p>\r\n\r\n\r\n\r\n<p style=\"text-align: justify;\">3. Dane osobowe u\u017cytkownika mog\u0105 by\u0107 przekazywane na podstawie wyra\u017conej zgody Uniwersytetowi Jagiello\u0144skiemu w Krakowie, ul. Go\u0142\u0119bia 24, 31-007 Krak\u00f3w, w kt\u00f3rym zosta\u0142 powo\u0142any Inspektor Ochrony Danych, ul. Go\u0142\u0119bia 24 pok. 31, adres e-mail: iod@uj.edu.pl, tel. 12 663 12 25.<\/p>\r\n\r\n\r\n\r\n<p style=\"text-align: justify;\">4. Podanie danych w portalu jest dobrowolne lecz niezb\u0119dne do korzystania z us\u0142ug \u015bwiadczonych przez portal. Dodatkowe dane osobowe, jak adres e-mail, zbierane s\u0105 jedynie w miejscach, w kt\u00f3rych u\u017cytkownik wype\u0142niaj\u0105c formularz wyra\u017anie wyrazi\u0142 na to zgod\u0119. Powy\u017csze dane zachowujemy i wykorzystujemy tylko do potrzeb niezb\u0119dnych do wykonania danej funkcji.<\/p>\r\n\r\n\r\n\r\n<p style=\"text-align: justify;\">5. Dane osobowe przetwarzane s\u0105:<\/p>\r\n\r\n\r\n\r\n<p style=\"text-align: justify;\">a) zgodnie z przepisami dotycz\u0105cymi ochrony danych osobowych,<br \/>b) zgodnie z wdro\u017con\u0105 Polityk\u0105 Prywatno\u015bci,<br \/>c) w zakresie i celu niezb\u0119dnym do wype\u0142nienia uzasadnionych interes\u00f3w (prawnie usprawiedliwionych cel\u00f3w), a przetwarzanie nie narusza praw i wolno\u015bci osoby, kt\u00f3rej dane dotycz\u0105.<br \/>d) na podstawie wyra\u017conej zgody.<\/p>\r\n\r\n\r\n\r\n<p style=\"text-align: justify;\">6. Dost\u0119p do danych posiadaj\u0105 upowa\u017cnieni przez administratora portalu pracownicy i wsp\u00f3\u0142pracownicy, kt\u00f3rzy musz\u0105 mie\u0107 dost\u0119p do danych, aby wykonywa\u0107 swoje obowi\u0105zki.<\/p>\r\n\r\n\r\n\r\n<p style=\"text-align: justify;\">7. Dane osobowe podawane w formularzach na portalu s\u0105 traktowane jako poufne i nie s\u0105 widoczne dla os\u00f3b nieuprawnionych.<\/p>\r\n\r\n\r\n\r\n<p style=\"text-align: justify;\">8. Ka\u017cda osoba, kt\u00f3rej dane dotycz\u0105 ma prawo dost\u0119pu do danych, sprostowania, usuni\u0119cia lub ograniczenia przetwarzania, prawo sprzeciwu, prawo wniesienia skargi do organu nadzorczego.<\/p>\r\n\r\n\r\n\r\n<p style=\"text-align: justify;\">9. Academia Electronica ma prawo udost\u0119pnia\u0107 dane osobowe U\u017cytkownika oraz innych jego danych podmiotom upowa\u017cnionym na podstawie w\u0142a\u015bciwych przepis\u00f3w prawa (np. organom \u015bcigania).<\/p>\r\n\r\n\r\n\r\n<p style=\"text-align: justify;\">10. Usuni\u0119cie danych osobowych mo\u017ce nast\u0105pi\u0107 na skutek cofni\u0119cia zgody b\u0105d\u017a wniesienia prawnie dopuszczalnego sprzeciwu na przetwarzanie danych osobowych.<\/p>\r\n\r\n\r\n\r\n<p style=\"text-align: justify;\">11. Academia Electronica nie udost\u0119pniania danych osobowych innym podmiotom ani\u017celi upowa\u017cnionym na podstawie w\u0142a\u015bciwych przepis\u00f3w prawa lub zawartych um\u00f3w powierzenia.<\/p>\r\n\r\n\r\n\r\n<p style=\"text-align: justify;\">\u00a7 2<\/p>\r\n\r\n\r\n\r\n<p style=\"text-align: justify;\">Pliki cookies<\/p>\r\n\r\n\r\n\r\n<p style=\"text-align: justify;\">1. Witryna u\u017cywa plik\u00f3w ciasteczek (ang. cookies), kt\u00f3re s\u0105 tworzone przez serwer, wysy\u0142ane i przechowywane na komputerze u\u017cytkownika w odpowiednim folderze przegl\u0105darki internetowej. Ich celem jest szybsze \u0142adowanie tre\u015bci, uwierzytelnianie danych dotycz\u0105cych u\u017cytkownika, a tak\u017ce monitorowanie jego preferencji odno\u015bnie przegl\u0105danych danych.<\/p>\r\n\r\n\r\n\r\n<p style=\"text-align: justify;\">2. Ciasteczka zawieraj\u0105 nast\u0119puj\u0105ce dane: Adres IP, Typ przegl\u0105darki, Rodzaj Systemu Operacyjnego komputera, Informacje o ISP (Dostawca Internetu), Stempel czasu (data i godzina utworzenia informacji), lokalizacji u\u017cytkownika, danych przes\u0142anych przez formularze.<\/p>\r\n\r\n\r\n\r\n<p style=\"text-align: justify;\">3. Zebrane dane s\u0142u\u017c\u0105 wy\u0142\u0105cznie do monitorowania, jakie tre\u015bci s\u0105 wybierane przez u\u017cytkownik\u00f3w aby umo\u017cliwi\u0107 im jak najlepsz\u0105 nawigacj\u0119 do tych\u017ce tre\u015bci.<\/p>\r\n\r\n\r\n\r\n<p style=\"text-align: justify;\">4. Stosowane pliki ciasteczek na naszej stronie:<\/p>\r\n\r\n\r\n\r\n<p style=\"text-align: justify;\">a) \u201eUwierzytelniaj\u0105ce\u201d \u2013 stosowane podczas logowania np. w celu edycji tre\u015bci na w\u0142asnych podstronach<br \/>b) \u201eWeryfikacyjne\u201d \u2013 stosowane w celu weryfikacji danych, kt\u00f3re nie wymagaj\u0105 dodatkowego uwierzytelnienia<br \/>c) \u201eWydajno\u015bciowe\u201d \u2013 przechowuj\u0105ce dane o cz\u0119stotliwo\u015bci odwiedzanych podstron, pozwalaj\u0105ce na szybsze \u0142adowanie tych najcz\u0119\u015bciej odwiedzanych<br \/>d) \u201eFunkcjonalne\u201d \u2013 Przechowuj\u0105ce dane o lokalizacji i ustawieniach interfejsu (wygl\u0105d podczas edycji, wielko\u015bci czcionek itp.)<\/p>\r\n\r\n\r\n\r\n<p style=\"text-align: justify;\">5. Ka\u017cdy u\u017cytkownik mo\u017ce w dowolnej chwili zaprzesta\u0107 lub wznowi\u0107 pobieranie ciasteczek z danej witryny w swojej przegl\u0105darce internetowej. Instrukcja zarz\u0105dzania ciasteczkami dost\u0119pna jest pod adresem: <a href=\"http:\/\/jakwylaczyccookie.pl\/jak-wylaczyc-pliki-cookies\/\">http:\/\/jakwylaczyccookie.pl\/jak-wylaczyc-pliki-cookies\/<\/a><\/p>\r\n\r\n\r\n\r\n<p style=\"text-align: justify;\">\u00a7 3<\/p>\r\n\r\n\r\n\r\n<p style=\"text-align: justify;\">Osadzone tre\u015bci z innych witryn<\/p>\r\n\r\n\r\n\r\n<p style=\"text-align: justify;\">1. Artyku\u0142y na tej witrynie mog\u0105 zawiera\u0107 osadzone tre\u015bci (np. filmy, obrazki, artyku\u0142y itp.). Osadzone tre\u015bci z innych witryn zachowuj\u0105 si\u0119 analogicznie do tego, jakby u\u017cytkownik odwiedzi\u0142 bezpo\u015brednio konkretn\u0105 witryn\u0119.<\/p>\r\n\r\n\r\n\r\n<p style=\"text-align: justify;\">2. Witryny mog\u0105 zbiera\u0107 informacje o tobie, u\u017cywa\u0107 ciasteczek, do\u0142\u0105cza\u0107 dodatkowe, zewn\u0119trzne systemy \u015bledzenia i monitorowa\u0107 twoje interakcje z osadzonym materia\u0142em, w\u0142\u0105czaj\u0105c w to \u015bledzenie twoich interakcji z osadzonym materia\u0142em je\u015bli posiadasz konto i jeste\u015b zalogowany w tamtej witrynie.<\/p>\r\n\r\n\r\n\r\n<p style=\"text-align: justify;\">\u00a7 4<\/p>\r\n\r\n\r\n\r\n<p style=\"text-align: justify;\">Logi serwera<\/p>\r\n\r\n\r\n\r\n<p style=\"text-align: justify;\">1. Informacje o niekt\u00f3rych zachowaniach u\u017cytkownik\u00f3w podlegaj\u0105 logowaniu w warstwie serwerowej. Dane te s\u0105 wykorzystywane wy\u0142\u0105cznie w celu administrowania serwisem oraz w celu zapewnienia jak najlepszej obs\u0142ugi \u015bwiadczonych us\u0142ug informacyjnych.<\/p>\r\n\r\n\r\n\r\n<p style=\"text-align: justify;\">2. Przegl\u0105dane zasoby identyfikowane s\u0105 poprzez adresy URL. Ponadto zapisowi mog\u0105 podlega\u0107:<\/p>\r\n\r\n\r\n\r\n<p style=\"text-align: justify;\">a) Czas nadej\u015bcia zapytania,<br \/>b) Czas wys\u0142ania odpowiedzi,<br \/>c) Nazw\u0119 stacji klienta \u2013 identyfikacja realizowana przez protok\u00f3\u0142 HTTP,<br \/>d) Informacje o b\u0142\u0119dach jakie nast\u0105pi\u0142y przy realizacji transakcji HTTP,<br \/>e) Adres URL strony poprzednio odwiedzanej przez u\u017cytkownika (link \u017ar\u00f3d\u0142owy) \u2013 w przypadku gdy przej\u015bcie do Serwisu nast\u0105pi\u0142o przez odno\u015bnik,<br \/>f) Informacje o przegl\u0105darce u\u017cytkownika,<br \/>g) Informacje o adresie IP.<\/p>\r\n\r\n\r\n\r\n<p style=\"text-align: justify;\">3. Dane powy\u017csze nie s\u0105 kojarzone z konkretnymi osobami przegl\u0105daj\u0105cymi strony.<\/p>\r\n","protected":false},"excerpt":{"rendered":"<p>Polityka Prywatno\u015bci Academia Electronica \u00a7 1 Postanowienia Og\u00f3lne Zgodnie z art. 13 rozporz\u0105dzenia Parlamentu Europejskiego i Rady Unii Europejskiej 2016\/679 z dnia 27 kwietnia 2016 r. w sprawie ochrony danych osobowych os\u00f3b fizycznych w zwi\u0105zku z przetwarzaniem danych osobowych (RODO)&hellip; <\/p>\n","protected":false},"author":1,"featured_media":0,"parent":0,"menu_order":0,"comment_status":"closed","ping_status":"closed","template":"","meta":[],"_links":{"self":[{"href":"https:\/\/www.academia-electronica.net\/index.php?rest_route=\/wp\/v2\/pages\/35"}],"collection":[{"href":"https:\/\/www.academia-electronica.net\/index.php?rest_route=\/wp\/v2\/pages"}],"about":[{"href":"https:\/\/www.academia-electronica.net\/index.php?rest_route=\/wp\/v2\/types\/page"}],"author":[{"embeddable":true,"href":"https:\/\/www.academia-electronica.net\/index.php?rest_route=\/wp\/v2\/users\/1"}],"replies":[{"embeddable":true,"href":"https:\/\/www.academia-electronica.net\/index.php?rest_route=%2Fwp%2Fv2%2Fcomments&post=35"}],"version-history":[{"count":3,"href":"https:\/\/www.academia-electronica.net\/index.php?rest_route=\/wp\/v2\/pages\/35\/revisions"}],"predecessor-version":[{"id":206,"href":"https:\/\/www.academia-electronica.net\/index.php?rest_route=\/wp\/v2\/pages\/35\/revisions\/206"}],"wp:attachment":[{"href":"https:\/\/www.academia-electronica.net\/index.php?rest_route=%2Fwp%2Fv2%2Fmedia&parent=35"}],"curies":[{"name":"wp","href":"https:\/\/api.w.org\/{rel}","templated":true}]}}