{"id":379,"date":"2022-03-16T09:34:01","date_gmt":"2022-03-16T09:34:01","guid":{"rendered":"https:\/\/www.academia-electronica.net\/?page_id=379"},"modified":"2022-05-23T07:24:37","modified_gmt":"2022-05-23T07:24:37","slug":"wyklady-od-studentki-a-do-profesorki-a","status":"publish","type":"page","link":"https:\/\/www.academia-electronica.net\/?page_id=379","title":{"rendered":"Wyk\u0142ady Od Studentki\/a do Profesorki\/a"},"content":{"rendered":"<table style=\"width: 100%;\" border=\"0\">\n<tbody>\n<tr>\n<td style=\"text-align: center;\"><strong>Wyk\u0142ady z cyklu <em>Od Studentki\/a do Profesorki\/a<\/em> w Academia Electronica &#8211; Instytut Filozofii UJ <\/strong><strong>odbywaj\u0105 si\u0119 w semestrze letnim, <\/strong><strong>w poniedzia\u0142ek, w godzinach 20:00 &#8211; 21:30<\/strong><\/td>\n<\/tr>\n<\/tbody>\n<\/table>\n<hr \/>\n<table style=\"width: 100.166%; height: 580px;\" border=\"0\">\n<tbody>\n<tr style=\"height: 30px;\">\n<td style=\"width: 99.6688%; height: 30px;\" colspan=\"2\">\n<h4 style=\"text-align: center;\"><strong>2021\/2022<\/strong><\/h4>\n<\/td>\n<\/tr>\n<tr>\n<td style=\"width: 24.8344%; text-align: center;\"><a href=\"http:\/\/www.academia-electronica.net\/wp-content\/uploads\/2022\/05\/EwaWojtowicz-2022-plakat.jpg\"><img loading=\"lazy\" class=\"size-medium wp-image-597 alignnone\" src=\"http:\/\/www.academia-electronica.net\/wp-content\/uploads\/2022\/05\/EwaWojtowicz-2022-plakat-300x169.jpg\" alt=\"\" width=\"300\" height=\"169\" srcset=\"https:\/\/www.academia-electronica.net\/wp-content\/uploads\/2022\/05\/EwaWojtowicz-2022-plakat-300x169.jpg 300w, https:\/\/www.academia-electronica.net\/wp-content\/uploads\/2022\/05\/EwaWojtowicz-2022-plakat-1024x576.jpg 1024w, https:\/\/www.academia-electronica.net\/wp-content\/uploads\/2022\/05\/EwaWojtowicz-2022-plakat-768x432.jpg 768w, https:\/\/www.academia-electronica.net\/wp-content\/uploads\/2022\/05\/EwaWojtowicz-2022-plakat.jpg 1280w\" sizes=\"(max-width: 300px) 100vw, 300px\" \/><\/a><\/td>\n<td style=\"width: 74.8344%;\">\n<p style=\"text-align: center;\"><a href=\"https:\/\/www.academia-electronica.net\/?page_id=601\" target=\"_blank\" rel=\"noopener\"><i>Nowe Wieki Ciemne. <\/i><\/a><br \/>\n<a href=\"https:\/\/www.academia-electronica.net\/?page_id=601\" target=\"_blank\" rel=\"noopener\"><i>Wok\u00f3\u0142 ksi\u0105\u017cki Jamesa <\/i><i>Bridle\u2019a <\/i><i>New Dark Age. <\/i><\/a><br \/>\n<a href=\"https:\/\/www.academia-electronica.net\/?page_id=601\" target=\"_blank\" rel=\"noopener\"><i>Technology and the End of the <\/i><i>Future<\/i><\/a><\/p>\n<p style=\"text-align: center;\">dr hab. Ewa W\u00f3jtowicz, prof. UAP (RL) | EwaWojtowicz (SL)<\/p>\n<p style=\"text-align: center;\">Academia Electronica w Second Life \u2013 Blue City<\/p>\n<p style=\"text-align: center;\">16.05.2022<\/p>\n<\/td>\n<\/tr>\n<tr style=\"height: 165px;\">\n<td style=\"width: 24.8344%; text-align: center; height: 165px;\"><a href=\"http:\/\/www.academia-electronica.net\/wp-content\/uploads\/2022\/04\/Enoch-Root-2022-plakat.jpg\"><img loading=\"lazy\" class=\"size-medium wp-image-528 alignnone\" src=\"http:\/\/www.academia-electronica.net\/wp-content\/uploads\/2022\/04\/Enoch-Root-2022-plakat-300x169.jpg\" alt=\"\" width=\"300\" height=\"169\" srcset=\"https:\/\/www.academia-electronica.net\/wp-content\/uploads\/2022\/04\/Enoch-Root-2022-plakat-300x169.jpg 300w, https:\/\/www.academia-electronica.net\/wp-content\/uploads\/2022\/04\/Enoch-Root-2022-plakat-1024x576.jpg 1024w, https:\/\/www.academia-electronica.net\/wp-content\/uploads\/2022\/04\/Enoch-Root-2022-plakat-768x432.jpg 768w, https:\/\/www.academia-electronica.net\/wp-content\/uploads\/2022\/04\/Enoch-Root-2022-plakat.jpg 1280w\" sizes=\"(max-width: 300px) 100vw, 300px\" \/><\/a><\/td>\n<td style=\"width: 74.8344%; height: 165px;\">\n<p style=\"text-align: center;\"><a href=\"https:\/\/www.academia-electronica.net\/?page_id=533\" rel=\"noopener\"><em>Niezno\u015bna z\u0142o\u017cono\u015b\u0107 uciele\u015bnienia. <\/em><em>Notatki z interdyscyplinarnego pogranicza<\/em><\/a><\/p>\n<p style=\"text-align: center;\">dr Jan Argasi\u0144ski (RL) | Enoch Root (SL)<\/p>\n<p style=\"text-align: center;\">Academia Electronica w Second Life \u2013 Ogr\u00f3dek Naukowy<\/p>\n<p style=\"text-align: center;\">25.04.2022<\/p>\n<\/td>\n<\/tr>\n<tr style=\"height: 156px;\">\n<td style=\"width: 24.8344%; height: 105px; text-align: center;\"><a href=\"http:\/\/www.academia-electronica.net\/wp-content\/uploads\/2022\/04\/Kamil-Mamak_KamilMamak-2022.jpg\"><img loading=\"lazy\" class=\"wp-image-483 size-medium alignnone\" src=\"http:\/\/www.academia-electronica.net\/wp-content\/uploads\/2022\/04\/Kamil-Mamak_KamilMamak-2022-300x169.jpg\" alt=\"\" width=\"300\" height=\"169\" srcset=\"https:\/\/www.academia-electronica.net\/wp-content\/uploads\/2022\/04\/Kamil-Mamak_KamilMamak-2022-300x169.jpg 300w, https:\/\/www.academia-electronica.net\/wp-content\/uploads\/2022\/04\/Kamil-Mamak_KamilMamak-2022-1024x576.jpg 1024w, https:\/\/www.academia-electronica.net\/wp-content\/uploads\/2022\/04\/Kamil-Mamak_KamilMamak-2022-768x432.jpg 768w, https:\/\/www.academia-electronica.net\/wp-content\/uploads\/2022\/04\/Kamil-Mamak_KamilMamak-2022.jpg 1280w\" sizes=\"(max-width: 300px) 100vw, 300px\" \/><\/a><\/td>\n<td style=\"width: 74.8344%; height: 105px;\">\n<p style=\"text-align: center;\"><a href=\"https:\/\/www.academia-electronica.net\/?page_id=472\" rel=\"noopener\"><em>Moralny i prawny status robot\u00f3w <\/em><\/a><\/p>\n<p style=\"text-align: center;\">dr Kamil Mamak (RL) | KamilMamak (SL)<\/p>\n<p style=\"text-align: center;\">Academia Electronica w Second Life \u2013 Partenon<\/p>\n<p style=\"text-align: center;\">11.04.2022<\/p>\n<\/td>\n<\/tr>\n<tr style=\"height: 156px;\">\n<td style=\"width: 24.8344%; text-align: center; height: 156px;\"><a href=\"http:\/\/www.academia-electronica.net\/wp-content\/uploads\/2022\/03\/Plakat-OSDP-2022.jpg\"><img loading=\"lazy\" class=\"size-medium wp-image-445 alignnone\" src=\"http:\/\/www.academia-electronica.net\/wp-content\/uploads\/2022\/03\/Plakat-OSDP-2022-300x169.jpg\" alt=\"\" width=\"300\" height=\"169\" srcset=\"https:\/\/www.academia-electronica.net\/wp-content\/uploads\/2022\/03\/Plakat-OSDP-2022-300x169.jpg 300w, https:\/\/www.academia-electronica.net\/wp-content\/uploads\/2022\/03\/Plakat-OSDP-2022-1024x576.jpg 1024w, https:\/\/www.academia-electronica.net\/wp-content\/uploads\/2022\/03\/Plakat-OSDP-2022-768x432.jpg 768w, https:\/\/www.academia-electronica.net\/wp-content\/uploads\/2022\/03\/Plakat-OSDP-2022.jpg 1280w\" sizes=\"(max-width: 300px) 100vw, 300px\" \/><\/a><\/td>\n<td style=\"width: 74.8344%; height: 156px;\">\n<p style=\"text-align: center;\"><a href=\"https:\/\/www.academia-electronica.net\/?page_id=424\" rel=\"noopener\"><em>Youtube\u00a0 jako platforma tw\u00f3rczego komentariatu<\/em><\/a><\/p>\n<p style=\"text-align: center;\">mgr Magdalena G\u00f3rska (RL) | gorskam (SL)<\/p>\n<p style=\"text-align: center;\">Academia Electronica w Second Life \u2013 Galeria \u015ar\u00f3dbrze\u017cna<\/p>\n<p style=\"text-align: center;\">28.03.2022<\/p>\n<\/td>\n<\/tr>\n<tr style=\"height: 124px;\">\n<td style=\"text-align: center; width: 24.8344%; height: 124px;\"><a href=\"http:\/\/www.academia-electronica.net\/wp-content\/uploads\/2022\/03\/Plakat-OSDP-2022-1.jpg\"><img loading=\"lazy\" class=\"wp-image-451 size-medium alignnone\" src=\"http:\/\/www.academia-electronica.net\/wp-content\/uploads\/2022\/03\/Plakat-OSDP-2022-1-300x169.jpg\" alt=\"\" width=\"300\" height=\"169\" srcset=\"https:\/\/www.academia-electronica.net\/wp-content\/uploads\/2022\/03\/Plakat-OSDP-2022-1-300x169.jpg 300w, https:\/\/www.academia-electronica.net\/wp-content\/uploads\/2022\/03\/Plakat-OSDP-2022-1-1024x576.jpg 1024w, https:\/\/www.academia-electronica.net\/wp-content\/uploads\/2022\/03\/Plakat-OSDP-2022-1-768x432.jpg 768w, https:\/\/www.academia-electronica.net\/wp-content\/uploads\/2022\/03\/Plakat-OSDP-2022-1.jpg 1280w\" sizes=\"(max-width: 300px) 100vw, 300px\" \/><\/a><\/td>\n<td style=\"text-align: center; width: 74.8344%; height: 124px;\"><em><a href=\"https:\/\/www.academia-electronica.net\/?page_id=397\" rel=\"noopener\">Trzy nurty Humanistyki Cyfrowej<\/a> <\/em><\/p>\n<p>dr hab. Andrzej Radomski, prof. UMCS (RL) | An Redinamus (SL)<\/p>\n<p>Academia Electronica w Second Life \u2013 Amfiteatr<\/p>\n<p>14.03.2022<\/td>\n<\/tr>\n<\/tbody>\n<\/table>\n","protected":false},"excerpt":{"rendered":"<p>Wyk\u0142ady z cyklu Od Studentki\/a do Profesorki\/a w Academia Electronica &#8211; Instytut Filozofii UJ odbywaj\u0105 si\u0119 w semestrze letnim, w poniedzia\u0142ek, w godzinach 20:00 &#8211; 21:30 2021\/2022 Nowe Wieki Ciemne. Wok\u00f3\u0142 ksi\u0105\u017cki Jamesa Bridle\u2019a New Dark Age. Technology and the&hellip; <\/p>\n","protected":false},"author":3,"featured_media":0,"parent":0,"menu_order":0,"comment_status":"closed","ping_status":"closed","template":"","meta":[],"_links":{"self":[{"href":"https:\/\/www.academia-electronica.net\/index.php?rest_route=\/wp\/v2\/pages\/379"}],"collection":[{"href":"https:\/\/www.academia-electronica.net\/index.php?rest_route=\/wp\/v2\/pages"}],"about":[{"href":"https:\/\/www.academia-electronica.net\/index.php?rest_route=\/wp\/v2\/types\/page"}],"author":[{"embeddable":true,"href":"https:\/\/www.academia-electronica.net\/index.php?rest_route=\/wp\/v2\/users\/3"}],"replies":[{"embeddable":true,"href":"https:\/\/www.academia-electronica.net\/index.php?rest_route=%2Fwp%2Fv2%2Fcomments&post=379"}],"version-history":[{"count":77,"href":"https:\/\/www.academia-electronica.net\/index.php?rest_route=\/wp\/v2\/pages\/379\/revisions"}],"predecessor-version":[{"id":609,"href":"https:\/\/www.academia-electronica.net\/index.php?rest_route=\/wp\/v2\/pages\/379\/revisions\/609"}],"wp:attachment":[{"href":"https:\/\/www.academia-electronica.net\/index.php?rest_route=%2Fwp%2Fv2%2Fmedia&parent=379"}],"curies":[{"name":"wp","href":"https:\/\/api.w.org\/{rel}","templated":true}]}}