{"id":424,"date":"2022-03-20T09:45:42","date_gmt":"2022-03-20T09:45:42","guid":{"rendered":"https:\/\/www.academia-electronica.net\/?page_id=424"},"modified":"2022-04-12T15:32:42","modified_gmt":"2022-04-12T15:32:42","slug":"magdalena-xxx","status":"publish","type":"page","link":"https:\/\/www.academia-electronica.net\/?page_id=424","title":{"rendered":"mgr Magdalena G\u00f3rska (RL) | gorskam (SL) &#8211; &#8220;Youtube jako platforma tw\u00f3rczego komentariatu&#8221;"},"content":{"rendered":"<table style=\"width: 100%; height: 292px;\">\n<tbody>\n<tr style=\"height: 24px;\">\n<td style=\"width: 24.8387%; height: 24px;\">Wyk\u0142ad:<\/td>\n<td style=\"width: 74.8387%; height: 24px;\">Od Studentki\/a do Profesorki\/a<\/td>\n<\/tr>\n<tr style=\"height: 129px;\">\n<td style=\"text-align: center; width: 24.8387%; height: 105px;\"><\/td>\n<td style=\"width: 74.8387%; height: 105px;\"><\/td>\n<\/tr>\n<tr style=\"height: 24px;\">\n<td style=\"width: 24.8387%; height: 24px;\">Organizator:<\/td>\n<td style=\"width: 74.8387%; height: 24px;\">Academia Electronica<\/td>\n<\/tr>\n<tr style=\"height: 24px;\">\n<td style=\"width: 24.8387%; height: 24px;\">Termin\/miejsce:<\/td>\n<td style=\"width: 74.8387%; height: 24px;\">28.03.2022 &#8211; Academia Electronica w Second Life, Galeria \u015ar\u00f3dbrze\u017cna<\/td>\n<\/tr>\n<tr style=\"height: 48px;\">\n<td style=\"width: 24.8387%; height: 22px;\">Prelegent:<\/td>\n<td style=\"width: 74.8387%; height: 22px;\">mgr Magdalena G\u00f3rska (RL) | gorskam (SL) &#8211; Uniwersytet Miko\u0142aja Kopernika w Toruniu<\/td>\n<\/tr>\n<tr style=\"height: 24px;\">\n<td style=\"width: 24.8387%; height: 24px;\">Tytu\u0142 wyst\u0105pienia:<\/td>\n<td style=\"width: 74.8387%; height: 24px; text-align: justify;\"><em><i>Youtube<\/i><i> jako platforma tw\u00f3rczego <\/i><i>komentariatu<\/i><\/em><\/td>\n<\/tr>\n<tr style=\"height: 31px;\">\n<td style=\"width: 24.8387%; height: 21px;\">Film:<\/td>\n<td style=\"text-align: center; width: 74.8387%; height: 21px;\"><\/td>\n<\/tr>\n<tr>\n<td style=\"width: 24.8387%;\">Nagranie audio:<\/td>\n<td style=\"width: 74.8387%; text-align: justify;\"><a href=\"https:\/\/drive.google.com\/file\/d\/1cfVRI87BBXbEAxiTnZqKxDFm4kehdlKN\/view?usp=sharing\" target=\"_blank\" rel=\"noopener\">mgr Magdalena G\u00f3rska (RL) | gorskam (SL)<em><i> &#8211; Youtube<\/i><i> jako platforma tw\u00f3rczego <\/i><i>komentariatu &#8211; <\/i><\/em>Academia Electronica &#8211; 28.03.2022<\/a><em><i><br \/>\n<\/i><\/em><\/td>\n<\/tr>\n<tr style=\"height: 24px;\">\n<td style=\"width: 24.8387%; height: 24px;\">Linki:<\/td>\n<td style=\"width: 74.8387%; text-align: justify; height: 24px;\"><\/td>\n<\/tr>\n<tr style=\"height: 24px;\">\n<td style=\"width: 24.8387%; height: 24px;\">Prezentacja:<\/td>\n<td style=\"width: 74.8387%; text-align: center; height: 24px;\"><\/td>\n<\/tr>\n<tr>\n<td style=\"width: 24.8387%;\">Zdj\u0119cia:<\/td>\n<td style=\"width: 74.8387%; text-align: center;\"><\/td>\n<\/tr>\n<\/tbody>\n<\/table>\n<p><a href=\"https:\/\/www.academia-electronica.net\/?page_id=379\">Powr\u00f3t<\/a><\/p>\n","protected":false},"excerpt":{"rendered":"<p>Wyk\u0142ad: Od Studentki\/a do Profesorki\/a Organizator: Academia Electronica Termin\/miejsce: 28.03.2022 &#8211; Academia Electronica w Second Life, Galeria \u015ar\u00f3dbrze\u017cna Prelegent: mgr Magdalena G\u00f3rska (RL) | gorskam (SL) &#8211; Uniwersytet Miko\u0142aja Kopernika w Toruniu Tytu\u0142 wyst\u0105pienia: Youtube jako platforma tw\u00f3rczego komentariatu Film:&hellip; <\/p>\n","protected":false},"author":3,"featured_media":0,"parent":0,"menu_order":0,"comment_status":"closed","ping_status":"closed","template":"","meta":[],"_links":{"self":[{"href":"https:\/\/www.academia-electronica.net\/index.php?rest_route=\/wp\/v2\/pages\/424"}],"collection":[{"href":"https:\/\/www.academia-electronica.net\/index.php?rest_route=\/wp\/v2\/pages"}],"about":[{"href":"https:\/\/www.academia-electronica.net\/index.php?rest_route=\/wp\/v2\/types\/page"}],"author":[{"embeddable":true,"href":"https:\/\/www.academia-electronica.net\/index.php?rest_route=\/wp\/v2\/users\/3"}],"replies":[{"embeddable":true,"href":"https:\/\/www.academia-electronica.net\/index.php?rest_route=%2Fwp%2Fv2%2Fcomments&post=424"}],"version-history":[{"count":13,"href":"https:\/\/www.academia-electronica.net\/index.php?rest_route=\/wp\/v2\/pages\/424\/revisions"}],"predecessor-version":[{"id":490,"href":"https:\/\/www.academia-electronica.net\/index.php?rest_route=\/wp\/v2\/pages\/424\/revisions\/490"}],"wp:attachment":[{"href":"https:\/\/www.academia-electronica.net\/index.php?rest_route=%2Fwp%2Fv2%2Fmedia&parent=424"}],"curies":[{"name":"wp","href":"https:\/\/api.w.org\/{rel}","templated":true}]}}