{"id":533,"date":"2022-04-23T13:38:18","date_gmt":"2022-04-23T13:38:18","guid":{"rendered":"https:\/\/www.academia-electronica.net\/?page_id=533"},"modified":"2022-07-18T09:47:20","modified_gmt":"2022-07-18T09:47:20","slug":"dr-jan-argasinski-rl-enoch-root-sl-nieznosna-zlozonosc-ucielesnienia-notatki-z-interdyscyplinarnego-pogranicza","status":"publish","type":"page","link":"https:\/\/www.academia-electronica.net\/?page_id=533","title":{"rendered":"dr Jan Argasi\u0144ski (RL) | Enoch Root (SL) &#8211; &#8220;Niezno\u015bna z\u0142o\u017cono\u015b\u0107 uciele\u015bnienia. Notatki z interdyscyplinarnego pogranicza&#8221;"},"content":{"rendered":"<table style=\"width: 100%; height: 292px;\">\n<tbody>\n<tr style=\"height: 24px;\">\n<td style=\"width: 24.8387%; height: 24px;\">Wyk\u0142ad:<\/td>\n<td style=\"width: 74.8387%; height: 24px;\">Od Studentki\/a do Profesorki\/a<\/td>\n<\/tr>\n<tr style=\"height: 129px;\">\n<td style=\"text-align: center; width: 24.8387%; height: 105px;\"><img loading=\"lazy\" class=\"alignnone size-medium wp-image-483\" src=\"http:\/\/www.academia-electronica.net\/wp-content\/uploads\/2022\/04\/Kamil-Mamak_KamilMamak-2022-300x169.jpg\" alt=\"\" width=\"300\" height=\"169\" srcset=\"https:\/\/www.academia-electronica.net\/wp-content\/uploads\/2022\/04\/Kamil-Mamak_KamilMamak-2022-300x169.jpg 300w, https:\/\/www.academia-electronica.net\/wp-content\/uploads\/2022\/04\/Kamil-Mamak_KamilMamak-2022-1024x576.jpg 1024w, https:\/\/www.academia-electronica.net\/wp-content\/uploads\/2022\/04\/Kamil-Mamak_KamilMamak-2022-768x432.jpg 768w, https:\/\/www.academia-electronica.net\/wp-content\/uploads\/2022\/04\/Kamil-Mamak_KamilMamak-2022.jpg 1280w\" sizes=\"(max-width: 300px) 100vw, 300px\" \/><\/td>\n<td style=\"width: 74.8387%; height: 105px;\"><\/td>\n<\/tr>\n<tr style=\"height: 24px;\">\n<td style=\"width: 24.8387%; height: 24px;\">Organizator:<\/td>\n<td style=\"width: 74.8387%; height: 24px;\">Academia Electronica<\/td>\n<\/tr>\n<tr style=\"height: 24px;\">\n<td style=\"width: 24.8387%; height: 24px;\">Termin\/miejsce:<\/td>\n<td style=\"width: 74.8387%; height: 24px;\">25.04.2022 &#8211; Academia Electronica w Second Life, Ogr\u00f3dek Naukowy<\/td>\n<\/tr>\n<tr style=\"height: 48px;\">\n<td style=\"width: 24.8387%; height: 22px;\">Prelegent:<\/td>\n<td style=\"width: 74.8387%; height: 22px;\">dr Jan Argasi\u0144ski (RL) | Ench Root (SL) &#8211; Uniwersytet Jagiello\u0144ski<\/td>\n<\/tr>\n<tr style=\"height: 24px;\">\n<td style=\"width: 24.8387%; height: 24px;\">Tytu\u0142 wyst\u0105pienia:<\/td>\n<td style=\"width: 74.8387%; height: 24px; text-align: justify;\"><em>Niezno\u015bna z\u0142o\u017cono\u015b\u0107 uciele\u015bnienia. <\/em><em>Notatki z interdyscyplinarnego pogranicza.<\/em><\/td>\n<\/tr>\n<tr style=\"height: 31px;\">\n<td style=\"width: 24.8387%; height: 21px;\">Film:<\/td>\n<td style=\"width: 74.8387%; height: 21px; text-align: center;\"><iframe loading=\"lazy\" title=\"YouTube video player\" src=\"https:\/\/www.youtube.com\/embed\/o-7dqUF1JNE\" width=\"560\" height=\"315\" frameborder=\"0\" allowfullscreen=\"allowfullscreen\"><\/iframe><\/td>\n<\/tr>\n<tr>\n<td style=\"width: 24.8387%;\">Nagranie audio:<\/td>\n<td style=\"width: 74.8387%; text-align: justify;\"><a href=\"https:\/\/drive.google.com\/file\/d\/101GUV4LlTESEs6nDGW2P7gaHoIS_BnVK\/view?usp=sharing\" target=\"_blank\" rel=\"noopener\">dr Jan Argasi\u0144ski (RL)_Enoch Root &#8211; 2022 &#8211; Niezno\u015bna z\u0142o\u017cono\u015b\u0107 uciele\u015bnienia.<\/a><\/td>\n<\/tr>\n<tr style=\"height: 24px;\">\n<td style=\"width: 24.8387%; height: 24px;\">Linki:<\/td>\n<td style=\"width: 74.8387%; text-align: justify; height: 24px;\"><\/td>\n<\/tr>\n<tr style=\"height: 24px;\">\n<td style=\"width: 24.8387%; height: 24px;\">Prezentacja:<\/td>\n<td style=\"width: 74.8387%; text-align: center; height: 24px;\"><\/td>\n<\/tr>\n<tr>\n<td style=\"width: 24.8387%;\">Zdj\u0119cia:<\/td>\n<td style=\"width: 74.8387%; text-align: center;\"><\/td>\n<\/tr>\n<\/tbody>\n<\/table>\n<p><a href=\"https:\/\/www.academia-electronica.net\/?page_id=379\">Powr\u00f3t<\/a><\/p>\n","protected":false},"excerpt":{"rendered":"<p>Wyk\u0142ad: Od Studentki\/a do Profesorki\/a Organizator: Academia Electronica Termin\/miejsce: 25.04.2022 &#8211; Academia Electronica w Second Life, Ogr\u00f3dek Naukowy Prelegent: dr Jan Argasi\u0144ski (RL) | Ench Root (SL) &#8211; Uniwersytet Jagiello\u0144ski Tytu\u0142 wyst\u0105pienia: Niezno\u015bna z\u0142o\u017cono\u015b\u0107 uciele\u015bnienia. Notatki z interdyscyplinarnego pogranicza. Film:&hellip; <\/p>\n","protected":false},"author":3,"featured_media":0,"parent":0,"menu_order":0,"comment_status":"closed","ping_status":"closed","template":"","meta":[],"_links":{"self":[{"href":"https:\/\/www.academia-electronica.net\/index.php?rest_route=\/wp\/v2\/pages\/533"}],"collection":[{"href":"https:\/\/www.academia-electronica.net\/index.php?rest_route=\/wp\/v2\/pages"}],"about":[{"href":"https:\/\/www.academia-electronica.net\/index.php?rest_route=\/wp\/v2\/types\/page"}],"author":[{"embeddable":true,"href":"https:\/\/www.academia-electronica.net\/index.php?rest_route=\/wp\/v2\/users\/3"}],"replies":[{"embeddable":true,"href":"https:\/\/www.academia-electronica.net\/index.php?rest_route=%2Fwp%2Fv2%2Fcomments&post=533"}],"version-history":[{"count":20,"href":"https:\/\/www.academia-electronica.net\/index.php?rest_route=\/wp\/v2\/pages\/533\/revisions"}],"predecessor-version":[{"id":687,"href":"https:\/\/www.academia-electronica.net\/index.php?rest_route=\/wp\/v2\/pages\/533\/revisions\/687"}],"wp:attachment":[{"href":"https:\/\/www.academia-electronica.net\/index.php?rest_route=%2Fwp%2Fv2%2Fmedia&parent=533"}],"curies":[{"name":"wp","href":"https:\/\/api.w.org\/{rel}","templated":true}]}}