{"id":554,"date":"2022-04-26T00:29:06","date_gmt":"2022-04-26T00:29:06","guid":{"rendered":"https:\/\/www.academia-electronica.net\/?page_id=554"},"modified":"2024-04-29T10:33:07","modified_gmt":"2024-04-29T10:33:07","slug":"wyklady-goscinne","status":"publish","type":"page","link":"https:\/\/www.academia-electronica.net\/?page_id=554","title":{"rendered":"Wyk\u0142ady go\u015bcinne"},"content":{"rendered":"<hr \/>\n<table style=\"width: 100.166%; height: 227px;\" border=\"0\">\n<tbody>\n<tr style=\"height: 30px;\">\n<td style=\"height: 30px; width: 99.6689%;\" colspan=\"2\">\n<h4 style=\"text-align: center;\"><span style=\"font-size: 14pt;\">2023\/2024<\/span><\/h4>\n<\/td>\n<\/tr>\n<tr>\n<td style=\"width: 24.8344%;\"><a href=\"http:\/\/www.academia-electronica.net\/wp-content\/uploads\/2024\/03\/ok.-Sidey-Myoo-Una-Euuropa-TJK-12.03.2024.jpg\"><img loading=\"lazy\" class=\"alignnone wp-image-1487 size-medium\" src=\"http:\/\/www.academia-electronica.net\/wp-content\/uploads\/2024\/03\/ok.-Sidey-Myoo-Una-Euuropa-TJK-12.03.2024-300x169.jpg\" alt=\"\" width=\"300\" height=\"169\" srcset=\"https:\/\/www.academia-electronica.net\/wp-content\/uploads\/2024\/03\/ok.-Sidey-Myoo-Una-Euuropa-TJK-12.03.2024-300x169.jpg 300w, https:\/\/www.academia-electronica.net\/wp-content\/uploads\/2024\/03\/ok.-Sidey-Myoo-Una-Euuropa-TJK-12.03.2024-1024x576.jpg 1024w, https:\/\/www.academia-electronica.net\/wp-content\/uploads\/2024\/03\/ok.-Sidey-Myoo-Una-Euuropa-TJK-12.03.2024-768x432.jpg 768w, https:\/\/www.academia-electronica.net\/wp-content\/uploads\/2024\/03\/ok.-Sidey-Myoo-Una-Euuropa-TJK-12.03.2024-1536x864.jpg 1536w, https:\/\/www.academia-electronica.net\/wp-content\/uploads\/2024\/03\/ok.-Sidey-Myoo-Una-Euuropa-TJK-12.03.2024.jpg 1920w\" sizes=\"(max-width: 300px) 100vw, 300px\" \/><\/a><\/td>\n<td style=\"width: 74.8344%; text-align: center;\"><a href=\"https:\/\/www.academia-electronica.net\/?page_id=1493\" target=\"_blank\" rel=\"noopener\">Tydzie\u0144 Jako\u015bci Kszta\u0142cenia UJ &#8211; Micro-Challenge <\/a><\/p>\n<p>\u017baneta Kubic, Marcin Klimek, Sidey Myoo, Jakub Petri<\/p>\n<p>W ramach mi\u0119dzynarodowego projektu <a href=\"https:\/\/www.una-europa.eu\/stories\/una-futura-gets-the-commissions-green-light?token=crBDpwbKwvXnf8iGlbI41dR9UIH-Hgws\" target=\"_blank\" rel=\"noopener\">Erazmus+: Una Europa<\/a><\/p>\n<p>12.03.2024<\/td>\n<\/tr>\n<tr>\n<td style=\"width: 24.8344%;\"><a href=\"http:\/\/www.academia-electronica.net\/wp-content\/uploads\/2024\/01\/Plakat-Lublin-seminarium-kopia-scaled.jpg\"><img loading=\"lazy\" class=\"alignnone wp-image-1359 size-medium\" src=\"http:\/\/www.academia-electronica.net\/wp-content\/uploads\/2024\/01\/Plakat-Lublin-seminarium-kopia-218x300.jpg\" alt=\"\" width=\"218\" height=\"300\" srcset=\"https:\/\/www.academia-electronica.net\/wp-content\/uploads\/2024\/01\/Plakat-Lublin-seminarium-kopia-218x300.jpg 218w, https:\/\/www.academia-electronica.net\/wp-content\/uploads\/2024\/01\/Plakat-Lublin-seminarium-kopia-744x1024.jpg 744w, https:\/\/www.academia-electronica.net\/wp-content\/uploads\/2024\/01\/Plakat-Lublin-seminarium-kopia-768x1057.jpg 768w, https:\/\/www.academia-electronica.net\/wp-content\/uploads\/2024\/01\/Plakat-Lublin-seminarium-kopia-1117x1536.jpg 1117w, https:\/\/www.academia-electronica.net\/wp-content\/uploads\/2024\/01\/Plakat-Lublin-seminarium-kopia-1489x2048.jpg 1489w, https:\/\/www.academia-electronica.net\/wp-content\/uploads\/2024\/01\/Plakat-Lublin-seminarium-kopia-scaled.jpg 1861w\" sizes=\"(max-width: 218px) 100vw, 218px\" \/><\/a><\/td>\n<td style=\"width: 74.8344%;\">\n<p style=\"text-align: center;\"><a href=\"https:\/\/www.academia-electronica.net\/?page_id=1363\" target=\"_blank\" rel=\"noopener\"><em>Pocz\u0105tki przemian do\u015bwiadczenia estetycznego sztuki <\/em><\/a><br \/>\n<a href=\"https:\/\/www.academia-electronica.net\/?page_id=1363\" target=\"_blank\" rel=\"noopener\"><em>na prze\u0142omie XX i XXI wieku.<\/em><\/a><\/p>\n<p style=\"text-align: center;\">mgr Liliana Kozak (RL) | Gwaderline (VR)<\/p>\n<p style=\"text-align: center;\">Polskie Towarzystwo Estetyczne i Academia Electronica w Spatial<br \/>\nW ramach mi\u0119dzynarodowego projektu Horizon<em>: <a href=\"https:\/\/www.caphe.space\/\" target=\"_blank\" rel=\"noopener\">The Communities and Artistic Participation in Hybrid Environments<\/a><\/em> (CAPHE)<\/p>\n<p style=\"text-align: center;\">12.01.2024<\/p>\n<\/td>\n<\/tr>\n<tr>\n<td style=\"width: 24.8344%;\"><a href=\"http:\/\/www.academia-electronica.net\/wp-content\/uploads\/2023\/12\/Wrzatek-2023.jpg\"><img loading=\"lazy\" class=\"alignnone wp-image-1348 size-medium\" src=\"http:\/\/www.academia-electronica.net\/wp-content\/uploads\/2023\/12\/Wrzatek-2023-300x169.jpg\" alt=\"\" width=\"300\" height=\"169\" srcset=\"https:\/\/www.academia-electronica.net\/wp-content\/uploads\/2023\/12\/Wrzatek-2023-300x169.jpg 300w, https:\/\/www.academia-electronica.net\/wp-content\/uploads\/2023\/12\/Wrzatek-2023-1024x576.jpg 1024w, https:\/\/www.academia-electronica.net\/wp-content\/uploads\/2023\/12\/Wrzatek-2023-768x432.jpg 768w, https:\/\/www.academia-electronica.net\/wp-content\/uploads\/2023\/12\/Wrzatek-2023.jpg 1280w\" sizes=\"(max-width: 300px) 100vw, 300px\" \/><\/a><\/td>\n<td style=\"width: 74.8344%;\">\n<p style=\"text-align: center;\"><a href=\"https:\/\/www.academia-electronica.net\/?page_id=1351\" target=\"_blank\" rel=\"noopener\"><em>Sztuczna Inteligencja<\/em><\/a><\/p>\n<p style=\"text-align: center;\">dr \u0141ukasz \u015awi\u0119cicki, Sidey Myoo, prowadzenie dr hab. Dariusz Juru\u015b<\/p>\n<p style=\"text-align: center;\">BWA Wrz\u0105tek w Nowym S\u0105czu<\/p>\n<p style=\"text-align: center;\">1.12.2023<\/p>\n<\/td>\n<\/tr>\n<tr>\n<td style=\"width: 24.8344%;\"><a href=\"http:\/\/www.academia-electronica.net\/wp-content\/uploads\/2023\/10\/Workshop-Grecja-plakat-FB.png\"><img loading=\"lazy\" class=\"alignnone wp-image-1293 size-medium\" src=\"http:\/\/www.academia-electronica.net\/wp-content\/uploads\/2023\/10\/Workshop-Grecja-plakat-FB-300x168.png\" alt=\"\" width=\"300\" height=\"168\" srcset=\"https:\/\/www.academia-electronica.net\/wp-content\/uploads\/2023\/10\/Workshop-Grecja-plakat-FB-300x168.png 300w, https:\/\/www.academia-electronica.net\/wp-content\/uploads\/2023\/10\/Workshop-Grecja-plakat-FB-1024x575.png 1024w, https:\/\/www.academia-electronica.net\/wp-content\/uploads\/2023\/10\/Workshop-Grecja-plakat-FB-768x431.png 768w, https:\/\/www.academia-electronica.net\/wp-content\/uploads\/2023\/10\/Workshop-Grecja-plakat-FB-1536x862.png 1536w, https:\/\/www.academia-electronica.net\/wp-content\/uploads\/2023\/10\/Workshop-Grecja-plakat-FB.png 1708w\" sizes=\"(max-width: 300px) 100vw, 300px\" \/><\/a><\/p>\n<h4><\/h4>\n<\/td>\n<td style=\"width: 74.8344%;\">\n<p style=\"text-align: center;\"><a href=\"https:\/\/www.academia-electronica.net\/?page_id=1297\" target=\"_blank\" rel=\"noopener\">Welcome Avatars \ud83d\ude42<\/a><\/p>\n<p style=\"text-align: center;\">Sidey Myoo<\/p>\n<p style=\"text-align: center;\">Academia Electronica w Spatial<br \/>\nW ramach mi\u0119dzynarodowego projektu Horizon:<em> <a href=\"https:\/\/www.caphe.space\/\" target=\"_blank\" rel=\"noopener\">The Communities and Artistic Participation in Hybrid Environments<\/a><\/em> (CAPHE)<\/p>\n<p style=\"text-align: center;\">9.10.2023<\/p>\n<\/td>\n<\/tr>\n<tr>\n<td style=\"width: 24.8344%; text-align: center;\" colspan=\"2\"><span style=\"font-size: 14pt;\">2022\/23<\/span><\/td>\n<\/tr>\n<tr>\n<td style=\"width: 24.8344%;\">\n<h4><a href=\"http:\/\/www.academia-electronica.net\/wp-content\/uploads\/2023\/07\/Gwen-2023-plakat.jpg\"><img loading=\"lazy\" class=\"alignnone wp-image-1133 size-medium\" src=\"http:\/\/www.academia-electronica.net\/wp-content\/uploads\/2023\/07\/Gwen-2023-plakat-300x169.jpg\" alt=\"\" width=\"300\" height=\"169\" srcset=\"https:\/\/www.academia-electronica.net\/wp-content\/uploads\/2023\/07\/Gwen-2023-plakat-300x169.jpg 300w, https:\/\/www.academia-electronica.net\/wp-content\/uploads\/2023\/07\/Gwen-2023-plakat-1024x576.jpg 1024w, https:\/\/www.academia-electronica.net\/wp-content\/uploads\/2023\/07\/Gwen-2023-plakat-768x432.jpg 768w, https:\/\/www.academia-electronica.net\/wp-content\/uploads\/2023\/07\/Gwen-2023-plakat.jpg 1280w\" sizes=\"(max-width: 300px) 100vw, 300px\" \/><\/a><\/h4>\n<\/td>\n<td style=\"width: 74.8344%;\">\n<p style=\"text-align: center;\"><a href=\"https:\/\/www.academia-electronica.net\/?page_id=1115\" target=\"_blank\" rel=\"noopener\"><em>Metawersum: Spatial i Second Life<\/em><\/a><\/p>\n<p style=\"text-align: center;\">mgr Liliana Kozak<\/p>\n<p style=\"text-align: center;\">Ko\u0142o Metodologicznego Historyk\u00f3w Uniwersytetu Marii Curie-Sk\u0142odowskiej<\/p>\n<p style=\"text-align: center;\">15.06.2023<\/p>\n<\/td>\n<\/tr>\n<tr>\n<td style=\"width: 24.8344%;\">\n<h4><a href=\"http:\/\/www.academia-electronica.net\/wp-content\/uploads\/2023\/03\/Swiat-VR-jako-swiat-czlowieka.jpg\"><img loading=\"lazy\" class=\"alignnone wp-image-903 size-medium\" src=\"http:\/\/www.academia-electronica.net\/wp-content\/uploads\/2023\/03\/Swiat-VR-jako-swiat-czlowieka-300x169.jpg\" alt=\"\" width=\"300\" height=\"169\" srcset=\"https:\/\/www.academia-electronica.net\/wp-content\/uploads\/2023\/03\/Swiat-VR-jako-swiat-czlowieka-300x169.jpg 300w, https:\/\/www.academia-electronica.net\/wp-content\/uploads\/2023\/03\/Swiat-VR-jako-swiat-czlowieka-1024x576.jpg 1024w, https:\/\/www.academia-electronica.net\/wp-content\/uploads\/2023\/03\/Swiat-VR-jako-swiat-czlowieka-768x432.jpg 768w, https:\/\/www.academia-electronica.net\/wp-content\/uploads\/2023\/03\/Swiat-VR-jako-swiat-czlowieka.jpg 1280w\" sizes=\"(max-width: 300px) 100vw, 300px\" \/><\/a><\/h4>\n<\/td>\n<td style=\"width: 74.8344%;\">\n<p style=\"text-align: center;\"><a href=\"https:\/\/www.academia-electronica.net\/?page_id=907\" target=\"_blank\" rel=\"noopener\"><em>\u015awiat VR jako \u015bwiat cz\u0142owieka \u2013 Ontoelektronika<\/em><\/a><\/p>\n<p style=\"text-align: center;\">Sidey Myoo<\/p>\n<p style=\"text-align: center;\">Ko\u0142o Naukowe Student\u00f3w Kognitywistyki Uniwersytetu Jagiello\u0144skiego, Academia Electronica w Second Life i AltspaceVR<\/p>\n<p style=\"text-align: center;\">3.03.2023<\/p>\n<\/td>\n<\/tr>\n<tr>\n<td style=\"width: 24.8344%;\">\n<h4><a href=\"http:\/\/www.academia-electronica.net\/wp-content\/uploads\/2023\/02\/Hallo-Avatar-Kenya-2023.jpg\"><img loading=\"lazy\" class=\"alignnone wp-image-893 size-medium\" src=\"http:\/\/www.academia-electronica.net\/wp-content\/uploads\/2023\/02\/Hallo-Avatar-Kenya-2023-300x169.jpg\" alt=\"\" width=\"300\" height=\"169\" srcset=\"https:\/\/www.academia-electronica.net\/wp-content\/uploads\/2023\/02\/Hallo-Avatar-Kenya-2023-300x169.jpg 300w, https:\/\/www.academia-electronica.net\/wp-content\/uploads\/2023\/02\/Hallo-Avatar-Kenya-2023-1024x576.jpg 1024w, https:\/\/www.academia-electronica.net\/wp-content\/uploads\/2023\/02\/Hallo-Avatar-Kenya-2023-768x432.jpg 768w, https:\/\/www.academia-electronica.net\/wp-content\/uploads\/2023\/02\/Hallo-Avatar-Kenya-2023.jpg 1280w\" sizes=\"(max-width: 300px) 100vw, 300px\" \/><\/a><\/h4>\n<\/td>\n<td style=\"width: 74.8344%;\">\n<p style=\"text-align: center;\"><a href=\"https:\/\/www.academia-electronica.net\/?page_id=887\" target=\"_blank\" rel=\"noopener\"><i>Welcome Avatars \ud83d\ude42<\/i><\/a><\/p>\n<p style=\"text-align: center;\">Sidey Myoo<\/p>\n<p style=\"text-align: center;\">Academia Electronica w Second Life<br \/>\nW ramach mi\u0119dzynarodowego projektu Horizon:<em> &#8211; <a href=\"https:\/\/www.caphe.space\/\" target=\"_blank\" rel=\"noopener\">The Communities and Artistic Participation in Hybrid Environments<\/a><\/em> (CAPHE)<\/p>\n<p style=\"text-align: center;\">11-12.02.2023<\/p>\n<\/td>\n<\/tr>\n<tr style=\"height: 31px;\">\n<td style=\"width: 99.6689%; text-align: center; height: 31px;\" colspan=\"2\">\n<h4><span style=\"font-size: 14pt;\">2021\/2022 <\/span><\/h4>\n<\/td>\n<\/tr>\n<tr style=\"height: 165px;\">\n<td style=\"width: 99.6689%; text-align: center; height: 10px;\" colspan=\"2\">\n<h4><span style=\"font-size: 14pt;\">\u00a0<\/span><\/h4>\n<\/td>\n<\/tr>\n<\/tbody>\n<\/table>\n<p>&nbsp;<\/p>\n","protected":false},"excerpt":{"rendered":"<p>2023\/2024 Tydzie\u0144 Jako\u015bci Kszta\u0142cenia UJ &#8211; Micro-Challenge \u017baneta Kubic, Marcin Klimek, Sidey Myoo, Jakub Petri W ramach mi\u0119dzynarodowego projektu Erazmus+: Una Europa 12.03.2024 Pocz\u0105tki przemian do\u015bwiadczenia estetycznego sztuki na prze\u0142omie XX i XXI wieku. mgr Liliana Kozak (RL) | Gwaderline&hellip; <\/p>\n","protected":false},"author":3,"featured_media":0,"parent":0,"menu_order":0,"comment_status":"closed","ping_status":"closed","template":"","meta":[],"_links":{"self":[{"href":"https:\/\/www.academia-electronica.net\/index.php?rest_route=\/wp\/v2\/pages\/554"}],"collection":[{"href":"https:\/\/www.academia-electronica.net\/index.php?rest_route=\/wp\/v2\/pages"}],"about":[{"href":"https:\/\/www.academia-electronica.net\/index.php?rest_route=\/wp\/v2\/types\/page"}],"author":[{"embeddable":true,"href":"https:\/\/www.academia-electronica.net\/index.php?rest_route=\/wp\/v2\/users\/3"}],"replies":[{"embeddable":true,"href":"https:\/\/www.academia-electronica.net\/index.php?rest_route=%2Fwp%2Fv2%2Fcomments&post=554"}],"version-history":[{"count":65,"href":"https:\/\/www.academia-electronica.net\/index.php?rest_route=\/wp\/v2\/pages\/554\/revisions"}],"predecessor-version":[{"id":1605,"href":"https:\/\/www.academia-electronica.net\/index.php?rest_route=\/wp\/v2\/pages\/554\/revisions\/1605"}],"wp:attachment":[{"href":"https:\/\/www.academia-electronica.net\/index.php?rest_route=%2Fwp%2Fv2%2Fmedia&parent=554"}],"curies":[{"name":"wp","href":"https:\/\/api.w.org\/{rel}","templated":true}]}}