{"id":564,"date":"2022-04-27T11:15:06","date_gmt":"2022-04-27T11:15:06","guid":{"rendered":"https:\/\/www.academia-electronica.net\/?page_id=564"},"modified":"2022-04-29T20:38:40","modified_gmt":"2022-04-29T20:38:40","slug":"sidey-myoo-vr-art-poczatek","status":"publish","type":"page","link":"https:\/\/www.academia-electronica.net\/?page_id=564","title":{"rendered":"Sidey Myoo &#8211; &#8220;VR ART &#8211; pocz\u0105tek&#8221;"},"content":{"rendered":"<table style=\"width: 100%; height: 292px;\">\n<tbody>\n<tr style=\"height: 24px;\">\n<td style=\"width: 24.8387%; height: 24px;\">Wyk\u0142ad:<\/td>\n<td style=\"width: 74.8387%; height: 24px;\">Wyst\u0105pienia konferencyjne i kongresowe<\/td>\n<\/tr>\n<tr style=\"height: 129px;\">\n<td style=\"text-align: center; width: 24.8387%; height: 105px;\"><a href=\"http:\/\/www.academia-electronica.net\/wp-content\/uploads\/2022\/04\/Konferencje-i-kongresy.jpg\"><img loading=\"lazy\" class=\"alignleft size-medium wp-image-561\" src=\"http:\/\/www.academia-electronica.net\/wp-content\/uploads\/2022\/04\/Konferencje-i-kongresy-300x169.jpg\" alt=\"\" width=\"300\" height=\"169\" srcset=\"https:\/\/www.academia-electronica.net\/wp-content\/uploads\/2022\/04\/Konferencje-i-kongresy-300x169.jpg 300w, https:\/\/www.academia-electronica.net\/wp-content\/uploads\/2022\/04\/Konferencje-i-kongresy-1024x576.jpg 1024w, https:\/\/www.academia-electronica.net\/wp-content\/uploads\/2022\/04\/Konferencje-i-kongresy-768x432.jpg 768w, https:\/\/www.academia-electronica.net\/wp-content\/uploads\/2022\/04\/Konferencje-i-kongresy.jpg 1280w\" sizes=\"(max-width: 300px) 100vw, 300px\" \/><\/a><\/td>\n<td style=\"width: 74.8387%; height: 105px;\"><\/td>\n<\/tr>\n<tr style=\"height: 24px;\">\n<td style=\"width: 24.8387%; height: 24px;\">Organizator:<\/td>\n<td style=\"width: 74.8387%; height: 24px;\">Academia Electronica<\/td>\n<\/tr>\n<tr style=\"height: 24px;\">\n<td style=\"width: 24.8387%; height: 24px;\">Termin\/miejsce:<\/td>\n<td style=\"width: 74.8387%; height: 24px;\">25.04.2022 &#8211; Academia Electronica w Altspacevr<\/td>\n<\/tr>\n<tr style=\"height: 48px;\">\n<td style=\"width: 24.8387%; height: 22px;\">Prelegent:<\/td>\n<td style=\"width: 74.8387%; height: 22px;\">Sidey Myoo &#8211; Uniwersytet Jagiello\u0144ski, Akademia Sztuk Pi\u0119knych w Krakowie<\/td>\n<\/tr>\n<tr style=\"height: 24px;\">\n<td style=\"width: 24.8387%; height: 24px;\">Tytu\u0142 wyst\u0105pienia:<\/td>\n<td style=\"width: 74.8387%; height: 24px; text-align: justify;\"><em>VR ART &#8211; pocz\u0105tek<\/em><\/td>\n<\/tr>\n<tr style=\"height: 31px;\">\n<td style=\"width: 24.8387%; height: 21px;\">Film:<\/td>\n<td style=\"width: 74.8387%; height: 21px; text-align: center;\"><\/td>\n<\/tr>\n<tr>\n<td style=\"width: 24.8387%;\">Nagranie audio:<\/td>\n<td style=\"width: 74.8387%; text-align: justify;\"><\/td>\n<\/tr>\n<tr style=\"height: 24px;\">\n<td style=\"width: 24.8387%; height: 24px;\">Linki:<\/td>\n<td style=\"width: 74.8387%; text-align: justify; height: 24px;\"><\/td>\n<\/tr>\n<tr style=\"height: 24px;\">\n<td style=\"width: 24.8387%; height: 24px;\">Prezentacja:<\/td>\n<td style=\"width: 74.8387%; text-align: center; height: 24px;\"><\/td>\n<\/tr>\n<tr>\n<td style=\"width: 24.8387%;\">Zdj\u0119cia:<\/td>\n<td style=\"width: 74.8387%; text-align: center;\"><\/td>\n<\/tr>\n<\/tbody>\n<\/table>\n<p><a href=\"https:\/\/www.academia-electronica.net\/?page_id=551\">Powr\u00f3t<\/a><\/p>\n","protected":false},"excerpt":{"rendered":"<p>Wyk\u0142ad: Wyst\u0105pienia konferencyjne i kongresowe Organizator: Academia Electronica Termin\/miejsce: 25.04.2022 &#8211; Academia Electronica w Altspacevr Prelegent: Sidey Myoo &#8211; Uniwersytet Jagiello\u0144ski, Akademia Sztuk Pi\u0119knych w Krakowie Tytu\u0142 wyst\u0105pienia: VR ART &#8211; pocz\u0105tek Film: Nagranie audio: Linki: Prezentacja: Zdj\u0119cia: Powr\u00f3t<\/p>\n","protected":false},"author":3,"featured_media":0,"parent":0,"menu_order":0,"comment_status":"closed","ping_status":"closed","template":"","meta":[],"_links":{"self":[{"href":"https:\/\/www.academia-electronica.net\/index.php?rest_route=\/wp\/v2\/pages\/564"}],"collection":[{"href":"https:\/\/www.academia-electronica.net\/index.php?rest_route=\/wp\/v2\/pages"}],"about":[{"href":"https:\/\/www.academia-electronica.net\/index.php?rest_route=\/wp\/v2\/types\/page"}],"author":[{"embeddable":true,"href":"https:\/\/www.academia-electronica.net\/index.php?rest_route=\/wp\/v2\/users\/3"}],"replies":[{"embeddable":true,"href":"https:\/\/www.academia-electronica.net\/index.php?rest_route=%2Fwp%2Fv2%2Fcomments&post=564"}],"version-history":[{"count":4,"href":"https:\/\/www.academia-electronica.net\/index.php?rest_route=\/wp\/v2\/pages\/564\/revisions"}],"predecessor-version":[{"id":576,"href":"https:\/\/www.academia-electronica.net\/index.php?rest_route=\/wp\/v2\/pages\/564\/revisions\/576"}],"wp:attachment":[{"href":"https:\/\/www.academia-electronica.net\/index.php?rest_route=%2Fwp%2Fv2%2Fmedia&parent=564"}],"curies":[{"name":"wp","href":"https:\/\/api.w.org\/{rel}","templated":true}]}}