{"id":601,"date":"2022-05-22T15:31:35","date_gmt":"2022-05-22T15:31:35","guid":{"rendered":"https:\/\/www.academia-electronica.net\/?page_id=601"},"modified":"2022-05-23T07:28:43","modified_gmt":"2022-05-23T07:28:43","slug":"dr-hab-ewa-wojtowicz-prof-uap-rl-ewawojtowicz-sl-nowe-wieki-ciemne-wokol-ksiazki-jamesa-bridlea-new-dark-age-technologu-and-the-end-of-the-future","status":"publish","type":"page","link":"https:\/\/www.academia-electronica.net\/?page_id=601","title":{"rendered":"dr hab. Ewa W\u00f3jtowicz, prof. UAP (RL) | EwaWojtowicz (SL) &#8211; &#8220;Nowe Wieki Ciemne Wok\u00f3\u0142 ksi\u0105\u017cki Jamesa Bridle\u2019a New Dark Age. Technology and the End of the Future&#8221;"},"content":{"rendered":"<table style=\"width: 100%; height: 292px;\">\n<tbody>\n<tr style=\"height: 24px;\">\n<td style=\"width: 24.8387%; height: 24px;\">Wyk\u0142ad:<\/td>\n<td style=\"width: 74.8387%; height: 24px;\">Od Studentki\/a do Profesorki\/a<\/td>\n<\/tr>\n<tr style=\"height: 129px;\">\n<td style=\"text-align: center; width: 24.8387%; height: 105px;\"><a href=\"http:\/\/www.academia-electronica.net\/wp-content\/uploads\/2022\/05\/EwaWojtowicz-2022-plakat.jpg\"><img loading=\"lazy\" class=\"alignleft size-medium wp-image-597\" src=\"http:\/\/www.academia-electronica.net\/wp-content\/uploads\/2022\/05\/EwaWojtowicz-2022-plakat-300x169.jpg\" alt=\"\" width=\"300\" height=\"169\" srcset=\"https:\/\/www.academia-electronica.net\/wp-content\/uploads\/2022\/05\/EwaWojtowicz-2022-plakat-300x169.jpg 300w, https:\/\/www.academia-electronica.net\/wp-content\/uploads\/2022\/05\/EwaWojtowicz-2022-plakat-1024x576.jpg 1024w, https:\/\/www.academia-electronica.net\/wp-content\/uploads\/2022\/05\/EwaWojtowicz-2022-plakat-768x432.jpg 768w, https:\/\/www.academia-electronica.net\/wp-content\/uploads\/2022\/05\/EwaWojtowicz-2022-plakat.jpg 1280w\" sizes=\"(max-width: 300px) 100vw, 300px\" \/><\/a><\/td>\n<td style=\"width: 74.8387%; height: 105px;\"><\/td>\n<\/tr>\n<tr style=\"height: 24px;\">\n<td style=\"width: 24.8387%; height: 24px;\">Organizator:<\/td>\n<td style=\"width: 74.8387%; height: 24px;\">Academia Electronica<\/td>\n<\/tr>\n<tr style=\"height: 24px;\">\n<td style=\"width: 24.8387%; height: 24px;\">Termin\/miejsce:<\/td>\n<td style=\"width: 74.8387%; height: 24px;\">16.05.2022 &#8211; Academia Electronica w Second Life, Blue City<\/td>\n<\/tr>\n<tr style=\"height: 48px;\">\n<td style=\"width: 24.8387%; height: 22px;\">Prelegent:<\/td>\n<td style=\"width: 74.8387%; height: 22px;\">dr hab. Ewa W\u00f3jtowicz, prof. UAP (RL) | EwaWojtowicz (SL) &#8211; Uniwersytet Artystyczny, im. M. Abakanowicz w Poznaniu<\/td>\n<\/tr>\n<tr style=\"height: 24px;\">\n<td style=\"width: 24.8387%; height: 24px;\">Tytu\u0142 wyst\u0105pienia:<\/td>\n<td style=\"width: 74.8387%; height: 24px; text-align: justify;\"><i>Nowe Wieki Ciemne. <\/i><i>Wok\u00f3\u0142 ksi\u0105\u017cki Jamesa <\/i><i>Bridle\u2019a <\/i><i>New Dark Age. Technology and the End of the <\/i><i>Future<br \/>\n<\/i><\/td>\n<\/tr>\n<tr style=\"height: 31px;\">\n<td style=\"width: 24.8387%; height: 21px;\">Film:<\/td>\n<td style=\"width: 74.8387%; height: 21px; text-align: center;\"><iframe loading=\"lazy\" title=\"YouTube video player\" src=\"https:\/\/www.youtube.com\/embed\/BENzMmHKgMs\" width=\"560\" height=\"315\" frameborder=\"0\" allowfullscreen=\"allowfullscreen\"><\/iframe><\/td>\n<\/tr>\n<tr>\n<td style=\"width: 24.8387%;\">Nagranie audio:<\/td>\n<td style=\"width: 74.8387%; text-align: justify;\"><\/td>\n<\/tr>\n<tr style=\"height: 24px;\">\n<td style=\"width: 24.8387%; height: 24px;\">Linki:<\/td>\n<td style=\"width: 74.8387%; text-align: justify; height: 24px;\"><\/td>\n<\/tr>\n<tr style=\"height: 24px;\">\n<td style=\"width: 24.8387%; height: 24px;\">Prezentacja:<\/td>\n<td style=\"width: 74.8387%; text-align: center; height: 24px;\"><\/td>\n<\/tr>\n<tr>\n<td style=\"width: 24.8387%;\">Zdj\u0119cia:<\/td>\n<td style=\"width: 74.8387%; text-align: center;\"><\/td>\n<\/tr>\n<\/tbody>\n<\/table>\n<p><a href=\"https:\/\/www.academia-electronica.net\/?page_id=379\">Powr\u00f3t<\/a><\/p>\n","protected":false},"excerpt":{"rendered":"<p>Wyk\u0142ad: Od Studentki\/a do Profesorki\/a Organizator: Academia Electronica Termin\/miejsce: 16.05.2022 &#8211; Academia Electronica w Second Life, Blue City Prelegent: dr hab. Ewa W\u00f3jtowicz, prof. UAP (RL) | EwaWojtowicz (SL) &#8211; Uniwersytet Artystyczny, im. M. Abakanowicz w Poznaniu Tytu\u0142 wyst\u0105pienia: Nowe&hellip; <\/p>\n","protected":false},"author":3,"featured_media":0,"parent":0,"menu_order":0,"comment_status":"closed","ping_status":"closed","template":"","meta":[],"_links":{"self":[{"href":"https:\/\/www.academia-electronica.net\/index.php?rest_route=\/wp\/v2\/pages\/601"}],"collection":[{"href":"https:\/\/www.academia-electronica.net\/index.php?rest_route=\/wp\/v2\/pages"}],"about":[{"href":"https:\/\/www.academia-electronica.net\/index.php?rest_route=\/wp\/v2\/types\/page"}],"author":[{"embeddable":true,"href":"https:\/\/www.academia-electronica.net\/index.php?rest_route=\/wp\/v2\/users\/3"}],"replies":[{"embeddable":true,"href":"https:\/\/www.academia-electronica.net\/index.php?rest_route=%2Fwp%2Fv2%2Fcomments&post=601"}],"version-history":[{"count":5,"href":"https:\/\/www.academia-electronica.net\/index.php?rest_route=\/wp\/v2\/pages\/601\/revisions"}],"predecessor-version":[{"id":611,"href":"https:\/\/www.academia-electronica.net\/index.php?rest_route=\/wp\/v2\/pages\/601\/revisions\/611"}],"wp:attachment":[{"href":"https:\/\/www.academia-electronica.net\/index.php?rest_route=%2Fwp%2Fv2%2Fmedia&parent=601"}],"curies":[{"name":"wp","href":"https:\/\/api.w.org\/{rel}","templated":true}]}}