{"id":62,"date":"2022-02-24T19:10:36","date_gmt":"2022-02-24T19:10:36","guid":{"rendered":"https:\/\/www.academia-electronica.net\/?page_id=62"},"modified":"2026-04-05T07:34:57","modified_gmt":"2026-04-05T07:34:57","slug":"academia-w-mediach","status":"publish","type":"page","link":"https:\/\/www.academia-electronica.net\/?page_id=62","title":{"rendered":"Academia w mediach"},"content":{"rendered":"\r\n<p style=\"text-align: center;\">Wywiad przeprowadzony dla Onetu przez Redaktora, p. Grzegorza Saja:<\/p>\r\n<h1 class=\"ods-a-h1\" style=\"text-align: center;\" data-selector=\"storyTitleSelector\"><a href=\"https:\/\/www.academia-electronica.net\/wp-admin\/post.php?post=62&amp;action=edit\" target=\"_blank\" rel=\"noopener\"><span style=\"font-size: 12pt;\"><em><span style=\"font-size: 10pt;\">Sztuczna inteligencja przeprowadzi\u0142a egzamin na UJ. Sidey Myoo zdradza szczeg\u00f3\u0142y<\/span><\/em><\/span><\/a><\/h1>\r\n<p>&nbsp;<\/p>\r\n<hr \/>\r\n<p style=\"text-align: center;\">Wywiad Justyny Arlet-G\u0142owacka z Sideyem Myoo opublikowany w <a href=\"https:\/\/www.facebook.com\/pismowuj\/posts\/pfbid0vu1NbqSZ3qNgZJn2fxuBniiN66Qc6MBJzfqkXBBLUgtEMEW8boeSMKuVuaMxYpqul\" target=\"_blank\" rel=\"noopener\"><em>Wiadomo\u015bciach UJ<\/em><\/a><\/p>\r\n<p style=\"text-align: center;\">6 lutego 2024<\/p>\r\n<p>&nbsp;<\/p>\r\n<hr \/>\r\n<h6 id=\"2020\" style=\"text-align: center;\"><strong>2023<\/strong><\/h6>\r\n<p>&nbsp;<\/p>\r\n<p style=\"text-align: center;\"><a href=\"https:\/\/www.mixcloud.com\/JAZZKULTURA\/joanna-ha%C5%84derek-znaki-%C5%9Blady-tropy-08052023\/\" target=\"_blank\" rel=\"noopener\">Wywiad Joanny Ha\u0144derek z Sideyem Myoo w ramach programu <em>Znaki, \u015blady, tropy<\/em><\/a><\/p>\r\n<p style=\"text-align: center;\">8 maja 2023<\/p>\r\n<hr \/>\r\n<h6 id=\"2020\" style=\"text-align: center;\"><strong>2022<\/strong><\/h6>\r\n<p>&nbsp;<\/p>\r\n<p style=\"text-align: center;\">Wywiad z Janem Walig\u00f3rskim i Lialian\u0105 Kozak, dotycz\u0105cy Og\u00f3lnopolskiej Konferencji Naukowej <em>Wirtualium 10. Interdyscyplinarne perspektywy rzeczywisto\u015bci wirtualnej<\/em><\/p>\r\n<p><iframe loading=\"lazy\" title=\"20221205 StRuNa Wirtualium\" src=\"https:\/\/www.youtube.com\/embed\/P1XIl3hR4ZQ\" width=\"966\" height=\"543\" frameborder=\"0\" allowfullscreen=\"allowfullscreen\"><\/iframe><\/p>\r\n<p style=\"text-align: center;\"><a href=\"https:\/\/www.youtube.com\/watch?v=P1XIl3hR4ZQ\">https:\/\/www.youtube.com\/watch?v=P1XIl3hR4ZQ<\/a><\/p>\r\n<p style=\"text-align: center;\">14 grudnia 2022<\/p>\r\n<hr \/>\r\n<h6 id=\"2020\" style=\"text-align: center;\"><strong>2020<\/strong><\/h6>\r\n<p>&nbsp;<\/p>\r\n\r\n\r\n\r\n<p style=\"text-align: center;\"><a href=\"https:\/\/www.youtube.com\/embed\/O40DNnPbYEA\"><em>Cz\u0142owiek jest 1 a \u015bwiaty 2<\/em><\/a><\/p>\r\n<p style=\"text-align: center;\">Emy Elegy (SL) &#8211; wywiad z Sideyem Myoo<\/p>\r\n\r\n\r\n\r\n<p style=\"text-align: center;\">20 kwietnia 2020<\/p>\r\n\r\n\r\n\r\n\r\n<hr class=\"wp-block-separator\" \/>\r\n\r\n\r\n<h6 id=\"2019\" style=\"text-align: center;\"><strong>2019<\/strong><\/h6>\r\n<p>&nbsp;<\/p>\r\n\r\n\r\n\r\n<p style=\"text-align: center;\"><a href=\"https:\/\/www.youtube.com\/embed\/EghZqCl5Ry0\"><em>Wirtualno\u015b\u0107 czy realno\u015b\u0107? Czym jest ontologia sieci? Wywiad z Sideyem Myoo<\/em><\/a><\/p>\r\n\r\n\r\n\r\n\r\n\r\n<p style=\"text-align: center;\">Wywiad przeprowadzony przez Dian\u0119 Sa\u0142ack\u0105 z Centrum Kopernika (<a href=\"https:\/\/www.youtube.com\/channel\/UCCehmsLClWwxA_SDLtff6xA\" target=\"_blank\" rel=\"noreferrer noopener\">Copernicus Center for Interdisciplinary Studies)<\/a> dzia\u0142aj\u0105cego przy Uniwersytecie Jagiello\u0144skim. Wywiad przeprowadzono w ramach projektu &#8220;Dialog&#8221;.<\/p>\r\n\r\n\r\n\r\n<p style=\"text-align: center;\">19 sierpnia 2019<\/p>\r\n\r\n\r\n<hr class=\"wp-block-separator\" \/>\r\n\r\n\r\n<h6 id=\"2018\" style=\"text-align: center;\"><strong>2018<\/strong><\/h6>\r\n<p>&nbsp;<\/p>\r\n\r\n\r\n\r\n<p style=\"text-align: center;\"><a href=\"http:\/\/www.kulturaihistoria.umcs.lublin.pl\/wp-content\/uploads\/2018\/11\/2-Andrzej-Radomski-Wirtualna-Akademia.pdf\" target=\"_blank\" rel=\"noreferrer noopener\"><em>Wirtualna Akademia jako nowe zjawisko w kulturze wsp\u00f3\u0142czesnej<\/em><\/a><\/p>\r\n<p style=\"text-align: center;\">artyku\u0142 prof. Andrzeja Radomskiego (RL) | Ana Redinamusa (SL) &#8220;Czasopismo Naukowe Kultura i Historia&#8221;, Uniwersytet Marii Curie-Sk\u0142odowskiej w Lublinie. nr 34\/2018 (2) lublin 2018<\/p>\r\n\r\n\r\n<hr class=\"wp-block-separator\" \/>\r\n\r\n\r\n<h6 id=\"2017\" style=\"text-align: center;\"><strong>2017<\/strong><\/h6>\r\n<p>&nbsp;<\/p>\r\n\r\n\r\n\r\n<p style=\"text-align: center;\"><em><a href=\"https:\/\/www.academia.edu\/46916963\/_One_man_and_two_worlds_A_humanities_scholar_facing_the_breakthrough_in_relations_between_man_and_technology\" target=\"_blank\" rel=\"noopener\">Cz\u0142owiek jest 1, a \u015bwiaty 2<\/a><\/em><\/p>\r\n<p style=\"text-align: center;\">Wywiad Dariusza Nikiela z Sidey&#8217;em Myoo, opublikowany na \u0142amach Pisma Antropologicznego <em>Barbarzy\u0144ca<\/em><\/p>\r\n<p style=\"text-align: center;\">2015<\/p>\r\n\r\n\r\n<hr class=\"wp-block-separator\" \/>\r\n\r\n\r\n<h6 id=\"2016\" style=\"text-align: center;\"><strong>2016<\/strong><\/h6>\r\n<p>&nbsp;<\/p>\r\n\r\n\r\n\r\n<p style=\"text-align: center;\"><em><a href=\"http:\/\/szymonkonkol.innpoland.pl\/124369,academia-electronica-edukacyjne-swiaty-wirtualne\" target=\"_blank\" rel=\"noreferrer noopener\">Academia Electronica \u2013 edukacyjne \u015bwiaty wirtualne<\/a><\/em><\/p>\r\n<p style=\"text-align: center;\">Artyku\u0142 Szymona Konkola (RL), Qwertury Nirwany (SL), dotycz\u0105cy dydaktyki w Academii, opublikowany na portalu <a href=\"http:\/\/innpoland.pl\/info\/projekt\" target=\"_blank\" rel=\"noreferrer noopener\">INNPoland<\/a><\/p>\r\n<p style=\"text-align: center;\">stycze\u0144 2016<\/p>\r\n\r\n\r\n<hr class=\"wp-block-separator\" \/>\r\n\r\n\r\n<h6 id=\"2015\" style=\"text-align: center;\"><strong>2015<\/strong><\/h6>\r\n<p>&nbsp;<\/p>\r\n\r\n\r\n\r\n<p style=\"text-align: center;\"><em><a href=\"http:\/\/www.radiokrakow.pl\/rozmowy\/prof-michal-ostrowicki-filozofia-jako-krolowa-nauk-moze-przydac-sie-kazdemu\/\" target=\"_blank\" rel=\"noreferrer noopener\">Filozofia, jako kr\u00f3lowa nauk, mo\u017ce przyda\u0107 si\u0119 ka\u017cdemu<\/a><\/em><\/p>\r\n<p style=\"text-align: center;\">Zapis rozmowy redaktora Jacka Ba\u0144ki z Sideyem Myoo, przeprowadzonej w Radiu Krak\u00f3w<\/p>\r\n<p style=\"text-align: center;\">pa\u017adziernik 2015<\/p>\r\n\r\n\r\n\r\n<p style=\"text-align: center;\">*<\/p>\r\n\r\n\r\n\r\n<p style=\"text-align: center;\"><em><a href=\"http:\/\/www.intermedia.asp.krakow.pl\/konferencja\/konferencja-obszarow-sztuki\" target=\"_blank\" rel=\"noreferrer noopener\">Konferencja Obszar\u00f3w Sztuki &#8211; Relacja<\/a><\/em><\/p>\r\n<p style=\"text-align: center;\">Wydzia\u0142 Intermedi\u00f3w Akademii Sztuk Pi\u0119knych w Krakowie<\/p>\r\n<p style=\"text-align: center;\">6 &#8211; 7 maja 2015<\/p>\r\n\r\n\r\n\r\n<p style=\"text-align: center;\">*<\/p>\r\n\r\n\r\n\r\n<p style=\"text-align: center;\"><em><a href=\"http:\/\/malgomyslinska.tumblr.com\/post\/117969460887\/nie-taka-martwa-natura-kurz-w-dobie-okularnikow\" target=\"_blank\" rel=\"noreferrer noopener\">Nie taka martwa natura<\/a><\/em><\/p>\r\n<p style=\"text-align: center;\">Ma\u0142gorzata My\u015bli\u0144ska Blog: Ma\u0142gorzata My\u015bli\u0144ska<\/p>\r\n<p style=\"text-align: center;\">2 maja 2015<\/p>\r\n\r\n\r\n\r\n\r\n\r\n\r\n<hr class=\"wp-block-separator\" \/>\r\n\r\n\r\n<h6 id=\"2014\" style=\"text-align: center;\"><strong>2014<\/strong><\/h6>\r\n<p>&nbsp;<\/p>\r\n\r\n\r\n\r\n<p style=\"text-align: center;\"><a href=\"http:\/\/centrumdydaktykicyfrowej.blogspot.com\/2014\/10\/sympozjum-otwarta-edukacja-i-wolne.html#more\" target=\"_blank\" rel=\"noreferrer noopener\"><em>Otwarta edukacja i wolne implementacje w nowoczesnej szkole<\/em><\/a><\/p>\r\n<p style=\"text-align: center;\">Relacja z Sympozjum Centrum Dydaktyki Cyfrowej Katowice<\/p>\r\n<p style=\"text-align: center;\">24 Listopada.2014<\/p>\r\n\r\n\r\n\r\n<p style=\"text-align: center;\">*<\/p>\r\n\r\n\r\n\r\n<p style=\"text-align: center;\"><em>Zastosowanie skali w \u017cyciu codziennym &#8211; ergonomia cz.1<\/em><\/p>\r\n<p style=\"text-align: center;\">Kinga Grzybowska Portal: Nauka w przestrzeni<\/p>\r\n<p style=\"text-align: center;\">17 pa\u017adziernika 2014<\/p>\r\n\r\n\r\n<hr class=\"wp-block-separator\" \/>\r\n\r\n\r\n<h6 id=\"2013\" style=\"text-align: center;\"><strong>2013<\/strong><\/h6>\r\n<p>&nbsp;<\/p>\r\n\r\n\r\n\r\n<p style=\"text-align: center;\"><a href=\"https:\/\/repozytorium.amu.edu.pl\/jspui\/handle\/10593\/12326\" target=\"_blank\" rel=\"noreferrer noopener\"><em>Polska w edukacyjnej przestrzeni Second Life<\/em><\/a><\/p>\r\n<p style=\"text-align: center;\">Pawe\u0142 Topol (RL) &#8211; Pawlus Twine (SL), Wydawnictwo naukowe UAM Pozna\u0144, Neodigimata,<\/p>\r\n<p style=\"text-align: center;\">nr 35 \/ 2013 Pozna\u0144, 2013<\/p>\r\n\r\n\r\n\r\n<p style=\"text-align: center;\">*<\/p>\r\n\r\n\r\n\r\n<p style=\"text-align: center;\"><a href=\"http:\/\/pl-call.pl\/2013\/12\/academia-electronica\/\" target=\"_blank\" rel=\"noreferrer noopener\"><em>PL-Call &#8211; Academia Electronica<\/em><\/a><\/p>\r\n<p style=\"text-align: center;\">W\u0142odzimierz Sobkowiak (RL) &#8211; Wlodek Barbosa (SL) Strona Polskiej Spo\u0142eczno\u015bci CALL<\/p>\r\n<p style=\"text-align: center;\">30 grudnia 2013<\/p>\r\n\r\n\r\n\r\n<p style=\"text-align: center;\">*<\/p>\r\n\r\n\r\n\r\n<p style=\"text-align: center;\"><a href=\"http:\/\/www.wprost.pl\/ar\/426457\/?pg=1\" target=\"_blank\" rel=\"noreferrer noopener\"><em>Drugie \u017bycie &#8220;Second Life&#8221;<\/em><\/a><\/p>\r\n<p style=\"text-align: center;\">Grzegorz Lewicki i Karol Kopa\u0144ko Tygodnik WPROST, Numer 48\/2013 Warszawa<\/p>\r\n\r\n\r\n\r\n<p style=\"text-align: center;\">listopad 2013<\/p>\r\n\r\n\r\n\r\n<p style=\"text-align: center;\">*<\/p>\r\n\r\n\r\n\r\n<p style=\"text-align: center;\"><em><a href=\"http:\/\/edukacjaidialog.pl\/blog\/wpis,edukacyjne_swiaty_rownolegle_-_wirtualne_srodowisko_nauczania,1344.html\" target=\"_blank\" rel=\"noreferrer noopener\">Edukacyjne \u015bwiaty r\u00f3wnoleg\u0142e &#8211; wirtualne \u015brodowisko nauczania<\/a><\/em><\/p>\r\n<p style=\"text-align: center;\">Szymon Konkol (RL), Qwertura Nirvana (SL) Portal: EID &#8211; Edukacja Internet Dialog<\/p>\r\n<p style=\"text-align: center;\">listopad 2013<\/p>\r\n\r\n\r\n\r\n<p style=\"text-align: center;\">*<\/p>\r\n\r\n\r\n\r\n<p style=\"text-align: center;\"><em><a href=\"http:\/\/rmcg.pl\/?tag=humanistyka-cyfrowa\" target=\"_blank\" rel=\"noreferrer noopener\">Humanistyka Cyfrowa<\/a><\/em><\/p>\r\n<p style=\"text-align: center;\">Rafa\u0142 Maci\u0105g &#8211; Blog: Pragmatyka Internetu<\/p>\r\n\r\n\r\n\r\n<p style=\"text-align: center;\">pa\u017adziernik 2013<\/p>\r\n\r\n\r\n\r\n<p style=\"text-align: center;\">*<\/p>\r\n\r\n\r\n\r\n\r\n\r\n<p style=\"text-align: center;\"><em><a href=\"https:\/\/web.archive.org\/web\/20130831232335\/http:\/\/elearningfabryka.pl\/index.php\/2012-06-04-08-17-40\/szymon-konkol\/item\/129-second-life-jako-wirtualne-srodowisko-edukacyjne\" target=\"_blank\" rel=\"noreferrer noopener\">Second Life jako wirtualne \u015brodowisko edukacyjne<\/a><\/em><\/p>\r\n<p style=\"text-align: center;\">Szymon Konkol (RL) Qwertura Nirvana (SL) Portal: Fabryka E-learningu<\/p>\r\n<p style=\"text-align: center;\">maj 2013<\/p>\r\n\r\n\r\n\r\n<p style=\"text-align: center;\">*<\/p>\r\n\r\n\r\n\r\n<p style=\"text-align: center;\"><em>O e-learningu w Second Life<\/em><\/p>\r\n<p style=\"text-align: center;\">Iwona (iwikivi) Portal Student.pl<\/p>\r\n\r\n\r\n\r\n<p style=\"text-align: center;\">kwiecie\u0144 2013<\/p>\r\n\r\n\r\n\r\n<p style=\"text-align: center;\">*<\/p>\r\n\r\n\r\n\r\n<p style=\"text-align: center;\"><em><a href=\"https:\/\/web.archive.org\/web\/20130721141839\/http:\/\/nowymodelszkoly.vot.pl\/second-life.html\" target=\"_blank\" rel=\"noreferrer noopener\">Second Life jako \u015arodowisko Edukacyjne<\/a><\/em><\/p>\r\n<p style=\"text-align: center;\">Konferencja: Nowy Model Szko\u0142y Jastrz\u0119bie Zdr\u00f3j<\/p>\r\n\r\n\r\n\r\n<p style=\"text-align: center;\">kwiecie\u0144 2013<\/p>\r\n\r\n\r\n\r\n<p style=\"text-align: center;\">*<\/p>\r\n\r\n\r\n\r\n<p style=\"text-align: center;\"><a href=\"http:\/\/2013.digitalia.art.pl\/pl\/event\/479\/panel_dyskusyjny_bio_art_oraz_sztuka_technonaukowa_w_czasach_posthumianizmu_i_transhumanizmu\" target=\"_blank\" rel=\"noreferrer noopener\"><em>Bio art oraz sztuka technonaukowa w czasach posthumanizmu i transhumanizmu<\/em><\/a><\/p>\r\n<p style=\"text-align: center;\">Panel dyskusyjny na konferencji Digitalia 2013 Szczecin<\/p>\r\n\r\n\r\n\r\n<p style=\"text-align: center;\">stycze\u0144 2013<\/p>\r\n\r\n\r\n<hr class=\"wp-block-separator\" \/>\r\n\r\n\r\n<h6 id=\"2012\" style=\"text-align: center;\"><strong>2012<\/strong><\/h6>\r\n<p>&nbsp;<\/p>\r\n\r\n\r\n\r\n<p style=\"text-align: center;\"><em><a href=\"http:\/\/www.projektor.cittru.uj.edu.pl\" target=\"_blank\" rel=\"noreferrer noopener\">Projektor Jagiello\u0144ski<\/a><\/em><\/p>\r\n<p style=\"text-align: center;\">Centrum Innowacji, Transferu Technologii i Rozwoju Uniwersytetu Uniwersytet Jagiello\u0144ski, Krak\u00f3w<\/p>\r\n\r\n\r\n\r\n<p style=\"text-align: center;\">2012<\/p>\r\n\r\n\r\n\r\n<p style=\"text-align: center;\">*<\/p>\r\n\r\n\r\n\r\n<p style=\"text-align: center;\"><em>Homo Sapiens &#8211; boom czy buuuum<\/em><\/p>\r\n<p style=\"text-align: center;\">Spotkanie z nauk\u0105 w &#8220;Cafe Nauka&#8221; Portal: Natablicy.pl<br \/>\u0179r\u00f3d\u0142o: PAP Nauka w Polsce Krak\u00f3w<\/p>\r\n\r\n\r\n\r\n<p style=\"text-align: center;\">grudzie\u0144 2012<\/p>\r\n\r\n\r\n\r\n<p style=\"text-align: center;\">*<\/p>\r\n\r\n\r\n\r\n<p style=\"text-align: center;\"><em>Sidey Myoo: Cz\u0142owiek jest jeden a \u015bwiaty s\u0105 dwa<\/em><\/p>\r\n<p style=\"text-align: center;\">Ma\u0142gorzata Skowro\u0144ska Gazeta Wyborcza, Krak\u00f3w<\/p>\r\n\r\n\r\n\r\n<p style=\"text-align: center;\">grudzie\u0144 2012<\/p>\r\n\r\n\r\n<hr class=\"wp-block-separator\" \/>\r\n\r\n\r\n<h6 id=\"2011\" style=\"text-align: center;\"><strong>2011<\/strong><\/h6>\r\n<p>&nbsp;<\/p>\r\n\r\n\r\n\r\n<p style=\"text-align: center;\"><em><a href=\"http:\/\/sl-pomagamy.blogspot.com\/2011\/12\/academia-electronica-aukcje-grafik-na.html\" target=\"_blank\" rel=\"noreferrer noopener\">Academia Electronica dla WO\u015aP<\/a><\/em><\/p>\r\n<p style=\"text-align: center;\">Nigella Nightfire (SL) Blog: SL-Pomagamy<\/p>\r\n\r\n\r\n\r\n<p style=\"text-align: center;\">grudzie\u0144 2011<\/p>\r\n\r\n\r\n\r\n<p style=\"text-align: center;\">*<\/p>\r\n\r\n\r\n\r\n<p style=\"text-align: center;\"><em><a href=\"http:\/\/2swiat.blogspot.com\/2011\/10\/academia-electronica.html\" target=\"_blank\" rel=\"noreferrer noopener\">Academia Electronica<\/a><\/em><\/p>\r\n<p style=\"text-align: center;\">Weronika Pobieski (SL) &#8211; Blog: 2 \u015awiat<\/p>\r\n\r\n\r\n\r\n<p style=\"text-align: center;\">pa\u017adziernik 2011<\/p>\r\n\r\n\r\n\r\n<p style=\"text-align: center;\">*<\/p>\r\n\r\n\r\n\r\n<p style=\"text-align: center;\"><em><a href=\"http:\/\/www.kulturaihistoria.umcs.lublin.pl\/archives\/2305\" target=\"_blank\" rel=\"noreferrer noopener\">Episteme Awatar\u00f3w<\/a><\/em><\/p>\r\n<p style=\"text-align: center;\">Rafa\u0142 Ilnicki (RL) &#8211; Monad Aura (SL) Internetowe czasopismo naukowe &#8220;Kultura i Historia&#8221; Instytut Kulturoznawstwa Uniwersytetu Marii Curie-Sk\u0142odowskiej w Lublinie Lublin<\/p>\r\n\r\n\r\n\r\n<p style=\"text-align: center;\">luty 2011<\/p>\r\n\r\n\r\n\r\n<p style=\"text-align: center;\">*<\/p>\r\n\r\n\r\n\r\n<p style=\"text-align: center;\"><em><a href=\"http:\/\/www.kssn.pl\/kssn_czasopismo_archiwum\/006_KSSN_pdf\/index_KSSN_pdf_006.html\" target=\"_blank\" rel=\"noreferrer noopener\">Cz\u0142owiek jest 1 a \u015bwiaty 2<\/a><\/em><\/p>\r\n<p style=\"text-align: center;\">Dominik Undak (RL) &#8211; Dex Euromat (SL) Krakowski Semestralnik Student\u00f3w Niepe\u0142nosprawnych NR 6\/2011, strony 40-41 Fundacja Student\u00f3w i Absolwent\u00f3w AGH &#8220;ACADEMICA&#8221; Krak\u00f3w<\/p>\r\n\r\n\r\n\r\n<p style=\"text-align: center;\">luty 2011<\/p>\r\n\r\n\r\n\r\n<p style=\"text-align: center;\">*<\/p>\r\n\r\n\r\n\r\n<p style=\"text-align: center;\"><em><a href=\"http:\/\/naukawsl.umcs.lublin.pl\/\" target=\"_blank\" rel=\"noreferrer noopener\">Perspektywy rozwoju wirtualnej nauki i edukacji<\/a><\/em><\/p>\r\n<p style=\"text-align: center;\">Konferencja: Internet &#8211; Nowe Media &#8211; Kultura 2.0 Second Maria Curie-Sklodowska University Second Life<\/p>\r\n\r\n\r\n\r\n<p style=\"text-align: center;\">listopad 2011<\/p>\r\n\r\n\r\n<hr class=\"wp-block-separator\" \/>\r\n\r\n\r\n<h6 id=\"2010\" style=\"text-align: center;\"><strong>2010<\/strong><\/h6>\r\n<p>&nbsp;<\/p>\r\n\r\n\r\n\r\n<p style=\"text-align: center;\"><em><a href=\"http:\/\/electronicamagistra.wordpress.com\/tag\/academia-electronica\/\" target=\"_blank\" rel=\"noreferrer noopener\">Elektroniczne poruszenie, czyli Sidey Myoo w IHS UJ<\/a><\/em><\/p>\r\n<p style=\"text-align: center;\">Instytut Historii Sztuki Uniwersytet Jagiello\u0144ski Krak\u00f3w<\/p>\r\n<p style=\"text-align: center;\">Marzec 2010<\/p>\r\n\r\n\r\n<hr class=\"wp-block-separator\" \/>\r\n\r\n\r\n<h6 id=\"2009\" style=\"text-align: center;\"><strong>2009<\/strong><\/h6>\r\n<p>&nbsp;<\/p>\r\n\r\n\r\n\r\n<p style=\"text-align: center;\"><em>Przyk\u0142ady zastosowania edukacji w Second Life: Academia Electronica<\/em><\/p>\r\n<p style=\"text-align: center;\">Wojciech J. Zuziak Portal e-nauczanie<\/p>\r\n\r\n\r\n\r\n<p style=\"text-align: center;\">2009<\/p>\r\n\r\n\r\n\r\n<p style=\"text-align: center;\">*<\/p>\r\n\r\n\r\n\r\n<p style=\"text-align: center;\"><a href=\"http:\/\/plateau-project.blogspot.com\/2009\/12\/profesora-sida-wizyta-na-wyspie-umcs.html\" target=\"_blank\" rel=\"noreferrer noopener\"><em>Profesora Sida wizyta na wyspie UMCS<\/em><\/a><\/p>\r\n<p style=\"text-align: center;\">Uzi Boa (SL) &#8211; Blog Plateau Project<\/p>\r\n\r\n\r\n\r\n<p style=\"text-align: center;\">grudzie\u0144 2009<\/p>\r\n\r\n\r\n\r\n<p style=\"text-align: center;\">*<\/p>\r\n\r\n\r\n\r\n<p style=\"text-align: center;\"><a href=\"http:\/\/plateau-project.blogspot.com\/2009\/06\/zakonczenie-roku-akademickiego-w-ae.html\" target=\"_blank\" rel=\"noreferrer noopener\"><em>Zako\u0144czenie roku Akademickiego w AE &#8211; druga edycja<\/em><\/a><\/p>\r\n<p style=\"text-align: center;\">Uzi Boa (SL) &#8211; Blog Plateau Project,<\/p>\r\n\r\n\r\n\r\n<p style=\"text-align: center;\">czerwiec 2009<\/p>\r\n\r\n\r\n<hr class=\"wp-block-separator\" \/>\r\n\r\n\r\n<h6 id=\"2008\" style=\"text-align: center;\"><strong>2008<\/strong><\/h6>\r\n<p>&nbsp;<\/p>\r\n\r\n\r\n\r\n<p style=\"text-align: center;\"><a href=\"http:\/\/plateau-project.blogspot.com\/2008\/10\/rozpoczcie-roku-akademicjiego-w.html\" target=\"_blank\" rel=\"noreferrer noopener\"><em>Rozpocz\u0119cie roku akademickiego w Academii Electronice<\/em><\/a><\/p>\r\n<p style=\"text-align: center;\">Uzi Boa (SL) &#8211; Blog Plateau Project<\/p>\r\n\r\n\r\n\r\n<p style=\"text-align: center;\">pa\u017adziernik 2008<\/p>\r\n\r\n\r\n\r\n<p style=\"text-align: center;\">*<\/p>\r\n\r\n\r\n\r\n<p style=\"text-align: center;\"><a href=\"http:\/\/plateau-project.blogspot.com\/2008\/06\/zakoczenie-roku-akademickiego-w-ae.html\" target=\"_blank\" rel=\"noreferrer noopener\"><em>Zako\u0144czenie roku akademickiego w AE<\/em><\/a><\/p>\r\n<p style=\"text-align: center;\">Uzi Boa (SL) &#8211; Blog Plateau Project<\/p>\r\n\r\n\r\n\r\n<p style=\"text-align: center;\">czerwiec 2008<\/p>\r\n","protected":false},"excerpt":{"rendered":"<p>Wywiad przeprowadzony dla Onetu przez Redaktora, p. Grzegorza Saja: Sztuczna inteligencja przeprowadzi\u0142a egzamin na UJ. Sidey Myoo zdradza szczeg\u00f3\u0142y &nbsp; Wywiad Justyny Arlet-G\u0142owacka z Sideyem Myoo opublikowany w Wiadomo\u015bciach UJ 6 lutego 2024 &nbsp; 2023 &nbsp; Wywiad Joanny Ha\u0144derek z&hellip; <\/p>\n","protected":false},"author":3,"featured_media":0,"parent":0,"menu_order":0,"comment_status":"closed","ping_status":"closed","template":"","meta":[],"_links":{"self":[{"href":"https:\/\/www.academia-electronica.net\/index.php?rest_route=\/wp\/v2\/pages\/62"}],"collection":[{"href":"https:\/\/www.academia-electronica.net\/index.php?rest_route=\/wp\/v2\/pages"}],"about":[{"href":"https:\/\/www.academia-electronica.net\/index.php?rest_route=\/wp\/v2\/types\/page"}],"author":[{"embeddable":true,"href":"https:\/\/www.academia-electronica.net\/index.php?rest_route=\/wp\/v2\/users\/3"}],"replies":[{"embeddable":true,"href":"https:\/\/www.academia-electronica.net\/index.php?rest_route=%2Fwp%2Fv2%2Fcomments&post=62"}],"version-history":[{"count":33,"href":"https:\/\/www.academia-electronica.net\/index.php?rest_route=\/wp\/v2\/pages\/62\/revisions"}],"predecessor-version":[{"id":2228,"href":"https:\/\/www.academia-electronica.net\/index.php?rest_route=\/wp\/v2\/pages\/62\/revisions\/2228"}],"wp:attachment":[{"href":"https:\/\/www.academia-electronica.net\/index.php?rest_route=%2Fwp%2Fv2%2Fmedia&parent=62"}],"curies":[{"name":"wp","href":"https:\/\/api.w.org\/{rel}","templated":true}]}}