{"id":621,"date":"2022-05-29T17:42:56","date_gmt":"2022-05-29T17:42:56","guid":{"rendered":"https:\/\/www.academia-electronica.net\/?page_id=621"},"modified":"2022-05-29T17:43:03","modified_gmt":"2022-05-29T17:43:03","slug":"sidey-myoo-uniwersytecki-metaverse-academia-electronica-w-altspacevr","status":"publish","type":"page","link":"https:\/\/www.academia-electronica.net\/?page_id=621","title":{"rendered":"Sidey Myoo &#8211; &#8220;Uniwersytecki Metaverse \u2013 Academia Electronica w Altspacevr&#8221;"},"content":{"rendered":"<table style=\"width: 100%; height: 292px;\">\n<tbody>\n<tr style=\"height: 24px;\">\n<td style=\"width: 24.8387%; height: 24px;\">Wyk\u0142ad:<\/td>\n<td style=\"width: 74.8387%; height: 24px;\">Wyst\u0105pienia konferencyjne i kongresowe<\/td>\n<\/tr>\n<tr style=\"height: 129px;\">\n<td style=\"text-align: center; width: 24.8387%; height: 105px;\"><a href=\"http:\/\/www.academia-electronica.net\/wp-content\/uploads\/2022\/05\/Konferencja-Naukowa-Transhumanizm-Idee-Strategie-Watpliwosci-22-Metaverse.jpg\"><img loading=\"lazy\" class=\"alignleft size-medium wp-image-614\" src=\"http:\/\/www.academia-electronica.net\/wp-content\/uploads\/2022\/05\/Konferencja-Naukowa-Transhumanizm-Idee-Strategie-Watpliwosci-22-Metaverse-300x169.jpg\" alt=\"\" width=\"300\" height=\"169\" srcset=\"https:\/\/www.academia-electronica.net\/wp-content\/uploads\/2022\/05\/Konferencja-Naukowa-Transhumanizm-Idee-Strategie-Watpliwosci-22-Metaverse-300x169.jpg 300w, https:\/\/www.academia-electronica.net\/wp-content\/uploads\/2022\/05\/Konferencja-Naukowa-Transhumanizm-Idee-Strategie-Watpliwosci-22-Metaverse-1024x576.jpg 1024w, https:\/\/www.academia-electronica.net\/wp-content\/uploads\/2022\/05\/Konferencja-Naukowa-Transhumanizm-Idee-Strategie-Watpliwosci-22-Metaverse-768x432.jpg 768w, https:\/\/www.academia-electronica.net\/wp-content\/uploads\/2022\/05\/Konferencja-Naukowa-Transhumanizm-Idee-Strategie-Watpliwosci-22-Metaverse.jpg 1280w\" sizes=\"(max-width: 300px) 100vw, 300px\" \/><\/a><\/td>\n<td style=\"width: 74.8387%; height: 105px;\"><\/td>\n<\/tr>\n<tr style=\"height: 24px;\">\n<td style=\"width: 24.8387%; height: 24px;\">Organizator:<\/td>\n<td style=\"width: 74.8387%; height: 24px;\">Polskie Stowarzyszenie Transhumanistyczne<\/td>\n<\/tr>\n<tr style=\"height: 24px;\">\n<td style=\"width: 24.8387%; height: 24px;\">Termin\/miejsce:<\/td>\n<td style=\"width: 74.8387%; height: 24px;\">29.05.2022 &#8211; Academia Electronica w Altspacevr oraz w Second Life<\/td>\n<\/tr>\n<tr style=\"height: 48px;\">\n<td style=\"width: 24.8387%; height: 22px;\">Prelegent:<\/td>\n<td style=\"width: 74.8387%; height: 22px;\">Sidey Myoo &#8211; Uniwersytet Jagiello\u0144ski, Akademia Sztuk Pi\u0119knych w Krakowie<\/td>\n<\/tr>\n<tr style=\"height: 24px;\">\n<td style=\"width: 24.8387%; height: 24px;\">Tytu\u0142 wyst\u0105pienia:<\/td>\n<td style=\"width: 74.8387%; height: 24px; text-align: justify;\"><em>Uniwersytecki Metaverse \u2013 Academia Electronica w Altspacevr<\/em><\/td>\n<\/tr>\n<tr style=\"height: 31px;\">\n<td style=\"width: 24.8387%; height: 21px;\">Film:<\/td>\n<td style=\"width: 74.8387%; height: 21px; text-align: center;\"><\/td>\n<\/tr>\n<tr>\n<td style=\"width: 24.8387%;\">Nagranie audio:<\/td>\n<td style=\"width: 74.8387%; text-align: justify;\"><\/td>\n<\/tr>\n<tr style=\"height: 24px;\">\n<td style=\"width: 24.8387%; height: 24px;\">Linki:<\/td>\n<td style=\"width: 74.8387%; text-align: justify; height: 24px;\"><\/td>\n<\/tr>\n<tr style=\"height: 24px;\">\n<td style=\"width: 24.8387%; height: 24px;\">Prezentacja:<\/td>\n<td style=\"width: 74.8387%; text-align: center; height: 24px;\"><\/td>\n<\/tr>\n<tr>\n<td style=\"width: 24.8387%;\">Zdj\u0119cia:<\/td>\n<td style=\"width: 74.8387%; text-align: center;\"><\/td>\n<\/tr>\n<\/tbody>\n<\/table>\n<p><a href=\"https:\/\/www.academia-electronica.net\/?page_id=551\">Powr\u00f3t<\/a><\/p>\n","protected":false},"excerpt":{"rendered":"<p>Wyk\u0142ad: Wyst\u0105pienia konferencyjne i kongresowe Organizator: Polskie Stowarzyszenie Transhumanistyczne Termin\/miejsce: 29.05.2022 &#8211; Academia Electronica w Altspacevr oraz w Second Life Prelegent: Sidey Myoo &#8211; Uniwersytet Jagiello\u0144ski, Akademia Sztuk Pi\u0119knych w Krakowie Tytu\u0142 wyst\u0105pienia: Uniwersytecki Metaverse \u2013 Academia Electronica w Altspacevr&hellip; <\/p>\n","protected":false},"author":3,"featured_media":0,"parent":0,"menu_order":0,"comment_status":"closed","ping_status":"closed","template":"","meta":[],"_links":{"self":[{"href":"https:\/\/www.academia-electronica.net\/index.php?rest_route=\/wp\/v2\/pages\/621"}],"collection":[{"href":"https:\/\/www.academia-electronica.net\/index.php?rest_route=\/wp\/v2\/pages"}],"about":[{"href":"https:\/\/www.academia-electronica.net\/index.php?rest_route=\/wp\/v2\/types\/page"}],"author":[{"embeddable":true,"href":"https:\/\/www.academia-electronica.net\/index.php?rest_route=\/wp\/v2\/users\/3"}],"replies":[{"embeddable":true,"href":"https:\/\/www.academia-electronica.net\/index.php?rest_route=%2Fwp%2Fv2%2Fcomments&post=621"}],"version-history":[{"count":1,"href":"https:\/\/www.academia-electronica.net\/index.php?rest_route=\/wp\/v2\/pages\/621\/revisions"}],"predecessor-version":[{"id":624,"href":"https:\/\/www.academia-electronica.net\/index.php?rest_route=\/wp\/v2\/pages\/621\/revisions\/624"}],"wp:attachment":[{"href":"https:\/\/www.academia-electronica.net\/index.php?rest_route=%2Fwp%2Fv2%2Fmedia&parent=621"}],"curies":[{"name":"wp","href":"https:\/\/api.w.org\/{rel}","templated":true}]}}