{"id":64,"date":"2022-02-24T19:11:13","date_gmt":"2022-02-24T19:11:13","guid":{"rendered":"https:\/\/www.academia-electronica.net\/?page_id=64"},"modified":"2022-08-18T11:42:52","modified_gmt":"2022-08-18T11:42:52","slug":"ankieta-academicka","status":"publish","type":"page","link":"https:\/\/www.academia-electronica.net\/?page_id=64","title":{"rendered":"Ankieta Academicka"},"content":{"rendered":"<p style=\"text-align: center;\"><strong>1. Czym jest dla Ciebie SL?<\/strong><br \/>\nA &#8211; Gr\u0105 komputerow\u0105<br \/>\nB &#8211; Forum, czatem, miejscem spo\u0142eczno\u015bciowym<br \/>\nC &#8211; Rodzajem rzeczywisto\u015bci<br \/>\nD &#8211; Trudno powiedzie\u0107<\/p>\n<div class=\"visualizer-front-container visualizer-lazy-render\" id=\"chart_wrapper_visualizer-690-1804399486\"><style type=\"text\/css\" name=\"visualizer-custom-css\" id=\"customcss-visualizer-690\">.locker,.locker-loader{position:absolute;top:0;left:0;width:100%;height:100%}.locker{z-index:1000;opacity:.8;background-color:#fff;-ms-filter:\"progid:DXImageTransform.Microsoft.Alpha(Opacity=80)\";filter:alpha(opacity=80)}.locker-loader{z-index:1001;background:url(https:\/\/www.academia-electronica.net\/wp-content\/plugins\/visualizer\/images\/ajax-loader.gif) no-repeat center center}.dt-button{display:none!important}.visualizer-front-container.visualizer-lazy-render{content-visibility: auto;}.google-visualization-controls-categoryfilter label.google-visualization-controls-label {vertical-align: middle;}.google-visualization-controls-categoryfilter li.goog-inline-block {margin: 0 0.2em;}.google-visualization-controls-categoryfilter li {padding: 0 0.2em;}.visualizer-front-container .dataTables_scrollHeadInner{margin: 0 auto;}<\/style><div id=\"visualizer-690-1804399486\" class=\"visualizer-front  visualizer-front-690\"><\/div><!-- Not showing structured data for chart 690 because title is empty --><\/div>\n<hr \/>\n<p style=\"text-align: center;\"><strong>2. Czy w SL odczuwasz jakie\u015b emocje?<\/strong><br \/>\nA &#8211; Nie<br \/>\nB &#8211; Pojawiaj\u0105 si\u0119 pewne odczucia, ale nie maj\u0105 wi\u0119kszego znaczenia<br \/>\nC &#8211; S\u0105 sytuacje, w kt\u00f3rych odczuwam prawdziwe emocje<br \/>\nD &#8211; Trudno powiedzie\u0107<\/p>\n<div class=\"visualizer-front-container visualizer-lazy-render\" id=\"chart_wrapper_visualizer-692-470113018\"><style type=\"text\/css\" name=\"visualizer-custom-css\" id=\"customcss-visualizer-692\">.locker,.locker-loader{position:absolute;top:0;left:0;width:100%;height:100%}.locker{z-index:1000;opacity:.8;background-color:#fff;-ms-filter:\"progid:DXImageTransform.Microsoft.Alpha(Opacity=80)\";filter:alpha(opacity=80)}.locker-loader{z-index:1001;background:url(https:\/\/www.academia-electronica.net\/wp-content\/plugins\/visualizer\/images\/ajax-loader.gif) no-repeat center center}.dt-button{display:none!important}.visualizer-front-container.visualizer-lazy-render{content-visibility: auto;}.google-visualization-controls-categoryfilter label.google-visualization-controls-label {vertical-align: middle;}.google-visualization-controls-categoryfilter li.goog-inline-block {margin: 0 0.2em;}.google-visualization-controls-categoryfilter li {padding: 0 0.2em;}.visualizer-front-container .dataTables_scrollHeadInner{margin: 0 auto;}<\/style><div id=\"visualizer-692-470113018\" class=\"visualizer-front  visualizer-front-692\"><\/div><!-- Not showing structured data for chart 692 because title is empty --><\/div>\n<hr \/>\n<p style=\"text-align: center;\"><strong>3. Czy uwa\u017casz, \u017ce w SL mo\u017cna wej\u015b\u0107 z kim\u015b w bli\u017csze relacje?<\/strong><br \/>\nA &#8211; Tak, w podobne do tych, jak ze \u015bwiata fizycznego<br \/>\nB &#8211; Nie<br \/>\nC &#8211; Tak, ale s\u0105 one kompletnie niezobowi\u0105zuj\u0105ce<br \/>\nD &#8211; Trudno powiedzie\u0107<\/p>\n<div class=\"visualizer-front-container visualizer-lazy-render\" id=\"chart_wrapper_visualizer-694-159293669\"><style type=\"text\/css\" name=\"visualizer-custom-css\" id=\"customcss-visualizer-694\">.locker,.locker-loader{position:absolute;top:0;left:0;width:100%;height:100%}.locker{z-index:1000;opacity:.8;background-color:#fff;-ms-filter:\"progid:DXImageTransform.Microsoft.Alpha(Opacity=80)\";filter:alpha(opacity=80)}.locker-loader{z-index:1001;background:url(https:\/\/www.academia-electronica.net\/wp-content\/plugins\/visualizer\/images\/ajax-loader.gif) no-repeat center center}.dt-button{display:none!important}.visualizer-front-container.visualizer-lazy-render{content-visibility: auto;}.google-visualization-controls-categoryfilter label.google-visualization-controls-label {vertical-align: middle;}.google-visualization-controls-categoryfilter li.goog-inline-block {margin: 0 0.2em;}.google-visualization-controls-categoryfilter li {padding: 0 0.2em;}.visualizer-front-container .dataTables_scrollHeadInner{margin: 0 auto;}<\/style><div id=\"visualizer-694-159293669\" class=\"visualizer-front  visualizer-front-694\"><\/div><!-- Not showing structured data for chart 694 because title is empty --><\/div>\n<hr \/>\n<p style=\"text-align: center;\"><strong>4. Czy uwa\u017casz, \u017ce osoby i relacje jakie z nimi tworzysz w SL, maj\u0105 jakie\u015b znaczenie?<\/strong><br \/>\nA &#8211; Nie przywi\u0105zuj\u0119 \u017cadnej wagi do tych relacji<br \/>\nB &#8211; To kontakty zawodowe i tylko dlatego s\u0105 dla mnie wa\u017cne<br \/>\nC &#8211; To moi znajomi i przyjaciele<br \/>\nD &#8211; Trudno powiedzie\u0107<\/p>\n<div class=\"visualizer-front-container visualizer-lazy-render\" id=\"chart_wrapper_visualizer-696-1731465398\"><style type=\"text\/css\" name=\"visualizer-custom-css\" id=\"customcss-visualizer-696\">.locker,.locker-loader{position:absolute;top:0;left:0;width:100%;height:100%}.locker{z-index:1000;opacity:.8;background-color:#fff;-ms-filter:\"progid:DXImageTransform.Microsoft.Alpha(Opacity=80)\";filter:alpha(opacity=80)}.locker-loader{z-index:1001;background:url(https:\/\/www.academia-electronica.net\/wp-content\/plugins\/visualizer\/images\/ajax-loader.gif) no-repeat center center}.dt-button{display:none!important}.visualizer-front-container.visualizer-lazy-render{content-visibility: auto;}.google-visualization-controls-categoryfilter label.google-visualization-controls-label {vertical-align: middle;}.google-visualization-controls-categoryfilter li.goog-inline-block {margin: 0 0.2em;}.google-visualization-controls-categoryfilter li {padding: 0 0.2em;}.visualizer-front-container .dataTables_scrollHeadInner{margin: 0 auto;}<\/style><div id=\"visualizer-696-1731465398\" class=\"visualizer-front  visualizer-front-696\"><\/div><!-- Not showing structured data for chart 696 because title is empty --><\/div>\n<hr \/>\n<p style=\"text-align: center;\"><strong>5. Czy uwa\u017casz, \u017ce inwestycje w SL, np. poprawa wygl\u0105du, w\u0142asny dom, jacht to:<\/strong><br \/>\nA &#8211; Wyrzucenie pieni\u0119dzy w b\u0142oto<br \/>\nB &#8211; Wydatki pozwalaj\u0105ce tworzy\u0107 w\u0142asne otoczenie w SL<br \/>\nC &#8211; Mog\u0105 by\u0107 zasadne, np. gdy kto\u015b zawodowo przebywa w SL<br \/>\nD &#8211; Trudno powiedzie\u0107<\/p>\n<div class=\"visualizer-front-container visualizer-lazy-render\" id=\"chart_wrapper_visualizer-698-97705450\"><style type=\"text\/css\" name=\"visualizer-custom-css\" id=\"customcss-visualizer-698\">.locker,.locker-loader{position:absolute;top:0;left:0;width:100%;height:100%}.locker{z-index:1000;opacity:.8;background-color:#fff;-ms-filter:\"progid:DXImageTransform.Microsoft.Alpha(Opacity=80)\";filter:alpha(opacity=80)}.locker-loader{z-index:1001;background:url(https:\/\/www.academia-electronica.net\/wp-content\/plugins\/visualizer\/images\/ajax-loader.gif) no-repeat center center}.dt-button{display:none!important}.visualizer-front-container.visualizer-lazy-render{content-visibility: auto;}.google-visualization-controls-categoryfilter label.google-visualization-controls-label {vertical-align: middle;}.google-visualization-controls-categoryfilter li.goog-inline-block {margin: 0 0.2em;}.google-visualization-controls-categoryfilter li {padding: 0 0.2em;}.visualizer-front-container .dataTables_scrollHeadInner{margin: 0 auto;}<\/style><div id=\"visualizer-698-97705450\" class=\"visualizer-front  visualizer-front-698\"><\/div><!-- Not showing structured data for chart 698 because title is empty --><\/div>\n<hr \/>\n<p style=\"text-align: center;\"><strong>6. Czy rozmawiaj\u0105c z awatarem w Second Life, masz \u015bwiadomo\u015b\u0107, \u017ce to:<\/strong><br \/>\nA &#8211; Cz\u0142owiek<br \/>\nB &#8211; Nie zstanawiam si\u0119 nad tym, kto stoi za awatarem<br \/>\nC &#8211; Bot<br \/>\nD &#8211; Trudno powiedzie\u0107<\/p>\n<div class=\"visualizer-front-container visualizer-lazy-render\" id=\"chart_wrapper_visualizer-700-881010331\"><style type=\"text\/css\" name=\"visualizer-custom-css\" id=\"customcss-visualizer-700\">.locker,.locker-loader{position:absolute;top:0;left:0;width:100%;height:100%}.locker{z-index:1000;opacity:.8;background-color:#fff;-ms-filter:\"progid:DXImageTransform.Microsoft.Alpha(Opacity=80)\";filter:alpha(opacity=80)}.locker-loader{z-index:1001;background:url(https:\/\/www.academia-electronica.net\/wp-content\/plugins\/visualizer\/images\/ajax-loader.gif) no-repeat center center}.dt-button{display:none!important}.visualizer-front-container.visualizer-lazy-render{content-visibility: auto;}.google-visualization-controls-categoryfilter label.google-visualization-controls-label {vertical-align: middle;}.google-visualization-controls-categoryfilter li.goog-inline-block {margin: 0 0.2em;}.google-visualization-controls-categoryfilter li {padding: 0 0.2em;}.visualizer-front-container .dataTables_scrollHeadInner{margin: 0 auto;}<\/style><div id=\"visualizer-700-881010331\" class=\"visualizer-front  visualizer-front-700\"><\/div><!-- Not showing structured data for chart 700 because title is empty --><\/div>\n<hr \/>\n<p style=\"text-align: center;\"><strong>7. Czy odczuwasz potrzeb\u0119 aby posadzi\u0107 awatara, je\u015bli zbyt d\u0142ugo nim stoisz lub chodzisz po SL?<\/strong><br \/>\nA &#8211; Nie odczuwam takiej potrzeby<br \/>\nB &#8211; Tak, odczuwam zm\u0119czenie i tak\u0105 potrzeb\u0119<br \/>\nC &#8211; Siadam raczej zwyczajowo, gdy inni siedz\u0105<br \/>\nD &#8211; Trudno powiedzie\u0107<\/p>\n<div class=\"visualizer-front-container visualizer-lazy-render\" id=\"chart_wrapper_visualizer-702-1705689064\"><style type=\"text\/css\" name=\"visualizer-custom-css\" id=\"customcss-visualizer-702\">.locker,.locker-loader{position:absolute;top:0;left:0;width:100%;height:100%}.locker{z-index:1000;opacity:.8;background-color:#fff;-ms-filter:\"progid:DXImageTransform.Microsoft.Alpha(Opacity=80)\";filter:alpha(opacity=80)}.locker-loader{z-index:1001;background:url(https:\/\/www.academia-electronica.net\/wp-content\/plugins\/visualizer\/images\/ajax-loader.gif) no-repeat center center}.dt-button{display:none!important}.visualizer-front-container.visualizer-lazy-render{content-visibility: auto;}.google-visualization-controls-categoryfilter label.google-visualization-controls-label {vertical-align: middle;}.google-visualization-controls-categoryfilter li.goog-inline-block {margin: 0 0.2em;}.google-visualization-controls-categoryfilter li {padding: 0 0.2em;}.visualizer-front-container .dataTables_scrollHeadInner{margin: 0 auto;}<\/style><div id=\"visualizer-702-1705689064\" class=\"visualizer-front  visualizer-front-702\"><\/div><!-- Not showing structured data for chart 702 because title is empty --><\/div>\n<hr \/>\n<p style=\"text-align: center;\"><strong>8. Czy je\u015bli kto\u015b przypadkowo wpadnie w SL na Twojego awatara to:<\/strong><br \/>\nA &#8211; Nie lubi\u0119 tego, gdy\u017c zak\u0142\u00f3ca to mojego awatara<br \/>\nB &#8211; Nie ma to dla mnie znaczenia<br \/>\nC &#8211; Odczuwam to jako kontakt fizyczny<br \/>\nD &#8211; Trudno powiedzie\u0107<\/p>\n<div class=\"visualizer-front-container visualizer-lazy-render\" id=\"chart_wrapper_visualizer-704-357243786\"><style type=\"text\/css\" name=\"visualizer-custom-css\" id=\"customcss-visualizer-704\">.locker,.locker-loader{position:absolute;top:0;left:0;width:100%;height:100%}.locker{z-index:1000;opacity:.8;background-color:#fff;-ms-filter:\"progid:DXImageTransform.Microsoft.Alpha(Opacity=80)\";filter:alpha(opacity=80)}.locker-loader{z-index:1001;background:url(https:\/\/www.academia-electronica.net\/wp-content\/plugins\/visualizer\/images\/ajax-loader.gif) no-repeat center center}.dt-button{display:none!important}.visualizer-front-container.visualizer-lazy-render{content-visibility: auto;}.google-visualization-controls-categoryfilter label.google-visualization-controls-label {vertical-align: middle;}.google-visualization-controls-categoryfilter li.goog-inline-block {margin: 0 0.2em;}.google-visualization-controls-categoryfilter li {padding: 0 0.2em;}.visualizer-front-container .dataTables_scrollHeadInner{margin: 0 auto;}<\/style><div id=\"visualizer-704-357243786\" class=\"visualizer-front  visualizer-front-704\"><\/div><!-- Not showing structured data for chart 704 because title is empty --><\/div>\n<hr \/>\n<p style=\"text-align: center;\"><strong>9. Czy por\u00f3wnuj\u0105c SL do RL, posiadasz odczucie \u017ce:<br \/>\n<\/strong><br \/>\nA &#8211; W SL czuj\u0119 si\u0119 czasami bardziej woln\u0105\/wolnym i swobodn\u0105\/swodobodniejszym ni\u017c w RL<br \/>\nB &#8211; Dzia\u0142a ograniczaj\u0105co<br \/>\nC &#8211; Mam takie samo odczucie w stosunku do RL jak i do SL<br \/>\nD &#8211; Trudno powiedzie\u0107<\/p>\n<div class=\"visualizer-front-container visualizer-lazy-render\" id=\"chart_wrapper_visualizer-706-825363196\"><style type=\"text\/css\" name=\"visualizer-custom-css\" id=\"customcss-visualizer-706\">.locker,.locker-loader{position:absolute;top:0;left:0;width:100%;height:100%}.locker{z-index:1000;opacity:.8;background-color:#fff;-ms-filter:\"progid:DXImageTransform.Microsoft.Alpha(Opacity=80)\";filter:alpha(opacity=80)}.locker-loader{z-index:1001;background:url(https:\/\/www.academia-electronica.net\/wp-content\/plugins\/visualizer\/images\/ajax-loader.gif) no-repeat center center}.dt-button{display:none!important}.visualizer-front-container.visualizer-lazy-render{content-visibility: auto;}.google-visualization-controls-categoryfilter label.google-visualization-controls-label {vertical-align: middle;}.google-visualization-controls-categoryfilter li.goog-inline-block {margin: 0 0.2em;}.google-visualization-controls-categoryfilter li {padding: 0 0.2em;}.visualizer-front-container .dataTables_scrollHeadInner{margin: 0 auto;}<\/style><div id=\"visualizer-706-825363196\" class=\"visualizer-front  visualizer-front-706\"><\/div><!-- Not showing structured data for chart 706 because title is empty --><\/div>\n<hr \/>\n<p style=\"text-align: center;\"><strong>10. Czy chcia\u0142by\u015b\/chcia\u0142aby\u015b pozna\u0107 osoby z SL w RL?<\/strong><br \/>\nA &#8211; Nie mam takiej potrzeby<br \/>\nB &#8211; Tak, interesuje mnie, kto stoi za awatarem<br \/>\nC &#8211; Mam mieszane uczucia przed takim spotkaniem<br \/>\nD &#8211; Trudno powiedzie\u0107<\/p>\n<div class=\"visualizer-front-container visualizer-lazy-render\" id=\"chart_wrapper_visualizer-708-2113048286\"><style type=\"text\/css\" name=\"visualizer-custom-css\" id=\"customcss-visualizer-708\">.locker,.locker-loader{position:absolute;top:0;left:0;width:100%;height:100%}.locker{z-index:1000;opacity:.8;background-color:#fff;-ms-filter:\"progid:DXImageTransform.Microsoft.Alpha(Opacity=80)\";filter:alpha(opacity=80)}.locker-loader{z-index:1001;background:url(https:\/\/www.academia-electronica.net\/wp-content\/plugins\/visualizer\/images\/ajax-loader.gif) no-repeat center center}.dt-button{display:none!important}.visualizer-front-container.visualizer-lazy-render{content-visibility: auto;}.google-visualization-controls-categoryfilter label.google-visualization-controls-label {vertical-align: middle;}.google-visualization-controls-categoryfilter li.goog-inline-block {margin: 0 0.2em;}.google-visualization-controls-categoryfilter li {padding: 0 0.2em;}.visualizer-front-container .dataTables_scrollHeadInner{margin: 0 auto;}<\/style><div id=\"visualizer-708-2113048286\" class=\"visualizer-front  visualizer-front-708\"><\/div><!-- Not showing structured data for chart 708 because title is empty --><\/div>\n<hr \/>\n<p style=\"text-align: center;\"><strong>11. Czy do\u015bwiadczenie z SL wp\u0142yn\u0119\u0142y na twoje zachowanie w RL?<\/strong><br \/>\nA &#8211; Nic istotnego w moim RL si\u0119 nie zmieni\u0142o<br \/>\nB &#8211; Tak, wiele kwestii w moim RL uleg\u0142o poprawie<br \/>\nC &#8211; Cz\u0119\u015b\u0107 spraw \/ relacji w SL spowodowa\u0142o zniszczenia w moim RL<br \/>\nD &#8211; Trudno powiedzie\u0107<\/p>\n<div class=\"visualizer-front-container visualizer-lazy-render\" id=\"chart_wrapper_visualizer-710-700983655\"><style type=\"text\/css\" name=\"visualizer-custom-css\" id=\"customcss-visualizer-710\">.locker,.locker-loader{position:absolute;top:0;left:0;width:100%;height:100%}.locker{z-index:1000;opacity:.8;background-color:#fff;-ms-filter:\"progid:DXImageTransform.Microsoft.Alpha(Opacity=80)\";filter:alpha(opacity=80)}.locker-loader{z-index:1001;background:url(https:\/\/www.academia-electronica.net\/wp-content\/plugins\/visualizer\/images\/ajax-loader.gif) no-repeat center center}.dt-button{display:none!important}.visualizer-front-container.visualizer-lazy-render{content-visibility: auto;}.google-visualization-controls-categoryfilter label.google-visualization-controls-label {vertical-align: middle;}.google-visualization-controls-categoryfilter li.goog-inline-block {margin: 0 0.2em;}.google-visualization-controls-categoryfilter li {padding: 0 0.2em;}.visualizer-front-container .dataTables_scrollHeadInner{margin: 0 auto;}<\/style><div id=\"visualizer-710-700983655\" class=\"visualizer-front  visualizer-front-710\"><\/div><!-- Not showing structured data for chart 710 because title is empty --><\/div>\n<hr \/>\n<p style=\"text-align: center;\"><strong>12. Na ile zainteresowa\u0142 Ci\u0119 SL?<\/strong><br \/>\nA &#8211; W pewnych sprawach traktuj\u0119 SL na r\u00f3wni z RL<br \/>\nB &#8211; By\u0142am \/ by\u0142em w SL kilka razy, ale to mnie nie zainteresowa\u0142o<br \/>\nC &#8211; SL bardzo mnie poch\u0142on\u0105\u0142<br \/>\nD &#8211; Trudno powiedzie\u0107<\/p>\n<div class=\"visualizer-front-container visualizer-lazy-render\" id=\"chart_wrapper_visualizer-713-966569119\"><style type=\"text\/css\" name=\"visualizer-custom-css\" id=\"customcss-visualizer-713\">.locker,.locker-loader{position:absolute;top:0;left:0;width:100%;height:100%}.locker{z-index:1000;opacity:.8;background-color:#fff;-ms-filter:\"progid:DXImageTransform.Microsoft.Alpha(Opacity=80)\";filter:alpha(opacity=80)}.locker-loader{z-index:1001;background:url(https:\/\/www.academia-electronica.net\/wp-content\/plugins\/visualizer\/images\/ajax-loader.gif) no-repeat center center}.dt-button{display:none!important}.visualizer-front-container.visualizer-lazy-render{content-visibility: auto;}.google-visualization-controls-categoryfilter label.google-visualization-controls-label {vertical-align: middle;}.google-visualization-controls-categoryfilter li.goog-inline-block {margin: 0 0.2em;}.google-visualization-controls-categoryfilter li {padding: 0 0.2em;}.visualizer-front-container .dataTables_scrollHeadInner{margin: 0 auto;}<\/style><div id=\"visualizer-713-966569119\" class=\"visualizer-front  visualizer-front-713\"><\/div><!-- Not showing structured data for chart 713 because title is empty --><\/div>\n<hr \/>\n<p style=\"text-align: center;\"><strong>13. Jak\u0105 preferujesz \/ wybra\u0142e\u015b posta\u0107 w SL?<\/strong><br \/>\nA &#8211; Cz\u0142owieka<br \/>\nB &#8211; Wampira, zombie lub zwierz\u0119cia<br \/>\nC &#8211; Robota, pojazdu lub inny<br \/>\nD &#8211; Trudno powiedzie\u0107<\/p>\n<div class=\"visualizer-front-container visualizer-lazy-render\" id=\"chart_wrapper_visualizer-715-458525210\"><style type=\"text\/css\" name=\"visualizer-custom-css\" id=\"customcss-visualizer-715\">.locker,.locker-loader{position:absolute;top:0;left:0;width:100%;height:100%}.locker{z-index:1000;opacity:.8;background-color:#fff;-ms-filter:\"progid:DXImageTransform.Microsoft.Alpha(Opacity=80)\";filter:alpha(opacity=80)}.locker-loader{z-index:1001;background:url(https:\/\/www.academia-electronica.net\/wp-content\/plugins\/visualizer\/images\/ajax-loader.gif) no-repeat center center}.dt-button{display:none!important}.visualizer-front-container.visualizer-lazy-render{content-visibility: auto;}.google-visualization-controls-categoryfilter label.google-visualization-controls-label {vertical-align: middle;}.google-visualization-controls-categoryfilter li.goog-inline-block {margin: 0 0.2em;}.google-visualization-controls-categoryfilter li {padding: 0 0.2em;}.visualizer-front-container .dataTables_scrollHeadInner{margin: 0 auto;}<\/style><div id=\"visualizer-715-458525210\" class=\"visualizer-front  visualizer-front-715\"><\/div><!-- Not showing structured data for chart 715 because title is empty --><\/div>\n<hr \/>\n<p style=\"text-align: center;\">Ilo\u015b\u0107 wynik\u00f3w: 546<br \/>\nOstatnia aktualizacja: 20-07-2022<br \/>\nAnkieta przygotowana przez: Neutrinka Lisle, Dex Euromat, Sidey Myoo<\/p>\n","protected":false},"excerpt":{"rendered":"<p>1. Czym jest dla Ciebie SL? A &#8211; Gr\u0105 komputerow\u0105 B &#8211; Forum, czatem, miejscem spo\u0142eczno\u015bciowym C &#8211; Rodzajem rzeczywisto\u015bci D &#8211; Trudno powiedzie\u0107 2. Czy w SL odczuwasz jakie\u015b emocje? A &#8211; Nie B &#8211; Pojawiaj\u0105 si\u0119 pewne odczucia,&hellip; <\/p>\n","protected":false},"author":3,"featured_media":0,"parent":0,"menu_order":0,"comment_status":"closed","ping_status":"closed","template":"","meta":[],"_links":{"self":[{"href":"https:\/\/www.academia-electronica.net\/index.php?rest_route=\/wp\/v2\/pages\/64"}],"collection":[{"href":"https:\/\/www.academia-electronica.net\/index.php?rest_route=\/wp\/v2\/pages"}],"about":[{"href":"https:\/\/www.academia-electronica.net\/index.php?rest_route=\/wp\/v2\/types\/page"}],"author":[{"embeddable":true,"href":"https:\/\/www.academia-electronica.net\/index.php?rest_route=\/wp\/v2\/users\/3"}],"replies":[{"embeddable":true,"href":"https:\/\/www.academia-electronica.net\/index.php?rest_route=%2Fwp%2Fv2%2Fcomments&post=64"}],"version-history":[{"count":3,"href":"https:\/\/www.academia-electronica.net\/index.php?rest_route=\/wp\/v2\/pages\/64\/revisions"}],"predecessor-version":[{"id":718,"href":"https:\/\/www.academia-electronica.net\/index.php?rest_route=\/wp\/v2\/pages\/64\/revisions\/718"}],"wp:attachment":[{"href":"https:\/\/www.academia-electronica.net\/index.php?rest_route=%2Fwp%2Fv2%2Fmedia&parent=64"}],"curies":[{"name":"wp","href":"https:\/\/api.w.org\/{rel}","templated":true}]}}