{"id":67,"date":"2022-02-24T19:12:52","date_gmt":"2022-02-24T19:12:52","guid":{"rendered":"https:\/\/www.academia-electronica.net\/?page_id=67"},"modified":"2022-03-14T18:21:17","modified_gmt":"2022-03-14T18:21:17","slug":"10-prawd-o-swiecie-elektronicznym","status":"publish","type":"page","link":"https:\/\/www.academia-electronica.net\/?page_id=67","title":{"rendered":"10 Prawd o \u015bwiecie elektronicznym"},"content":{"rendered":"\r\n<ol style=\"text-align: justify;\">\r\n<li>\u015awiat elektroniczny jest alternatywn\u0105 rzeczywisto\u015bci\u0105 w stosunku do \u015bwiata fizycznego.<\/li>\r\n<li>\u015awiat elektroniczny jest \u015bwiatem cz\u0142owieka, zdolnym przyj\u0105\u0107 wnoszone tam cz\u0142owiecze\u0144stwo, zawiera ludzkie emocje i uczucia oraz warto\u015bci duchowe.<\/li>\r\n<li>\u015awiat elektroniczny to rzeczywisto\u015b\u0107 dla przemieszczenia wszelkiej aktywno\u015bci \u017cyciowej cz\u0142owieka, jest \u017ar\u00f3d\u0142em autokreacji i kreacji, w\u0142asnych poszukiwa\u0144 i ekspresji.<\/li>\r\n<li>\u015awiat elektroniczny jest \u017ar\u00f3d\u0142em mo\u017cliwo\u015bci odmiennych od znajdowanych w \u015bwiecie fizycznym.<\/li>\r\n<li>\u015awiat elektroniczny mo\u017ce by\u0107 przedmiotem wybor\u00f3w egzystencjalnych, ludzkich decyzji dotycz\u0105cych rzeczywisto\u015bci, w kt\u00f3rej pragn\u0105 prze\u017cywa\u0107 swoje \u017cycie.<\/li>\r\n<li>\u015awiat elektroniczny jest immaterialny, posiada przestrze\u0144 odmienn\u0105 od \u015bwiata fizycznego.<\/li>\r\n<li>\u015awiat elektroniczny powi\u0119ksza swoje mo\u017cliwo\u015bci wraz z rozwojem technologii.<\/li>\r\n<li>\u015awiat elektroniczny ewoluuje szybciej ni\u017c \u015bwiat fizyczny wp\u0142ywaj\u0105c na ewolucj\u0119 cz\u0142owieka.<\/li>\r\n<li>\u015awiat elektroniczny nie jest symulacj\u0105 i nie ma w nim miejsca na symulacj\u0119.<\/li>\r\n<li>\r\n<p>\u015awiat elektroniczny to rzeczywisto\u015b\u0107, gra pozostaje w \u015bwiecie fizycznym.<em>\u00a0 <span style=\"font-size: 8pt;\">\u00a0\u00a0\u00a0\u00a0 <\/span><\/em><\/p>\r\n<\/li>\r\n<\/ol>\r\n<p style=\"text-align: justify;\"><em>\u00a0\u00a0\u00a0\u00a0\u00a0\u00a0\u00a0\u00a0\u00a0\u00a0\u00a0\u00a0\u00a0\u00a0\u00a0\u00a0\u00a0\u00a0\u00a0\u00a0\u00a0\u00a0\u00a0\u00a0\u00a0\u00a0\u00a0\u00a0\u00a0\u00a0\u00a0\u00a0\u00a0\u00a0\u00a0\u00a0\u00a0\u00a0\u00a0\u00a0\u00a0\u00a0\u00a0\u00a0\u00a0\u00a0\u00a0\u00a0\u00a0\u00a0\u00a0\u00a0\u00a0\u00a0\u00a0\u00a0\u00a0\u00a0\u00a0\u00a0\u00a0\u00a0\u00a0\u00a0\u00a0\u00a0\u00a0\u00a0\u00a0\u00a0\u00a0\u00a0\u00a0\u00a0\u00a0\u00a0\u00a0\u00a0\u00a0\u00a0\u00a0\u00a0\u00a0\u00a0\u00a0\u00a0\u00a0\u00a0\u00a0\u00a0\u00a0\u00a0\u00a0\u00a0\u00a0\u00a0\u00a0\u00a0\u00a0\u00a0\u00a0\u00a0\u00a0\u00a0\u00a0\u00a0\u00a0\u00a0\u00a0\u00a0\u00a0\u00a0\u00a0\u00a0\u00a0\u00a0\u00a0\u00a0\u00a0\u00a0\u00a0\u00a0\u00a0\u00a0\u00a0\u00a0\u00a0\u00a0\u00a0\u00a0 Sidey Myoo<\/em><\/p>\r\n","protected":false},"excerpt":{"rendered":"<p>\u015awiat elektroniczny jest alternatywn\u0105 rzeczywisto\u015bci\u0105 w stosunku do \u015bwiata fizycznego. \u015awiat elektroniczny jest \u015bwiatem cz\u0142owieka, zdolnym przyj\u0105\u0107 wnoszone tam cz\u0142owiecze\u0144stwo, zawiera ludzkie emocje i uczucia oraz warto\u015bci duchowe. \u015awiat elektroniczny to rzeczywisto\u015b\u0107 dla przemieszczenia wszelkiej aktywno\u015bci \u017cyciowej cz\u0142owieka, jest \u017ar\u00f3d\u0142em&hellip; <\/p>\n","protected":false},"author":3,"featured_media":0,"parent":0,"menu_order":0,"comment_status":"closed","ping_status":"closed","template":"","meta":[],"_links":{"self":[{"href":"https:\/\/www.academia-electronica.net\/index.php?rest_route=\/wp\/v2\/pages\/67"}],"collection":[{"href":"https:\/\/www.academia-electronica.net\/index.php?rest_route=\/wp\/v2\/pages"}],"about":[{"href":"https:\/\/www.academia-electronica.net\/index.php?rest_route=\/wp\/v2\/types\/page"}],"author":[{"embeddable":true,"href":"https:\/\/www.academia-electronica.net\/index.php?rest_route=\/wp\/v2\/users\/3"}],"replies":[{"embeddable":true,"href":"https:\/\/www.academia-electronica.net\/index.php?rest_route=%2Fwp%2Fv2%2Fcomments&post=67"}],"version-history":[{"count":7,"href":"https:\/\/www.academia-electronica.net\/index.php?rest_route=\/wp\/v2\/pages\/67\/revisions"}],"predecessor-version":[{"id":378,"href":"https:\/\/www.academia-electronica.net\/index.php?rest_route=\/wp\/v2\/pages\/67\/revisions\/378"}],"wp:attachment":[{"href":"https:\/\/www.academia-electronica.net\/index.php?rest_route=%2Fwp%2Fv2%2Fmedia&parent=67"}],"curies":[{"name":"wp","href":"https:\/\/api.w.org\/{rel}","templated":true}]}}