{"id":72,"date":"2022-02-24T19:14:05","date_gmt":"2022-02-24T19:14:05","guid":{"rendered":"https:\/\/www.academia-electronica.net\/?page_id=72"},"modified":"2022-03-15T02:13:45","modified_gmt":"2022-03-15T02:13:45","slug":"deklaracja-moralnosci-dla-czlowieka-w-swiecie-elektronicznym","status":"publish","type":"page","link":"https:\/\/www.academia-electronica.net\/?page_id=72","title":{"rendered":"Deklaracja moralno\u015bci dla cz\u0142owieka w \u015bwiecie elektronicznym"},"content":{"rendered":"\r\n<ol style=\"text-align: justify;\">\r\n<li>Twoje wcielenie elektroniczne posiada Twoje sumienie.<\/li>\r\n<li>Wkraczaj\u0105c do elektronicznego \u015bwiata, wkraczasz do \u015bwiata, w kt\u00f3rym istniej\u0105 rzeczywiste, obiektywne warto\u015bci moralne.<\/li>\r\n<li>Przybieraj\u0105c Imi\u0119 Sieciowe otrzymujesz niespotykan\u0105 w \u015bwiecie fizycznym wolno\u015b\u0107 i przyjmujesz odpowiedzialno\u015b\u0107 za sw\u00f3j elektroniczny, moralny portret.<\/li>\r\n<li>Wsp\u00f3\u0142istniej\u0105ce z Tob\u0105 inne elektroniczne wcielenia s\u0105 prawdziwymi lud\u017ami.<\/li>\r\n<li>Twoje czyny w \u015bwiecie elektronicznym b\u0119d\u0105 poci\u0105ga\u0142y rzeczywiste konsekwencje, czasem oddzia\u0142uj\u0105ce szerzej ni\u017c w \u015bwiecie fizycznym.<\/li>\r\n<li>Czyni\u0105c z\u0142o w \u015bwiecie elektronicznym ranisz drugiego cz\u0142owieka duchowo, nie fizycznie.<\/li>\r\n<li>\r\n<p>Elektroniczne wcielenie mo\u017ce wp\u0142ywa\u0107 na to\u017csamo\u015b\u0107 w \u015bwiecie fizycznym i zmienia\u0107 cz\u0142owieka, by\u0107 \u017ar\u00f3d\u0142em dla do\u015bwiadczenia w\u0142asnego istnienia.<\/p>\r\n<\/li>\r\n<\/ol>\r\n<p>\u00a0\u00a0\u00a0\u00a0\u00a0\u00a0\u00a0\u00a0\u00a0\u00a0\u00a0\u00a0\u00a0\u00a0\u00a0\u00a0\u00a0\u00a0\u00a0\u00a0\u00a0\u00a0\u00a0\u00a0\u00a0\u00a0\u00a0\u00a0\u00a0\u00a0\u00a0\u00a0\u00a0\u00a0\u00a0\u00a0\u00a0\u00a0\u00a0\u00a0\u00a0\u00a0\u00a0\u00a0\u00a0\u00a0\u00a0\u00a0\u00a0\u00a0\u00a0\u00a0\u00a0\u00a0\u00a0\u00a0\u00a0\u00a0\u00a0\u00a0\u00a0\u00a0\u00a0\u00a0\u00a0\u00a0\u00a0\u00a0\u00a0\u00a0\u00a0\u00a0\u00a0\u00a0\u00a0\u00a0\u00a0\u00a0\u00a0\u00a0\u00a0\u00a0\u00a0\u00a0\u00a0\u00a0\u00a0\u00a0\u00a0\u00a0\u00a0\u00a0\u00a0\u00a0\u00a0\u00a0\u00a0\u00a0\u00a0\u00a0\u00a0\u00a0\u00a0\u00a0\u00a0\u00a0\u00a0\u00a0\u00a0\u00a0\u00a0\u00a0\u00a0 <em>Sidey Myoo<\/em><\/p>\r\n<!-- \/wp:paragraph -->","protected":false},"excerpt":{"rendered":"<p>Twoje wcielenie elektroniczne posiada Twoje sumienie. Wkraczaj\u0105c do elektronicznego \u015bwiata, wkraczasz do \u015bwiata, w kt\u00f3rym istniej\u0105 rzeczywiste, obiektywne warto\u015bci moralne. Przybieraj\u0105c Imi\u0119 Sieciowe otrzymujesz niespotykan\u0105 w \u015bwiecie fizycznym wolno\u015b\u0107 i przyjmujesz odpowiedzialno\u015b\u0107 za sw\u00f3j elektroniczny, moralny portret. Wsp\u00f3\u0142istniej\u0105ce z Tob\u0105&hellip; <\/p>\n","protected":false},"author":3,"featured_media":0,"parent":0,"menu_order":0,"comment_status":"closed","ping_status":"closed","template":"","meta":[],"_links":{"self":[{"href":"https:\/\/www.academia-electronica.net\/index.php?rest_route=\/wp\/v2\/pages\/72"}],"collection":[{"href":"https:\/\/www.academia-electronica.net\/index.php?rest_route=\/wp\/v2\/pages"}],"about":[{"href":"https:\/\/www.academia-electronica.net\/index.php?rest_route=\/wp\/v2\/types\/page"}],"author":[{"embeddable":true,"href":"https:\/\/www.academia-electronica.net\/index.php?rest_route=\/wp\/v2\/users\/3"}],"replies":[{"embeddable":true,"href":"https:\/\/www.academia-electronica.net\/index.php?rest_route=%2Fwp%2Fv2%2Fcomments&post=72"}],"version-history":[{"count":6,"href":"https:\/\/www.academia-electronica.net\/index.php?rest_route=\/wp\/v2\/pages\/72\/revisions"}],"predecessor-version":[{"id":377,"href":"https:\/\/www.academia-electronica.net\/index.php?rest_route=\/wp\/v2\/pages\/72\/revisions\/377"}],"wp:attachment":[{"href":"https:\/\/www.academia-electronica.net\/index.php?rest_route=%2Fwp%2Fv2%2Fmedia&parent=72"}],"curies":[{"name":"wp","href":"https:\/\/api.w.org\/{rel}","templated":true}]}}