{"id":77,"date":"2022-02-24T19:27:12","date_gmt":"2022-02-24T19:27:12","guid":{"rendered":"https:\/\/www.academia-electronica.net\/?page_id=77"},"modified":"2025-11-07T08:31:05","modified_gmt":"2025-11-07T08:31:05","slug":"academia-electronica-sl-second-life","status":"publish","type":"page","link":"https:\/\/www.academia-electronica.net\/?page_id=77","title":{"rendered":"Academia Electronica &#8211; SL (Second Life)"},"content":{"rendered":"\r\n<h4 id=\"krok-1-zanim-wejdziesz-do-elektronicznego-swiata\" style=\"text-align: justify;\">Krok 1: zanim wejdziesz do elektronicznego \u015bwiata<\/h4>\r\n\r\n\r\n\r\n<p style=\"text-align: justify;\">Rejestracja konta odbywa si\u0119 na stronie: <a href=\"http:\/\/secondlife.com\" target=\"_blank\" rel=\"noreferrer noopener\">www.secondlife.com<\/a> poprzez klikni\u0119cie przycisku &#8220;Join Free&#8221;.<\/p>\r\n\r\n\r\n\r\n<p style=\"text-align: justify;\">Nast\u0119pnie wybierz swoj\u0105 elektroniczn\u0105 posta\u0107 (awatar) i kliknij &#8220;continue&#8221;.<\/p>\r\n\r\n\r\n\r\n<p style=\"text-align: justify;\">Wybierz swoje Imi\u0119 Sieciowe, czyli nazw\u0119 u\u017cytkownika (system automatycznie sprawdzi dost\u0119pno\u015b\u0107). Je\u017celi wszystko jest ok, poka\u017ce si\u0119 zielony indykator, je\u015bli wybrana nazwa jest ju\u017c zaj\u0119ta, otrzymasz czerwony indykator. Kliknij wtedy na Imi\u0119 Sieciowe i wprowad\u017a zmiany.<\/p>\r\n\r\n\r\n\r\n<p style=\"text-align: justify;\">Nast\u0119pnie wype\u0142nij formularz rejestracji:<br \/>&#8211; podaj adres e-mail (tam przyjdzie link do aktywacji)<br \/>&#8211; podaj dat\u0119 urodzenia<br \/>&#8211; podaj has\u0142o logowania do konta (od 8 do 16 znak\u00f3w)<br \/>&#8211; wybierz pytanie zabezpieczaj\u0105ce i podaj odpowied\u017a na pytanie zabezpieczaj\u0105ce<br \/>&#8211; na kolejnym ekranie wybierz rodzaj konta: darmowe, premium lub premium plus<\/p>\r\n\r\n\r\n\r\n<p style=\"text-align: justify;\"><a href=\"http:\/\/secondlife.com\/support\/downloads\/?lang=en-US\" target=\"_blank\" rel=\"noreferrer noopener\">Pobierz<\/a> i zainstaluj na swoim komputerze przegl\u0105dark\u0119, co zajmie oko\u0142o 2-3 minut.<\/p>\r\n\r\n\r\n\r\n<p style=\"text-align: justify;\">Je\u017celi chcesz wybra\u0107 inn\u0105 przegl\u0105dark\u0119 przejd\u017a <a href=\"https:\/\/www.academia-electronica.net\/?page_id=105\" target=\"_blank\" rel=\"noreferrer noopener\">tutaj<\/a>.<\/p>\r\n\r\n\r\n\r\n<h4 id=\"krok-2-po-wejsciu-do-elektronicznego-swiata\" style=\"text-align: justify;\">Krok 2: po wej\u015bciu do elektronicznego \u015bwiata<\/h4>\r\n\r\n\r\n\r\n<p style=\"text-align: justify;\">Kliknij ikonk\u0119 Second Life, kt\u00f3ra po rozpakowaniu przegl\u0105darki znajduje si\u0119 na pulpicie. Wpisz Imi\u0119 Sieciowe i has\u0142o i kliknij \u2018Po\u0142\u0105cz\u2019. Gdy znajdziesz si\u0119 w \u015bwiecie, wystarczy wpisa\u0107 w g\u0142\u00f3wnym search Second Life: Academia Electronica (search jest w g\u0142\u00f3wnym menu, w pasku na g\u00f3rze ekranu, w zak\u0142adce: \u015awiat), a nast\u0119pnie, gdy wyszukiwarka znajdzie Academi\u0119, przy pomocy pojawiaj\u0105cego si\u0119 tam teleportu, w kt\u00f3ry si\u0119 klika, mo\u017cna przenie\u015b\u0107 si\u0119 do Academii, do Amfiteatru. Obok Amfiteatru znajduje si\u0119 teleporty, kt\u00f3re prowadz\u0105 do kolejnych Academickich auli.\u00a0<\/p>\r\n\r\n\r\n\r\n<p style=\"text-align: justify;\">Aby zapisa\u0107 miejsce w swojej szafie (inventory), by szybko je odnale\u017a\u0107 przy kolejnej wizycie, kliknij na ikonk\u0119 gwiazdki na pasku adresu u g\u00f3ry ekranu przegl\u0105darki. Utworzysz obiekt: &#8220;Landmark&#8221;, kt\u00f3ry automatycznie zapisze si\u0119 w folderze Landmarki.<\/p>\r\n\r\n\r\n\r\n<p style=\"text-align: justify;\">Do zobaczenia w elektronicznym \u015bwiecie \ud83d\ude42<\/p>\r\n","protected":false},"excerpt":{"rendered":"<p>Krok 1: zanim wejdziesz do elektronicznego \u015bwiata Rejestracja konta odbywa si\u0119 na stronie: www.secondlife.com poprzez klikni\u0119cie przycisku &#8220;Join Free&#8221;. Nast\u0119pnie wybierz swoj\u0105 elektroniczn\u0105 posta\u0107 (awatar) i kliknij &#8220;continue&#8221;. Wybierz swoje Imi\u0119 Sieciowe, czyli nazw\u0119 u\u017cytkownika (system automatycznie sprawdzi dost\u0119pno\u015b\u0107). Je\u017celi&hellip; <\/p>\n","protected":false},"author":3,"featured_media":0,"parent":0,"menu_order":0,"comment_status":"closed","ping_status":"closed","template":"","meta":[],"_links":{"self":[{"href":"https:\/\/www.academia-electronica.net\/index.php?rest_route=\/wp\/v2\/pages\/77"}],"collection":[{"href":"https:\/\/www.academia-electronica.net\/index.php?rest_route=\/wp\/v2\/pages"}],"about":[{"href":"https:\/\/www.academia-electronica.net\/index.php?rest_route=\/wp\/v2\/types\/page"}],"author":[{"embeddable":true,"href":"https:\/\/www.academia-electronica.net\/index.php?rest_route=\/wp\/v2\/users\/3"}],"replies":[{"embeddable":true,"href":"https:\/\/www.academia-electronica.net\/index.php?rest_route=%2Fwp%2Fv2%2Fcomments&post=77"}],"version-history":[{"count":14,"href":"https:\/\/www.academia-electronica.net\/index.php?rest_route=\/wp\/v2\/pages\/77\/revisions"}],"predecessor-version":[{"id":2099,"href":"https:\/\/www.academia-electronica.net\/index.php?rest_route=\/wp\/v2\/pages\/77\/revisions\/2099"}],"wp:attachment":[{"href":"https:\/\/www.academia-electronica.net\/index.php?rest_route=%2Fwp%2Fv2%2Fmedia&parent=77"}],"curies":[{"name":"wp","href":"https:\/\/api.w.org\/{rel}","templated":true}]}}