{"id":79,"date":"2022-02-24T19:28:10","date_gmt":"2022-02-24T19:28:10","guid":{"rendered":"https:\/\/www.academia-electronica.net\/?page_id=79"},"modified":"2025-07-06T11:47:12","modified_gmt":"2025-07-06T11:47:12","slug":"academia-electronica-vr-altspacevr","status":"publish","type":"page","link":"https:\/\/www.academia-electronica.net\/?page_id=79","title":{"rendered":"Academia Electronica &#8211; VR (Spatial)"},"content":{"rendered":"<h4>Jak dosta\u0107 si\u0119 do Academia Electronica w Spatial<\/h4>\n<p>&nbsp;<\/p>\n<ol>\n<li>Nale\u017cy utworzy\u0107 konto na stronie <a href=\"https:\/\/www.spatial.io\/\" target=\"_blank\" rel=\"noopener\">https:\/\/www.spatial.io\/<\/a> (przycisk: Login na g\u00f3rze strony, mo\u017cna po\u0142\u0105czy\u0107 konto z innym serwisem lub wybra\u0107 e-mail).<\/li>\n<li>Po zako\u0144czeniu rejestracji nale\u017cy utworzy\u0107 awatara.<\/li>\n<li>Do Spatial mo\u017cna zalogowa\u0107 si\u0119 z 3 r\u00f3\u017cnych urz\u0105dze\u0144:<br \/>\na. Komputera \u2013 poprzez stron\u0119 https:\/\/www.spatial.io\/<br \/>\nb. Urz\u0105dzenia mobilnego (smarfona\/tabletu) \u2013 nale\u017cy pobra\u0107 aplikacj\u0119 Spatial ze sklepu Google (Android) lub Apple Store (iOS).<br \/>\nc. Gogli VR \u2013 pobra\u0107 aplikacj\u0119 ze sklepu danego urz\u0105dzenia.<\/li>\n<li>Aby dotrze\u0107 do Academia Electronica nale\u017cy otworzy\u0107 wyszukiwark\u0119 miejsc i wpisa\u0107 \u201eAcademia Electronica&#8221;.<br \/>\na. Wyszukiwarka znajduje si\u0119 tu\u017c pod tytu\u0142em: Explore Immersive Spaces.<br \/>\nb. W aplikacji mobilnej jest to ikona lupy.<br \/>\nc. W aplikacji VR jest to ikona portalu (na prawo od +), tam nale\u017cy przej\u015b\u0107 do wyszukiwania \u201eBrowse&#8221;.<\/li>\n<li>Gdy wy\u015bwietl\u0105 si\u0119 wyniki, nale\u017cy szuka\u0107 tych, kt\u00f3re s\u0105 utworzone przez: neutrinka. Mo\u017cna bezpo\u015brednio z tego miejsca przej\u015b\u0107 do konkretnej auli lub odnale\u017a\u0107 &#8216;Academia Agora&#8217;, czyli hub Academicki, w kt\u00f3rym znajduj\u0105 si\u0119 (lekko po prawej od zalogowania) teleporty do wszystkich Academickich auli.<\/li>\n<li>Streamowanie prezentacji na ekran w Academii jest po\u0142\u0105czone z udost\u0119pnieniem auli osobie planuj\u0105cej streamowanie, co mog\u0119 uczyni\u0107 dopiero przed wyst\u0105pieniem. Z komputera udost\u0119pnia si\u0119 pulpit lub konkretny materia\u0142 klikni\u0119ciem w przycisk w dolnej cz\u0119\u015bci ekranu.<\/li>\n<\/ol>\n<p>&nbsp;<\/p>\n<p>&nbsp;<\/p>\n<p>&nbsp;<\/p>\n<p>&nbsp;<\/p>\n<p>&nbsp;<\/p>\n","protected":false},"excerpt":{"rendered":"<p>Jak dosta\u0107 si\u0119 do Academia Electronica w Spatial &nbsp; Nale\u017cy utworzy\u0107 konto na stronie https:\/\/www.spatial.io\/ (przycisk: Login na g\u00f3rze strony, mo\u017cna po\u0142\u0105czy\u0107 konto z innym serwisem lub wybra\u0107 e-mail). Po zako\u0144czeniu rejestracji nale\u017cy utworzy\u0107 awatara. Do Spatial mo\u017cna zalogowa\u0107 si\u0119&hellip; <\/p>\n","protected":false},"author":3,"featured_media":0,"parent":0,"menu_order":0,"comment_status":"closed","ping_status":"closed","template":"","meta":[],"_links":{"self":[{"href":"https:\/\/www.academia-electronica.net\/index.php?rest_route=\/wp\/v2\/pages\/79"}],"collection":[{"href":"https:\/\/www.academia-electronica.net\/index.php?rest_route=\/wp\/v2\/pages"}],"about":[{"href":"https:\/\/www.academia-electronica.net\/index.php?rest_route=\/wp\/v2\/types\/page"}],"author":[{"embeddable":true,"href":"https:\/\/www.academia-electronica.net\/index.php?rest_route=\/wp\/v2\/users\/3"}],"replies":[{"embeddable":true,"href":"https:\/\/www.academia-electronica.net\/index.php?rest_route=%2Fwp%2Fv2%2Fcomments&post=79"}],"version-history":[{"count":41,"href":"https:\/\/www.academia-electronica.net\/index.php?rest_route=\/wp\/v2\/pages\/79\/revisions"}],"predecessor-version":[{"id":2075,"href":"https:\/\/www.academia-electronica.net\/index.php?rest_route=\/wp\/v2\/pages\/79\/revisions\/2075"}],"wp:attachment":[{"href":"https:\/\/www.academia-electronica.net\/index.php?rest_route=%2Fwp%2Fv2%2Fmedia&parent=79"}],"curies":[{"name":"wp","href":"https:\/\/api.w.org\/{rel}","templated":true}]}}