{"id":839,"date":"2023-02-19T12:09:06","date_gmt":"2023-02-19T12:09:06","guid":{"rendered":"https:\/\/www.academia-electronica.net\/?page_id=839"},"modified":"2024-02-11T16:01:36","modified_gmt":"2024-02-11T16:01:36","slug":"orpheus-lwanda-and-the-khthonios-journey-the-soul-in-spiritual-and-hybrid-traditions","status":"publish","type":"page","link":"https:\/\/www.academia-electronica.net\/?page_id=839","title":{"rendered":"Orpheus, Lwanda and the khth\u00f3nios journey. The Soul in spiritual and hybrid traditions"},"content":{"rendered":"<table style=\"width: 100%; height: 340px;\">\n<tbody>\n<tr style=\"height: 24px;\">\n<td style=\"width: 24.8387%; height: 24px;\">Wyk\u0142ad:<\/td>\n<td style=\"width: 74.8387%; height: 24px;\">Wyst\u0105pienia konferencyjne i kongresowe<\/td>\n<\/tr>\n<tr style=\"height: 129px;\">\n<td style=\"text-align: center; width: 24.8387%; height: 105px;\"><a href=\"http:\/\/www.academia-electronica.net\/wp-content\/uploads\/2023\/02\/KU-NO-plansza.jpg\"><img loading=\"lazy\" class=\"alignleft size-medium wp-image-834\" src=\"http:\/\/www.academia-electronica.net\/wp-content\/uploads\/2023\/02\/KU-NO-plansza-300x169.jpg\" alt=\"\" width=\"300\" height=\"169\" srcset=\"https:\/\/www.academia-electronica.net\/wp-content\/uploads\/2023\/02\/KU-NO-plansza-300x169.jpg 300w, https:\/\/www.academia-electronica.net\/wp-content\/uploads\/2023\/02\/KU-NO-plansza-1024x576.jpg 1024w, https:\/\/www.academia-electronica.net\/wp-content\/uploads\/2023\/02\/KU-NO-plansza-768x432.jpg 768w, https:\/\/www.academia-electronica.net\/wp-content\/uploads\/2023\/02\/KU-NO-plansza.jpg 1280w\" sizes=\"(max-width: 300px) 100vw, 300px\" \/><\/a><\/td>\n<td style=\"width: 74.8387%; height: 105px;\"><\/td>\n<\/tr>\n<tr style=\"height: 24px;\">\n<td style=\"width: 24.8387%; height: 24px;\">Organizator:<\/td>\n<td style=\"width: 74.8387%; height: 24px; text-align: justify;\"><a href=\"https:\/\/www.ku.ac.ke\/\" target=\"_blank\" rel=\"noopener\">Uniwersytetu w Nairobi<\/a>, ramach Europejskiego Projektu <a href=\"https:\/\/www.caphe.space\/\" target=\"_blank\" rel=\"noopener\"><em>Communities and Artistic Participation in Hybrid Environment<\/em><\/a>, HORIZON-MSCA-2021-SE-01 (CAPHE), 2023<\/td>\n<\/tr>\n<tr>\n<td style=\"width: 24.8387%;\">Tytu\u0142:<\/td>\n<td style=\"width: 74.8387%; text-align: justify;\"><em>Orpheus, Lwanda and the khth\u00f3nios journey. <\/em><em>The Soul in spiritual and hybrid traditions<\/em><\/td>\n<\/tr>\n<tr style=\"height: 24px;\">\n<td style=\"width: 24.8387%; height: 24px;\">Termin\/miejsce:<\/td>\n<td style=\"width: 74.8387%; height: 24px; text-align: justify;\">15.02.2023 &#8211; OperaNetwork z Florencji, Conservatio Puccini z La Spezia, Kenyatta University Music &amp; Dance Department z Nairobi, we wsp\u00f3\u0142pracy z grup\u0105 Narratologies z Aten i Uniwersytetem Jagiello\u0144skim z Krakowa oraz Academia Electronica w Second Life<\/td>\n<\/tr>\n<tr style=\"height: 48px;\">\n<td style=\"width: 24.8387%; height: 22px;\">Prelegent:<\/td>\n<td style=\"width: 74.8387%; height: 22px;\">Program by Elijah Adongo, Federico Bardazzi, Priscilla Gitonga, Alessandra Montali,<br \/>\nCarla Zanin<br \/>\nCarla Zanin Director<br \/>\nElijah Adongo Composer, Choir Conductor, Arrangements<br \/>\nFederico Bardazzi Conductor, Arrangements<br \/>\nPriscilla Gitonga Choreographer<br \/>\nAliki Iovita, Natasha Papathoma Avatar 2D<br \/>\nSidey Myoo VR &#8211; stream to Second Life<br \/>\nLeonardo De Lisi Orfeo Tenor<br \/>\nAndrea Bareggi Midi Keyboard<br \/>\nAlessandra Montali Midi Keyboard<br \/>\nAndrea Nicoli Midi Keyboard<br \/>\nwith the Virtual Participation of<br \/>\nEnsemble San Felice Firenze<br \/>\nJuvenes Cantores della Cattedrale di Sarzana Conductor Alessandra Montali<\/td>\n<\/tr>\n<tr style=\"height: 24px;\">\n<td style=\"width: 24.8387%; height: 24px;\">Tytu\u0142 wyst\u0105pienia:<\/td>\n<td style=\"width: 74.8387%; height: 24px; text-align: justify;\"><em>Orpheus, Lwanda and the khth\u00f3nios journey. The Soul in spiritual and hybrid traditions<\/em><\/td>\n<\/tr>\n<tr style=\"height: 31px;\">\n<td style=\"width: 24.8387%; height: 21px;\">Film:<\/td>\n<td style=\"width: 74.8387%; height: 21px; text-align: center;\"><\/td>\n<\/tr>\n<tr style=\"height: 24px;\">\n<td style=\"width: 24.8387%; height: 24px;\">Nagranie audio:<\/td>\n<td style=\"width: 74.8387%; text-align: justify; height: 24px;\"><\/td>\n<\/tr>\n<tr style=\"height: 24px;\">\n<td style=\"width: 24.8387%; height: 24px;\">Linki:<\/td>\n<td style=\"width: 74.8387%; text-align: justify; height: 24px;\"><a href=\"https:\/\/www.facebook.com\/events\/748920266598270\/?ref=newsfeed\" target=\"_blank\" rel=\"noopener\"><em><i>Orpheus, Lwanda and the khth\u00f3nios journey. The Soul in spiritual and hybrid traditionsWorlds<\/i><\/em><\/a><\/td>\n<\/tr>\n<tr style=\"height: 24px;\">\n<td style=\"width: 24.8387%; height: 24px;\">Prezentacja:<\/td>\n<td style=\"width: 74.8387%; text-align: center; height: 24px;\"><\/td>\n<\/tr>\n<tr style=\"height: 24px;\">\n<td style=\"width: 24.8387%; height: 24px;\">Zdj\u0119cia:<\/td>\n<td style=\"width: 74.8387%; text-align: center; height: 24px;\"><\/td>\n<\/tr>\n<\/tbody>\n<\/table>\n<p><a href=\"https:\/\/www.academia-electronica.net\/?page_id=551\">Powr\u00f3t<\/a><\/p>\n","protected":false},"excerpt":{"rendered":"<p>Wyk\u0142ad: Wyst\u0105pienia konferencyjne i kongresowe Organizator: Uniwersytetu w Nairobi, ramach Europejskiego Projektu Communities and Artistic Participation in Hybrid Environment, HORIZON-MSCA-2021-SE-01 (CAPHE), 2023 Tytu\u0142: Orpheus, Lwanda and the khth\u00f3nios journey. The Soul in spiritual and hybrid traditions Termin\/miejsce: 15.02.2023 &#8211; OperaNetwork&hellip; <\/p>\n","protected":false},"author":3,"featured_media":0,"parent":0,"menu_order":0,"comment_status":"closed","ping_status":"closed","template":"","meta":[],"_links":{"self":[{"href":"https:\/\/www.academia-electronica.net\/index.php?rest_route=\/wp\/v2\/pages\/839"}],"collection":[{"href":"https:\/\/www.academia-electronica.net\/index.php?rest_route=\/wp\/v2\/pages"}],"about":[{"href":"https:\/\/www.academia-electronica.net\/index.php?rest_route=\/wp\/v2\/types\/page"}],"author":[{"embeddable":true,"href":"https:\/\/www.academia-electronica.net\/index.php?rest_route=\/wp\/v2\/users\/3"}],"replies":[{"embeddable":true,"href":"https:\/\/www.academia-electronica.net\/index.php?rest_route=%2Fwp%2Fv2%2Fcomments&post=839"}],"version-history":[{"count":4,"href":"https:\/\/www.academia-electronica.net\/index.php?rest_route=\/wp\/v2\/pages\/839\/revisions"}],"predecessor-version":[{"id":1450,"href":"https:\/\/www.academia-electronica.net\/index.php?rest_route=\/wp\/v2\/pages\/839\/revisions\/1450"}],"wp:attachment":[{"href":"https:\/\/www.academia-electronica.net\/index.php?rest_route=%2Fwp%2Fv2%2Fmedia&parent=839"}],"curies":[{"name":"wp","href":"https:\/\/api.w.org\/{rel}","templated":true}]}}