{"id":846,"date":"2023-02-19T12:31:40","date_gmt":"2023-02-19T12:31:40","guid":{"rendered":"https:\/\/www.academia-electronica.net\/?page_id=846"},"modified":"2024-02-11T15:58:35","modified_gmt":"2024-02-11T15:58:35","slug":"sidey-myoo-vr-art-as-a-new-kind-of-art-in-the-metaverse","status":"publish","type":"page","link":"https:\/\/www.academia-electronica.net\/?page_id=846","title":{"rendered":"Sidey Myoo &#8211; VR ART as a new kind of art in the Metaverse"},"content":{"rendered":"<table style=\"width: 100%; height: 403px;\">\n<tbody>\n<tr style=\"height: 24px;\">\n<td style=\"width: 24.8387%; height: 24px;\">Wyk\u0142ad:<\/td>\n<td style=\"width: 74.8387%; height: 24px;\">Wyst\u0105pienia konferencyjne i kongresowe<\/td>\n<\/tr>\n<tr style=\"height: 129px;\">\n<td style=\"text-align: center; width: 24.8387%; height: 105px;\"><a href=\"http:\/\/www.academia-electronica.net\/wp-content\/uploads\/2023\/02\/Sidey-Myoo-Sidey-Myoo-VR-ART-as-a-New-kind-of-Art-in-Metaverse-1.jpg\"><img loading=\"lazy\" class=\"alignleft size-medium wp-image-844\" src=\"http:\/\/www.academia-electronica.net\/wp-content\/uploads\/2023\/02\/Sidey-Myoo-Sidey-Myoo-VR-ART-as-a-New-kind-of-Art-in-Metaverse-1-300x169.jpg\" alt=\"\" width=\"300\" height=\"169\" srcset=\"https:\/\/www.academia-electronica.net\/wp-content\/uploads\/2023\/02\/Sidey-Myoo-Sidey-Myoo-VR-ART-as-a-New-kind-of-Art-in-Metaverse-1-300x169.jpg 300w, https:\/\/www.academia-electronica.net\/wp-content\/uploads\/2023\/02\/Sidey-Myoo-Sidey-Myoo-VR-ART-as-a-New-kind-of-Art-in-Metaverse-1-1024x576.jpg 1024w, https:\/\/www.academia-electronica.net\/wp-content\/uploads\/2023\/02\/Sidey-Myoo-Sidey-Myoo-VR-ART-as-a-New-kind-of-Art-in-Metaverse-1-768x432.jpg 768w, https:\/\/www.academia-electronica.net\/wp-content\/uploads\/2023\/02\/Sidey-Myoo-Sidey-Myoo-VR-ART-as-a-New-kind-of-Art-in-Metaverse-1.jpg 1280w\" sizes=\"(max-width: 300px) 100vw, 300px\" \/><\/a><\/td>\n<td style=\"width: 74.8387%; height: 105px;\"><\/td>\n<\/tr>\n<tr style=\"height: 24px;\">\n<td style=\"width: 24.8387%; height: 24px;\">Organizator:<\/td>\n<td style=\"width: 74.8387%; height: 24px; text-align: justify;\"><a href=\"https:\/\/www.ku.ac.ke\/\" target=\"_blank\" rel=\"noopener\">Uniwersytetu w Nairobi<\/a> &#8211; w ramac<em>h <\/em>mi\u0119dzynarodowego projektu &#8220;Horizon&#8221;<em> &#8211; <a href=\"https:\/\/www.caphe.space\/\" target=\"_blank\" rel=\"noopener\">The Communities and Artistic Participation in Hybrid Environments<\/a><\/em> (CAPHE)<\/td>\n<\/tr>\n<tr style=\"height: 63px;\">\n<td style=\"width: 24.8387%; height: 63px;\">Tytu\u0142:<\/td>\n<td style=\"width: 74.8387%; height: 63px; text-align: justify;\"><i>VR ART as a new kind of art <\/i><i>in the <\/i><i>Metaverse<\/i> &#8211; wyk\u0142ad (keenote speaker) ko\u0144cz\u0105cy seminarium \u201cNew Coordinates for Creative Hybrid Space-Experiences\u201d (16-17.02.2023)<\/td>\n<\/tr>\n<tr style=\"height: 24px;\">\n<td style=\"width: 24.8387%; height: 24px;\">Termin\/miejsce:<\/td>\n<td style=\"width: 74.8387%; height: 24px; text-align: justify;\">17.02.2023 &#8211; Uniwersytetu w Nairobi, Academia Electronica w AltspaceVR, Second Life oraz Spatial<\/td>\n<\/tr>\n<tr style=\"height: 48px;\">\n<td style=\"width: 24.8387%; height: 22px;\">Prelegent:<\/td>\n<td style=\"width: 74.8387%; height: 22px;\">Sidey Myoo<\/td>\n<\/tr>\n<tr style=\"height: 24px;\">\n<td style=\"width: 24.8387%; height: 24px;\">Tytu\u0142 wyst\u0105pienia:<\/td>\n<td style=\"width: 74.8387%; height: 24px; text-align: justify;\"><i>VR ART as a new kind of art <\/i><i>in the <\/i><i>Metaverse<\/i><\/td>\n<\/tr>\n<tr style=\"height: 31px;\">\n<td style=\"width: 24.8387%; height: 21px;\">Film:<\/td>\n<td style=\"width: 74.8387%; height: 21px; text-align: center;\"><\/td>\n<\/tr>\n<tr style=\"height: 24px;\">\n<td style=\"width: 24.8387%; height: 24px;\">Nagranie audio:<\/td>\n<td style=\"width: 74.8387%; text-align: justify; height: 24px;\"><\/td>\n<\/tr>\n<tr style=\"height: 24px;\">\n<td style=\"width: 24.8387%; height: 24px;\">Linki:<\/td>\n<td style=\"width: 74.8387%; text-align: justify; height: 24px;\"><a href=\"https:\/\/www.facebook.com\/events\/1366039850900682?ref=newsfeed\" target=\"_blank\" rel=\"noopener\"><i>VR ART as a new kind of art <\/i><i>in the <\/i><i>Metaverse<\/i><\/a><\/td>\n<\/tr>\n<tr style=\"height: 24px;\">\n<td style=\"width: 24.8387%; height: 24px;\">Prezentacja:<\/td>\n<td style=\"width: 74.8387%; text-align: center; height: 24px;\">\n\t\t<style type=\"text\/css\">\n\t\t\t#gallery-1 {\n\t\t\t\tmargin: auto;\n\t\t\t}\n\t\t\t#gallery-1 .gallery-item {\n\t\t\t\tfloat: left;\n\t\t\t\tmargin-top: 10px;\n\t\t\t\ttext-align: center;\n\t\t\t\twidth: 11%;\n\t\t\t}\n\t\t\t#gallery-1 img {\n\t\t\t\tborder: 2px solid #cfcfcf;\n\t\t\t}\n\t\t\t#gallery-1 .gallery-caption {\n\t\t\t\tmargin-left: 0;\n\t\t\t}\n\t\t\t\/* see gallery_shortcode() in wp-includes\/media.php *\/\n\t\t<\/style>\n\t\t<div id='gallery-1' class='gallery galleryid-846 gallery-columns-9 gallery-size-thumbnail'><dl class='gallery-item'>\n\t\t\t<dt class='gallery-icon landscape'>\n\t\t\t\t<a href='https:\/\/www.academia-electronica.net\/?attachment_id=844'><img width=\"150\" height=\"150\" src=\"https:\/\/www.academia-electronica.net\/wp-content\/uploads\/2023\/02\/Sidey-Myoo-Sidey-Myoo-VR-ART-as-a-New-kind-of-Art-in-Metaverse-1-150x150.jpg\" class=\"attachment-thumbnail size-thumbnail\" alt=\"\" loading=\"lazy\" srcset=\"https:\/\/www.academia-electronica.net\/wp-content\/uploads\/2023\/02\/Sidey-Myoo-Sidey-Myoo-VR-ART-as-a-New-kind-of-Art-in-Metaverse-1-150x150.jpg 150w, https:\/\/www.academia-electronica.net\/wp-content\/uploads\/2023\/02\/Sidey-Myoo-Sidey-Myoo-VR-ART-as-a-New-kind-of-Art-in-Metaverse-1-230x230.jpg 230w\" sizes=\"(max-width: 150px) 100vw, 150px\" \/><\/a>\n\t\t\t<\/dt><\/dl><dl class='gallery-item'>\n\t\t\t<dt class='gallery-icon landscape'>\n\t\t\t\t<a href='https:\/\/www.academia-electronica.net\/?attachment_id=850'><img width=\"150\" height=\"150\" src=\"https:\/\/www.academia-electronica.net\/wp-content\/uploads\/2023\/02\/Sidey-Myoo-Sidey-Myoo-VR-ART-as-a-New-kind-of-Art-in-Metaverse-2-150x150.jpg\" class=\"attachment-thumbnail size-thumbnail\" alt=\"\" loading=\"lazy\" srcset=\"https:\/\/www.academia-electronica.net\/wp-content\/uploads\/2023\/02\/Sidey-Myoo-Sidey-Myoo-VR-ART-as-a-New-kind-of-Art-in-Metaverse-2-150x150.jpg 150w, https:\/\/www.academia-electronica.net\/wp-content\/uploads\/2023\/02\/Sidey-Myoo-Sidey-Myoo-VR-ART-as-a-New-kind-of-Art-in-Metaverse-2-230x230.jpg 230w\" sizes=\"(max-width: 150px) 100vw, 150px\" \/><\/a>\n\t\t\t<\/dt><\/dl><dl class='gallery-item'>\n\t\t\t<dt class='gallery-icon landscape'>\n\t\t\t\t<a href='https:\/\/www.academia-electronica.net\/?attachment_id=851'><img width=\"150\" height=\"150\" src=\"https:\/\/www.academia-electronica.net\/wp-content\/uploads\/2023\/02\/Sidey-Myoo-Sidey-Myoo-VR-ART-as-a-New-kind-of-Art-in-Metaverse-3-150x150.jpg\" class=\"attachment-thumbnail size-thumbnail\" alt=\"\" loading=\"lazy\" srcset=\"https:\/\/www.academia-electronica.net\/wp-content\/uploads\/2023\/02\/Sidey-Myoo-Sidey-Myoo-VR-ART-as-a-New-kind-of-Art-in-Metaverse-3-150x150.jpg 150w, https:\/\/www.academia-electronica.net\/wp-content\/uploads\/2023\/02\/Sidey-Myoo-Sidey-Myoo-VR-ART-as-a-New-kind-of-Art-in-Metaverse-3-230x230.jpg 230w\" sizes=\"(max-width: 150px) 100vw, 150px\" \/><\/a>\n\t\t\t<\/dt><\/dl><dl class='gallery-item'>\n\t\t\t<dt class='gallery-icon landscape'>\n\t\t\t\t<a href='https:\/\/www.academia-electronica.net\/?attachment_id=852'><img width=\"150\" height=\"150\" src=\"https:\/\/www.academia-electronica.net\/wp-content\/uploads\/2023\/02\/Sidey-Myoo-Sidey-Myoo-VR-ART-as-a-New-kind-of-Art-in-Metaverse-4-150x150.jpg\" class=\"attachment-thumbnail size-thumbnail\" alt=\"\" loading=\"lazy\" srcset=\"https:\/\/www.academia-electronica.net\/wp-content\/uploads\/2023\/02\/Sidey-Myoo-Sidey-Myoo-VR-ART-as-a-New-kind-of-Art-in-Metaverse-4-150x150.jpg 150w, https:\/\/www.academia-electronica.net\/wp-content\/uploads\/2023\/02\/Sidey-Myoo-Sidey-Myoo-VR-ART-as-a-New-kind-of-Art-in-Metaverse-4-230x230.jpg 230w\" sizes=\"(max-width: 150px) 100vw, 150px\" \/><\/a>\n\t\t\t<\/dt><\/dl><dl class='gallery-item'>\n\t\t\t<dt class='gallery-icon landscape'>\n\t\t\t\t<a href='https:\/\/www.academia-electronica.net\/?attachment_id=853'><img width=\"150\" height=\"150\" src=\"https:\/\/www.academia-electronica.net\/wp-content\/uploads\/2023\/02\/Sidey-Myoo-Sidey-Myoo-VR-ART-as-a-New-kind-of-Art-in-Metaverse-5-150x150.jpg\" class=\"attachment-thumbnail size-thumbnail\" alt=\"\" loading=\"lazy\" srcset=\"https:\/\/www.academia-electronica.net\/wp-content\/uploads\/2023\/02\/Sidey-Myoo-Sidey-Myoo-VR-ART-as-a-New-kind-of-Art-in-Metaverse-5-150x150.jpg 150w, https:\/\/www.academia-electronica.net\/wp-content\/uploads\/2023\/02\/Sidey-Myoo-Sidey-Myoo-VR-ART-as-a-New-kind-of-Art-in-Metaverse-5-230x230.jpg 230w\" sizes=\"(max-width: 150px) 100vw, 150px\" \/><\/a>\n\t\t\t<\/dt><\/dl><dl class='gallery-item'>\n\t\t\t<dt class='gallery-icon landscape'>\n\t\t\t\t<a href='https:\/\/www.academia-electronica.net\/?attachment_id=854'><img width=\"150\" height=\"150\" src=\"https:\/\/www.academia-electronica.net\/wp-content\/uploads\/2023\/02\/Sidey-Myoo-Sidey-Myoo-VR-ART-as-a-New-kind-of-Art-in-Metaverse-6-150x150.jpg\" class=\"attachment-thumbnail size-thumbnail\" alt=\"\" loading=\"lazy\" srcset=\"https:\/\/www.academia-electronica.net\/wp-content\/uploads\/2023\/02\/Sidey-Myoo-Sidey-Myoo-VR-ART-as-a-New-kind-of-Art-in-Metaverse-6-150x150.jpg 150w, https:\/\/www.academia-electronica.net\/wp-content\/uploads\/2023\/02\/Sidey-Myoo-Sidey-Myoo-VR-ART-as-a-New-kind-of-Art-in-Metaverse-6-230x230.jpg 230w\" sizes=\"(max-width: 150px) 100vw, 150px\" \/><\/a>\n\t\t\t<\/dt><\/dl><dl class='gallery-item'>\n\t\t\t<dt class='gallery-icon landscape'>\n\t\t\t\t<a href='https:\/\/www.academia-electronica.net\/?attachment_id=855'><img width=\"150\" height=\"150\" src=\"https:\/\/www.academia-electronica.net\/wp-content\/uploads\/2023\/02\/Sidey-Myoo-Sidey-Myoo-VR-ART-as-a-New-kind-of-Art-in-Metaverse-7-150x150.jpg\" class=\"attachment-thumbnail size-thumbnail\" alt=\"\" loading=\"lazy\" srcset=\"https:\/\/www.academia-electronica.net\/wp-content\/uploads\/2023\/02\/Sidey-Myoo-Sidey-Myoo-VR-ART-as-a-New-kind-of-Art-in-Metaverse-7-150x150.jpg 150w, https:\/\/www.academia-electronica.net\/wp-content\/uploads\/2023\/02\/Sidey-Myoo-Sidey-Myoo-VR-ART-as-a-New-kind-of-Art-in-Metaverse-7-230x230.jpg 230w\" sizes=\"(max-width: 150px) 100vw, 150px\" \/><\/a>\n\t\t\t<\/dt><\/dl><dl class='gallery-item'>\n\t\t\t<dt class='gallery-icon landscape'>\n\t\t\t\t<a href='https:\/\/www.academia-electronica.net\/?attachment_id=856'><img width=\"150\" height=\"150\" src=\"https:\/\/www.academia-electronica.net\/wp-content\/uploads\/2023\/02\/Sidey-Myoo-Sidey-Myoo-VR-ART-as-a-New-kind-of-Art-in-Metaverse-8-150x150.jpg\" class=\"attachment-thumbnail size-thumbnail\" alt=\"\" loading=\"lazy\" srcset=\"https:\/\/www.academia-electronica.net\/wp-content\/uploads\/2023\/02\/Sidey-Myoo-Sidey-Myoo-VR-ART-as-a-New-kind-of-Art-in-Metaverse-8-150x150.jpg 150w, https:\/\/www.academia-electronica.net\/wp-content\/uploads\/2023\/02\/Sidey-Myoo-Sidey-Myoo-VR-ART-as-a-New-kind-of-Art-in-Metaverse-8-230x230.jpg 230w\" sizes=\"(max-width: 150px) 100vw, 150px\" \/><\/a>\n\t\t\t<\/dt><\/dl><dl class='gallery-item'>\n\t\t\t<dt class='gallery-icon landscape'>\n\t\t\t\t<a href='https:\/\/www.academia-electronica.net\/?attachment_id=857'><img width=\"150\" height=\"150\" src=\"https:\/\/www.academia-electronica.net\/wp-content\/uploads\/2023\/02\/Sidey-Myoo-Sidey-Myoo-VR-ART-as-a-New-kind-of-Art-in-Metaverse-9-150x150.jpg\" class=\"attachment-thumbnail size-thumbnail\" alt=\"\" loading=\"lazy\" srcset=\"https:\/\/www.academia-electronica.net\/wp-content\/uploads\/2023\/02\/Sidey-Myoo-Sidey-Myoo-VR-ART-as-a-New-kind-of-Art-in-Metaverse-9-150x150.jpg 150w, https:\/\/www.academia-electronica.net\/wp-content\/uploads\/2023\/02\/Sidey-Myoo-Sidey-Myoo-VR-ART-as-a-New-kind-of-Art-in-Metaverse-9-230x230.jpg 230w\" sizes=\"(max-width: 150px) 100vw, 150px\" \/><\/a>\n\t\t\t<\/dt><\/dl><br style=\"clear: both\" \/><dl class='gallery-item'>\n\t\t\t<dt class='gallery-icon landscape'>\n\t\t\t\t<a href='https:\/\/www.academia-electronica.net\/?attachment_id=858'><img width=\"150\" height=\"150\" src=\"https:\/\/www.academia-electronica.net\/wp-content\/uploads\/2023\/02\/Sidey-Myoo-Sidey-Myoo-VR-ART-as-a-New-kind-of-Art-in-Metaverse-10-150x150.jpg\" class=\"attachment-thumbnail size-thumbnail\" alt=\"\" loading=\"lazy\" srcset=\"https:\/\/www.academia-electronica.net\/wp-content\/uploads\/2023\/02\/Sidey-Myoo-Sidey-Myoo-VR-ART-as-a-New-kind-of-Art-in-Metaverse-10-150x150.jpg 150w, https:\/\/www.academia-electronica.net\/wp-content\/uploads\/2023\/02\/Sidey-Myoo-Sidey-Myoo-VR-ART-as-a-New-kind-of-Art-in-Metaverse-10-230x230.jpg 230w\" sizes=\"(max-width: 150px) 100vw, 150px\" \/><\/a>\n\t\t\t<\/dt><\/dl><dl class='gallery-item'>\n\t\t\t<dt class='gallery-icon landscape'>\n\t\t\t\t<a href='https:\/\/www.academia-electronica.net\/?attachment_id=859'><img width=\"150\" height=\"150\" src=\"https:\/\/www.academia-electronica.net\/wp-content\/uploads\/2023\/02\/Sidey-Myoo-Sidey-Myoo-VR-ART-as-a-New-kind-of-Art-in-Metaverse-11-150x150.jpg\" class=\"attachment-thumbnail size-thumbnail\" alt=\"\" loading=\"lazy\" srcset=\"https:\/\/www.academia-electronica.net\/wp-content\/uploads\/2023\/02\/Sidey-Myoo-Sidey-Myoo-VR-ART-as-a-New-kind-of-Art-in-Metaverse-11-150x150.jpg 150w, https:\/\/www.academia-electronica.net\/wp-content\/uploads\/2023\/02\/Sidey-Myoo-Sidey-Myoo-VR-ART-as-a-New-kind-of-Art-in-Metaverse-11-230x230.jpg 230w\" sizes=\"(max-width: 150px) 100vw, 150px\" \/><\/a>\n\t\t\t<\/dt><\/dl><dl class='gallery-item'>\n\t\t\t<dt class='gallery-icon landscape'>\n\t\t\t\t<a href='https:\/\/www.academia-electronica.net\/?attachment_id=860'><img width=\"150\" height=\"150\" src=\"https:\/\/www.academia-electronica.net\/wp-content\/uploads\/2023\/02\/Sidey-Myoo-Sidey-Myoo-VR-ART-as-a-New-kind-of-Art-in-Metaverse-12-150x150.jpg\" class=\"attachment-thumbnail size-thumbnail\" alt=\"\" loading=\"lazy\" srcset=\"https:\/\/www.academia-electronica.net\/wp-content\/uploads\/2023\/02\/Sidey-Myoo-Sidey-Myoo-VR-ART-as-a-New-kind-of-Art-in-Metaverse-12-150x150.jpg 150w, https:\/\/www.academia-electronica.net\/wp-content\/uploads\/2023\/02\/Sidey-Myoo-Sidey-Myoo-VR-ART-as-a-New-kind-of-Art-in-Metaverse-12-230x230.jpg 230w\" sizes=\"(max-width: 150px) 100vw, 150px\" \/><\/a>\n\t\t\t<\/dt><\/dl><dl class='gallery-item'>\n\t\t\t<dt class='gallery-icon landscape'>\n\t\t\t\t<a href='https:\/\/www.academia-electronica.net\/?attachment_id=861'><img width=\"150\" height=\"150\" src=\"https:\/\/www.academia-electronica.net\/wp-content\/uploads\/2023\/02\/Sidey-Myoo-Sidey-Myoo-VR-ART-as-a-New-kind-of-Art-in-Metaverse-13-150x150.jpg\" class=\"attachment-thumbnail size-thumbnail\" alt=\"\" loading=\"lazy\" srcset=\"https:\/\/www.academia-electronica.net\/wp-content\/uploads\/2023\/02\/Sidey-Myoo-Sidey-Myoo-VR-ART-as-a-New-kind-of-Art-in-Metaverse-13-150x150.jpg 150w, https:\/\/www.academia-electronica.net\/wp-content\/uploads\/2023\/02\/Sidey-Myoo-Sidey-Myoo-VR-ART-as-a-New-kind-of-Art-in-Metaverse-13-230x230.jpg 230w\" sizes=\"(max-width: 150px) 100vw, 150px\" \/><\/a>\n\t\t\t<\/dt><\/dl><dl class='gallery-item'>\n\t\t\t<dt class='gallery-icon landscape'>\n\t\t\t\t<a href='https:\/\/www.academia-electronica.net\/?attachment_id=862'><img width=\"150\" height=\"150\" src=\"https:\/\/www.academia-electronica.net\/wp-content\/uploads\/2023\/02\/Sidey-Myoo-Sidey-Myoo-VR-ART-as-a-New-kind-of-Art-in-Metaverse-14-150x150.jpg\" class=\"attachment-thumbnail size-thumbnail\" alt=\"\" loading=\"lazy\" srcset=\"https:\/\/www.academia-electronica.net\/wp-content\/uploads\/2023\/02\/Sidey-Myoo-Sidey-Myoo-VR-ART-as-a-New-kind-of-Art-in-Metaverse-14-150x150.jpg 150w, https:\/\/www.academia-electronica.net\/wp-content\/uploads\/2023\/02\/Sidey-Myoo-Sidey-Myoo-VR-ART-as-a-New-kind-of-Art-in-Metaverse-14-230x230.jpg 230w\" sizes=\"(max-width: 150px) 100vw, 150px\" \/><\/a>\n\t\t\t<\/dt><\/dl><dl class='gallery-item'>\n\t\t\t<dt class='gallery-icon landscape'>\n\t\t\t\t<a href='https:\/\/www.academia-electronica.net\/?attachment_id=863'><img width=\"150\" height=\"150\" src=\"https:\/\/www.academia-electronica.net\/wp-content\/uploads\/2023\/02\/Sidey-Myoo-Sidey-Myoo-VR-ART-as-a-New-kind-of-Art-in-Metaverse-15-150x150.jpg\" class=\"attachment-thumbnail size-thumbnail\" alt=\"\" loading=\"lazy\" srcset=\"https:\/\/www.academia-electronica.net\/wp-content\/uploads\/2023\/02\/Sidey-Myoo-Sidey-Myoo-VR-ART-as-a-New-kind-of-Art-in-Metaverse-15-150x150.jpg 150w, https:\/\/www.academia-electronica.net\/wp-content\/uploads\/2023\/02\/Sidey-Myoo-Sidey-Myoo-VR-ART-as-a-New-kind-of-Art-in-Metaverse-15-230x230.jpg 230w\" sizes=\"(max-width: 150px) 100vw, 150px\" \/><\/a>\n\t\t\t<\/dt><\/dl><dl class='gallery-item'>\n\t\t\t<dt class='gallery-icon landscape'>\n\t\t\t\t<a href='https:\/\/www.academia-electronica.net\/?attachment_id=864'><img width=\"150\" height=\"150\" src=\"https:\/\/www.academia-electronica.net\/wp-content\/uploads\/2023\/02\/Sidey-Myoo-Sidey-Myoo-VR-ART-as-a-New-kind-of-Art-in-Metaverse-16-150x150.jpg\" class=\"attachment-thumbnail size-thumbnail\" alt=\"\" loading=\"lazy\" srcset=\"https:\/\/www.academia-electronica.net\/wp-content\/uploads\/2023\/02\/Sidey-Myoo-Sidey-Myoo-VR-ART-as-a-New-kind-of-Art-in-Metaverse-16-150x150.jpg 150w, https:\/\/www.academia-electronica.net\/wp-content\/uploads\/2023\/02\/Sidey-Myoo-Sidey-Myoo-VR-ART-as-a-New-kind-of-Art-in-Metaverse-16-230x230.jpg 230w\" sizes=\"(max-width: 150px) 100vw, 150px\" \/><\/a>\n\t\t\t<\/dt><\/dl><dl class='gallery-item'>\n\t\t\t<dt class='gallery-icon landscape'>\n\t\t\t\t<a href='https:\/\/www.academia-electronica.net\/?attachment_id=865'><img width=\"150\" height=\"150\" src=\"https:\/\/www.academia-electronica.net\/wp-content\/uploads\/2023\/02\/Sidey-Myoo-Sidey-Myoo-VR-ART-as-a-New-kind-of-Art-in-Metaverse-17-150x150.jpg\" class=\"attachment-thumbnail size-thumbnail\" alt=\"\" loading=\"lazy\" srcset=\"https:\/\/www.academia-electronica.net\/wp-content\/uploads\/2023\/02\/Sidey-Myoo-Sidey-Myoo-VR-ART-as-a-New-kind-of-Art-in-Metaverse-17-150x150.jpg 150w, https:\/\/www.academia-electronica.net\/wp-content\/uploads\/2023\/02\/Sidey-Myoo-Sidey-Myoo-VR-ART-as-a-New-kind-of-Art-in-Metaverse-17-230x230.jpg 230w\" sizes=\"(max-width: 150px) 100vw, 150px\" \/><\/a>\n\t\t\t<\/dt><\/dl><dl class='gallery-item'>\n\t\t\t<dt class='gallery-icon landscape'>\n\t\t\t\t<a href='https:\/\/www.academia-electronica.net\/?attachment_id=866'><img width=\"150\" height=\"150\" src=\"https:\/\/www.academia-electronica.net\/wp-content\/uploads\/2023\/02\/Sidey-Myoo-Sidey-Myoo-VR-ART-as-a-New-kind-of-Art-in-Metaverse-18-150x150.jpg\" class=\"attachment-thumbnail size-thumbnail\" alt=\"\" loading=\"lazy\" srcset=\"https:\/\/www.academia-electronica.net\/wp-content\/uploads\/2023\/02\/Sidey-Myoo-Sidey-Myoo-VR-ART-as-a-New-kind-of-Art-in-Metaverse-18-150x150.jpg 150w, https:\/\/www.academia-electronica.net\/wp-content\/uploads\/2023\/02\/Sidey-Myoo-Sidey-Myoo-VR-ART-as-a-New-kind-of-Art-in-Metaverse-18-230x230.jpg 230w\" sizes=\"(max-width: 150px) 100vw, 150px\" \/><\/a>\n\t\t\t<\/dt><\/dl><br style=\"clear: both\" \/><dl class='gallery-item'>\n\t\t\t<dt class='gallery-icon landscape'>\n\t\t\t\t<a href='https:\/\/www.academia-electronica.net\/?attachment_id=867'><img width=\"150\" height=\"150\" src=\"https:\/\/www.academia-electronica.net\/wp-content\/uploads\/2023\/02\/Sidey-Myoo-Sidey-Myoo-VR-ART-as-a-New-kind-of-Art-in-Metaverse-19-150x150.jpg\" class=\"attachment-thumbnail size-thumbnail\" alt=\"\" loading=\"lazy\" srcset=\"https:\/\/www.academia-electronica.net\/wp-content\/uploads\/2023\/02\/Sidey-Myoo-Sidey-Myoo-VR-ART-as-a-New-kind-of-Art-in-Metaverse-19-150x150.jpg 150w, https:\/\/www.academia-electronica.net\/wp-content\/uploads\/2023\/02\/Sidey-Myoo-Sidey-Myoo-VR-ART-as-a-New-kind-of-Art-in-Metaverse-19-230x230.jpg 230w\" sizes=\"(max-width: 150px) 100vw, 150px\" \/><\/a>\n\t\t\t<\/dt><\/dl><dl class='gallery-item'>\n\t\t\t<dt class='gallery-icon landscape'>\n\t\t\t\t<a href='https:\/\/www.academia-electronica.net\/?attachment_id=868'><img width=\"150\" height=\"150\" src=\"https:\/\/www.academia-electronica.net\/wp-content\/uploads\/2023\/02\/Sidey-Myoo-Sidey-Myoo-VR-ART-as-a-New-kind-of-Art-in-Metaverse-20-150x150.jpg\" class=\"attachment-thumbnail size-thumbnail\" alt=\"\" loading=\"lazy\" srcset=\"https:\/\/www.academia-electronica.net\/wp-content\/uploads\/2023\/02\/Sidey-Myoo-Sidey-Myoo-VR-ART-as-a-New-kind-of-Art-in-Metaverse-20-150x150.jpg 150w, https:\/\/www.academia-electronica.net\/wp-content\/uploads\/2023\/02\/Sidey-Myoo-Sidey-Myoo-VR-ART-as-a-New-kind-of-Art-in-Metaverse-20-230x230.jpg 230w\" sizes=\"(max-width: 150px) 100vw, 150px\" \/><\/a>\n\t\t\t<\/dt><\/dl><dl class='gallery-item'>\n\t\t\t<dt class='gallery-icon landscape'>\n\t\t\t\t<a href='https:\/\/www.academia-electronica.net\/?attachment_id=869'><img width=\"150\" height=\"150\" src=\"https:\/\/www.academia-electronica.net\/wp-content\/uploads\/2023\/02\/Sidey-Myoo-Sidey-Myoo-VR-ART-as-a-New-kind-of-Art-in-Metaverse-21-150x150.jpg\" class=\"attachment-thumbnail size-thumbnail\" alt=\"\" loading=\"lazy\" srcset=\"https:\/\/www.academia-electronica.net\/wp-content\/uploads\/2023\/02\/Sidey-Myoo-Sidey-Myoo-VR-ART-as-a-New-kind-of-Art-in-Metaverse-21-150x150.jpg 150w, https:\/\/www.academia-electronica.net\/wp-content\/uploads\/2023\/02\/Sidey-Myoo-Sidey-Myoo-VR-ART-as-a-New-kind-of-Art-in-Metaverse-21-230x230.jpg 230w\" sizes=\"(max-width: 150px) 100vw, 150px\" \/><\/a>\n\t\t\t<\/dt><\/dl><dl class='gallery-item'>\n\t\t\t<dt class='gallery-icon landscape'>\n\t\t\t\t<a href='https:\/\/www.academia-electronica.net\/?attachment_id=870'><img width=\"150\" height=\"150\" src=\"https:\/\/www.academia-electronica.net\/wp-content\/uploads\/2023\/02\/Sidey-Myoo-Sidey-Myoo-VR-ART-as-a-New-kind-of-Art-in-Metaverse-22-150x150.jpg\" class=\"attachment-thumbnail size-thumbnail\" alt=\"\" loading=\"lazy\" srcset=\"https:\/\/www.academia-electronica.net\/wp-content\/uploads\/2023\/02\/Sidey-Myoo-Sidey-Myoo-VR-ART-as-a-New-kind-of-Art-in-Metaverse-22-150x150.jpg 150w, https:\/\/www.academia-electronica.net\/wp-content\/uploads\/2023\/02\/Sidey-Myoo-Sidey-Myoo-VR-ART-as-a-New-kind-of-Art-in-Metaverse-22-230x230.jpg 230w\" sizes=\"(max-width: 150px) 100vw, 150px\" \/><\/a>\n\t\t\t<\/dt><\/dl>\n\t\t\t<br style='clear: both' \/>\n\t\t<\/div>\n<\/td>\n<\/tr>\n<tr style=\"height: 24px;\">\n<td style=\"width: 24.8387%; height: 24px;\">Zdj\u0119cia:<\/td>\n<td style=\"width: 74.8387%; text-align: center; height: 24px;\"><\/td>\n<\/tr>\n<\/tbody>\n<\/table>\n<p><a href=\"https:\/\/www.academia-electronica.net\/?page_id=551\">Powr\u00f3t<\/a><\/p>\n","protected":false},"excerpt":{"rendered":"<p>Wyk\u0142ad: Wyst\u0105pienia konferencyjne i kongresowe Organizator: Uniwersytetu w Nairobi &#8211; w ramach mi\u0119dzynarodowego projektu &#8220;Horizon&#8221; &#8211; The Communities and Artistic Participation in Hybrid Environments (CAPHE) Tytu\u0142: VR ART as a new kind of art in the Metaverse &#8211; wyk\u0142ad (keenote&hellip; <\/p>\n","protected":false},"author":3,"featured_media":0,"parent":0,"menu_order":0,"comment_status":"closed","ping_status":"closed","template":"","meta":[],"_links":{"self":[{"href":"https:\/\/www.academia-electronica.net\/index.php?rest_route=\/wp\/v2\/pages\/846"}],"collection":[{"href":"https:\/\/www.academia-electronica.net\/index.php?rest_route=\/wp\/v2\/pages"}],"about":[{"href":"https:\/\/www.academia-electronica.net\/index.php?rest_route=\/wp\/v2\/types\/page"}],"author":[{"embeddable":true,"href":"https:\/\/www.academia-electronica.net\/index.php?rest_route=\/wp\/v2\/users\/3"}],"replies":[{"embeddable":true,"href":"https:\/\/www.academia-electronica.net\/index.php?rest_route=%2Fwp%2Fv2%2Fcomments&post=846"}],"version-history":[{"count":9,"href":"https:\/\/www.academia-electronica.net\/index.php?rest_route=\/wp\/v2\/pages\/846\/revisions"}],"predecessor-version":[{"id":1448,"href":"https:\/\/www.academia-electronica.net\/index.php?rest_route=\/wp\/v2\/pages\/846\/revisions\/1448"}],"wp:attachment":[{"href":"https:\/\/www.academia-electronica.net\/index.php?rest_route=%2Fwp%2Fv2%2Fmedia&parent=846"}],"curies":[{"name":"wp","href":"https:\/\/api.w.org\/{rel}","templated":true}]}}