{"id":887,"date":"2023-02-19T13:07:46","date_gmt":"2023-02-19T13:07:46","guid":{"rendered":"https:\/\/www.academia-electronica.net\/?page_id=887"},"modified":"2024-02-11T15:53:56","modified_gmt":"2024-02-11T15:53:56","slug":"hallo-avatars","status":"publish","type":"page","link":"https:\/\/www.academia-electronica.net\/?page_id=887","title":{"rendered":"Hallo Avatars :) (Kenia)"},"content":{"rendered":"<table style=\"width: 100%; height: 403px;\">\n<tbody>\n<tr style=\"height: 24px;\">\n<td style=\"width: 24.8387%; height: 24px;\">Wyk\u0142ad:<\/td>\n<td style=\"width: 74.8387%; height: 24px;\">Wyk\u0142ady go\u015bcinne<\/td>\n<\/tr>\n<tr style=\"height: 129px;\">\n<td style=\"text-align: center; width: 24.8387%; height: 105px;\"><a href=\"http:\/\/www.academia-electronica.net\/wp-content\/uploads\/2023\/02\/Hallo-Avatar-Kenya-2023.jpg\"><img loading=\"lazy\" class=\"alignleft size-medium wp-image-878\" src=\"http:\/\/www.academia-electronica.net\/wp-content\/uploads\/2023\/02\/Hallo-Avatar-Kenya-2023-300x169.jpg\" alt=\"\" width=\"300\" height=\"169\" \/><\/a><\/td>\n<td style=\"width: 74.8387%; height: 105px;\"><\/td>\n<\/tr>\n<tr style=\"height: 24px;\">\n<td style=\"width: 24.8387%; height: 24px;\">Organizator:<\/td>\n<td style=\"width: 74.8387%; height: 24px; text-align: justify;\">Uniwersytetu w Nairobi, w ramach Europejskiego Projektu <a href=\"https:\/\/www.caphe.space\/\" target=\"_blank\" rel=\"noopener\"><em>Communities and Artistic Participation in Hybrid Environment<\/em><\/a>, HORIZON-MSCA-2021-SE-01 (CAPHE)<\/td>\n<\/tr>\n<tr style=\"height: 63px;\">\n<td style=\"width: 24.8387%; height: 63px;\">Tytu\u0142:<\/td>\n<td style=\"width: 74.8387%; height: 63px; text-align: justify;\"><em>Welcome Avatars:)<\/em> &#8211; Dwa warsztaty, kt\u00f3rych celem by\u0142o zaprezentowanie wirtualnego \u015bwiata Second Life oraz wprowadzenie do niego zainteresowanych os\u00f3b, uczestnicz\u0105cych w Europejskim Projekcie \u201eCommunities and Artistic Participation in Hybrid Environment&#8221;, w ramach Europejskiego Projektu HORIZON-MSCA-2021-SE-01 (CAPHE), realizowanego na Kenijskim Uniwersytecie w Nairobi, 2023. Celem warsztat\u00f3w by\u0142o r\u00f3wnie\u017c zapoznanie uczestnik\u00f3w z technicznymi mo\u017cliwo\u015bciami Second Life, jak i zaprezentowanie Academia Electronica jako plac\u00f3wki naukowo-dydaktycznej, mo\u017cliwej do wykorzystania przez zainteresowane osoby w ich w\u0142asnej pracy akademickiej. W pierwszym warsztacie wzi\u0119\u0142o udzia\u0142 11, a w drugim 8 os\u00f3b. W warsztatach udzia\u0142 wzi\u0119li przedstawiciele z OperaNetwork z Florencji, z Conservatio Puccini z La Spezia oraz z PUNO. Wsparcia technicznego online udzieli\u0142 mgr in\u017c. Dominik Undak. Warsztaty odby\u0142y si\u0119 w Centrum Konferencyjnym Kenijskiego Uniwersytetu w Nairobi (KUCC), 11-12.02.2023.<\/td>\n<\/tr>\n<tr style=\"height: 24px;\">\n<td style=\"width: 24.8387%; height: 24px;\">Termin\/miejsce:<\/td>\n<td style=\"width: 74.8387%; height: 24px;\">17.02.2023 &#8211; Academia Electronica w Second Life<\/td>\n<\/tr>\n<tr style=\"height: 48px;\">\n<td style=\"width: 24.8387%; height: 22px;\">Prelegent:<\/td>\n<td style=\"width: 74.8387%; height: 22px;\">Sidey Myoo &#8211; prowadz\u0105cy warsztaty<\/td>\n<\/tr>\n<tr style=\"height: 24px;\">\n<td style=\"width: 24.8387%; height: 24px;\">Tytu\u0142 wyst\u0105pienia:<\/td>\n<td style=\"width: 74.8387%; height: 24px; text-align: justify;\"><\/td>\n<\/tr>\n<tr style=\"height: 31px;\">\n<td style=\"width: 24.8387%; height: 21px;\">Film:<\/td>\n<td style=\"width: 74.8387%; height: 21px; text-align: center;\"><\/td>\n<\/tr>\n<tr style=\"height: 24px;\">\n<td style=\"width: 24.8387%; height: 24px;\">Nagranie audio:<\/td>\n<td style=\"width: 74.8387%; text-align: justify; height: 24px;\"><\/td>\n<\/tr>\n<tr style=\"height: 24px;\">\n<td style=\"width: 24.8387%; height: 24px;\">Linki:<\/td>\n<td style=\"width: 74.8387%; text-align: justify; height: 24px;\"><\/td>\n<\/tr>\n<tr style=\"height: 24px;\">\n<td style=\"width: 24.8387%; height: 24px;\">Prezentacja:<\/td>\n<td style=\"width: 74.8387%; text-align: center; height: 24px;\"><\/td>\n<\/tr>\n<tr style=\"height: 24px;\">\n<td style=\"width: 24.8387%; height: 24px;\">Zdj\u0119cia:<\/td>\n<td style=\"width: 74.8387%; text-align: center; height: 24px;\"><\/td>\n<\/tr>\n<\/tbody>\n<\/table>\n<p><a href=\"https:\/\/www.academia-electronica.net\/?page_id=551\">Powr\u00f3t<\/a><\/p>\n","protected":false},"excerpt":{"rendered":"<p>Wyk\u0142ad: Wyk\u0142ady go\u015bcinne Organizator: Uniwersytetu w Nairobi, w ramach Europejskiego Projektu Communities and Artistic Participation in Hybrid Environment, HORIZON-MSCA-2021-SE-01 (CAPHE) Tytu\u0142: Welcome Avatars:) &#8211; Dwa warsztaty, kt\u00f3rych celem by\u0142o zaprezentowanie wirtualnego \u015bwiata Second Life oraz wprowadzenie do niego zainteresowanych os\u00f3b,&hellip; <\/p>\n","protected":false},"author":3,"featured_media":0,"parent":0,"menu_order":0,"comment_status":"closed","ping_status":"closed","template":"","meta":[],"_links":{"self":[{"href":"https:\/\/www.academia-electronica.net\/index.php?rest_route=\/wp\/v2\/pages\/887"}],"collection":[{"href":"https:\/\/www.academia-electronica.net\/index.php?rest_route=\/wp\/v2\/pages"}],"about":[{"href":"https:\/\/www.academia-electronica.net\/index.php?rest_route=\/wp\/v2\/types\/page"}],"author":[{"embeddable":true,"href":"https:\/\/www.academia-electronica.net\/index.php?rest_route=\/wp\/v2\/users\/3"}],"replies":[{"embeddable":true,"href":"https:\/\/www.academia-electronica.net\/index.php?rest_route=%2Fwp%2Fv2%2Fcomments&post=887"}],"version-history":[{"count":7,"href":"https:\/\/www.academia-electronica.net\/index.php?rest_route=\/wp\/v2\/pages\/887\/revisions"}],"predecessor-version":[{"id":1444,"href":"https:\/\/www.academia-electronica.net\/index.php?rest_route=\/wp\/v2\/pages\/887\/revisions\/1444"}],"wp:attachment":[{"href":"https:\/\/www.academia-electronica.net\/index.php?rest_route=%2Fwp%2Fv2%2Fmedia&parent=887"}],"curies":[{"name":"wp","href":"https:\/\/api.w.org\/{rel}","templated":true}]}}