{"id":907,"date":"2023-03-04T11:42:25","date_gmt":"2023-03-04T11:42:25","guid":{"rendered":"https:\/\/www.academia-electronica.net\/?page_id=907"},"modified":"2023-03-04T11:42:32","modified_gmt":"2023-03-04T11:42:32","slug":"swiat-vr-jako-swiat-czlowieka-ontoelektronika","status":"publish","type":"page","link":"https:\/\/www.academia-electronica.net\/?page_id=907","title":{"rendered":"\u015awiat VR jako \u015bwiat cz\u0142owieka \u2013 Ontoelektronika"},"content":{"rendered":"<table style=\"width: 100%; height: 403px;\">\n<tbody>\n<tr style=\"height: 24px;\">\n<td style=\"width: 24.8387%; height: 24px;\">Wyk\u0142ad:<\/td>\n<td style=\"width: 74.8387%; height: 24px;\">Wyk\u0142ady go\u015bcinne<\/td>\n<\/tr>\n<tr style=\"height: 129px;\">\n<td style=\"text-align: center; width: 24.8387%; height: 105px;\"><a href=\"http:\/\/www.academia-electronica.net\/wp-content\/uploads\/2023\/03\/Swiat-VR-jako-swiat-czlowieka.jpg\"><img loading=\"lazy\" class=\"size-medium wp-image-903 alignnone\" src=\"http:\/\/www.academia-electronica.net\/wp-content\/uploads\/2023\/03\/Swiat-VR-jako-swiat-czlowieka-300x169.jpg\" alt=\"\" width=\"300\" height=\"169\" srcset=\"https:\/\/www.academia-electronica.net\/wp-content\/uploads\/2023\/03\/Swiat-VR-jako-swiat-czlowieka-300x169.jpg 300w, https:\/\/www.academia-electronica.net\/wp-content\/uploads\/2023\/03\/Swiat-VR-jako-swiat-czlowieka-1024x576.jpg 1024w, https:\/\/www.academia-electronica.net\/wp-content\/uploads\/2023\/03\/Swiat-VR-jako-swiat-czlowieka-768x432.jpg 768w, https:\/\/www.academia-electronica.net\/wp-content\/uploads\/2023\/03\/Swiat-VR-jako-swiat-czlowieka.jpg 1280w\" sizes=\"(max-width: 300px) 100vw, 300px\" \/><\/a><\/td>\n<td style=\"width: 74.8387%; height: 105px;\"><\/td>\n<\/tr>\n<tr style=\"height: 24px;\">\n<td style=\"width: 24.8387%; height: 24px;\">Organizator:<\/td>\n<td style=\"width: 74.8387%; height: 24px;\">Ko\u0142o Naukowe Student\u00f3w Kognitywistyki Uniwersytetu Jagiello\u0144skiego, Strefa Studencka<\/td>\n<\/tr>\n<tr style=\"height: 63px;\">\n<td style=\"width: 24.8387%; height: 63px;\">Tytu\u0142:<\/td>\n<td style=\"width: 74.8387%; height: 63px; text-align: justify;\">\u015awiat VR jako \u015bwiat cz\u0142owieka \u2013 Ontoelektronika<\/td>\n<\/tr>\n<tr style=\"height: 24px;\">\n<td style=\"width: 24.8387%; height: 24px;\">Termin\/miejsce:<\/td>\n<td style=\"width: 74.8387%; height: 24px;\">3.03.2023 &#8211; Ko\u0142o Naukowe Student\u00f3w Kognitywistyki Uniwersytetu Jagiello\u0144skiego, Academia Electronica w Second Life i w AltspaceVR<\/td>\n<\/tr>\n<tr style=\"height: 48px;\">\n<td style=\"width: 24.8387%; height: 22px;\">Prelegent:<\/td>\n<td style=\"width: 74.8387%; height: 22px;\">Sidey Myoo<\/td>\n<\/tr>\n<tr style=\"height: 24px;\">\n<td style=\"width: 24.8387%; height: 24px;\">Tytu\u0142 wyst\u0105pienia:<\/td>\n<td style=\"width: 74.8387%; height: 24px; text-align: justify;\"><\/td>\n<\/tr>\n<tr style=\"height: 31px;\">\n<td style=\"width: 24.8387%; height: 21px;\">Film:<\/td>\n<td style=\"width: 74.8387%; height: 21px; text-align: center;\"><\/td>\n<\/tr>\n<tr style=\"height: 24px;\">\n<td style=\"width: 24.8387%; height: 24px;\">Nagranie audio:<\/td>\n<td style=\"width: 74.8387%; text-align: justify; height: 24px;\"><\/td>\n<\/tr>\n<tr style=\"height: 24px;\">\n<td style=\"width: 24.8387%; height: 24px;\">Linki:<\/td>\n<td style=\"width: 74.8387%; text-align: justify; height: 24px;\"><\/td>\n<\/tr>\n<tr style=\"height: 24px;\">\n<td style=\"width: 24.8387%; height: 24px;\">Prezentacja:<\/td>\n<td style=\"width: 74.8387%; text-align: center; height: 24px;\"><\/td>\n<\/tr>\n<tr style=\"height: 24px;\">\n<td style=\"width: 24.8387%; height: 24px;\">Zdj\u0119cia:<\/td>\n<td style=\"width: 74.8387%; text-align: center; height: 24px;\"><\/td>\n<\/tr>\n<\/tbody>\n<\/table>\n<p><a href=\"https:\/\/www.academia-electronica.net\/?page_id=551\">Powr\u00f3t<\/a><\/p>\n","protected":false},"excerpt":{"rendered":"<p>Wyk\u0142ad: Wyk\u0142ady go\u015bcinne Organizator: Ko\u0142o Naukowe Student\u00f3w Kognitywistyki Uniwersytetu Jagiello\u0144skiego, Strefa Studencka Tytu\u0142: \u015awiat VR jako \u015bwiat cz\u0142owieka \u2013 Ontoelektronika Termin\/miejsce: 3.03.2023 &#8211; Ko\u0142o Naukowe Student\u00f3w Kognitywistyki Uniwersytetu Jagiello\u0144skiego, Academia Electronica w Second Life i w AltspaceVR Prelegent: Sidey Myoo&hellip; <\/p>\n","protected":false},"author":3,"featured_media":0,"parent":0,"menu_order":0,"comment_status":"closed","ping_status":"closed","template":"","meta":[],"_links":{"self":[{"href":"https:\/\/www.academia-electronica.net\/index.php?rest_route=\/wp\/v2\/pages\/907"}],"collection":[{"href":"https:\/\/www.academia-electronica.net\/index.php?rest_route=\/wp\/v2\/pages"}],"about":[{"href":"https:\/\/www.academia-electronica.net\/index.php?rest_route=\/wp\/v2\/types\/page"}],"author":[{"embeddable":true,"href":"https:\/\/www.academia-electronica.net\/index.php?rest_route=\/wp\/v2\/users\/3"}],"replies":[{"embeddable":true,"href":"https:\/\/www.academia-electronica.net\/index.php?rest_route=%2Fwp%2Fv2%2Fcomments&post=907"}],"version-history":[{"count":1,"href":"https:\/\/www.academia-electronica.net\/index.php?rest_route=\/wp\/v2\/pages\/907\/revisions"}],"predecessor-version":[{"id":908,"href":"https:\/\/www.academia-electronica.net\/index.php?rest_route=\/wp\/v2\/pages\/907\/revisions\/908"}],"wp:attachment":[{"href":"https:\/\/www.academia-electronica.net\/index.php?rest_route=%2Fwp%2Fv2%2Fmedia&parent=907"}],"curies":[{"name":"wp","href":"https:\/\/api.w.org\/{rel}","templated":true}]}}