{"id":916,"date":"2023-03-30T16:35:48","date_gmt":"2023-03-30T16:35:48","guid":{"rendered":"https:\/\/www.academia-electronica.net\/?page_id=916"},"modified":"2023-03-30T16:35:48","modified_gmt":"2023-03-30T16:35:48","slug":"sidey-myoo-metaverse-artystycznie-kreowany-swiat","status":"publish","type":"page","link":"https:\/\/www.academia-electronica.net\/?page_id=916","title":{"rendered":"Sidey Myoo &#8211; Metaverse \u2013 artystycznie kreowany \u015bwiat"},"content":{"rendered":"<table style=\"width: 100%; height: 368px;\">\n<tbody>\n<tr style=\"height: 24px;\">\n<td style=\"width: 26.1654%; height: 24px;\">Wyk\u0142ad:<\/td>\n<td style=\"width: 73.512%; height: 24px;\">Wyst\u0105pienia konferencyjne i kongresowe<\/td>\n<\/tr>\n<tr style=\"height: 129px;\">\n<td style=\"text-align: center; width: 26.1654%; height: 105px;\"><a href=\"http:\/\/www.academia-electronica.net\/wp-content\/uploads\/2023\/03\/Metaswiaty-plakat.jpg\"><img loading=\"lazy\" class=\"size-medium wp-image-913 alignnone\" src=\"http:\/\/www.academia-electronica.net\/wp-content\/uploads\/2023\/03\/Metaswiaty-plakat-300x169.jpg\" alt=\"\" width=\"300\" height=\"169\" srcset=\"https:\/\/www.academia-electronica.net\/wp-content\/uploads\/2023\/03\/Metaswiaty-plakat-300x169.jpg 300w, https:\/\/www.academia-electronica.net\/wp-content\/uploads\/2023\/03\/Metaswiaty-plakat-1024x576.jpg 1024w, https:\/\/www.academia-electronica.net\/wp-content\/uploads\/2023\/03\/Metaswiaty-plakat-768x432.jpg 768w, https:\/\/www.academia-electronica.net\/wp-content\/uploads\/2023\/03\/Metaswiaty-plakat.jpg 1280w\" sizes=\"(max-width: 300px) 100vw, 300px\" \/><\/a><\/td>\n<td style=\"width: 73.512%; height: 105px;\"><\/td>\n<\/tr>\n<tr style=\"height: 24px;\">\n<td style=\"width: 26.1654%; height: 24px;\">Organizator:<\/td>\n<td style=\"width: 73.512%; height: 24px;\">Akademia Sztuk Pi\u0119knych w Krakowie i Akademia Leona Ko\u017ami\u0144skiego w Warszawie<\/td>\n<\/tr>\n<tr style=\"height: 63px;\">\n<td style=\"width: 26.1654%; height: 28px;\">Tytu\u0142:<\/td>\n<td style=\"width: 73.512%; height: 28px;\"><em>Metaverse \u2013 artystycznie kreowany \u015bwiat, <\/em>wyst\u0105pienie na og\u00f3lnopolskiej konferencji <em>Meta\u015bwiaty<\/em><\/td>\n<\/tr>\n<tr style=\"height: 24px;\">\n<td style=\"width: 26.1654%; height: 24px;\">Termin\/miejsce:<\/td>\n<td style=\"width: 73.512%; height: 24px;\">28.03.2023 &#8211; Kino Kij\u00f3w w Krakowie, Academia Electronica w Spatial i w Second Life<\/td>\n<\/tr>\n<tr style=\"height: 48px;\">\n<td style=\"width: 26.1654%; height: 22px;\">Prelegent:<\/td>\n<td style=\"width: 73.512%; height: 22px;\">Sidey Myoo<\/td>\n<\/tr>\n<tr style=\"height: 24px;\">\n<td style=\"width: 26.1654%; height: 24px;\">Tytu\u0142 wyst\u0105pienia:<\/td>\n<td style=\"width: 73.512%; height: 24px; text-align: justify;\"><em>Metaverse \u2013 artystycznie kreowany \u015bwiat<\/em><\/td>\n<\/tr>\n<tr style=\"height: 31px;\">\n<td style=\"width: 26.1654%; height: 21px;\">Film:<\/td>\n<td style=\"width: 73.512%; height: 21px; text-align: center;\"><\/td>\n<\/tr>\n<tr style=\"height: 24px;\">\n<td style=\"width: 26.1654%; height: 24px;\">Nagranie audio:<\/td>\n<td style=\"width: 73.512%; text-align: justify; height: 24px;\"><\/td>\n<\/tr>\n<tr style=\"height: 24px;\">\n<td style=\"width: 26.1654%; height: 24px;\">Linki:<\/td>\n<td style=\"width: 73.512%; text-align: justify; height: 24px;\"><a href=\"http:\/\/metaswiaty.pl\/\"><i>Meta\u015bwiaty<\/i><\/a><\/td>\n<\/tr>\n<tr style=\"height: 24px;\">\n<td style=\"width: 26.1654%; height: 24px;\">Prezentacja:<\/td>\n<td style=\"width: 73.512%; text-align: center; height: 24px;\"><\/td>\n<\/tr>\n<tr style=\"height: 24px;\">\n<td style=\"width: 26.1654%; height: 24px;\">Zdj\u0119cia:<\/td>\n<td style=\"width: 73.512%; text-align: center; height: 24px;\"><\/td>\n<\/tr>\n<\/tbody>\n<\/table>\n<p><a href=\"https:\/\/www.academia-electronica.net\/?page_id=551\">Powr\u00f3t<\/a><\/p>\n","protected":false},"excerpt":{"rendered":"<p>Wyk\u0142ad: Wyst\u0105pienia konferencyjne i kongresowe Organizator: Akademia Sztuk Pi\u0119knych w Krakowie i Akademia Leona Ko\u017ami\u0144skiego w Warszawie Tytu\u0142: Metaverse \u2013 artystycznie kreowany \u015bwiat, wyst\u0105pienie na og\u00f3lnopolskiej konferencji Meta\u015bwiaty Termin\/miejsce: 28.03.2023 &#8211; Kino Kij\u00f3w w Krakowie, Academia Electronica w Spatial i&hellip; <\/p>\n","protected":false},"author":3,"featured_media":0,"parent":0,"menu_order":0,"comment_status":"closed","ping_status":"closed","template":"","meta":[],"_links":{"self":[{"href":"https:\/\/www.academia-electronica.net\/index.php?rest_route=\/wp\/v2\/pages\/916"}],"collection":[{"href":"https:\/\/www.academia-electronica.net\/index.php?rest_route=\/wp\/v2\/pages"}],"about":[{"href":"https:\/\/www.academia-electronica.net\/index.php?rest_route=\/wp\/v2\/types\/page"}],"author":[{"embeddable":true,"href":"https:\/\/www.academia-electronica.net\/index.php?rest_route=\/wp\/v2\/users\/3"}],"replies":[{"embeddable":true,"href":"https:\/\/www.academia-electronica.net\/index.php?rest_route=%2Fwp%2Fv2%2Fcomments&post=916"}],"version-history":[{"count":1,"href":"https:\/\/www.academia-electronica.net\/index.php?rest_route=\/wp\/v2\/pages\/916\/revisions"}],"predecessor-version":[{"id":917,"href":"https:\/\/www.academia-electronica.net\/index.php?rest_route=\/wp\/v2\/pages\/916\/revisions\/917"}],"wp:attachment":[{"href":"https:\/\/www.academia-electronica.net\/index.php?rest_route=%2Fwp%2Fv2%2Fmedia&parent=916"}],"curies":[{"name":"wp","href":"https:\/\/api.w.org\/{rel}","templated":true}]}}