{"id":926,"date":"2023-04-10T17:29:23","date_gmt":"2023-04-10T17:29:23","guid":{"rendered":"https:\/\/www.academia-electronica.net\/?page_id=926"},"modified":"2023-07-09T09:43:18","modified_gmt":"2023-07-09T09:43:18","slug":"marta-sicinska-rl-theafelicitatis-sl-egzamin-licencjacki-przezycie-religijne-w-aspekcie-przestrzennym","status":"publish","type":"page","link":"https:\/\/www.academia-electronica.net\/?page_id=926","title":{"rendered":"Marta Sici\u0144ska (RL) | TheaFelicitatis (SL) &#8211; Egzamin licencjacki:  Prze\u017cycie religijne w aspekcie przestrzennym&#8230;"},"content":{"rendered":"<p>&nbsp;<\/p>\n<table style=\"width: 100%; height: 368px;\">\n<tbody>\n<tr style=\"height: 24px;\">\n<td style=\"width: 26.1654%; height: 24px;\">Wydarzenie:<\/td>\n<td style=\"width: 73.512%; height: 24px;\">Obrona licencjatu<\/td>\n<\/tr>\n<tr style=\"height: 129px;\">\n<td style=\"text-align: center; width: 26.1654%; height: 105px;\"><a href=\"http:\/\/www.academia-electronica.net\/wp-content\/uploads\/2023\/04\/Marta-Sicinska-plakat.jpg\"><img loading=\"lazy\" class=\"size-medium wp-image-946 alignnone\" src=\"http:\/\/www.academia-electronica.net\/wp-content\/uploads\/2023\/04\/Marta-Sicinska-plakat-300x169.jpg\" alt=\"\" width=\"300\" height=\"169\" srcset=\"https:\/\/www.academia-electronica.net\/wp-content\/uploads\/2023\/04\/Marta-Sicinska-plakat-300x169.jpg 300w, https:\/\/www.academia-electronica.net\/wp-content\/uploads\/2023\/04\/Marta-Sicinska-plakat-1024x576.jpg 1024w, https:\/\/www.academia-electronica.net\/wp-content\/uploads\/2023\/04\/Marta-Sicinska-plakat-768x432.jpg 768w, https:\/\/www.academia-electronica.net\/wp-content\/uploads\/2023\/04\/Marta-Sicinska-plakat.jpg 1280w\" sizes=\"(max-width: 300px) 100vw, 300px\" \/><\/a><\/td>\n<td style=\"width: 73.512%; height: 105px;\"><\/td>\n<\/tr>\n<tr style=\"height: 24px;\">\n<td style=\"width: 26.1654%; height: 24px;\">Organizator:<\/td>\n<td style=\"width: 73.512%; height: 24px;\">Instytut Filozofii UJ oraz Academia Electronica<\/td>\n<\/tr>\n<tr style=\"height: 63px;\">\n<td style=\"width: 26.1654%; height: 28px;\">Tytu\u0142:<\/td>\n<td style=\"width: 73.512%; height: 28px;\"><\/td>\n<\/tr>\n<tr style=\"height: 24px;\">\n<td style=\"width: 26.1654%; height: 24px;\">Termin\/miejsce:<\/td>\n<td style=\"width: 73.512%; height: 24px;\">30.09.2022, Instytut Filozofii UJ oraz Academia Electronica w Second Life &#8211; Amfiteatr<\/td>\n<\/tr>\n<tr style=\"height: 48px;\">\n<td style=\"width: 26.1654%; height: 22px;\">Prelegent:<\/td>\n<td style=\"width: 73.512%; height: 22px;\">Marta Sici\u0144ska (RL) | TheaFelicitatis (SL)<\/td>\n<\/tr>\n<tr style=\"height: 24px;\">\n<td style=\"width: 26.1654%; height: 24px;\">Tytu\u0142 wyst\u0105pienia:<\/td>\n<td style=\"width: 73.512%; height: 24px; text-align: justify;\"><em>Prze\u017cycie religijne w aspekcie przestrzennym. Bezpo\u015brednia oraz zapo\u015bredniczona obecno\u015b\u0107 w obrz\u0119dach wyznania katolickiego<\/em><\/td>\n<\/tr>\n<tr>\n<td style=\"width: 26.1654%;\">Komisja<\/td>\n<td style=\"width: 73.512%; text-align: justify;\">Przewodnicz\u0105cy Komisji: dr hab. Micha\u0142 Bohun, prof. UJ (RL) | BonifacyStoik (SL), promotor: dr Jakub Petri (RL) | ChiefSalamander (SL), recenzent: Sidey Myoo<\/td>\n<\/tr>\n<tr style=\"height: 31px;\">\n<td style=\"width: 26.1654%; height: 21px;\">Film:<\/td>\n<td style=\"width: 73.512%; height: 21px; text-align: center;\"><\/td>\n<\/tr>\n<tr style=\"height: 24px;\">\n<td style=\"width: 26.1654%; height: 24px;\">Nagranie audio:<\/td>\n<td style=\"width: 73.512%; text-align: justify; height: 24px;\"><\/td>\n<\/tr>\n<tr style=\"height: 24px;\">\n<td style=\"width: 26.1654%; height: 24px;\">Linki:<\/td>\n<td style=\"width: 73.512%; text-align: justify; height: 24px;\"><\/td>\n<\/tr>\n<tr style=\"height: 24px;\">\n<td style=\"width: 26.1654%; height: 24px;\">Prezentacja:<\/td>\n<td style=\"width: 73.512%; text-align: center; height: 24px;\"><\/td>\n<\/tr>\n<tr style=\"height: 24px;\">\n<td style=\"width: 26.1654%; height: 24px;\">Praca licencjacka:<\/td>\n<td style=\"width: 73.512%; height: 24px; text-align: justify;\"><\/td>\n<\/tr>\n<\/tbody>\n<\/table>\n<p><a href=\"https:\/\/www.academia-electronica.net\/?page_id=921\">Powr\u00f3t<\/a><\/p>\n","protected":false},"excerpt":{"rendered":"<p>&nbsp; Wydarzenie: Obrona licencjatu Organizator: Instytut Filozofii UJ oraz Academia Electronica Tytu\u0142: Termin\/miejsce: 30.09.2022, Instytut Filozofii UJ oraz Academia Electronica w Second Life &#8211; Amfiteatr Prelegent: Marta Sici\u0144ska (RL) | TheaFelicitatis (SL) Tytu\u0142 wyst\u0105pienia: Prze\u017cycie religijne w aspekcie przestrzennym. Bezpo\u015brednia&hellip; <\/p>\n","protected":false},"author":3,"featured_media":0,"parent":0,"menu_order":0,"comment_status":"closed","ping_status":"closed","template":"","meta":[],"_links":{"self":[{"href":"https:\/\/www.academia-electronica.net\/index.php?rest_route=\/wp\/v2\/pages\/926"}],"collection":[{"href":"https:\/\/www.academia-electronica.net\/index.php?rest_route=\/wp\/v2\/pages"}],"about":[{"href":"https:\/\/www.academia-electronica.net\/index.php?rest_route=\/wp\/v2\/types\/page"}],"author":[{"embeddable":true,"href":"https:\/\/www.academia-electronica.net\/index.php?rest_route=\/wp\/v2\/users\/3"}],"replies":[{"embeddable":true,"href":"https:\/\/www.academia-electronica.net\/index.php?rest_route=%2Fwp%2Fv2%2Fcomments&post=926"}],"version-history":[{"count":15,"href":"https:\/\/www.academia-electronica.net\/index.php?rest_route=\/wp\/v2\/pages\/926\/revisions"}],"predecessor-version":[{"id":1084,"href":"https:\/\/www.academia-electronica.net\/index.php?rest_route=\/wp\/v2\/pages\/926\/revisions\/1084"}],"wp:attachment":[{"href":"https:\/\/www.academia-electronica.net\/index.php?rest_route=%2Fwp%2Fv2%2Fmedia&parent=926"}],"curies":[{"name":"wp","href":"https:\/\/api.w.org\/{rel}","templated":true}]}}